{"id":104108,"date":"2023-04-12T09:03:43","date_gmt":"2023-04-12T07:03:43","guid":{"rendered":"https:\/\/www.columbus-clean.com\/?page_id=104108"},"modified":"2025-05-06T11:32:57","modified_gmt":"2025-05-06T09:32:57","slug":"videos-mantenimiento","status":"publish","type":"page","link":"https:\/\/www.columbus-clean.com\/es\/servicios\/videos-mantenimiento\/","title":{"rendered":"Videos Mantenimiento"},"content":{"rendered":"","protected":false},"excerpt":{"rendered":"","protected":false},"author":33,"featured_media":0,"parent":24169,"menu_order":0,"comment_status":"closed","ping_status":"closed","template":"","meta":{"footnotes":""},"class_list":["post-104108","page","type-page","status-publish","hentry"],"yoast_head":"<!-- This site is optimized with the Yoast SEO plugin v27.3 - https:\/\/yoast.com\/product\/yoast-seo-wordpress\/ -->\n<title>Instrucciones en v\u00eddeo para el mantenimiento de las m\u00e1quinas de limpieza<\/title>\n<meta name=\"description\" content=\"Nuestros v\u00eddeos le ofrecen instrucciones para el mantenimiento de las m\u00e1quinas de limpieza, explicadas paso a paso de forma sencilla.\" \/>\n<meta name=\"robots\" content=\"index, follow, max-snippet:-1, max-image-preview:large, max-video-preview:-1\" \/>\n<link rel=\"canonical\" href=\"https:\/\/www.columbus-clean.com\/es\/servicios\/videos-mantenimiento\/\" \/>\n<meta property=\"og:locale\" content=\"es_ES\" \/>\n<meta property=\"og:type\" content=\"article\" \/>\n<meta property=\"og:title\" content=\"Instrucciones en v\u00eddeo para el mantenimiento de las m\u00e1quinas de limpieza\" \/>\n<meta property=\"og:description\" content=\"Nuestros v\u00eddeos le ofrecen instrucciones para el mantenimiento de las m\u00e1quinas de limpieza, explicadas paso a paso de forma sencilla.\" \/>\n<meta property=\"og:url\" content=\"https:\/\/www.columbus-clean.com\/es\/servicios\/videos-mantenimiento\/\" \/>\n<meta property=\"og:site_name\" content=\"columbus Reinigungsmaschinen\" \/>\n<meta property=\"article:modified_time\" content=\"2025-05-06T09:32:57+00:00\" \/>\n<meta name=\"twitter:card\" content=\"summary_large_image\" \/>\n<script type=\"application\/ld+json\" class=\"yoast-schema-graph\">{\"@context\":\"https:\\\/\\\/schema.org\",\"@graph\":[{\"@type\":\"WebPage\",\"@id\":\"https:\\\/\\\/www.columbus-clean.com\\\/es\\\/servicios\\\/videos-mantenimiento\\\/\",\"url\":\"https:\\\/\\\/www.columbus-clean.com\\\/es\\\/servicios\\\/videos-mantenimiento\\\/\",\"name\":\"Instrucciones en v\u00eddeo para el mantenimiento de las m\u00e1quinas de limpieza\",\"isPartOf\":{\"@id\":\"https:\\\/\\\/www.columbus-clean.com\\\/es\\\/#website\"},\"datePublished\":\"2023-04-12T07:03:43+00:00\",\"dateModified\":\"2025-05-06T09:32:57+00:00\",\"description\":\"Nuestros v\u00eddeos le ofrecen instrucciones para el mantenimiento de las m\u00e1quinas de limpieza, explicadas paso a paso de forma sencilla.\",\"breadcrumb\":{\"@id\":\"https:\\\/\\\/www.columbus-clean.com\\\/es\\\/servicios\\\/videos-mantenimiento\\\/#breadcrumb\"},\"inLanguage\":\"es\",\"potentialAction\":[{\"@type\":\"ReadAction\",\"target\":[\"https:\\\/\\\/www.columbus-clean.com\\\/es\\\/servicios\\\/videos-mantenimiento\\\/\"]}]},{\"@type\":\"BreadcrumbList\",\"@id\":\"https:\\\/\\\/www.columbus-clean.com\\\/es\\\/servicios\\\/videos-mantenimiento\\\/#breadcrumb\",\"itemListElement\":[{\"@type\":\"ListItem\",\"position\":1,\"name\":\"Startseite\",\"item\":\"https:\\\/\\\/www.columbus-clean.com\\\/es\\\/\"},{\"@type\":\"ListItem\",\"position\":2,\"name\":\"Servicios\",\"item\":\"https:\\\/\\\/www.columbus-clean.com\\\/es\\\/servicios\\\/\"},{\"@type\":\"ListItem\",\"position\":3,\"name\":\"Videos Mantenimiento\"}]},{\"@type\":\"WebSite\",\"@id\":\"https:\\\/\\\/www.columbus-clean.com\\\/es\\\/#website\",\"url\":\"https:\\\/\\\/www.columbus-clean.com\\\/es\\\/\",\"name\":\"columbus Reinigungsmaschinen\",\"description\":\"Reinigungsautomaten und Industriesauger\",\"potentialAction\":[{\"@type\":\"SearchAction\",\"target\":{\"@type\":\"EntryPoint\",\"urlTemplate\":\"https:\\\/\\\/www.columbus-clean.com\\\/es\\\/?s={search_term_string}\"},\"query-input\":{\"@type\":\"PropertyValueSpecification\",\"valueRequired\":true,\"valueName\":\"search_term_string\"}}],\"inLanguage\":\"es\"}]}<\/script>\n<!-- \/ Yoast SEO plugin. -->","yoast_head_json":{"title":"Instrucciones en v\u00eddeo para el mantenimiento de las m\u00e1quinas de limpieza","description":"Nuestros v\u00eddeos le ofrecen instrucciones para el mantenimiento de las m\u00e1quinas de limpieza, explicadas paso a paso de forma sencilla.","robots":{"index":"index","follow":"follow","max-snippet":"max-snippet:-1","max-image-preview":"max-image-preview:large","max-video-preview":"max-video-preview:-1"},"canonical":"https:\/\/www.columbus-clean.com\/es\/servicios\/videos-mantenimiento\/","og_locale":"es_ES","og_type":"article","og_title":"Instrucciones en v\u00eddeo para el mantenimiento de las m\u00e1quinas de limpieza","og_description":"Nuestros v\u00eddeos le ofrecen instrucciones para el mantenimiento de las m\u00e1quinas de limpieza, explicadas paso a paso de forma sencilla.","og_url":"https:\/\/www.columbus-clean.com\/es\/servicios\/videos-mantenimiento\/","og_site_name":"columbus Reinigungsmaschinen","article_modified_time":"2025-05-06T09:32:57+00:00","twitter_card":"summary_large_image","schema":{"@context":"https:\/\/schema.org","@graph":[{"@type":"WebPage","@id":"https:\/\/www.columbus-clean.com\/es\/servicios\/videos-mantenimiento\/","url":"https:\/\/www.columbus-clean.com\/es\/servicios\/videos-mantenimiento\/","name":"Instrucciones en v\u00eddeo para el mantenimiento de las m\u00e1quinas de limpieza","isPartOf":{"@id":"https:\/\/www.columbus-clean.com\/es\/#website"},"datePublished":"2023-04-12T07:03:43+00:00","dateModified":"2025-05-06T09:32:57+00:00","description":"Nuestros v\u00eddeos le ofrecen instrucciones para el mantenimiento de las m\u00e1quinas de limpieza, explicadas paso a paso de forma sencilla.","breadcrumb":{"@id":"https:\/\/www.columbus-clean.com\/es\/servicios\/videos-mantenimiento\/#breadcrumb"},"inLanguage":"es","potentialAction":[{"@type":"ReadAction","target":["https:\/\/www.columbus-clean.com\/es\/servicios\/videos-mantenimiento\/"]}]},{"@type":"BreadcrumbList","@id":"https:\/\/www.columbus-clean.com\/es\/servicios\/videos-mantenimiento\/#breadcrumb","itemListElement":[{"@type":"ListItem","position":1,"name":"Startseite","item":"https:\/\/www.columbus-clean.com\/es\/"},{"@type":"ListItem","position":2,"name":"Servicios","item":"https:\/\/www.columbus-clean.com\/es\/servicios\/"},{"@type":"ListItem","position":3,"name":"Videos Mantenimiento"}]},{"@type":"WebSite","@id":"https:\/\/www.columbus-clean.com\/es\/#website","url":"https:\/\/www.columbus-clean.com\/es\/","name":"columbus Reinigungsmaschinen","description":"Reinigungsautomaten und Industriesauger","potentialAction":[{"@type":"SearchAction","target":{"@type":"EntryPoint","urlTemplate":"https:\/\/www.columbus-clean.com\/es\/?s={search_term_string}"},"query-input":{"@type":"PropertyValueSpecification","valueRequired":true,"valueName":"search_term_string"}}],"inLanguage":"es"}]}},"_links":{"self":[{"href":"https:\/\/www.columbus-clean.com\/es\/wp-json\/wp\/v2\/pages\/104108","targetHints":{"allow":["GET"]}}],"collection":[{"href":"https:\/\/www.columbus-clean.com\/es\/wp-json\/wp\/v2\/pages"}],"about":[{"href":"https:\/\/www.columbus-clean.com\/es\/wp-json\/wp\/v2\/types\/page"}],"author":[{"embeddable":true,"href":"https:\/\/www.columbus-clean.com\/es\/wp-json\/wp\/v2\/users\/33"}],"replies":[{"embeddable":true,"href":"https:\/\/www.columbus-clean.com\/es\/wp-json\/wp\/v2\/comments?post=104108"}],"version-history":[{"count":0,"href":"https:\/\/www.columbus-clean.com\/es\/wp-json\/wp\/v2\/pages\/104108\/revisions"}],"up":[{"embeddable":true,"href":"https:\/\/www.columbus-clean.com\/es\/wp-json\/wp\/v2\/pages\/24169"}],"wp:attachment":[{"href":"https:\/\/www.columbus-clean.com\/es\/wp-json\/wp\/v2\/media?parent=104108"}],"curies":[{"name":"wp","href":"https:\/\/api.w.org\/{rel}","templated":true}]}}