{"id":21236,"date":"2021-06-30T15:33:44","date_gmt":"2021-06-30T13:33:44","guid":{"rendered":"https:\/\/www.columbus-clean.com\/?page_id=21236"},"modified":"2025-05-15T11:01:25","modified_gmt":"2025-05-15T09:01:25","slug":"programa-de-accesorios-para-fregadoras-automaticas","status":"publish","type":"page","link":"https:\/\/www.columbus-clean.com\/es\/productos\/programa-de-accesorios-para-fregadoras-automaticas\/","title":{"rendered":"Programa de accesorios para fregadoras autom\u00e1ticas"},"content":{"rendered":"<p><div class=\"fusion-fullwidth fullwidth-box fusion-builder-row-1 has-pattern-background has-mask-background fusion-parallax-none nonhundred-percent-fullwidth non-hundred-percent-height-scrolling fusion-equal-height-columns limited-width-heading head-lenght-short\" style=\"--awb-border-radius-top-left:0px;--awb-border-radius-top-right:0px;--awb-border-radius-bottom-right:0px;--awb-border-radius-bottom-left:0px;--awb-background-color:#e3e8ec;--awb-background-image:url(&quot;https:\/\/www.columbus-clean.com\/wp-content\/uploads\/2021\/06\/accessorios-op-01-maquinas-de-limpieza-monodisco.jpg&quot;);--awb-background-size:cover;--awb-flex-wrap:wrap;\" id=\"opener\" ><div class=\"fusion-builder-row fusion-row\"><div class=\"fusion-layout-column fusion_builder_column fusion-builder-column-0 fusion_builder_column_1_1 1_1 fusion-one-full fusion-column-first fusion-column-last fusion-column-inner-bg-wrapper\" style=\"--awb-inner-bg-position:center top;--awb-inner-bg-size:cover;\"><span class=\"fusion-column-inner-bg hover-type-zoomin\"><span class=\"fusion-column-anchor\"><span class=\"fusion-column-inner-bg-image\"><\/span><\/span><\/span><div class=\"fusion-column-wrapper fusion-flex-column-wrapper-legacy\"><div class=\"fusion-column-content-centered\"><div class=\"fusion-column-content\"><div class=\"fusion-title title fusion-title-1 fusion-sep-none fusion-title-text fusion-title-size-one\" style=\"--awb-margin-top-small:0px;--awb-margin-right-small:0px;--awb-margin-bottom-small:20px;--awb-margin-left-small:0px;\"><h1 class=\"fusion-title-heading title-heading-left\" style=\"margin:0;\">Programa de accesorios<\/h1><\/div><div class=\"fusion-sep-clear\"><\/div><div class=\"fusion-separator fusion-full-width-sep\" style=\"margin-left: auto;margin-right: auto;margin-bottom:10px;width:100%;\"><\/div><div class=\"fusion-sep-clear\"><\/div><div class=\"fusion-title title fusion-title-2 fusion-sep-none fusion-title-text fusion-title-size-two\" style=\"--awb-margin-top-small:0px;--awb-margin-right-small:0px;--awb-margin-bottom-small:20px;--awb-margin-left-small:0px;\"><h2 class=\"fusion-title-heading title-heading-left\" style=\"margin:0;\">para fregadoras autom\u00e1ticas<\/h2><\/div><\/div><\/div><div class=\"fusion-clearfix\"><\/div><\/div><\/div><\/div><\/div><div class=\"fusion-fullwidth fullwidth-box fusion-builder-row-2 nonhundred-percent-fullwidth non-hundred-percent-height-scrolling\" style=\"--awb-border-radius-top-left:0px;--awb-border-radius-top-right:0px;--awb-border-radius-bottom-right:0px;--awb-border-radius-bottom-left:0px;--awb-padding-bottom:70px;--awb-flex-wrap:wrap;\" ><div class=\"fusion-builder-row fusion-row\"><div class=\"fusion-layout-column fusion_builder_column fusion-builder-column-1 fusion_builder_column_1_4 1_4 fusion-one-fourth fusion-column-first\" style=\"--awb-bg-size:cover;width:25%;width:calc(25% - ( ( 4% + 4% ) * 0.25 ) );margin-right: 4%;\"><div class=\"fusion-column-wrapper fusion-flex-column-wrapper-legacy\"><div class=\"fusion-clearfix\"><\/div><\/div><\/div><div class=\"fusion-layout-column fusion_builder_column fusion-builder-column-2 fusion_builder_column_1_2 1_2 fusion-one-half\" style=\"--awb-bg-size:cover;--awb-margin-bottom:0px;width:50%;width:calc(50% - ( ( 4% + 4% ) * 0.5 ) );margin-right: 4%;\"><div class=\"fusion-column-wrapper fusion-flex-column-wrapper-legacy\"><div class=\"fusion-text fusion-text-1\"><p style=\"text-align: center;\">El uso flexible de una m\u00e1quina de limpieza es siempre una cuesti\u00f3n de los accesorios adecuados.<\/p>\n<\/div><div class=\"fusion-clearfix\"><\/div><\/div><\/div><div class=\"fusion-layout-column fusion_builder_column fusion-builder-column-3 fusion_builder_column_1_4 1_4 fusion-one-fourth fusion-column-last\" style=\"--awb-bg-size:cover;width:25%;width:calc(25% - ( ( 4% + 4% ) * 0.25 ) );\"><div class=\"fusion-column-wrapper fusion-flex-column-wrapper-legacy\"><div class=\"fusion-clearfix\"><\/div><\/div><\/div><\/div><\/div><div class=\"fusion-fullwidth fullwidth-box fusion-builder-row-3 nonhundred-percent-fullwidth non-hundred-percent-height-scrolling\" style=\"--awb-border-radius-top-left:0px;--awb-border-radius-top-right:0px;--awb-border-radius-bottom-right:0px;--awb-border-radius-bottom-left:0px;--awb-background-color:#f1f2f4;--awb-flex-wrap:wrap;\" ><div class=\"fusion-builder-row fusion-row\"><div class=\"fusion-layout-column fusion_builder_column fusion-builder-column-4 fusion_builder_column_1_1 1_1 fusion-one-full fusion-column-first fusion-column-last editorial\" style=\"--awb-bg-size:cover;\"><div class=\"fusion-column-wrapper fusion-flex-column-wrapper-legacy\"><div class=\"fusion-title title fusion-title-3 fusion-sep-none fusion-title-center fusion-title-text fusion-title-size-six\" style=\"--awb-margin-top-small:0px;--awb-margin-right-small:0px;--awb-margin-bottom-small:20px;--awb-margin-left-small:0px;\"><h6 class=\"fusion-title-heading title-heading-center\" style=\"margin:0;\">Plato portadisco columbus<\/h6><\/div><div class=\"fusion-title title fusion-title-4 fusion-sep-none fusion-title-center fusion-title-text fusion-title-size-five\" style=\"--awb-margin-top-small:0px;--awb-margin-right-small:0px;--awb-margin-bottom-small:20px;--awb-margin-left-small:0px;\"><h5 class=\"fusion-title-heading title-heading-center\" style=\"margin:0;\">Alta calidad y larga vida \u00fatil Made in Germany<\/h5><\/div><div class=\"fusion-clearfix\"><\/div><\/div><\/div><div class=\"fusion-layout-column fusion_builder_column fusion-builder-column-5 fusion_builder_column_1_2 1_2 fusion-one-half fusion-column-first\" style=\"--awb-bg-size:cover;width:50%;width:calc(50% - ( ( 4% ) * 0.5 ) );margin-right: 4%;\"><div class=\"fusion-column-wrapper fusion-flex-column-wrapper-legacy\"><div class=\"fusion-image-element in-legacy-container\" style=\"--awb-caption-title-font-family:var(--h2_typography-font-family);--awb-caption-title-font-weight:var(--h2_typography-font-weight);--awb-caption-title-font-style:var(--h2_typography-font-style);--awb-caption-title-size:var(--h2_typography-font-size);--awb-caption-title-transform:var(--h2_typography-text-transform);--awb-caption-title-line-height:var(--h2_typography-line-height);--awb-caption-title-letter-spacing:var(--h2_typography-letter-spacing);\"><span class=\" fusion-imageframe imageframe-none imageframe-1 hover-type-none\"><img decoding=\"async\" width=\"800\" height=\"473\" title=\"accessorios m\u00e1quinas de limpieza de placas de arrastre\" src=\"https:\/\/www.columbus-clean.com\/wp-content\/uploads\/2021\/06\/accessorios-gb-01-maquinas-de-limpieza-de-placas-de-arrastre-800x473-1.jpg\" alt class=\"img-responsive wp-image-24250\" srcset=\"https:\/\/www.columbus-clean.com\/wp-content\/uploads\/2021\/06\/accessorios-gb-01-maquinas-de-limpieza-de-placas-de-arrastre-800x473-1-200x118.jpg 200w, https:\/\/www.columbus-clean.com\/wp-content\/uploads\/2021\/06\/accessorios-gb-01-maquinas-de-limpieza-de-placas-de-arrastre-800x473-1-400x237.jpg 400w, https:\/\/www.columbus-clean.com\/wp-content\/uploads\/2021\/06\/accessorios-gb-01-maquinas-de-limpieza-de-placas-de-arrastre-800x473-1-600x355.jpg 600w, https:\/\/www.columbus-clean.com\/wp-content\/uploads\/2021\/06\/accessorios-gb-01-maquinas-de-limpieza-de-placas-de-arrastre-800x473-1.jpg 800w\" sizes=\"(max-width: 1023px) 100vw, 800px\" \/><\/span><\/div><div class=\"fusion-clearfix\"><\/div><\/div><\/div><div class=\"fusion-layout-column fusion_builder_column fusion-builder-column-6 fusion_builder_column_1_2 1_2 fusion-one-half fusion-column-last\" style=\"--awb-bg-size:cover;width:50%;width:calc(50% - ( ( 4% ) * 0.5 ) );\" id=\"product-info\"><div class=\"fusion-column-wrapper fusion-flex-column-wrapper-legacy\"><div class=\"fusion-text fusion-text-2\"><p>Gracias a un nuevo proceso de fabricaci\u00f3n y a una formulaci\u00f3n especial del pl\u00e1stico, nuestras platos portadisco son absolutamente duraderas, resistentes a la carga y cuidadosas con los pads. Esto resulta en costes bajos de las herramientas de trabajo en el proceso de limpieza. El uso universal est\u00e1 garantizado por las costuras soldadas en todo el per\u00edmetro y las aberturas funcionales soldadas de las placas de gancho rojas. 100 % resistentes al polvo y al agua, nuestros platos portadisco son esterilizables en autoclave hasta 140\u00b0C y tambi\u00e9n pueden ser completamente recicladas.<\/p>\n<\/div><div class=\"fusion-clearfix\"><\/div><\/div><\/div><\/div><\/div><div class=\"fusion-fullwidth fullwidth-box fusion-builder-row-4 nonhundred-percent-fullwidth non-hundred-percent-height-scrolling\" style=\"--awb-border-radius-top-left:0px;--awb-border-radius-top-right:0px;--awb-border-radius-bottom-right:0px;--awb-border-radius-bottom-left:0px;--awb-flex-wrap:wrap;\" ><div class=\"fusion-builder-row fusion-row\"><div class=\"fusion-layout-column fusion_builder_column fusion-builder-column-7 fusion_builder_column_1_1 1_1 fusion-one-full fusion-column-first fusion-column-last editorial\" style=\"--awb-bg-size:cover;\"><div class=\"fusion-column-wrapper fusion-flex-column-wrapper-legacy\"><div class=\"fusion-title title fusion-title-5 fusion-sep-none fusion-title-center fusion-title-text fusion-title-size-six\" style=\"--awb-margin-top-small:0px;--awb-margin-right-small:0px;--awb-margin-bottom-small:20px;--awb-margin-left-small:0px;\"><h6 class=\"fusion-title-heading title-heading-center\" style=\"margin:0;\">Cepillos columbus<\/h6><\/div><div class=\"fusion-title title fusion-title-6 fusion-sep-none fusion-title-center fusion-title-text fusion-title-size-five\" style=\"--awb-margin-top-small:0px;--awb-margin-right-small:0px;--awb-margin-bottom-small:20px;--awb-margin-left-small:0px;\"><h5 class=\"fusion-title-heading title-heading-center\" style=\"margin:0;\">Alta calidad y larga vida \u00fatil Made in Germany<\/h5><\/div><div class=\"fusion-clearfix\"><\/div><\/div><\/div><div class=\"fusion-layout-column fusion_builder_column fusion-builder-column-8 fusion_builder_column_1_2 1_2 fusion-one-half fusion-column-first\" style=\"--awb-bg-size:cover;width:50%;width:calc(50% - ( ( 4% ) * 0.5 ) );margin-right: 4%;\"><div class=\"fusion-column-wrapper fusion-flex-column-wrapper-legacy\"><div class=\"fusion-image-element in-legacy-container\" style=\"--awb-caption-title-font-family:var(--h2_typography-font-family);--awb-caption-title-font-weight:var(--h2_typography-font-weight);--awb-caption-title-font-style:var(--h2_typography-font-style);--awb-caption-title-size:var(--h2_typography-font-size);--awb-caption-title-transform:var(--h2_typography-text-transform);--awb-caption-title-line-height:var(--h2_typography-line-height);--awb-caption-title-letter-spacing:var(--h2_typography-letter-spacing);\"><span class=\" fusion-imageframe imageframe-none imageframe-2 hover-type-none\"><img decoding=\"async\" width=\"800\" height=\"473\" title=\"accessorios cepillo limpieza autom\u00e1tica m\u00e1quina monodisco\" src=\"https:\/\/www.columbus-clean.com\/wp-content\/uploads\/2021\/06\/accessorios-gb-03-cepillo-limpieza-automatica-maquina-de-un-disco-800x473-1.jpg\" alt class=\"img-responsive wp-image-24251\" srcset=\"https:\/\/www.columbus-clean.com\/wp-content\/uploads\/2021\/06\/accessorios-gb-03-cepillo-limpieza-automatica-maquina-de-un-disco-800x473-1-200x118.jpg 200w, https:\/\/www.columbus-clean.com\/wp-content\/uploads\/2021\/06\/accessorios-gb-03-cepillo-limpieza-automatica-maquina-de-un-disco-800x473-1-400x237.jpg 400w, https:\/\/www.columbus-clean.com\/wp-content\/uploads\/2021\/06\/accessorios-gb-03-cepillo-limpieza-automatica-maquina-de-un-disco-800x473-1-600x355.jpg 600w, https:\/\/www.columbus-clean.com\/wp-content\/uploads\/2021\/06\/accessorios-gb-03-cepillo-limpieza-automatica-maquina-de-un-disco-800x473-1.jpg 800w\" sizes=\"(max-width: 1023px) 100vw, 800px\" \/><\/span><\/div><div class=\"fusion-clearfix\"><\/div><\/div><\/div><div class=\"fusion-layout-column fusion_builder_column fusion-builder-column-9 fusion_builder_column_1_2 1_2 fusion-one-half fusion-column-last\" style=\"--awb-bg-size:cover;width:50%;width:calc(50% - ( ( 4% ) * 0.5 ) );\" id=\"product-info\"><div class=\"fusion-column-wrapper fusion-flex-column-wrapper-legacy\"><div class=\"fusion-text fusion-text-3\"><p>En combinaci\u00f3n con nuestras m\u00e1quinas de limpieza, los cepillos columbus garantizan los mejores resultados de limpieza y una eficacia absoluta. Los cepillos est\u00e1n densamente cerdas en toda la superficie libre, para una mayor estabilidad, un funcionamiento m\u00e1s suave y un menor desgaste.<br \/>\nMejor rendimiento de limpieza: Las puntas de las cerdas huecas aseguran un contacto exactamente plano bajo carga. Las filas exteriores de cerdas en \u00e1ngulo permiten un trabajo limpio hasta el borde. La estructura de las cerdas garantiza una distribuci\u00f3n \u00f3ptima del agua en toda la superficie.<\/p>\n<p>Menos consumo de agua con los cepillos &#8220;water-stop&#8221;: Gracias a las cerdas especiales de los bordes, se puede ahorrar hasta un 40% de agua. As\u00ed, los cepillos de alta calidad contribuyen de forma importante a la limpieza sostenible.<\/p>\n<\/div><div class=\"fusion-clearfix\"><\/div><\/div><\/div><\/div><\/div><div class=\"fusion-fullwidth fullwidth-box fusion-builder-row-5 nonhundred-percent-fullwidth non-hundred-percent-height-scrolling\" style=\"--awb-border-radius-top-left:0px;--awb-border-radius-top-right:0px;--awb-border-radius-bottom-right:0px;--awb-border-radius-bottom-left:0px;--awb-background-color:#f1f2f4;--awb-flex-wrap:wrap;\" ><div class=\"fusion-builder-row fusion-row\"><div class=\"fusion-layout-column fusion_builder_column fusion-builder-column-10 fusion_builder_column_1_1 1_1 fusion-one-full fusion-column-first fusion-column-last editorial\" style=\"--awb-bg-size:cover;\"><div class=\"fusion-column-wrapper fusion-flex-column-wrapper-legacy\"><div class=\"fusion-title title fusion-title-7 fusion-sep-none fusion-title-center fusion-title-text fusion-title-size-six\" style=\"--awb-margin-top-small:0px;--awb-margin-right-small:0px;--awb-margin-bottom-small:20px;--awb-margin-left-small:0px;\"><h6 class=\"fusion-title-heading title-heading-center\" style=\"margin:0;\">Las bater\u00edas<\/h6><\/div><div class=\"fusion-title title fusion-title-8 fusion-sep-none fusion-title-center fusion-title-text fusion-title-size-five\" style=\"--awb-margin-top-small:0px;--awb-margin-right-small:0px;--awb-margin-bottom-small:20px;--awb-margin-left-small:0px;\"><h5 class=\"fusion-title-heading title-heading-center\" style=\"margin:0;\">Alta calidad y \u00f3ptimo ajuste<\/h5><\/div><div class=\"fusion-clearfix\"><\/div><\/div><\/div><div class=\"fusion-layout-column fusion_builder_column fusion-builder-column-11 fusion_builder_column_1_2 1_2 fusion-one-half fusion-column-first\" style=\"--awb-bg-size:cover;width:50%;width:calc(50% - ( ( 4% ) * 0.5 ) );margin-right: 4%;\"><div class=\"fusion-column-wrapper fusion-flex-column-wrapper-legacy\"><div class=\"fusion-image-element in-legacy-container\" style=\"--awb-caption-title-font-family:var(--h2_typography-font-family);--awb-caption-title-font-weight:var(--h2_typography-font-weight);--awb-caption-title-font-style:var(--h2_typography-font-style);--awb-caption-title-size:var(--h2_typography-font-size);--awb-caption-title-transform:var(--h2_typography-text-transform);--awb-caption-title-line-height:var(--h2_typography-line-height);--awb-caption-title-letter-spacing:var(--h2_typography-letter-spacing);\"><span class=\" fusion-imageframe imageframe-none imageframe-3 hover-type-none\"><img decoding=\"async\" width=\"1100\" height=\"650\" title=\"accessorios batterias maquinas de limpieza\" src=\"https:\/\/www.columbus-clean.com\/wp-content\/uploads\/2021\/06\/accessorios-gb-04-batterias-maquinas-de-limpieza.jpg\" alt class=\"img-responsive wp-image-24279\" srcset=\"https:\/\/www.columbus-clean.com\/wp-content\/uploads\/2021\/06\/accessorios-gb-04-batterias-maquinas-de-limpieza-200x118.jpg 200w, https:\/\/www.columbus-clean.com\/wp-content\/uploads\/2021\/06\/accessorios-gb-04-batterias-maquinas-de-limpieza-400x236.jpg 400w, https:\/\/www.columbus-clean.com\/wp-content\/uploads\/2021\/06\/accessorios-gb-04-batterias-maquinas-de-limpieza-600x355.jpg 600w, https:\/\/www.columbus-clean.com\/wp-content\/uploads\/2021\/06\/accessorios-gb-04-batterias-maquinas-de-limpieza-800x473.jpg 800w, https:\/\/www.columbus-clean.com\/wp-content\/uploads\/2021\/06\/accessorios-gb-04-batterias-maquinas-de-limpieza.jpg 1100w\" sizes=\"(max-width: 1023px) 100vw, 800px\" \/><\/span><\/div><div class=\"fusion-clearfix\"><\/div><\/div><\/div><div class=\"fusion-layout-column fusion_builder_column fusion-builder-column-12 fusion_builder_column_1_2 1_2 fusion-one-half fusion-column-last\" style=\"--awb-bg-size:cover;width:50%;width:calc(50% - ( ( 4% ) * 0.5 ) );\" id=\"product-info\"><div class=\"fusion-column-wrapper fusion-flex-column-wrapper-legacy\"><div class=\"fusion-text fusion-text-4\"><p>Disponemos de una amplia gama de bater\u00edas de accionamiento de alta calidad con tecnolog\u00eda de gel sin mantenimiento, as\u00ed como de bater\u00edas h\u00famedas. El tama\u00f1o y la calidad de nuestras bater\u00edas se adaptan de forma \u00f3ptima a los requisitos espec\u00edficos de nuestras m\u00e1quinas de limpieza. Porque una limpieza eficaz es tambi\u00e9n una cuesti\u00f3n de la mejor interacci\u00f3n entre el proveedor de energ\u00eda y la m\u00e1quina.<\/p>\n<\/div><div class=\"fusion-clearfix\"><\/div><\/div><\/div><\/div><\/div><div class=\"fusion-fullwidth fullwidth-box fusion-builder-row-6 nonhundred-percent-fullwidth non-hundred-percent-height-scrolling\" style=\"--awb-border-radius-top-left:0px;--awb-border-radius-top-right:0px;--awb-border-radius-bottom-right:0px;--awb-border-radius-bottom-left:0px;--awb-flex-wrap:wrap;\" ><div class=\"fusion-builder-row fusion-row\"><div class=\"fusion-layout-column fusion_builder_column fusion-builder-column-13 fusion_builder_column_1_1 1_1 fusion-one-full fusion-column-first fusion-column-last\" style=\"--awb-bg-size:cover;\"><div class=\"fusion-column-wrapper fusion-column-has-shadow fusion-flex-column-wrapper-legacy\"><div class=\"fusion-aligncenter\"><a class=\"fusion-button button-flat fusion-button-default-size button-default fusion-button-default button-1 fusion-button-default-span fusion-button-default-type\" target=\"_blank\" rel=\"noopener noreferrer\" title=\"Descarga cat\u00e1logo\" aria-label=\"Descarga cat\u00e1logo\" href=\"https:\/\/www.columbus-clean.com\/wp-content\/uploads\/2026\/04\/Catalogo-2026-SP-V1-2.pdf\"><span class=\"fusion-button-text awb-button__text awb-button__text--default\">Descarga cat\u00e1logo<\/span><\/a><\/div>\n<div class=\"fusion-clearfix\"><\/div><\/div><\/div><\/div><\/div><\/p>\n","protected":false},"excerpt":{"rendered":"","protected":false},"author":33,"featured_media":0,"parent":0,"menu_order":0,"comment_status":"closed","ping_status":"closed","template":"100-width.php","meta":{"footnotes":""},"class_list":["post-21236","page","type-page","status-publish","hentry"],"yoast_head":"<!-- This site is optimized with the Yoast SEO plugin v27.3 - https:\/\/yoast.com\/product\/yoast-seo-wordpress\/ -->\n<title>Accesorios para fregadoras y bater\u00eda para fregadoras<\/title>\n<meta name=\"description\" content=\"La gama de accesorios y recambios para fregadoras autom\u00e1ticas incluye discos de tracci\u00f3n, almohadillas abrasivas para m\u00e1quinas monodisco, bater\u00edas para las fregadoras y mucho m\u00e1s.\" \/>\n<meta name=\"robots\" content=\"index, follow, max-snippet:-1, max-image-preview:large, max-video-preview:-1\" \/>\n<link rel=\"canonical\" href=\"https:\/\/www.columbus-clean.com\/es\/productos\/programa-de-accesorios-para-fregadoras-automaticas\/\" \/>\n<meta property=\"og:locale\" content=\"es_ES\" \/>\n<meta property=\"og:type\" content=\"article\" \/>\n<meta property=\"og:title\" content=\"Accesorios para fregadoras y bater\u00eda para fregadoras\" \/>\n<meta property=\"og:description\" content=\"La gama de accesorios y recambios para fregadoras autom\u00e1ticas incluye discos de tracci\u00f3n, almohadillas abrasivas para m\u00e1quinas monodisco, bater\u00edas para las fregadoras y mucho m\u00e1s.\" \/>\n<meta property=\"og:url\" content=\"https:\/\/www.columbus-clean.com\/es\/productos\/programa-de-accesorios-para-fregadoras-automaticas\/\" \/>\n<meta property=\"og:site_name\" content=\"columbus Reinigungsmaschinen\" \/>\n<meta property=\"article:modified_time\" content=\"2025-05-15T09:01:25+00:00\" \/>\n<meta name=\"twitter:card\" content=\"summary_large_image\" \/>\n<meta name=\"twitter:label1\" content=\"Tiempo de lectura\" \/>\n\t<meta name=\"twitter:data1\" content=\"3 minutos\" \/>\n<script type=\"application\/ld+json\" class=\"yoast-schema-graph\">{\"@context\":\"https:\\\/\\\/schema.org\",\"@graph\":[{\"@type\":\"WebPage\",\"@id\":\"https:\\\/\\\/www.columbus-clean.com\\\/es\\\/productos\\\/programa-de-accesorios-para-fregadoras-automaticas\\\/\",\"url\":\"https:\\\/\\\/www.columbus-clean.com\\\/es\\\/productos\\\/programa-de-accesorios-para-fregadoras-automaticas\\\/\",\"name\":\"Accesorios para fregadoras y bater\u00eda para fregadoras\",\"isPartOf\":{\"@id\":\"https:\\\/\\\/www.columbus-clean.com\\\/es\\\/#website\"},\"datePublished\":\"2021-06-30T13:33:44+00:00\",\"dateModified\":\"2025-05-15T09:01:25+00:00\",\"description\":\"La gama de accesorios y recambios para fregadoras autom\u00e1ticas incluye discos de tracci\u00f3n, almohadillas abrasivas para m\u00e1quinas monodisco, bater\u00edas para las fregadoras y mucho m\u00e1s.\",\"breadcrumb\":{\"@id\":\"https:\\\/\\\/www.columbus-clean.com\\\/es\\\/productos\\\/programa-de-accesorios-para-fregadoras-automaticas\\\/#breadcrumb\"},\"inLanguage\":\"es\",\"potentialAction\":[{\"@type\":\"ReadAction\",\"target\":[\"https:\\\/\\\/www.columbus-clean.com\\\/es\\\/productos\\\/programa-de-accesorios-para-fregadoras-automaticas\\\/\"]}]},{\"@type\":\"BreadcrumbList\",\"@id\":\"https:\\\/\\\/www.columbus-clean.com\\\/es\\\/productos\\\/programa-de-accesorios-para-fregadoras-automaticas\\\/#breadcrumb\",\"itemListElement\":[{\"@type\":\"ListItem\",\"position\":1,\"name\":\"Startseite\",\"item\":\"https:\\\/\\\/www.columbus-clean.com\\\/es\\\/\"},{\"@type\":\"ListItem\",\"position\":2,\"name\":\"Programa de accesorios para fregadoras autom\u00e1ticas\"}]},{\"@type\":\"WebSite\",\"@id\":\"https:\\\/\\\/www.columbus-clean.com\\\/es\\\/#website\",\"url\":\"https:\\\/\\\/www.columbus-clean.com\\\/es\\\/\",\"name\":\"columbus Reinigungsmaschinen\",\"description\":\"Reinigungsautomaten und Industriesauger\",\"potentialAction\":[{\"@type\":\"SearchAction\",\"target\":{\"@type\":\"EntryPoint\",\"urlTemplate\":\"https:\\\/\\\/www.columbus-clean.com\\\/es\\\/?s={search_term_string}\"},\"query-input\":{\"@type\":\"PropertyValueSpecification\",\"valueRequired\":true,\"valueName\":\"search_term_string\"}}],\"inLanguage\":\"es\"}]}<\/script>\n<!-- \/ Yoast SEO plugin. -->","yoast_head_json":{"title":"Accesorios para fregadoras y bater\u00eda para fregadoras","description":"La gama de accesorios y recambios para fregadoras autom\u00e1ticas incluye discos de tracci\u00f3n, almohadillas abrasivas para m\u00e1quinas monodisco, bater\u00edas para las fregadoras y mucho m\u00e1s.","robots":{"index":"index","follow":"follow","max-snippet":"max-snippet:-1","max-image-preview":"max-image-preview:large","max-video-preview":"max-video-preview:-1"},"canonical":"https:\/\/www.columbus-clean.com\/es\/productos\/programa-de-accesorios-para-fregadoras-automaticas\/","og_locale":"es_ES","og_type":"article","og_title":"Accesorios para fregadoras y bater\u00eda para fregadoras","og_description":"La gama de accesorios y recambios para fregadoras autom\u00e1ticas incluye discos de tracci\u00f3n, almohadillas abrasivas para m\u00e1quinas monodisco, bater\u00edas para las fregadoras y mucho m\u00e1s.","og_url":"https:\/\/www.columbus-clean.com\/es\/productos\/programa-de-accesorios-para-fregadoras-automaticas\/","og_site_name":"columbus Reinigungsmaschinen","article_modified_time":"2025-05-15T09:01:25+00:00","twitter_card":"summary_large_image","twitter_misc":{"Tiempo de lectura":"3 minutos"},"schema":{"@context":"https:\/\/schema.org","@graph":[{"@type":"WebPage","@id":"https:\/\/www.columbus-clean.com\/es\/productos\/programa-de-accesorios-para-fregadoras-automaticas\/","url":"https:\/\/www.columbus-clean.com\/es\/productos\/programa-de-accesorios-para-fregadoras-automaticas\/","name":"Accesorios para fregadoras y bater\u00eda para fregadoras","isPartOf":{"@id":"https:\/\/www.columbus-clean.com\/es\/#website"},"datePublished":"2021-06-30T13:33:44+00:00","dateModified":"2025-05-15T09:01:25+00:00","description":"La gama de accesorios y recambios para fregadoras autom\u00e1ticas incluye discos de tracci\u00f3n, almohadillas abrasivas para m\u00e1quinas monodisco, bater\u00edas para las fregadoras y mucho m\u00e1s.","breadcrumb":{"@id":"https:\/\/www.columbus-clean.com\/es\/productos\/programa-de-accesorios-para-fregadoras-automaticas\/#breadcrumb"},"inLanguage":"es","potentialAction":[{"@type":"ReadAction","target":["https:\/\/www.columbus-clean.com\/es\/productos\/programa-de-accesorios-para-fregadoras-automaticas\/"]}]},{"@type":"BreadcrumbList","@id":"https:\/\/www.columbus-clean.com\/es\/productos\/programa-de-accesorios-para-fregadoras-automaticas\/#breadcrumb","itemListElement":[{"@type":"ListItem","position":1,"name":"Startseite","item":"https:\/\/www.columbus-clean.com\/es\/"},{"@type":"ListItem","position":2,"name":"Programa de accesorios para fregadoras autom\u00e1ticas"}]},{"@type":"WebSite","@id":"https:\/\/www.columbus-clean.com\/es\/#website","url":"https:\/\/www.columbus-clean.com\/es\/","name":"columbus Reinigungsmaschinen","description":"Reinigungsautomaten und Industriesauger","potentialAction":[{"@type":"SearchAction","target":{"@type":"EntryPoint","urlTemplate":"https:\/\/www.columbus-clean.com\/es\/?s={search_term_string}"},"query-input":{"@type":"PropertyValueSpecification","valueRequired":true,"valueName":"search_term_string"}}],"inLanguage":"es"}]}},"_links":{"self":[{"href":"https:\/\/www.columbus-clean.com\/es\/wp-json\/wp\/v2\/pages\/21236","targetHints":{"allow":["GET"]}}],"collection":[{"href":"https:\/\/www.columbus-clean.com\/es\/wp-json\/wp\/v2\/pages"}],"about":[{"href":"https:\/\/www.columbus-clean.com\/es\/wp-json\/wp\/v2\/types\/page"}],"author":[{"embeddable":true,"href":"https:\/\/www.columbus-clean.com\/es\/wp-json\/wp\/v2\/users\/33"}],"replies":[{"embeddable":true,"href":"https:\/\/www.columbus-clean.com\/es\/wp-json\/wp\/v2\/comments?post=21236"}],"version-history":[{"count":0,"href":"https:\/\/www.columbus-clean.com\/es\/wp-json\/wp\/v2\/pages\/21236\/revisions"}],"wp:attachment":[{"href":"https:\/\/www.columbus-clean.com\/es\/wp-json\/wp\/v2\/media?parent=21236"}],"curies":[{"name":"wp","href":"https:\/\/api.w.org\/{rel}","templated":true}]}}