{"id":24046,"date":"2021-06-30T15:36:31","date_gmt":"2021-06-30T13:36:31","guid":{"rendered":"https:\/\/www.columbus-clean.com\/?page_id=24046"},"modified":"2025-04-16T11:28:32","modified_gmt":"2025-04-16T09:28:32","slug":"terminos-y-condiciones","status":"publish","type":"page","link":"https:\/\/www.columbus-clean.com\/es\/terminos-y-condiciones\/","title":{"rendered":"Terminos y condiciones"},"content":{"rendered":"<div class=\"fusion-fullwidth fullwidth-box fusion-builder-row-1 nonhundred-percent-fullwidth non-hundred-percent-height-scrolling\" style=\"--awb-border-radius-top-left:0px;--awb-border-radius-top-right:0px;--awb-border-radius-bottom-right:0px;--awb-border-radius-bottom-left:0px;--awb-flex-wrap:wrap;\" ><div class=\"fusion-builder-row fusion-row\"><div class=\"fusion-layout-column fusion_builder_column fusion-builder-column-0 fusion_builder_column_1_1 1_1 fusion-one-full fusion-column-first fusion-column-last\" style=\"--awb-bg-size:cover;\"><div class=\"fusion-column-wrapper fusion-column-has-shadow fusion-flex-column-wrapper-legacy\"><div class=\"fusion-text fusion-text-1\" style=\"--awb-text-transform:none;\"><h3>CONDICIONES GENERALES DE CONTRATACI\u00d3N Y COMPRA<\/h3>\n<p>\u00a7 1 Validez<br \/>\nSe aplicar\u00e1n exclusivamente las siguientes Condiciones Generales. No aceptamos ninguna condici\u00f3n diferente del cliente. Estos t\u00e9rminos y condiciones se aplicar\u00e1n a todas las transacciones actuales y futuras, incluso si su inclusi\u00f3n no se ha acordado expresamente de nuevo.<\/p>\n<p>\u00a7 2 Conclusi\u00f3n del contrato<br \/>\nEl contrato se celebra -en ausencia de un acuerdo especial- con nuestra confirmaci\u00f3n de un pedido por escrito. Nuestros precios de oferta est\u00e1n siempre sujetos a cambios y no estamos vinculados por ofertas presentadas una vez pasado su per\u00edodo de validez o 7 d\u00edas desde su remisi\u00f3n si no se estipula un per\u00edodo espec\u00edfico. En todos los casos se excluye el correspondiente impuesto sobre el valor a\u00f1adido legal. Podemos repercutir en el cliente las modificaciones de nuestros precios de cat\u00e1logo si transcurren m\u00e1s de cuatro meses entre la celebraci\u00f3n del contrato y la fecha de entrega acordada por contrato por causas imputables al comprador.<\/p>\n<p>\u00a7 3 Entrega; Muestras; Seguro<br \/>\nLa entrega se realiza por cuenta y riesgo del cliente. Tenemos derecho a realizar entregas parciales. Nos reservamos el derecho de propiedad y los derechos de autor sobre las muestras, los presupuestos, los dibujos y la informaci\u00f3n similar de car\u00e1cter material e inmaterial, incluso en formato electr\u00f3nico. Nos reservamos los derechos de propiedad y los derechos de autor de las muestras, los presupuestos, los dibujos y la informaci\u00f3n similar de car\u00e1cter f\u00edsico y no f\u00edsico, tambi\u00e9n en formato electr\u00f3nico. Ninguno de estos documentos pueden ser accesibles a terceros. Nos comprometemos a poner a disposici\u00f3n de terceros la informaci\u00f3n y los documentos designados por el cliente como confidenciales s\u00f3lo con el consentimiento del cliente o si lo exige la ley, en cuyo caso informaremos al cliente. Si el env\u00edo o la aceptaci\u00f3n se retrasa o no se produce como consecuencia de circunstancias de las que no somos responsables, el riesgo se transmitir\u00e1 al cliente a partir del d\u00eda de la notificaci\u00f3n de la disponibilidad para el env\u00edo o la aceptaci\u00f3n. Las peque\u00f1as desviaciones de color y los excesos o defectos de entrega de hasta un 10% no constituyen defectos. Tenemos derecho a asegurar el objeto de la entrega contra robos, roturas, incendios, agua y otros da\u00f1os a cargo del cliente o \u00e9ste asumir\u00e1 los riesgos por estas circunstancias y nos mantendr\u00e1 indemnes al respecto.<\/p>\n<p>\u00a7 4 Garant\u00eda<br \/>\nNotificaci\u00f3n de defectos<br \/>\nSi el cliente es un comerciante, est\u00e1 obligado a notificar los defectos sin demora. En caso contrario, quedan excluidos los derechos de garant\u00eda del cliente. Si el cliente no es comerciante, deber\u00e1 notificar por escrito los defectos evidentes en un plazo de tres semanas a partir de la entrega; los dem\u00e1s defectos deber\u00e1n notificarse por escrito en un plazo de un a\u00f1o a partir de la entrega. En caso contrario, quedan excluidos los derechos de garant\u00eda del cliente. Si el cliente es un consumidor, se aplicar\u00e1 lo dispuesto o la legislaci\u00f3n imperativa aplicable.<\/p>\n<p>Derechos del cliente<br \/>\nSi se cumplen las condiciones para que aplique nuestra garant\u00eda por defectos, el cliente tendr\u00e1 los siguientes derechos:<br \/>\nSi el cliente es un comerciante o un empresario no comerciante, nuestra obligaci\u00f3n se limitar\u00e1 inicialmente a la ejecuci\u00f3n posterior gratuita de reparaciones. Si el cumplimiento suplementario finalmente falla, el cliente puede resolver el contrato o reducir el precio de compra, previo acuerdo entre las Partes. Esta restricci\u00f3n del derecho de desistimiento s\u00f3lo se aplica en el \u00e1mbito de los defectos, no en el de otros incumplimientos. La reclamaci\u00f3n del cliente por da\u00f1os y perjuicios queda excluida en la medida en que nuestra responsabilidad haya sido efectivamente limitada de acuerdo con el art\u00edculo 6 de estas condiciones. Tambi\u00e9n se excluyen los derechos de retenci\u00f3n y compensaci\u00f3n del cliente, a menos que estos derechos se refieran a reclamaciones reconocidas por nosotros o que hayan sido establecidas legalmente. En el caso de los productos esenciales de terceros, nuestra responsabilidad se limita a la cesi\u00f3n de las reclamaciones contra el proveedor de los productos de terceros, en la medida en que esto conduzca a la indemnizaci\u00f3n del cliente. En todos los dem\u00e1s casos, la presentaci\u00f3n de reclamaciones contra nosotros estar\u00e1 sujeta a un recurso judicial previo contra el proveedor. Si el cliente es un consumidor, seremos responsables de acuerdo con las disposiciones legales. La reclamaci\u00f3n del cliente por da\u00f1os y perjuicios queda excluida en la medida en que nuestra responsabilidad haya sido efectivamente limitada de acuerdo con el art\u00edculo 6 de estas condiciones.<\/p>\n<p>Limitaci\u00f3n<br \/>\nSi el cliente es un comerciante o un empresario no comerciante, los derechos de garant\u00eda del cliente prescribir\u00e1n un a\u00f1o despu\u00e9s de la entrega. Si el cliente es un consumidor, los derechos de garant\u00eda del cliente expirar\u00e1n dos a\u00f1os despu\u00e9s de la entrega, en el caso de los bienes usados un a\u00f1o. Si el cliente es un comerciante o un empresario no comerciante, los derechos de garant\u00eda del cliente para las m\u00e1quinas compradas de segunda mano prescribir\u00e1n a los 6 meses de la entrega. Si el cliente es un consumidor, los derechos de garant\u00eda del cliente para las m\u00e1quinas compradas de segunda mano expirar\u00e1n 6 meses despu\u00e9s de la entrega, salvo que la legislaci\u00f3n imperativa imponga otros plazos mayores.<\/p>\n<p>\u00a7 5 Informe del \u00e1rbitro<br \/>\nSi un defecto objeto de reclamaci\u00f3n es objeto de disputa entre nosotros y un comerciante o un empresario no comerciante como cliente, un \u00e1rbitro tomar\u00e1 una decisi\u00f3n vinculante con exclusi\u00f3n de los recursos legales. Si no se llega a un acuerdo sobre la persona del perito arbitral, tanto nosotros como el cliente podremos solicitar a la C\u00e1mara de Industria y Comercio de Stuttgart que designe a un perito como experto en arbitraje. El nombramiento ser\u00e1 vinculante para ambas partes.<\/p>\n<p>\u00a7 6 Responsabilidad<br \/>\nAdem\u00e1s de nuestra responsabilidad por el incumplimiento intencionado de las obligaciones, seremos responsables ante nuestros clientes de la siguiente manera:<br \/>\nS\u00f3lo somos responsables de la negligencia grave de nuestros empleados ejecutivos. Adem\u00e1s, s\u00f3lo somos responsables de la negligencia grave de nuestros auxiliares ejecutivos que no son empleados. En este caso, nuestra responsabilidad se limita a los da\u00f1os t\u00edpicos y previsibles en el curso normal de los acontecimientos. Tambi\u00e9n somos responsables de la negligencia simple en el cumplimiento de las obligaciones de este contrato, que pertenecen a las obligaciones contractuales esenciales. En caso de simple negligencia, nuestra responsabilidad se limita al importe de los da\u00f1os t\u00edpicos y previsibles en el curso normal de los acontecimientos. Si el incumplimiento de una obligaci\u00f3n que nos es imputable provoca da\u00f1os a la vida, a la integridad f\u00edsica o a la salud, seremos responsables de acuerdo con las disposiciones legales, sin perjuicio del apartado (1).<\/p>\n<p>\u00a7 7 Pago; retenci\u00f3n; compensaci\u00f3n; insolvencia del cliente<br \/>\nSi el cliente paga con cheque, la fecha de pago ser\u00e1 la fecha de la fecha del valor del ingreso en el banco. Queda excluido el derecho de compensaci\u00f3n del cliente, a no ser que este derecho se refiera a reclamaciones de este tipo que hayan sido reconocidas por nosotros o que hayan adquirido car\u00e1cter de cosa juzgada. Si el cliente es un comerciante o un empresario no comerciante, tambi\u00e9n se excluye el derecho de retenci\u00f3n del cliente, a menos que este derecho se refiera a las reclamaciones que hayamos reconocido o que se hayan establecido legalmente. La solicitud de apertura de un procedimiento de insolvencia contra el patrimonio del cliente nos autoriza a rescindir el contrato y a exigir la devoluci\u00f3n inmediata del objeto de la entrega si a\u00fan no ha sido pagado en su totalidad.<\/p>\n<p>\u00a7 8 Provisi\u00f3n de seguridad<br \/>\nSi el cliente se retrasa en el pago de un cr\u00e9dito o si su situaci\u00f3n financiera se ha deteriorado significativamente desde la celebraci\u00f3n del contrato, podemos exigir, tras fijar un plazo, que el cliente aporte las garant\u00edas habituales en la banca por el importe total de nuestros cr\u00e9ditos. Si no se aportan las garant\u00edas en el plazo previsto, se producir\u00e1n todas las reclamaciones y vencer\u00e1n todos los pagos de forma inmediata y autom\u00e1tica.<\/p>\n<p>\u00a7 9 Indemnizaci\u00f3n por da\u00f1os y perjuicios por incumplimiento<br \/>\nComo indemnizaci\u00f3n por da\u00f1os y perjuicios debidos al incumplimiento, podemos exigir el 30% de la remuneraci\u00f3n como compensaci\u00f3n sin necesidad de probar el da\u00f1o. No obstante, el cliente tiene derecho a demostrar que no se ha producido ning\u00fan da\u00f1o o que \u00e9ste es muy inferior al importe mencionado. Por el contrario, tenemos derecho a probar da\u00f1os reales m\u00e1s elevados.<\/p>\n<p>\u00a7 10 Conservaci\u00f3n de la titularidad<br \/>\nToda la mercanc\u00eda entregada seguir\u00e1 siendo de nuestra propiedad (mercanc\u00eda reservada) hasta que se hayan liquidado por completo todas las reclamaciones que tengamos contra el cliente. Si el valor total de las mercanc\u00edas sujetas a reserva de dominio supera el importe total de nuestras reclamaciones en m\u00e1s del 20%, estaremos obligados a liberar el exceso de garant\u00edas a nuestra discreci\u00f3n. El cliente est\u00e1 autorizado a vender la mercanc\u00eda reservada en el curso ordinario de los negocios. Todas las reclamaciones de las operaciones de venta se nos asignan por adelantado. Si el cliente est\u00e1 en mora con una responsabilidad, estar\u00e1 obligado a darnos todos los detalles de todas las direcciones a las que ha vendido la mercanc\u00eda reservada. En ese caso, tendremos derecho a revelar la cesi\u00f3n.<\/p>\n<p>\u00a7 11 Ley aplicable, lugar de jurisdicci\u00f3n<br \/>\nSe aplicar\u00e1 la legislaci\u00f3n alemana. Se excluye la ley de venta uniforme. El lugar de jurisdicci\u00f3n para todos los litigios derivados de este contrato es Stuttgart, siempre que el cliente sea un comerciante, una persona jur\u00eddica de derecho p\u00fablico, un patrimonio especial de derecho p\u00fablico o tenga su domicilio social fuera de la Rep\u00fablica Federal de Alemania en el momento de la celebraci\u00f3n del contrato. El fuero para los consumidoreslo determina la ley imperativa aplicable. Si algunas disposiciones de un contrato entre nosotros y el proveedor son inv\u00e1lidas, esto no afectar\u00e1 a la validez del resto del contrato. Cualquier laguna creada por la omisi\u00f3n de una disposici\u00f3n inv\u00e1lida deber\u00e1 ser sustituida por una disposici\u00f3n que logre la finalidad econ\u00f3mica de la disposici\u00f3n inv\u00e1lida.<\/p>\n<\/div><div class=\"fusion-clearfix\"><\/div><\/div><\/div><\/div><\/div>\n","protected":false},"excerpt":{"rendered":"","protected":false},"author":33,"featured_media":0,"parent":0,"menu_order":0,"comment_status":"closed","ping_status":"closed","template":"","meta":{"footnotes":""},"class_list":["post-24046","page","type-page","status-publish","hentry"],"yoast_head":"<!-- This site is optimized with the Yoast SEO plugin v27.3 - https:\/\/yoast.com\/product\/yoast-seo-wordpress\/ -->\n<title>Terminos y condiciones columbus cleaning<\/title>\n<meta name=\"description\" content=\"Condiciones generales para la compra de m\u00e1quinas de limpieza, equipos de limpieza de suelos y soluciones de limpieza.\" \/>\n<meta name=\"robots\" content=\"index, follow, max-snippet:-1, max-image-preview:large, max-video-preview:-1\" \/>\n<link rel=\"canonical\" href=\"https:\/\/www.columbus-clean.com\/es\/terminos-y-condiciones\/\" \/>\n<meta property=\"og:locale\" content=\"es_ES\" \/>\n<meta property=\"og:type\" content=\"article\" \/>\n<meta property=\"og:title\" content=\"Terminos y condiciones columbus cleaning\" \/>\n<meta property=\"og:description\" content=\"Condiciones generales para la compra de m\u00e1quinas de limpieza, equipos de limpieza de suelos y soluciones de limpieza.\" \/>\n<meta property=\"og:url\" content=\"https:\/\/www.columbus-clean.com\/es\/terminos-y-condiciones\/\" \/>\n<meta property=\"og:site_name\" content=\"columbus Reinigungsmaschinen\" \/>\n<meta property=\"article:modified_time\" content=\"2025-04-16T09:28:32+00:00\" \/>\n<meta name=\"twitter:card\" content=\"summary_large_image\" \/>\n<meta name=\"twitter:label1\" content=\"Tiempo de lectura\" \/>\n\t<meta name=\"twitter:data1\" content=\"10 minutos\" \/>\n<script type=\"application\/ld+json\" class=\"yoast-schema-graph\">{\"@context\":\"https:\\\/\\\/schema.org\",\"@graph\":[{\"@type\":\"WebPage\",\"@id\":\"https:\\\/\\\/www.columbus-clean.com\\\/es\\\/terminos-y-condiciones\\\/\",\"url\":\"https:\\\/\\\/www.columbus-clean.com\\\/es\\\/terminos-y-condiciones\\\/\",\"name\":\"Terminos y condiciones columbus cleaning\",\"isPartOf\":{\"@id\":\"https:\\\/\\\/www.columbus-clean.com\\\/es\\\/#website\"},\"datePublished\":\"2021-06-30T13:36:31+00:00\",\"dateModified\":\"2025-04-16T09:28:32+00:00\",\"description\":\"Condiciones generales para la compra de m\u00e1quinas de limpieza, equipos de limpieza de suelos y soluciones de limpieza.\",\"breadcrumb\":{\"@id\":\"https:\\\/\\\/www.columbus-clean.com\\\/es\\\/terminos-y-condiciones\\\/#breadcrumb\"},\"inLanguage\":\"es\",\"potentialAction\":[{\"@type\":\"ReadAction\",\"target\":[\"https:\\\/\\\/www.columbus-clean.com\\\/es\\\/terminos-y-condiciones\\\/\"]}]},{\"@type\":\"BreadcrumbList\",\"@id\":\"https:\\\/\\\/www.columbus-clean.com\\\/es\\\/terminos-y-condiciones\\\/#breadcrumb\",\"itemListElement\":[{\"@type\":\"ListItem\",\"position\":1,\"name\":\"Startseite\",\"item\":\"https:\\\/\\\/www.columbus-clean.com\\\/es\\\/\"},{\"@type\":\"ListItem\",\"position\":2,\"name\":\"Terminos y condiciones\"}]},{\"@type\":\"WebSite\",\"@id\":\"https:\\\/\\\/www.columbus-clean.com\\\/es\\\/#website\",\"url\":\"https:\\\/\\\/www.columbus-clean.com\\\/es\\\/\",\"name\":\"columbus Reinigungsmaschinen\",\"description\":\"Reinigungsautomaten und Industriesauger\",\"potentialAction\":[{\"@type\":\"SearchAction\",\"target\":{\"@type\":\"EntryPoint\",\"urlTemplate\":\"https:\\\/\\\/www.columbus-clean.com\\\/es\\\/?s={search_term_string}\"},\"query-input\":{\"@type\":\"PropertyValueSpecification\",\"valueRequired\":true,\"valueName\":\"search_term_string\"}}],\"inLanguage\":\"es\"}]}<\/script>\n<!-- \/ Yoast SEO plugin. -->","yoast_head_json":{"title":"Terminos y condiciones columbus cleaning","description":"Condiciones generales para la compra de m\u00e1quinas de limpieza, equipos de limpieza de suelos y soluciones de limpieza.","robots":{"index":"index","follow":"follow","max-snippet":"max-snippet:-1","max-image-preview":"max-image-preview:large","max-video-preview":"max-video-preview:-1"},"canonical":"https:\/\/www.columbus-clean.com\/es\/terminos-y-condiciones\/","og_locale":"es_ES","og_type":"article","og_title":"Terminos y condiciones columbus cleaning","og_description":"Condiciones generales para la compra de m\u00e1quinas de limpieza, equipos de limpieza de suelos y soluciones de limpieza.","og_url":"https:\/\/www.columbus-clean.com\/es\/terminos-y-condiciones\/","og_site_name":"columbus Reinigungsmaschinen","article_modified_time":"2025-04-16T09:28:32+00:00","twitter_card":"summary_large_image","twitter_misc":{"Tiempo de lectura":"10 minutos"},"schema":{"@context":"https:\/\/schema.org","@graph":[{"@type":"WebPage","@id":"https:\/\/www.columbus-clean.com\/es\/terminos-y-condiciones\/","url":"https:\/\/www.columbus-clean.com\/es\/terminos-y-condiciones\/","name":"Terminos y condiciones columbus cleaning","isPartOf":{"@id":"https:\/\/www.columbus-clean.com\/es\/#website"},"datePublished":"2021-06-30T13:36:31+00:00","dateModified":"2025-04-16T09:28:32+00:00","description":"Condiciones generales para la compra de m\u00e1quinas de limpieza, equipos de limpieza de suelos y soluciones de limpieza.","breadcrumb":{"@id":"https:\/\/www.columbus-clean.com\/es\/terminos-y-condiciones\/#breadcrumb"},"inLanguage":"es","potentialAction":[{"@type":"ReadAction","target":["https:\/\/www.columbus-clean.com\/es\/terminos-y-condiciones\/"]}]},{"@type":"BreadcrumbList","@id":"https:\/\/www.columbus-clean.com\/es\/terminos-y-condiciones\/#breadcrumb","itemListElement":[{"@type":"ListItem","position":1,"name":"Startseite","item":"https:\/\/www.columbus-clean.com\/es\/"},{"@type":"ListItem","position":2,"name":"Terminos y condiciones"}]},{"@type":"WebSite","@id":"https:\/\/www.columbus-clean.com\/es\/#website","url":"https:\/\/www.columbus-clean.com\/es\/","name":"columbus Reinigungsmaschinen","description":"Reinigungsautomaten und Industriesauger","potentialAction":[{"@type":"SearchAction","target":{"@type":"EntryPoint","urlTemplate":"https:\/\/www.columbus-clean.com\/es\/?s={search_term_string}"},"query-input":{"@type":"PropertyValueSpecification","valueRequired":true,"valueName":"search_term_string"}}],"inLanguage":"es"}]}},"_links":{"self":[{"href":"https:\/\/www.columbus-clean.com\/es\/wp-json\/wp\/v2\/pages\/24046","targetHints":{"allow":["GET"]}}],"collection":[{"href":"https:\/\/www.columbus-clean.com\/es\/wp-json\/wp\/v2\/pages"}],"about":[{"href":"https:\/\/www.columbus-clean.com\/es\/wp-json\/wp\/v2\/types\/page"}],"author":[{"embeddable":true,"href":"https:\/\/www.columbus-clean.com\/es\/wp-json\/wp\/v2\/users\/33"}],"replies":[{"embeddable":true,"href":"https:\/\/www.columbus-clean.com\/es\/wp-json\/wp\/v2\/comments?post=24046"}],"version-history":[{"count":0,"href":"https:\/\/www.columbus-clean.com\/es\/wp-json\/wp\/v2\/pages\/24046\/revisions"}],"wp:attachment":[{"href":"https:\/\/www.columbus-clean.com\/es\/wp-json\/wp\/v2\/media?parent=24046"}],"curies":[{"name":"wp","href":"https:\/\/api.w.org\/{rel}","templated":true}]}}