{"id":24105,"date":"2021-06-30T14:30:53","date_gmt":"2021-06-30T12:30:53","guid":{"rendered":"https:\/\/www.columbus-clean.com\/?page_id=24105"},"modified":"2025-04-22T10:01:44","modified_gmt":"2025-04-22T08:01:44","slug":"pie-de-imprenta","status":"publish","type":"page","link":"https:\/\/www.columbus-clean.com\/es\/pie-de-imprenta\/","title":{"rendered":"Pie de imprenta"},"content":{"rendered":"<div class=\"fusion-fullwidth fullwidth-box fusion-builder-row-1 nonhundred-percent-fullwidth non-hundred-percent-height-scrolling\" style=\"--awb-border-radius-top-left:0px;--awb-border-radius-top-right:0px;--awb-border-radius-bottom-right:0px;--awb-border-radius-bottom-left:0px;--awb-flex-wrap:wrap;\" id=\"imprint\" ><div class=\"fusion-builder-row fusion-row\"><div class=\"fusion-layout-column fusion_builder_column fusion-builder-column-0 fusion_builder_column_1_1 1_1 fusion-one-full fusion-column-first fusion-column-last\" style=\"--awb-bg-size:cover;\"><div class=\"fusion-column-wrapper fusion-flex-column-wrapper-legacy\"><h1>Pie de imprenta<\/h1>\n\n<h2>Informaci\u00f3n de acuerdo con el \u00a7 5 tmg<\/h2>\n<p>G. Staehle GmbH u. Co. KG<br \/>\nMercedesstra\u00dfe 15<br \/>\n70372 Stuttgart<\/p>\n\n<p>Sede: Stuttgart<br \/>\nTribunal de registro: Tribunal local de Stuttgart HRA 281<\/p>\n\n\n<p><strong>Representado por el socio general:<\/strong><br \/>\n<br \/>\n  Staehle Verwaltungs GmbH<br \/>\n  <br \/>\n  Sede: Stuttgart<br \/>\n  Tribunal de registro: Tribunal local de Stuttgart HRA 12837<br \/>\n  <br \/>\n  Estos est\u00e1n representados por sus directores generales: <br \/>\n  J\u00f6rg Peter Staehle, Marc Oliver Staehle<\/p>\n\n<h2>Contacto<\/h2>\n<p>Tel\u00e9fono: +49 (0) 7 11 \/ 95 44 95 0<br \/>\nCorreo electr\u00f3nico: info@columbus-clean.com<\/p>\n\n<p>Id. de IVA: DE147637018<\/p>\n  \n<h2>Resoluci\u00f3n de conflictos<\/h2>\n<p>La Comisi\u00f3n Europea ofrece una plataforma de resoluci\u00f3n de litigios en l\u00ednea (OS): <a href=\"https:\/\/ec.europa.eu\/consumers\/odr\" target=\"_blank\" rel=\"noopener\">https:\/\/ec.europa.eu\/consumers\/odr<\/a>.<br \/> Puede encontrar nuestra direcci\u00f3n de correo electr\u00f3nico en el pie de impronta de arriba.<\/p>\n\n<p>No estamos dispuestos ni obligados a participar en un procedimiento de resoluci\u00f3n de conflictos ante una junta de arbitraje de consumo.<\/p>\n\n<h3>Responsabilidad por el contenido<\/h3> <p>Como proveedor de servicios, somos responsables de nuestros propios contenidos en estas p\u00e1ginas de acuerdo con las leyes generales seg\u00fan el \u00a7 7 p\u00e1rrafo 1 de la TMG. Sin embargo, de acuerdo con los art\u00edculos 8 a 10 de la TMG, no estamos obligados, como proveedores de servicios, a controlar la informaci\u00f3n de terceros transmitida o almacenada, ni a investigar las circunstancias que indiquen una actividad ilegal.<\/p> <p>Las obligaciones de eliminar o bloquear el uso de la informaci\u00f3n seg\u00fan las leyes generales no se ven afectadas por esto. Sin embargo, la responsabilidad a este respecto s\u00f3lo es posible a partir del momento en que se tiene conocimiento de una infracci\u00f3n concreta. Si tenemos conocimiento de cualquier infracci\u00f3n de este tipo, eliminaremos este contenido inmediatamente.<\/p> <h3>Responsabilidad por enlaces<\/h3> <p>Nuestra oferta contiene enlaces a p\u00e1ginas web externas de terceros, sobre cuyos contenidos no tenemos ninguna influencia. Por lo tanto, no podemos asumir ninguna responsabilidad por estos contenidos externos. El proveedor u operador de las p\u00e1ginas es siempre responsable del contenido de las p\u00e1ginas enlazadas. Las p\u00e1ginas enlazadas fueron revisadas para detectar posibles infracciones legales en el momento de enlazarlas. Los contenidos ilegales no eran reconocibles en el momento de la vinculaci\u00f3n.<\/p> <p>Sin embargo, un control permanente de los contenidos de las p\u00e1ginas enlazadas no es razonable sin pruebas concretas de una violaci\u00f3n de la ley. Si tenemos conocimiento de alguna infracci\u00f3n, eliminaremos dichos enlaces inmediatamente.<\/p> <h3>Derechos de autor<\/h3> <p>Los contenidos y obras creados por los operadores del sitio en estas p\u00e1ginas est\u00e1n sujetos a la legislaci\u00f3n alemana sobre derechos de autor. La reproducci\u00f3n, edici\u00f3n, distribuci\u00f3n y cualquier tipo de explotaci\u00f3n fuera de los l\u00edmites de los derechos de autor requieren el consentimiento por escrito del respectivo autor o creador. Las descargas y copias de este sitio s\u00f3lo se permiten para uso privado y no comercial.<\/p> <p>En la medida en que el contenido de esta p\u00e1gina no haya sido creado por el operador, se respetan los derechos de autor de terceros. En particular, los contenidos de terceros se identifican como tales. No obstante, si tiene conocimiento de una infracci\u00f3n de los derechos de autor, le rogamos que nos informe al respecto. Si tenemos conocimiento de alguna infracci\u00f3n, eliminaremos dicho contenido inmediatamente.<\/p>\n  \n<h2>Concepto y dise\u00f1o<\/h2>\n<p>FG Branddesign<br>\nStuttgart<br>\n<a target=\"_blank\" title=\"FG Branddesign\" href=\"https:\/\/www.fg-branddesign.de\/\">www.fg-branddesign.com<\/a>\n<\/p>\n  \n<h2>Programaci\u00f3n<\/h2>\n<p><a title=\"Programaci\u00f3n web\" href=\"https:\/\/www.agentur-anmut.de\/\" target=\"_blank\">Programaci\u00f3n web<\/a> optimizada en Stuttgart con Agentur Anmut GmbH.<\/p><div class=\"fusion-clearfix\"><\/div><\/div><\/div><\/div><\/div>\n","protected":false},"excerpt":{"rendered":"","protected":false},"author":33,"featured_media":0,"parent":0,"menu_order":0,"comment_status":"closed","ping_status":"closed","template":"100-width.php","meta":{"footnotes":""},"class_list":["post-24105","page","type-page","status-publish","hentry"],"yoast_head":"<!-- This site is optimized with the Yoast SEO plugin v27.3 - https:\/\/yoast.com\/product\/yoast-seo-wordpress\/ -->\n<title>Pie de imprenta del distribuidor de m\u00e1quinas de limpieza columbus<\/title>\n<meta name=\"description\" content=\"Aqu\u00ed encontrar\u00e1 la impronta del fabricante de m\u00e1quinas de limpieza columbus, de gesti\u00f3n familiar y en expansi\u00f3n internacional.\" \/>\n<meta name=\"robots\" content=\"index, follow, max-snippet:-1, max-image-preview:large, max-video-preview:-1\" \/>\n<link rel=\"canonical\" href=\"https:\/\/www.columbus-clean.com\/es\/pie-de-imprenta\/\" \/>\n<meta property=\"og:locale\" content=\"es_ES\" \/>\n<meta property=\"og:type\" content=\"article\" \/>\n<meta property=\"og:title\" content=\"Pie de imprenta del distribuidor de m\u00e1quinas de limpieza columbus\" \/>\n<meta property=\"og:description\" content=\"Aqu\u00ed encontrar\u00e1 la impronta del fabricante de m\u00e1quinas de limpieza columbus, de gesti\u00f3n familiar y en expansi\u00f3n internacional.\" \/>\n<meta property=\"og:url\" content=\"https:\/\/www.columbus-clean.com\/es\/pie-de-imprenta\/\" \/>\n<meta property=\"og:site_name\" content=\"columbus Reinigungsmaschinen\" \/>\n<meta property=\"article:modified_time\" content=\"2025-04-22T08:01:44+00:00\" \/>\n<meta name=\"twitter:card\" content=\"summary_large_image\" \/>\n<meta name=\"twitter:label1\" content=\"Tiempo de lectura\" \/>\n\t<meta name=\"twitter:data1\" content=\"3 minutos\" \/>\n<script type=\"application\/ld+json\" class=\"yoast-schema-graph\">{\"@context\":\"https:\\\/\\\/schema.org\",\"@graph\":[{\"@type\":\"WebPage\",\"@id\":\"https:\\\/\\\/www.columbus-clean.com\\\/es\\\/pie-de-imprenta\\\/\",\"url\":\"https:\\\/\\\/www.columbus-clean.com\\\/es\\\/pie-de-imprenta\\\/\",\"name\":\"Pie de imprenta del distribuidor de m\u00e1quinas de limpieza columbus\",\"isPartOf\":{\"@id\":\"https:\\\/\\\/www.columbus-clean.com\\\/es\\\/#website\"},\"datePublished\":\"2021-06-30T12:30:53+00:00\",\"dateModified\":\"2025-04-22T08:01:44+00:00\",\"description\":\"Aqu\u00ed encontrar\u00e1 la impronta del fabricante de m\u00e1quinas de limpieza columbus, de gesti\u00f3n familiar y en expansi\u00f3n internacional.\",\"breadcrumb\":{\"@id\":\"https:\\\/\\\/www.columbus-clean.com\\\/es\\\/pie-de-imprenta\\\/#breadcrumb\"},\"inLanguage\":\"es\",\"potentialAction\":[{\"@type\":\"ReadAction\",\"target\":[\"https:\\\/\\\/www.columbus-clean.com\\\/es\\\/pie-de-imprenta\\\/\"]}]},{\"@type\":\"BreadcrumbList\",\"@id\":\"https:\\\/\\\/www.columbus-clean.com\\\/es\\\/pie-de-imprenta\\\/#breadcrumb\",\"itemListElement\":[{\"@type\":\"ListItem\",\"position\":1,\"name\":\"Startseite\",\"item\":\"https:\\\/\\\/www.columbus-clean.com\\\/es\\\/\"},{\"@type\":\"ListItem\",\"position\":2,\"name\":\"Pie de imprenta\"}]},{\"@type\":\"WebSite\",\"@id\":\"https:\\\/\\\/www.columbus-clean.com\\\/es\\\/#website\",\"url\":\"https:\\\/\\\/www.columbus-clean.com\\\/es\\\/\",\"name\":\"columbus Reinigungsmaschinen\",\"description\":\"Reinigungsautomaten und Industriesauger\",\"potentialAction\":[{\"@type\":\"SearchAction\",\"target\":{\"@type\":\"EntryPoint\",\"urlTemplate\":\"https:\\\/\\\/www.columbus-clean.com\\\/es\\\/?s={search_term_string}\"},\"query-input\":{\"@type\":\"PropertyValueSpecification\",\"valueRequired\":true,\"valueName\":\"search_term_string\"}}],\"inLanguage\":\"es\"}]}<\/script>\n<!-- \/ Yoast SEO plugin. -->","yoast_head_json":{"title":"Pie de imprenta del distribuidor de m\u00e1quinas de limpieza columbus","description":"Aqu\u00ed encontrar\u00e1 la impronta del fabricante de m\u00e1quinas de limpieza columbus, de gesti\u00f3n familiar y en expansi\u00f3n internacional.","robots":{"index":"index","follow":"follow","max-snippet":"max-snippet:-1","max-image-preview":"max-image-preview:large","max-video-preview":"max-video-preview:-1"},"canonical":"https:\/\/www.columbus-clean.com\/es\/pie-de-imprenta\/","og_locale":"es_ES","og_type":"article","og_title":"Pie de imprenta del distribuidor de m\u00e1quinas de limpieza columbus","og_description":"Aqu\u00ed encontrar\u00e1 la impronta del fabricante de m\u00e1quinas de limpieza columbus, de gesti\u00f3n familiar y en expansi\u00f3n internacional.","og_url":"https:\/\/www.columbus-clean.com\/es\/pie-de-imprenta\/","og_site_name":"columbus Reinigungsmaschinen","article_modified_time":"2025-04-22T08:01:44+00:00","twitter_card":"summary_large_image","twitter_misc":{"Tiempo de lectura":"3 minutos"},"schema":{"@context":"https:\/\/schema.org","@graph":[{"@type":"WebPage","@id":"https:\/\/www.columbus-clean.com\/es\/pie-de-imprenta\/","url":"https:\/\/www.columbus-clean.com\/es\/pie-de-imprenta\/","name":"Pie de imprenta del distribuidor de m\u00e1quinas de limpieza columbus","isPartOf":{"@id":"https:\/\/www.columbus-clean.com\/es\/#website"},"datePublished":"2021-06-30T12:30:53+00:00","dateModified":"2025-04-22T08:01:44+00:00","description":"Aqu\u00ed encontrar\u00e1 la impronta del fabricante de m\u00e1quinas de limpieza columbus, de gesti\u00f3n familiar y en expansi\u00f3n internacional.","breadcrumb":{"@id":"https:\/\/www.columbus-clean.com\/es\/pie-de-imprenta\/#breadcrumb"},"inLanguage":"es","potentialAction":[{"@type":"ReadAction","target":["https:\/\/www.columbus-clean.com\/es\/pie-de-imprenta\/"]}]},{"@type":"BreadcrumbList","@id":"https:\/\/www.columbus-clean.com\/es\/pie-de-imprenta\/#breadcrumb","itemListElement":[{"@type":"ListItem","position":1,"name":"Startseite","item":"https:\/\/www.columbus-clean.com\/es\/"},{"@type":"ListItem","position":2,"name":"Pie de imprenta"}]},{"@type":"WebSite","@id":"https:\/\/www.columbus-clean.com\/es\/#website","url":"https:\/\/www.columbus-clean.com\/es\/","name":"columbus Reinigungsmaschinen","description":"Reinigungsautomaten und Industriesauger","potentialAction":[{"@type":"SearchAction","target":{"@type":"EntryPoint","urlTemplate":"https:\/\/www.columbus-clean.com\/es\/?s={search_term_string}"},"query-input":{"@type":"PropertyValueSpecification","valueRequired":true,"valueName":"search_term_string"}}],"inLanguage":"es"}]}},"_links":{"self":[{"href":"https:\/\/www.columbus-clean.com\/es\/wp-json\/wp\/v2\/pages\/24105","targetHints":{"allow":["GET"]}}],"collection":[{"href":"https:\/\/www.columbus-clean.com\/es\/wp-json\/wp\/v2\/pages"}],"about":[{"href":"https:\/\/www.columbus-clean.com\/es\/wp-json\/wp\/v2\/types\/page"}],"author":[{"embeddable":true,"href":"https:\/\/www.columbus-clean.com\/es\/wp-json\/wp\/v2\/users\/33"}],"replies":[{"embeddable":true,"href":"https:\/\/www.columbus-clean.com\/es\/wp-json\/wp\/v2\/comments?post=24105"}],"version-history":[{"count":0,"href":"https:\/\/www.columbus-clean.com\/es\/wp-json\/wp\/v2\/pages\/24105\/revisions"}],"wp:attachment":[{"href":"https:\/\/www.columbus-clean.com\/es\/wp-json\/wp\/v2\/media?parent=24105"}],"curies":[{"name":"wp","href":"https:\/\/api.w.org\/{rel}","templated":true}]}}