{"id":24126,"date":"2021-07-01T09:58:00","date_gmt":"2021-07-01T07:58:00","guid":{"rendered":"https:\/\/www.columbus-clean.com\/?page_id=24126"},"modified":"2026-03-26T09:44:26","modified_gmt":"2026-03-26T08:44:26","slug":"catalogos-de-piezas-de-recambio","status":"publish","type":"page","link":"https:\/\/www.columbus-clean.com\/es\/login\/downloads\/catalogos-de-piezas-de-recambio\/","title":{"rendered":"Cat\u00e1logos de piezas de recambio"},"content":{"rendered":"<p><div class=\"fusion-fullwidth fullwidth-box fusion-builder-row-1 nonhundred-percent-fullwidth non-hundred-percent-height-scrolling no-subhead head-two-lines\" style=\"--awb-border-radius-top-left:0px;--awb-border-radius-top-right:0px;--awb-border-radius-bottom-right:0px;--awb-border-radius-bottom-left:0px;--awb-flex-wrap:wrap;\" id=\"opener\" ><div class=\"fusion-builder-row fusion-row\"><div class=\"fusion-layout-column fusion_builder_column fusion-builder-column-0 fusion_builder_column_1_1 1_1 fusion-one-full fusion-column-first fusion-column-last\" style=\"--awb-bg-size:cover;\"><div class=\"fusion-column-wrapper fusion-flex-column-wrapper-legacy\"><div class=\"fusion-title title fusion-title-1 fusion-sep-none fusion-title-text fusion-title-size-six\" style=\"--awb-margin-top-small:0px;--awb-margin-right-small:0px;--awb-margin-bottom-small:20px;--awb-margin-left-small:0px;\"><h6 class=\"fusion-title-heading title-heading-left\" style=\"margin:0;\">Cat\u00e1logos de piezas de recambio<\/h6><\/div><div class=\"fusion-clearfix\"><\/div><\/div><\/div><\/div><\/div><div class=\"fusion-fullwidth fullwidth-box fusion-builder-row-2 nonhundred-percent-fullwidth non-hundred-percent-height-scrolling restrict-that-show\" style=\"--awb-border-radius-top-left:0px;--awb-border-radius-top-right:0px;--awb-border-radius-bottom-right:0px;--awb-border-radius-bottom-left:0px;--awb-flex-wrap:wrap;\" ><div class=\"fusion-builder-row fusion-row\"><div class=\"fusion-layout-column fusion_builder_column fusion-builder-column-1 fusion_builder_column_1_1 1_1 fusion-one-full fusion-column-first fusion-column-last\" style=\"--awb-bg-size:cover;\"><div class=\"fusion-column-wrapper fusion-flex-column-wrapper-legacy\">Please login <a href=\"https:\/\/www.columbus-clean.com\/en\/login\/\">here<\/a> to see downloads.<div class=\"fusion-clearfix\"><\/div><\/div><\/div><\/div><\/div><\/p>\n","protected":false},"excerpt":{"rendered":"","protected":false},"author":33,"featured_media":0,"parent":24112,"menu_order":0,"comment_status":"closed","ping_status":"closed","template":"100-width.php","meta":{"footnotes":""},"class_list":["post-24126","page","type-page","status-publish","hentry"],"yoast_head":"<!-- This site is optimized with the Yoast SEO plugin v27.3 - https:\/\/yoast.com\/product\/yoast-seo-wordpress\/ -->\n<title>Cat\u00e1logos de piezas de recambio para las m\u00e1quinas de limpieza<\/title>\n<meta name=\"description\" content=\"Aqu\u00ed encontrar\u00e1 todos los planos de las piezas de repuesto y las listas de piezas de las m\u00e1quinas de limpieza columbus para descargar.\" \/>\n<meta name=\"robots\" content=\"index, follow, max-snippet:-1, max-image-preview:large, max-video-preview:-1\" \/>\n<link rel=\"canonical\" href=\"https:\/\/www.columbus-clean.com\/es\/login\/downloads\/catalogos-de-piezas-de-recambio\/\" \/>\n<meta property=\"og:locale\" content=\"es_ES\" \/>\n<meta property=\"og:type\" content=\"article\" \/>\n<meta property=\"og:title\" content=\"Cat\u00e1logos de piezas de recambio para las m\u00e1quinas de limpieza\" \/>\n<meta property=\"og:description\" content=\"Aqu\u00ed encontrar\u00e1 todos los planos de las piezas de repuesto y las listas de piezas de las m\u00e1quinas de limpieza columbus para descargar.\" \/>\n<meta property=\"og:url\" content=\"https:\/\/www.columbus-clean.com\/es\/login\/downloads\/catalogos-de-piezas-de-recambio\/\" \/>\n<meta property=\"og:site_name\" content=\"columbus Reinigungsmaschinen\" \/>\n<meta property=\"article:modified_time\" content=\"2026-03-26T08:44:26+00:00\" \/>\n<meta name=\"twitter:card\" content=\"summary_large_image\" \/>\n<meta name=\"twitter:label1\" content=\"Tiempo de lectura\" \/>\n\t<meta name=\"twitter:data1\" content=\"4 minutos\" \/>\n<script type=\"application\/ld+json\" class=\"yoast-schema-graph\">{\"@context\":\"https:\\\/\\\/schema.org\",\"@graph\":[{\"@type\":\"WebPage\",\"@id\":\"https:\\\/\\\/www.columbus-clean.com\\\/es\\\/login\\\/downloads\\\/catalogos-de-piezas-de-recambio\\\/\",\"url\":\"https:\\\/\\\/www.columbus-clean.com\\\/es\\\/login\\\/downloads\\\/catalogos-de-piezas-de-recambio\\\/\",\"name\":\"Cat\u00e1logos de piezas de recambio para las m\u00e1quinas de limpieza\",\"isPartOf\":{\"@id\":\"https:\\\/\\\/www.columbus-clean.com\\\/es\\\/#website\"},\"datePublished\":\"2021-07-01T07:58:00+00:00\",\"dateModified\":\"2026-03-26T08:44:26+00:00\",\"description\":\"Aqu\u00ed encontrar\u00e1 todos los planos de las piezas de repuesto y las listas de piezas de las m\u00e1quinas de limpieza columbus para descargar.\",\"breadcrumb\":{\"@id\":\"https:\\\/\\\/www.columbus-clean.com\\\/es\\\/login\\\/downloads\\\/catalogos-de-piezas-de-recambio\\\/#breadcrumb\"},\"inLanguage\":\"es\",\"potentialAction\":[{\"@type\":\"ReadAction\",\"target\":[\"https:\\\/\\\/www.columbus-clean.com\\\/es\\\/login\\\/downloads\\\/catalogos-de-piezas-de-recambio\\\/\"]}]},{\"@type\":\"BreadcrumbList\",\"@id\":\"https:\\\/\\\/www.columbus-clean.com\\\/es\\\/login\\\/downloads\\\/catalogos-de-piezas-de-recambio\\\/#breadcrumb\",\"itemListElement\":[{\"@type\":\"ListItem\",\"position\":1,\"name\":\"Startseite\",\"item\":\"https:\\\/\\\/www.columbus-clean.com\\\/es\\\/\"},{\"@type\":\"ListItem\",\"position\":2,\"name\":\"Login\",\"item\":\"https:\\\/\\\/www.columbus-clean.com\\\/es\\\/login\\\/\"},{\"@type\":\"ListItem\",\"position\":3,\"name\":\"Downloads\",\"item\":\"https:\\\/\\\/www.columbus-clean.com\\\/es\\\/login\\\/downloads\\\/\"},{\"@type\":\"ListItem\",\"position\":4,\"name\":\"Cat\u00e1logos de piezas de recambio\"}]},{\"@type\":\"WebSite\",\"@id\":\"https:\\\/\\\/www.columbus-clean.com\\\/es\\\/#website\",\"url\":\"https:\\\/\\\/www.columbus-clean.com\\\/es\\\/\",\"name\":\"columbus Reinigungsmaschinen\",\"description\":\"Reinigungsautomaten und Industriesauger\",\"potentialAction\":[{\"@type\":\"SearchAction\",\"target\":{\"@type\":\"EntryPoint\",\"urlTemplate\":\"https:\\\/\\\/www.columbus-clean.com\\\/es\\\/?s={search_term_string}\"},\"query-input\":{\"@type\":\"PropertyValueSpecification\",\"valueRequired\":true,\"valueName\":\"search_term_string\"}}],\"inLanguage\":\"es\"}]}<\/script>\n<!-- \/ Yoast SEO plugin. -->","yoast_head_json":{"title":"Cat\u00e1logos de piezas de recambio para las m\u00e1quinas de limpieza","description":"Aqu\u00ed encontrar\u00e1 todos los planos de las piezas de repuesto y las listas de piezas de las m\u00e1quinas de limpieza columbus para descargar.","robots":{"index":"index","follow":"follow","max-snippet":"max-snippet:-1","max-image-preview":"max-image-preview:large","max-video-preview":"max-video-preview:-1"},"canonical":"https:\/\/www.columbus-clean.com\/es\/login\/downloads\/catalogos-de-piezas-de-recambio\/","og_locale":"es_ES","og_type":"article","og_title":"Cat\u00e1logos de piezas de recambio para las m\u00e1quinas de limpieza","og_description":"Aqu\u00ed encontrar\u00e1 todos los planos de las piezas de repuesto y las listas de piezas de las m\u00e1quinas de limpieza columbus para descargar.","og_url":"https:\/\/www.columbus-clean.com\/es\/login\/downloads\/catalogos-de-piezas-de-recambio\/","og_site_name":"columbus Reinigungsmaschinen","article_modified_time":"2026-03-26T08:44:26+00:00","twitter_card":"summary_large_image","twitter_misc":{"Tiempo de lectura":"4 minutos"},"schema":{"@context":"https:\/\/schema.org","@graph":[{"@type":"WebPage","@id":"https:\/\/www.columbus-clean.com\/es\/login\/downloads\/catalogos-de-piezas-de-recambio\/","url":"https:\/\/www.columbus-clean.com\/es\/login\/downloads\/catalogos-de-piezas-de-recambio\/","name":"Cat\u00e1logos de piezas de recambio para las m\u00e1quinas de limpieza","isPartOf":{"@id":"https:\/\/www.columbus-clean.com\/es\/#website"},"datePublished":"2021-07-01T07:58:00+00:00","dateModified":"2026-03-26T08:44:26+00:00","description":"Aqu\u00ed encontrar\u00e1 todos los planos de las piezas de repuesto y las listas de piezas de las m\u00e1quinas de limpieza columbus para descargar.","breadcrumb":{"@id":"https:\/\/www.columbus-clean.com\/es\/login\/downloads\/catalogos-de-piezas-de-recambio\/#breadcrumb"},"inLanguage":"es","potentialAction":[{"@type":"ReadAction","target":["https:\/\/www.columbus-clean.com\/es\/login\/downloads\/catalogos-de-piezas-de-recambio\/"]}]},{"@type":"BreadcrumbList","@id":"https:\/\/www.columbus-clean.com\/es\/login\/downloads\/catalogos-de-piezas-de-recambio\/#breadcrumb","itemListElement":[{"@type":"ListItem","position":1,"name":"Startseite","item":"https:\/\/www.columbus-clean.com\/es\/"},{"@type":"ListItem","position":2,"name":"Login","item":"https:\/\/www.columbus-clean.com\/es\/login\/"},{"@type":"ListItem","position":3,"name":"Downloads","item":"https:\/\/www.columbus-clean.com\/es\/login\/downloads\/"},{"@type":"ListItem","position":4,"name":"Cat\u00e1logos de piezas de recambio"}]},{"@type":"WebSite","@id":"https:\/\/www.columbus-clean.com\/es\/#website","url":"https:\/\/www.columbus-clean.com\/es\/","name":"columbus Reinigungsmaschinen","description":"Reinigungsautomaten und Industriesauger","potentialAction":[{"@type":"SearchAction","target":{"@type":"EntryPoint","urlTemplate":"https:\/\/www.columbus-clean.com\/es\/?s={search_term_string}"},"query-input":{"@type":"PropertyValueSpecification","valueRequired":true,"valueName":"search_term_string"}}],"inLanguage":"es"}]}},"_links":{"self":[{"href":"https:\/\/www.columbus-clean.com\/es\/wp-json\/wp\/v2\/pages\/24126","targetHints":{"allow":["GET"]}}],"collection":[{"href":"https:\/\/www.columbus-clean.com\/es\/wp-json\/wp\/v2\/pages"}],"about":[{"href":"https:\/\/www.columbus-clean.com\/es\/wp-json\/wp\/v2\/types\/page"}],"author":[{"embeddable":true,"href":"https:\/\/www.columbus-clean.com\/es\/wp-json\/wp\/v2\/users\/33"}],"replies":[{"embeddable":true,"href":"https:\/\/www.columbus-clean.com\/es\/wp-json\/wp\/v2\/comments?post=24126"}],"version-history":[{"count":1,"href":"https:\/\/www.columbus-clean.com\/es\/wp-json\/wp\/v2\/pages\/24126\/revisions"}],"predecessor-version":[{"id":168677,"href":"https:\/\/www.columbus-clean.com\/es\/wp-json\/wp\/v2\/pages\/24126\/revisions\/168677"}],"up":[{"embeddable":true,"href":"https:\/\/www.columbus-clean.com\/es\/wp-json\/wp\/v2\/pages\/24112"}],"wp:attachment":[{"href":"https:\/\/www.columbus-clean.com\/es\/wp-json\/wp\/v2\/media?parent=24126"}],"curies":[{"name":"wp","href":"https:\/\/api.w.org\/{rel}","templated":true}]}}