{"id":24131,"date":"2021-07-01T12:05:26","date_gmt":"2021-07-01T10:05:26","guid":{"rendered":"https:\/\/www.columbus-clean.com\/?page_id=24131"},"modified":"2025-04-24T10:36:27","modified_gmt":"2025-04-24T08:36:27","slug":"catalogos-completos","status":"publish","type":"page","link":"https:\/\/www.columbus-clean.com\/es\/login\/downloads\/catalogos-completos\/","title":{"rendered":"Cat\u00e1logos completos"},"content":{"rendered":"<p><div class=\"fusion-fullwidth fullwidth-box fusion-builder-row-1 nonhundred-percent-fullwidth non-hundred-percent-height-scrolling no-subhead head-two-lines\" style=\"--awb-border-radius-top-left:0px;--awb-border-radius-top-right:0px;--awb-border-radius-bottom-right:0px;--awb-border-radius-bottom-left:0px;--awb-flex-wrap:wrap;\" id=\"opener\" ><div class=\"fusion-builder-row fusion-row\"><div class=\"fusion-layout-column fusion_builder_column fusion-builder-column-0 fusion_builder_column_1_1 1_1 fusion-one-full fusion-column-first fusion-column-last\" style=\"--awb-bg-size:cover;\"><div class=\"fusion-column-wrapper fusion-flex-column-wrapper-legacy\"><div class=\"fusion-title title fusion-title-1 fusion-sep-none fusion-title-text fusion-title-size-six\" style=\"--awb-margin-top-small:0px;--awb-margin-right-small:0px;--awb-margin-bottom-small:20px;--awb-margin-left-small:0px;\"><h6 class=\"fusion-title-heading title-heading-left\" style=\"margin:0;\">Cat\u00e1logos completos<\/h6><\/div><div class=\"fusion-clearfix\"><\/div><\/div><\/div><\/div><\/div><div class=\"fusion-fullwidth fullwidth-box fusion-builder-row-2 nonhundred-percent-fullwidth non-hundred-percent-height-scrolling restrict-that-show\" style=\"--awb-border-radius-top-left:0px;--awb-border-radius-top-right:0px;--awb-border-radius-bottom-right:0px;--awb-border-radius-bottom-left:0px;--awb-flex-wrap:wrap;\" ><div class=\"fusion-builder-row fusion-row\"><div class=\"fusion-layout-column fusion_builder_column fusion-builder-column-1 fusion_builder_column_1_1 1_1 fusion-one-full fusion-column-first fusion-column-last\" style=\"--awb-bg-size:cover;\"><div class=\"fusion-column-wrapper fusion-flex-column-wrapper-legacy\">logged_in_only_start<div class=\"fusion-clearfix\"><\/div><\/div><\/div><\/div><\/div><div class=\"fusion-fullwidth fullwidth-box fusion-builder-row-3 nonhundred-percent-fullwidth non-hundred-percent-height-scrolling\" style=\"--awb-border-radius-top-left:0px;--awb-border-radius-top-right:0px;--awb-border-radius-bottom-right:0px;--awb-border-radius-bottom-left:0px;--awb-padding-top:0px;--awb-flex-wrap:wrap;\" ><div class=\"fusion-builder-row fusion-row\"><div class=\"fusion-layout-column fusion_builder_column fusion-builder-column-2 fusion_builder_column_2_3 2_3 fusion-two-third fusion-column-first\" style=\"--awb-bg-size:cover;width:66.666666666667%;width:calc(66.666666666667% - ( ( 4% ) * 0.66666666666667 ) );margin-right: 4%;\"><div class=\"fusion-column-wrapper fusion-flex-column-wrapper-legacy\"><div class=\"accordian fusion-accordian\" style=\"--awb-border-size:1px;--awb-icon-size:13px;--awb-content-font-size:16px;--awb-icon-alignment:left;--awb-hover-color:#f9f9f9;--awb-border-color:#cccccc;--awb-background-color:#ffffff;--awb-divider-color:#b0b0b1;--awb-divider-hover-color:#b0b0b1;--awb-icon-color:#ffffff;--awb-title-color:#ed1c24;--awb-content-color:#3e3e3e;--awb-icon-box-color:#333333;--awb-toggle-hover-accent-color:#ffffff;--awb-title-font-family:&quot;Inter&quot;;--awb-title-font-weight:800;--awb-title-font-style:normal;--awb-content-font-family:&quot;Inter&quot;;--awb-content-font-style:normal;--awb-content-font-weight:400;\"><div class=\"panel-group fusion-toggle-icon-boxed\" id=\"accordion-24131-1\"><div class=\"fusion-panel panel-default panel-ad2e7acaf993edb78 fusion-toggle-has-divider\" style=\"--awb-title-color:#ed1c24;--awb-content-color:#3e3e3e;\"><div class=\"panel-heading\"><h4 class=\"panel-title toggle\" id=\"toggle_ad2e7acaf993edb78\"><a aria-expanded=\"false\" aria-controls=\"ad2e7acaf993edb78\" role=\"button\" data-toggle=\"collapse\" data-parent=\"#accordion-24131-1\" data-target=\"#ad2e7acaf993edb78\" href=\"#ad2e7acaf993edb78\"><span class=\"fusion-toggle-icon-wrapper\" aria-hidden=\"true\"><i class=\"fa-fusion-box active-icon awb-icon-minus\" aria-hidden=\"true\"><\/i><i class=\"fa-fusion-box inactive-icon awb-icon-plus\" aria-hidden=\"true\"><\/i><\/span><span class=\"fusion-toggle-heading\">Fregadoras<\/span><\/a><\/h4><\/div><div id=\"ad2e7acaf993edb78\" class=\"panel-collapse collapse \" aria-labelledby=\"toggle_ad2e7acaf993edb78\"><div class=\"panel-body toggle-content fusion-clearfix\">\n<div class=\"table-1\">\n<table width=\"100%\">\n<tbody>\n<tr>\n<td align=\"left\"><a title=\"Download PDF\" href=\"https:\/\/www.columbus-clean.com\/wp-content\/uploads\/2021\/07\/La_nueva_clase_de_40_litros.pdf\" target=\"_blank\" rel=\"noopener noreferrer\">40 litre class<\/a><\/td>\n<td class=\"download-pdf\" align=\"left\">| as of 01\/11\/20<\/td>\n<\/tr>\n<tr>\n<td align=\"left\"><a title=\"Download PDF\" href=\"https:\/\/www.columbus-clean.com\/wp-content\/uploads\/2021\/07\/Fregadora_automatica_K40_ES.pdf\" target=\"_blank\" rel=\"noopener noreferrer\">40 litre class, mains operated<\/a><\/td>\n<td class=\"download-pdf\" align=\"left\">| as of 01\/09\/17<\/td>\n<\/tr>\n<tr>\n<td align=\"left\"><a title=\"Download PDF\" href=\"https:\/\/www.columbus-clean.com\/wp-content\/uploads\/2021\/06\/Fregadoras_automaticas_10_a_150_litros.pdf\" target=\"_blank\" rel=\"noopener noreferrer\">Scrubber dryers<\/a><\/td>\n<td class=\"download-pdf\" align=\"left\">| as of 01\/11\/20<\/td>\n<\/tr>\n<tr>\n<td align=\"left\"><a title=\"Download PDF\" href=\"https:\/\/www.columbus-clean.com\/wp-content\/uploads\/2024\/05\/Foletto-RA85BM90.pdf\" target=\"_blank\" rel=\"noopener noreferrer\">RA 85|BM 90<\/a><\/td>\n<td class=\"download-pdf\" align=\"left\">| as of 21\/05\/24<\/td>\n<\/tr>\n<tr>\n<td align=\"left\"><a title=\"Download PDF\" href=\"https:\/\/www.columbus-clean.com\/wp-content\/uploads\/2024\/05\/NUEVO-ARA85BM140.pdf\" target=\"_blank\" rel=\"noopener noreferrer\">ARA 85|BM 140<\/a><\/td>\n<td class=\"download-pdf\" align=\"left\">| as of 21\/05\/24<\/td>\n<\/tr>\n<tr>\n<td align=\"left\"><a title=\"Download PDF\" href=\"https:\/\/www.columbus-clean.com\/wp-content\/uploads\/2024\/05\/Foletto-ARA100BM200-web.pdf\" target=\"_blank\" rel=\"noopener noreferrer\">ARA 100|BM 200<\/a><\/td>\n<td class=\"download-pdf\" align=\"left\">| as of 21\/05\/24<\/td>\n<\/tr>\n<\/tbody>\n<\/table>\n<\/div>\n<\/div><\/div><\/div><\/div><\/div><div class=\"fusion-clearfix\"><\/div><\/div><\/div><\/div><\/div><div class=\"fusion-fullwidth fullwidth-box fusion-builder-row-4 nonhundred-percent-fullwidth non-hundred-percent-height-scrolling restrict-that-show\" style=\"--awb-border-radius-top-left:0px;--awb-border-radius-top-right:0px;--awb-border-radius-bottom-right:0px;--awb-border-radius-bottom-left:0px;--awb-flex-wrap:wrap;\" ><div class=\"fusion-builder-row fusion-row\"><div class=\"fusion-layout-column fusion_builder_column fusion-builder-column-3 fusion_builder_column_1_1 1_1 fusion-one-full fusion-column-first fusion-column-last\" style=\"--awb-bg-size:cover;\"><div class=\"fusion-column-wrapper fusion-flex-column-wrapper-legacy\">logged_in_only_start<div class=\"fusion-clearfix\"><\/div><\/div><\/div><\/div><\/div><\/p>\n","protected":false},"excerpt":{"rendered":"","protected":false},"author":33,"featured_media":0,"parent":24112,"menu_order":0,"comment_status":"closed","ping_status":"closed","template":"100-width.php","meta":{"footnotes":""},"class_list":["post-24131","page","type-page","status-publish","hentry"],"yoast_head":"<!-- This site is optimized with the Yoast SEO plugin v27.3 - https:\/\/yoast.com\/product\/yoast-seo-wordpress\/ -->\n<title>Cat\u00e1logo general y folletos de productos columbus para descargar<\/title>\n<meta name=\"description\" content=\"Aqu\u00ed puede descargar el cat\u00e1logo general y folletos de m\u00e1quinas de limpieza e informarse sobre la amplia gama de equipos de limpieza.\" \/>\n<meta name=\"robots\" content=\"index, follow, max-snippet:-1, max-image-preview:large, max-video-preview:-1\" \/>\n<link rel=\"canonical\" href=\"https:\/\/www.columbus-clean.com\/es\/login\/downloads\/catalogos-completos\/\" \/>\n<meta property=\"og:locale\" content=\"es_ES\" \/>\n<meta property=\"og:type\" content=\"article\" \/>\n<meta property=\"og:title\" content=\"Cat\u00e1logo general y folletos de productos columbus para descargar\" \/>\n<meta property=\"og:description\" content=\"Aqu\u00ed puede descargar el cat\u00e1logo general y folletos de m\u00e1quinas de limpieza e informarse sobre la amplia gama de equipos de limpieza.\" \/>\n<meta property=\"og:url\" content=\"https:\/\/www.columbus-clean.com\/es\/login\/downloads\/catalogos-completos\/\" \/>\n<meta property=\"og:site_name\" content=\"columbus Reinigungsmaschinen\" \/>\n<meta property=\"article:modified_time\" content=\"2025-04-24T08:36:27+00:00\" \/>\n<meta name=\"twitter:card\" content=\"summary_large_image\" \/>\n<meta name=\"twitter:label1\" content=\"Tiempo de lectura\" \/>\n\t<meta name=\"twitter:data1\" content=\"1 minuto\" \/>\n<script type=\"application\/ld+json\" class=\"yoast-schema-graph\">{\"@context\":\"https:\\\/\\\/schema.org\",\"@graph\":[{\"@type\":\"WebPage\",\"@id\":\"https:\\\/\\\/www.columbus-clean.com\\\/es\\\/login\\\/downloads\\\/catalogos-completos\\\/\",\"url\":\"https:\\\/\\\/www.columbus-clean.com\\\/es\\\/login\\\/downloads\\\/catalogos-completos\\\/\",\"name\":\"Cat\u00e1logo general y folletos de productos columbus para descargar\",\"isPartOf\":{\"@id\":\"https:\\\/\\\/www.columbus-clean.com\\\/es\\\/#website\"},\"datePublished\":\"2021-07-01T10:05:26+00:00\",\"dateModified\":\"2025-04-24T08:36:27+00:00\",\"description\":\"Aqu\u00ed puede descargar el cat\u00e1logo general y folletos de m\u00e1quinas de limpieza e informarse sobre la amplia gama de equipos de limpieza.\",\"breadcrumb\":{\"@id\":\"https:\\\/\\\/www.columbus-clean.com\\\/es\\\/login\\\/downloads\\\/catalogos-completos\\\/#breadcrumb\"},\"inLanguage\":\"es\",\"potentialAction\":[{\"@type\":\"ReadAction\",\"target\":[\"https:\\\/\\\/www.columbus-clean.com\\\/es\\\/login\\\/downloads\\\/catalogos-completos\\\/\"]}]},{\"@type\":\"BreadcrumbList\",\"@id\":\"https:\\\/\\\/www.columbus-clean.com\\\/es\\\/login\\\/downloads\\\/catalogos-completos\\\/#breadcrumb\",\"itemListElement\":[{\"@type\":\"ListItem\",\"position\":1,\"name\":\"Startseite\",\"item\":\"https:\\\/\\\/www.columbus-clean.com\\\/es\\\/\"},{\"@type\":\"ListItem\",\"position\":2,\"name\":\"Login\",\"item\":\"https:\\\/\\\/www.columbus-clean.com\\\/es\\\/login\\\/\"},{\"@type\":\"ListItem\",\"position\":3,\"name\":\"Downloads\",\"item\":\"https:\\\/\\\/www.columbus-clean.com\\\/es\\\/login\\\/downloads\\\/\"},{\"@type\":\"ListItem\",\"position\":4,\"name\":\"Cat\u00e1logos completos\"}]},{\"@type\":\"WebSite\",\"@id\":\"https:\\\/\\\/www.columbus-clean.com\\\/es\\\/#website\",\"url\":\"https:\\\/\\\/www.columbus-clean.com\\\/es\\\/\",\"name\":\"columbus Reinigungsmaschinen\",\"description\":\"Reinigungsautomaten und Industriesauger\",\"potentialAction\":[{\"@type\":\"SearchAction\",\"target\":{\"@type\":\"EntryPoint\",\"urlTemplate\":\"https:\\\/\\\/www.columbus-clean.com\\\/es\\\/?s={search_term_string}\"},\"query-input\":{\"@type\":\"PropertyValueSpecification\",\"valueRequired\":true,\"valueName\":\"search_term_string\"}}],\"inLanguage\":\"es\"}]}<\/script>\n<!-- \/ Yoast SEO plugin. -->","yoast_head_json":{"title":"Cat\u00e1logo general y folletos de productos columbus para descargar","description":"Aqu\u00ed puede descargar el cat\u00e1logo general y folletos de m\u00e1quinas de limpieza e informarse sobre la amplia gama de equipos de limpieza.","robots":{"index":"index","follow":"follow","max-snippet":"max-snippet:-1","max-image-preview":"max-image-preview:large","max-video-preview":"max-video-preview:-1"},"canonical":"https:\/\/www.columbus-clean.com\/es\/login\/downloads\/catalogos-completos\/","og_locale":"es_ES","og_type":"article","og_title":"Cat\u00e1logo general y folletos de productos columbus para descargar","og_description":"Aqu\u00ed puede descargar el cat\u00e1logo general y folletos de m\u00e1quinas de limpieza e informarse sobre la amplia gama de equipos de limpieza.","og_url":"https:\/\/www.columbus-clean.com\/es\/login\/downloads\/catalogos-completos\/","og_site_name":"columbus Reinigungsmaschinen","article_modified_time":"2025-04-24T08:36:27+00:00","twitter_card":"summary_large_image","twitter_misc":{"Tiempo de lectura":"1 minuto"},"schema":{"@context":"https:\/\/schema.org","@graph":[{"@type":"WebPage","@id":"https:\/\/www.columbus-clean.com\/es\/login\/downloads\/catalogos-completos\/","url":"https:\/\/www.columbus-clean.com\/es\/login\/downloads\/catalogos-completos\/","name":"Cat\u00e1logo general y folletos de productos columbus para descargar","isPartOf":{"@id":"https:\/\/www.columbus-clean.com\/es\/#website"},"datePublished":"2021-07-01T10:05:26+00:00","dateModified":"2025-04-24T08:36:27+00:00","description":"Aqu\u00ed puede descargar el cat\u00e1logo general y folletos de m\u00e1quinas de limpieza e informarse sobre la amplia gama de equipos de limpieza.","breadcrumb":{"@id":"https:\/\/www.columbus-clean.com\/es\/login\/downloads\/catalogos-completos\/#breadcrumb"},"inLanguage":"es","potentialAction":[{"@type":"ReadAction","target":["https:\/\/www.columbus-clean.com\/es\/login\/downloads\/catalogos-completos\/"]}]},{"@type":"BreadcrumbList","@id":"https:\/\/www.columbus-clean.com\/es\/login\/downloads\/catalogos-completos\/#breadcrumb","itemListElement":[{"@type":"ListItem","position":1,"name":"Startseite","item":"https:\/\/www.columbus-clean.com\/es\/"},{"@type":"ListItem","position":2,"name":"Login","item":"https:\/\/www.columbus-clean.com\/es\/login\/"},{"@type":"ListItem","position":3,"name":"Downloads","item":"https:\/\/www.columbus-clean.com\/es\/login\/downloads\/"},{"@type":"ListItem","position":4,"name":"Cat\u00e1logos completos"}]},{"@type":"WebSite","@id":"https:\/\/www.columbus-clean.com\/es\/#website","url":"https:\/\/www.columbus-clean.com\/es\/","name":"columbus Reinigungsmaschinen","description":"Reinigungsautomaten und Industriesauger","potentialAction":[{"@type":"SearchAction","target":{"@type":"EntryPoint","urlTemplate":"https:\/\/www.columbus-clean.com\/es\/?s={search_term_string}"},"query-input":{"@type":"PropertyValueSpecification","valueRequired":true,"valueName":"search_term_string"}}],"inLanguage":"es"}]}},"_links":{"self":[{"href":"https:\/\/www.columbus-clean.com\/es\/wp-json\/wp\/v2\/pages\/24131","targetHints":{"allow":["GET"]}}],"collection":[{"href":"https:\/\/www.columbus-clean.com\/es\/wp-json\/wp\/v2\/pages"}],"about":[{"href":"https:\/\/www.columbus-clean.com\/es\/wp-json\/wp\/v2\/types\/page"}],"author":[{"embeddable":true,"href":"https:\/\/www.columbus-clean.com\/es\/wp-json\/wp\/v2\/users\/33"}],"replies":[{"embeddable":true,"href":"https:\/\/www.columbus-clean.com\/es\/wp-json\/wp\/v2\/comments?post=24131"}],"version-history":[{"count":0,"href":"https:\/\/www.columbus-clean.com\/es\/wp-json\/wp\/v2\/pages\/24131\/revisions"}],"up":[{"embeddable":true,"href":"https:\/\/www.columbus-clean.com\/es\/wp-json\/wp\/v2\/pages\/24112"}],"wp:attachment":[{"href":"https:\/\/www.columbus-clean.com\/es\/wp-json\/wp\/v2\/media?parent=24131"}],"curies":[{"name":"wp","href":"https:\/\/api.w.org\/{rel}","templated":true}]}}