{"id":24159,"date":"2021-06-24T14:14:45","date_gmt":"2021-06-24T12:14:45","guid":{"rendered":"https:\/\/www.columbus-clean.com\/?page_id=24159"},"modified":"2025-04-30T11:22:51","modified_gmt":"2025-04-30T09:22:51","slug":"limpieza-especial","status":"publish","type":"page","link":"https:\/\/www.columbus-clean.com\/es\/limpiadoras-de-escaleras\/","title":{"rendered":"Limpiadoras de escaleras"},"content":{"rendered":"<p><div class=\"fusion-fullwidth fullwidth-box fusion-builder-row-1 has-pattern-background has-mask-background fusion-parallax-none nonhundred-percent-fullwidth non-hundred-percent-height-scrolling fusion-equal-height-columns limited-width-heading head-lenght-long\" style=\"--awb-border-radius-top-left:0px;--awb-border-radius-top-right:0px;--awb-border-radius-bottom-right:0px;--awb-border-radius-bottom-left:0px;--awb-background-color:#e3e8ec;--awb-background-image:url(&quot;https:\/\/www.columbus-clean.com\/wp-content\/uploads\/2022\/11\/Header-step-travel-es.jpg&quot;);--awb-background-size:cover;--awb-flex-wrap:wrap;\" id=\"opener\" ><div class=\"fusion-builder-row fusion-row\"><div class=\"fusion-layout-column fusion_builder_column fusion-builder-column-0 fusion_builder_column_1_1 1_1 fusion-one-full fusion-column-first fusion-column-last fusion-column-inner-bg-wrapper\" style=\"--awb-inner-bg-position:center top;--awb-inner-bg-size:cover;\"><span class=\"fusion-column-inner-bg hover-type-zoomin\"><span class=\"fusion-column-anchor\"><span class=\"fusion-column-inner-bg-image\"><\/span><\/span><\/span><div class=\"fusion-column-wrapper fusion-flex-column-wrapper-legacy\"><div class=\"fusion-column-content-centered\"><div class=\"fusion-column-content\"><div class=\"fusion-title title fusion-title-1 fusion-sep-none fusion-title-text fusion-title-size-one\" style=\"--awb-margin-top-small:0px;--awb-margin-right-small:0px;--awb-margin-bottom-small:20px;--awb-margin-left-small:0px;\"><h1 class=\"fusion-title-heading title-heading-left\" style=\"margin:0;\">Limpieza de escaleras y pasillos<\/h1><\/div><div class=\"fusion-sep-clear\"><\/div><div class=\"fusion-separator fusion-full-width-sep\" style=\"margin-left: auto;margin-right: auto;margin-bottom:10px;width:100%;\"><\/div><div class=\"fusion-sep-clear\"><\/div><div class=\"fusion-title title fusion-title-2 fusion-sep-none fusion-title-text fusion-title-size-two\" style=\"--awb-margin-top-small:0px;--awb-margin-right-small:0px;--awb-margin-bottom-small:20px;--awb-margin-left-small:0px;\"><h2 class=\"fusion-title-heading title-heading-left\" style=\"margin:0;\">step 110 | travel 600<\/h2><\/div><\/div><\/div><div class=\"fusion-clearfix\"><\/div><\/div><\/div><\/div><\/div><div class=\"fusion-fullwidth fullwidth-box fusion-builder-row-2 nonhundred-percent-fullwidth non-hundred-percent-height-scrolling product-comparison\" style=\"--awb-border-radius-top-left:0px;--awb-border-radius-top-right:0px;--awb-border-radius-bottom-right:0px;--awb-border-radius-bottom-left:0px;--awb-flex-wrap:wrap;\" ><div class=\"fusion-builder-row fusion-row\"><div class=\"fusion-layout-column fusion_builder_column fusion-builder-column-1 fusion_builder_column_1_1 1_1 fusion-one-full fusion-column-first fusion-column-last\" style=\"--awb-bg-size:cover;\"><div class=\"fusion-column-wrapper fusion-flex-column-wrapper-legacy\"><div class=\"fusion-title title fusion-title-3 fusion-sep-none fusion-title-text fusion-title-size-three\" style=\"--awb-margin-top-small:0px;--awb-margin-right-small:0px;--awb-margin-bottom-small:20px;--awb-margin-left-small:0px;\"><h3 class=\"fusion-title-heading title-heading-left\" style=\"margin:0;\">Limpieza de escaleras mec\u00e1nicas y pasillos m\u00f3viles<\/h3><\/div><div class=\"fusion-clearfix\"><\/div><\/div><\/div><div class=\"fusion-layout-column fusion_builder_column fusion-builder-column-2 fusion_builder_column_1_1 1_1 fusion-one-full fusion-column-first fusion-column-last\" style=\"--awb-bg-size:cover;\"><div class=\"fusion-column-wrapper fusion-flex-column-wrapper-legacy\"><style type=\"text\/css\">.fusion-portfolio-wrapper#fusion-portfolio-1 .fusion-portfolio-content{  text-align: left; }<\/style><div class=\"fusion-recent-works fusion-portfolio-element fusion-portfolio fusion-portfolio-1 fusion-portfolio-grid fusion-portfolio-paging-pagination fusion-portfolio-four fusion-portfolio-unboxed fusion-portfolio-text\" data-id=\"-rw-1\" data-columns=\"four\"><style type=\"text\/css\">.fusion-portfolio-1 .fusion-portfolio-wrapper .fusion-col-spacing{padding:10px;}<\/style><div class=\"fusion-portfolio-wrapper\" id=\"fusion-portfolio-1\" data-picturesize=\"auto\" data-pages=\"0\" style=\"margin:-10px;\"><article id=\"portfolio-1-post-22843\" class=\"fusion-portfolio-post maquinas-de-limpieza-de-escaleras-mecanicas-y-pasillos-moviles fusion-col-spacing post-22843\"><div class=\"fusion-portfolio-content-wrapper\" style=\"border:none;\"><span class=\"vcard rich-snippet-hidden\"><span class=\"fn\"><a href=\"https:\/\/www.columbus-clean.com\/es\/author\/natascha-burger\/\" title=\"Entradas de natascha.burger\" rel=\"author\">natascha.burger<\/a><\/span><\/span><span class=\"updated rich-snippet-hidden\">2025-07-08T10:16:54+02:00<\/span><div  class=\"fusion-image-wrapper\" aria-haspopup=\"true\">\n\t\t\t\t\t\t\t<a href=\"https:\/\/www.columbus-clean.com\/es\/producto\/travel-600\/\" aria-label=\"travel 600\">\n\t\t\t\t\t\t\t<img decoding=\"async\" width=\"400\" height=\"400\" src=\"https:\/\/www.columbus-clean.com\/wp-content\/uploads\/2021\/05\/travel600-vb-01-limpiadora-automatica-de-escaleras-400x400-1.png\" class=\"attachment-full size-full wp-post-image\" alt=\"travel600 limpiadora automatica de escaleras\" srcset=\"https:\/\/www.columbus-clean.com\/wp-content\/uploads\/2021\/05\/travel600-vb-01-limpiadora-automatica-de-escaleras-400x400-1-200x200.png 200w, https:\/\/www.columbus-clean.com\/wp-content\/uploads\/2021\/05\/travel600-vb-01-limpiadora-automatica-de-escaleras-400x400-1.png 400w\" sizes=\"(min-width: 2200px) 100vw, (min-width: 870px) 305px, (min-width: 793px) 407px, (min-width: 717px) 610px, (min-width: 640px) 717px, \" \/>\t\t\t<\/a>\n\t\t\t\t\t\t\t<\/div>\n<div class=\"fusion-portfolio-content\"><h2 class=\"entry-title fusion-post-title\"><a href=\"https:\/\/www.columbus-clean.com\/es\/producto\/travel-600\/\">travel 600<\/a><\/h2><div class=\"fusion-post-content\"><p><\/p><div class=\"product-detail\">\r\n<ul class=\"product-table\">\r\n<li>Volumen de agua fresca<strong>15 l<\/strong><\/li>\r\n<li>Volumen de agua sucia<strong>15 l<\/strong><\/li>\r\n<\/ul>\r\n<\/div>\r\n<div class=\"product-table-additional\">\r\n<h5 class=\"title-heading-left\">Datos b\u00e1sicos<\/h5>\r\n<ul class=\"product-table\">\r\n<li>L x Al x An<strong>1195 x 536 x 930 mm<\/strong><\/li>\r\n<li>Ancho de trabajo<strong>2 x220 mm<\/strong><\/li>\r\n<li>Nivel sonoro<strong>78+\/- 2 dB(A)<\/strong><\/li>\r\n<li>Peso en vac\u00edo<strong>126 kg<\/strong><\/li>\r\n<\/ul>\r\n<h5 class=\"title-heading-left\">Bater\u00edas \/ datos el\u00e9ctricos<\/h5>\r\n<ul class=\"product-table\">\r\n<li>Tipo de corriente \/ Frecuencia<strong>55 Hz<\/strong><\/li>\r\n<li>Tensi\u00f3n nom.<strong>230 V<\/strong><\/li>\r\n<li>Potencia m\u00e1x.<strong>3000 W<\/strong><\/li>\r\n<\/ul>\r\n<h5 class=\"title-heading-left\">Motores<\/h5>\r\n<ul class=\"product-table\">\r\n<li>Depresi\u00f3n, m\u00e1x.<strong>300 mbar<\/strong><\/li>\r\n<li>Volumen de aire, m\u00e1x.<strong>162 m\u00b2\/h<\/strong><\/li>\r\n<\/ul>\r\n<h5 class=\"title-heading-left\">Cepillos<\/h5>\r\n<ul class=\"product-table\">\r\n<li>Cantidad<strong>4<\/strong><\/li>\r\n<li>Cepillos cil\u00edndricos de aspiraci\u00f3n<strong>2<\/strong><\/li>\r\n<\/ul>\r\n<h5 class=\"title-heading-left\">Escalones<\/h5>\r\n<ul class=\"product-table\">\r\n<li>Altura del escal\u00f3n, min.<strong>-<\/strong><\/li>\r\n<li>Altura del escal\u00f3n, max.<strong>-<\/strong><\/li>\r\n<\/ul>\r\n<\/div><\/div><\/div><\/div><\/article><article id=\"portfolio-1-post-22856\" class=\"fusion-portfolio-post maquinas-de-limpieza-de-escaleras-mecanicas-y-pasillos-moviles fusion-col-spacing post-22856\"><div class=\"fusion-portfolio-content-wrapper\" style=\"border:none;\"><span class=\"vcard rich-snippet-hidden\"><span class=\"fn\"><a href=\"https:\/\/www.columbus-clean.com\/es\/author\/natascha-burger\/\" title=\"Entradas de natascha.burger\" rel=\"author\">natascha.burger<\/a><\/span><\/span><span class=\"updated rich-snippet-hidden\">2025-07-08T10:17:44+02:00<\/span><div  class=\"fusion-image-wrapper\" aria-haspopup=\"true\">\n\t\t\t\t\t\t\t<a href=\"https:\/\/www.columbus-clean.com\/es\/producto\/step-110\/\" aria-label=\"step 110\">\n\t\t\t\t\t\t\t<img decoding=\"async\" width=\"400\" height=\"400\" src=\"https:\/\/www.columbus-clean.com\/wp-content\/uploads\/2021\/05\/step110-vb-01-limpiadora-automatica-de-escaleras-mecanicas-400x400-1.png\" class=\"attachment-full size-full wp-post-image\" alt=\"step110 limpiadora automatica de escaleras mecanicas\" srcset=\"https:\/\/www.columbus-clean.com\/wp-content\/uploads\/2021\/05\/step110-vb-01-limpiadora-automatica-de-escaleras-mecanicas-400x400-1-200x200.png 200w, https:\/\/www.columbus-clean.com\/wp-content\/uploads\/2021\/05\/step110-vb-01-limpiadora-automatica-de-escaleras-mecanicas-400x400-1.png 400w\" sizes=\"(min-width: 2200px) 100vw, (min-width: 870px) 305px, (min-width: 793px) 407px, (min-width: 717px) 610px, (min-width: 640px) 717px, \" \/>\t\t\t<\/a>\n\t\t\t\t\t\t\t<\/div>\n<div class=\"fusion-portfolio-content\"><h2 class=\"entry-title fusion-post-title\"><a href=\"https:\/\/www.columbus-clean.com\/es\/producto\/step-110\/\">step 110<\/a><\/h2><div class=\"fusion-post-content\"><p><\/p><div class=\"product-detail\">\r\n<ul class=\"product-table\">\r\n<li>Volumen de agua fresca<strong>20 l<\/strong><\/li>\r\n<li>Volumen de agua sucia<strong>20 l<\/strong><\/li>\r\n<\/ul>\r\n<\/div>\r\n<div class=\"product-table-additional\">\r\n<h5 class=\"title-heading-left\">Datos b\u00e1sicos<\/h5>\r\n<ul class=\"product-table\">\r\n<li>L x Al x An<strong>1094 x 540 x 1001 mm<\/strong><\/li>\r\n<li>Ancho de trabajo<strong>520 mm<\/strong><\/li>\r\n<li>Nivel sonoro<strong>78+\/- 2dB(A)<\/strong><\/li>\r\n<li>Peso en vac\u00edo<strong>164 kg<\/strong><\/li>\r\n<\/ul>\r\n<h5 class=\"title-heading-left\">Bater\u00edas \/ datos el\u00e9ctricos<\/h5>\r\n<ul class=\"product-table\">\r\n<li>Tipo de corriente \/ Frecuencia<strong>50 Hz<\/strong><\/li>\r\n<li>Tensi\u00f3n nom.<strong>230 V<\/strong><\/li>\r\n<li>Potencia m\u00e1x.<strong>2650 W<\/strong><\/li>\r\n<\/ul>\r\n<h5 class=\"title-heading-left\">Motores<\/h5>\r\n<ul class=\"product-table\">\r\n<li>Depresi\u00f3n, m\u00e1x.<strong>300 mbar<\/strong><\/li>\r\n<li>Volumen de aire, m\u00e1x.<strong>162 m\u00b2\/h<\/strong><\/li>\r\n<\/ul>\r\n<h5 class=\"title-heading-left\">Cepillos<\/h5>\r\n<ul class=\"product-table\">\r\n<li>Cantidad<strong>18+1<\/strong><\/li>\r\n<li>Cepillos cil\u00edndricos de aspiraci\u00f3n<strong>2<\/strong><\/li>\r\n<\/ul>\r\n<h5 class=\"title-heading-left\">Escalones<\/h5>\r\n<ul class=\"product-table\">\r\n<li>Altura del escal\u00f3n, m\u00edn.<strong>185 mm<\/strong><\/li>\r\n<li>Altura del escal\u00f3n, max.<strong>235 mm<\/strong><\/li>\r\n<\/ul>\r\n<\/div><\/div><\/div><\/div><\/article><\/div><\/div><div class=\"fusion-clearfix\"><\/div><\/div><\/div><\/div><\/div><\/p>\n","protected":false},"excerpt":{"rendered":"","protected":false},"author":33,"featured_media":32413,"parent":0,"menu_order":0,"comment_status":"closed","ping_status":"closed","template":"100-width.php","meta":{"footnotes":""},"class_list":["post-24159","page","type-page","status-publish","has-post-thumbnail","hentry"],"yoast_head":"<!-- This site is optimized with the Yoast SEO plugin v27.3 - https:\/\/yoast.com\/product\/yoast-seo-wordpress\/ -->\n<title>Limpieza profesional de escaleras mec\u00e1nicas y pasillos m\u00f3viles<\/title>\n<meta name=\"description\" content=\"Con el dispositivo de limpieza de pasillos rodantes o escaleras mec\u00e1nicas hacemos posible una limpieza eficaz del pasillo rodante.\" \/>\n<meta name=\"robots\" content=\"index, follow, max-snippet:-1, max-image-preview:large, max-video-preview:-1\" \/>\n<link rel=\"canonical\" href=\"https:\/\/www.columbus-clean.com\/es\/limpiadoras-de-escaleras\/\" \/>\n<meta property=\"og:locale\" content=\"es_ES\" \/>\n<meta property=\"og:type\" content=\"article\" \/>\n<meta property=\"og:title\" content=\"Limpieza profesional de escaleras mec\u00e1nicas y pasillos m\u00f3viles\" \/>\n<meta property=\"og:description\" content=\"Con el dispositivo de limpieza de pasillos rodantes o escaleras mec\u00e1nicas hacemos posible una limpieza eficaz del pasillo rodante.\" \/>\n<meta property=\"og:url\" content=\"https:\/\/www.columbus-clean.com\/es\/limpiadoras-de-escaleras\/\" \/>\n<meta property=\"og:site_name\" content=\"columbus Reinigungsmaschinen\" \/>\n<meta property=\"article:modified_time\" content=\"2025-04-30T09:22:51+00:00\" \/>\n<meta property=\"og:image\" content=\"https:\/\/www.columbus-clean.com\/wp-content\/uploads\/2019\/02\/rolltreppen-fahrsteig-reinigung-ab-01-columbus-reinigungsmaschinen.jpg\" \/>\n\t<meta property=\"og:image:width\" content=\"1920\" \/>\n\t<meta property=\"og:image:height\" content=\"550\" \/>\n\t<meta property=\"og:image:type\" content=\"image\/jpeg\" \/>\n<meta name=\"twitter:card\" content=\"summary_large_image\" \/>\n<meta name=\"twitter:label1\" content=\"Tiempo de lectura\" \/>\n\t<meta name=\"twitter:data1\" content=\"2 minutos\" \/>\n<script type=\"application\/ld+json\" class=\"yoast-schema-graph\">{\"@context\":\"https:\\\/\\\/schema.org\",\"@graph\":[{\"@type\":\"WebPage\",\"@id\":\"https:\\\/\\\/www.columbus-clean.com\\\/es\\\/limpiadoras-de-escaleras\\\/\",\"url\":\"https:\\\/\\\/www.columbus-clean.com\\\/es\\\/limpiadoras-de-escaleras\\\/\",\"name\":\"Limpieza profesional de escaleras mec\u00e1nicas y pasillos m\u00f3viles\",\"isPartOf\":{\"@id\":\"https:\\\/\\\/www.columbus-clean.com\\\/es\\\/#website\"},\"primaryImageOfPage\":{\"@id\":\"https:\\\/\\\/www.columbus-clean.com\\\/es\\\/limpiadoras-de-escaleras\\\/#primaryimage\"},\"image\":{\"@id\":\"https:\\\/\\\/www.columbus-clean.com\\\/es\\\/limpiadoras-de-escaleras\\\/#primaryimage\"},\"thumbnailUrl\":\"https:\\\/\\\/www.columbus-clean.com\\\/wp-content\\\/uploads\\\/2019\\\/02\\\/rolltreppen-fahrsteig-reinigung-ab-01-columbus-reinigungsmaschinen.jpg\",\"datePublished\":\"2021-06-24T12:14:45+00:00\",\"dateModified\":\"2025-04-30T09:22:51+00:00\",\"description\":\"Con el dispositivo de limpieza de pasillos rodantes o escaleras mec\u00e1nicas hacemos posible una limpieza eficaz del pasillo rodante.\",\"breadcrumb\":{\"@id\":\"https:\\\/\\\/www.columbus-clean.com\\\/es\\\/limpiadoras-de-escaleras\\\/#breadcrumb\"},\"inLanguage\":\"es\",\"potentialAction\":[{\"@type\":\"ReadAction\",\"target\":[\"https:\\\/\\\/www.columbus-clean.com\\\/es\\\/limpiadoras-de-escaleras\\\/\"]}]},{\"@type\":\"ImageObject\",\"inLanguage\":\"es\",\"@id\":\"https:\\\/\\\/www.columbus-clean.com\\\/es\\\/limpiadoras-de-escaleras\\\/#primaryimage\",\"url\":\"https:\\\/\\\/www.columbus-clean.com\\\/wp-content\\\/uploads\\\/2019\\\/02\\\/rolltreppen-fahrsteig-reinigung-ab-01-columbus-reinigungsmaschinen.jpg\",\"contentUrl\":\"https:\\\/\\\/www.columbus-clean.com\\\/wp-content\\\/uploads\\\/2019\\\/02\\\/rolltreppen-fahrsteig-reinigung-ab-01-columbus-reinigungsmaschinen.jpg\",\"width\":1920,\"height\":550},{\"@type\":\"BreadcrumbList\",\"@id\":\"https:\\\/\\\/www.columbus-clean.com\\\/es\\\/limpiadoras-de-escaleras\\\/#breadcrumb\",\"itemListElement\":[{\"@type\":\"ListItem\",\"position\":1,\"name\":\"Startseite\",\"item\":\"https:\\\/\\\/www.columbus-clean.com\\\/es\\\/\"},{\"@type\":\"ListItem\",\"position\":2,\"name\":\"Limpiadoras de escaleras\"}]},{\"@type\":\"WebSite\",\"@id\":\"https:\\\/\\\/www.columbus-clean.com\\\/es\\\/#website\",\"url\":\"https:\\\/\\\/www.columbus-clean.com\\\/es\\\/\",\"name\":\"columbus Reinigungsmaschinen\",\"description\":\"Reinigungsautomaten und Industriesauger\",\"potentialAction\":[{\"@type\":\"SearchAction\",\"target\":{\"@type\":\"EntryPoint\",\"urlTemplate\":\"https:\\\/\\\/www.columbus-clean.com\\\/es\\\/?s={search_term_string}\"},\"query-input\":{\"@type\":\"PropertyValueSpecification\",\"valueRequired\":true,\"valueName\":\"search_term_string\"}}],\"inLanguage\":\"es\"}]}<\/script>\n<!-- \/ Yoast SEO plugin. -->","yoast_head_json":{"title":"Limpieza profesional de escaleras mec\u00e1nicas y pasillos m\u00f3viles","description":"Con el dispositivo de limpieza de pasillos rodantes o escaleras mec\u00e1nicas hacemos posible una limpieza eficaz del pasillo rodante.","robots":{"index":"index","follow":"follow","max-snippet":"max-snippet:-1","max-image-preview":"max-image-preview:large","max-video-preview":"max-video-preview:-1"},"canonical":"https:\/\/www.columbus-clean.com\/es\/limpiadoras-de-escaleras\/","og_locale":"es_ES","og_type":"article","og_title":"Limpieza profesional de escaleras mec\u00e1nicas y pasillos m\u00f3viles","og_description":"Con el dispositivo de limpieza de pasillos rodantes o escaleras mec\u00e1nicas hacemos posible una limpieza eficaz del pasillo rodante.","og_url":"https:\/\/www.columbus-clean.com\/es\/limpiadoras-de-escaleras\/","og_site_name":"columbus Reinigungsmaschinen","article_modified_time":"2025-04-30T09:22:51+00:00","og_image":[{"width":1920,"height":550,"url":"https:\/\/www.columbus-clean.com\/wp-content\/uploads\/2019\/02\/rolltreppen-fahrsteig-reinigung-ab-01-columbus-reinigungsmaschinen.jpg","type":"image\/jpeg"}],"twitter_card":"summary_large_image","twitter_misc":{"Tiempo de lectura":"2 minutos"},"schema":{"@context":"https:\/\/schema.org","@graph":[{"@type":"WebPage","@id":"https:\/\/www.columbus-clean.com\/es\/limpiadoras-de-escaleras\/","url":"https:\/\/www.columbus-clean.com\/es\/limpiadoras-de-escaleras\/","name":"Limpieza profesional de escaleras mec\u00e1nicas y pasillos m\u00f3viles","isPartOf":{"@id":"https:\/\/www.columbus-clean.com\/es\/#website"},"primaryImageOfPage":{"@id":"https:\/\/www.columbus-clean.com\/es\/limpiadoras-de-escaleras\/#primaryimage"},"image":{"@id":"https:\/\/www.columbus-clean.com\/es\/limpiadoras-de-escaleras\/#primaryimage"},"thumbnailUrl":"https:\/\/www.columbus-clean.com\/wp-content\/uploads\/2019\/02\/rolltreppen-fahrsteig-reinigung-ab-01-columbus-reinigungsmaschinen.jpg","datePublished":"2021-06-24T12:14:45+00:00","dateModified":"2025-04-30T09:22:51+00:00","description":"Con el dispositivo de limpieza de pasillos rodantes o escaleras mec\u00e1nicas hacemos posible una limpieza eficaz del pasillo rodante.","breadcrumb":{"@id":"https:\/\/www.columbus-clean.com\/es\/limpiadoras-de-escaleras\/#breadcrumb"},"inLanguage":"es","potentialAction":[{"@type":"ReadAction","target":["https:\/\/www.columbus-clean.com\/es\/limpiadoras-de-escaleras\/"]}]},{"@type":"ImageObject","inLanguage":"es","@id":"https:\/\/www.columbus-clean.com\/es\/limpiadoras-de-escaleras\/#primaryimage","url":"https:\/\/www.columbus-clean.com\/wp-content\/uploads\/2019\/02\/rolltreppen-fahrsteig-reinigung-ab-01-columbus-reinigungsmaschinen.jpg","contentUrl":"https:\/\/www.columbus-clean.com\/wp-content\/uploads\/2019\/02\/rolltreppen-fahrsteig-reinigung-ab-01-columbus-reinigungsmaschinen.jpg","width":1920,"height":550},{"@type":"BreadcrumbList","@id":"https:\/\/www.columbus-clean.com\/es\/limpiadoras-de-escaleras\/#breadcrumb","itemListElement":[{"@type":"ListItem","position":1,"name":"Startseite","item":"https:\/\/www.columbus-clean.com\/es\/"},{"@type":"ListItem","position":2,"name":"Limpiadoras de escaleras"}]},{"@type":"WebSite","@id":"https:\/\/www.columbus-clean.com\/es\/#website","url":"https:\/\/www.columbus-clean.com\/es\/","name":"columbus Reinigungsmaschinen","description":"Reinigungsautomaten und Industriesauger","potentialAction":[{"@type":"SearchAction","target":{"@type":"EntryPoint","urlTemplate":"https:\/\/www.columbus-clean.com\/es\/?s={search_term_string}"},"query-input":{"@type":"PropertyValueSpecification","valueRequired":true,"valueName":"search_term_string"}}],"inLanguage":"es"}]}},"_links":{"self":[{"href":"https:\/\/www.columbus-clean.com\/es\/wp-json\/wp\/v2\/pages\/24159","targetHints":{"allow":["GET"]}}],"collection":[{"href":"https:\/\/www.columbus-clean.com\/es\/wp-json\/wp\/v2\/pages"}],"about":[{"href":"https:\/\/www.columbus-clean.com\/es\/wp-json\/wp\/v2\/types\/page"}],"author":[{"embeddable":true,"href":"https:\/\/www.columbus-clean.com\/es\/wp-json\/wp\/v2\/users\/33"}],"replies":[{"embeddable":true,"href":"https:\/\/www.columbus-clean.com\/es\/wp-json\/wp\/v2\/comments?post=24159"}],"version-history":[{"count":0,"href":"https:\/\/www.columbus-clean.com\/es\/wp-json\/wp\/v2\/pages\/24159\/revisions"}],"wp:featuredmedia":[{"embeddable":true,"href":"https:\/\/www.columbus-clean.com\/es\/wp-json\/wp\/v2\/media\/32413"}],"wp:attachment":[{"href":"https:\/\/www.columbus-clean.com\/es\/wp-json\/wp\/v2\/media?parent=24159"}],"curies":[{"name":"wp","href":"https:\/\/api.w.org\/{rel}","templated":true}]}}