{"id":24161,"date":"2021-06-24T14:19:00","date_gmt":"2021-06-24T12:19:00","guid":{"rendered":"https:\/\/www.columbus-clean.com\/?page_id=24161"},"modified":"2025-05-13T10:42:20","modified_gmt":"2025-05-13T08:42:20","slug":"maquinas-de-extraccion-por-aspersion","status":"publish","type":"page","link":"https:\/\/www.columbus-clean.com\/es\/maquinas-de-extraccion-por-aspersion\/","title":{"rendered":"M\u00e1quinas de limpieza de alfombras y tapicer\u00eda"},"content":{"rendered":"<p><div class=\"fusion-fullwidth fullwidth-box fusion-builder-row-1 has-pattern-background has-mask-background fusion-parallax-none nonhundred-percent-fullwidth non-hundred-percent-height-scrolling fusion-equal-height-columns limited-width-heading head-lenght-short\" style=\"--awb-border-radius-top-left:0px;--awb-border-radius-top-right:0px;--awb-border-radius-bottom-right:0px;--awb-border-radius-bottom-left:0px;--awb-background-color:#e3e8ec;--awb-background-image:url(&quot;https:\/\/www.columbus-clean.com\/wp-content\/uploads\/2022\/12\/Header-equipos-extraccion-es.jpg&quot;);--awb-background-size:cover;--awb-flex-wrap:wrap;\" id=\"opener\" ><div class=\"fusion-builder-row fusion-row\"><div class=\"fusion-layout-column fusion_builder_column fusion-builder-column-0 fusion_builder_column_1_1 1_1 fusion-one-full fusion-column-first fusion-column-last fusion-column-inner-bg-wrapper\" style=\"--awb-inner-bg-position:center top;--awb-inner-bg-size:cover;\"><span class=\"fusion-column-inner-bg hover-type-zoomin\"><span class=\"fusion-column-anchor\"><span class=\"fusion-column-inner-bg-image\"><\/span><\/span><\/span><div class=\"fusion-column-wrapper fusion-flex-column-wrapper-legacy\"><div class=\"fusion-column-content-centered\"><div class=\"fusion-column-content\"><div class=\"fusion-title title fusion-title-1 fusion-sep-none fusion-title-text fusion-title-size-one\" style=\"--awb-margin-top-small:0px;--awb-margin-right-small:0px;--awb-margin-bottom-small:20px;--awb-margin-left-small:0px;\"><h1 class=\"fusion-title-heading title-heading-left\" style=\"margin:0;\">Equipos de extracci\u00f3n<\/h1><\/div><div class=\"fusion-sep-clear\"><\/div><div class=\"fusion-separator fusion-full-width-sep\" style=\"margin-left: auto;margin-right: auto;margin-bottom:10px;width:100%;\"><\/div><div class=\"fusion-sep-clear\"><\/div><div class=\"fusion-title title fusion-title-2 fusion-sep-none fusion-title-text fusion-title-size-two\" style=\"--awb-margin-top-small:0px;--awb-margin-right-small:0px;--awb-margin-bottom-small:20px;--awb-margin-left-small:0px;\"><h2 class=\"fusion-title-heading title-heading-left\" style=\"margin:0;\">Limpieza de alfombras y tapicer\u00eda<\/h2><\/div><\/div><\/div><div class=\"fusion-clearfix\"><\/div><\/div><\/div><\/div><\/div><div class=\"fusion-fullwidth fullwidth-box fusion-builder-row-2 nonhundred-percent-fullwidth non-hundred-percent-height-scrolling product-comparison\" style=\"--awb-border-radius-top-left:0px;--awb-border-radius-top-right:0px;--awb-border-radius-bottom-right:0px;--awb-border-radius-bottom-left:0px;--awb-flex-wrap:wrap;\" ><div class=\"fusion-builder-row fusion-row\"><div class=\"fusion-layout-column fusion_builder_column fusion-builder-column-1 fusion_builder_column_1_1 1_1 fusion-one-full fusion-column-first fusion-column-last\" style=\"--awb-bg-size:cover;\"><div class=\"fusion-column-wrapper fusion-flex-column-wrapper-legacy\"><div class=\"fusion-title title fusion-title-3 fusion-sep-none fusion-title-text fusion-title-size-three\" style=\"--awb-margin-top-small:0px;--awb-margin-right-small:0px;--awb-margin-bottom-small:20px;--awb-margin-left-small:0px;\"><h3 class=\"fusion-title-heading title-heading-left\" style=\"margin:0;\">Limpieza de alfombras y tapicer\u00eda<\/h3><\/div><div class=\"fusion-clearfix\"><\/div><\/div><\/div><div class=\"fusion-layout-column fusion_builder_column fusion-builder-column-2 fusion_builder_column_1_1 1_1 fusion-one-full fusion-column-first fusion-column-last\" style=\"--awb-bg-size:cover;\"><div class=\"fusion-column-wrapper fusion-flex-column-wrapper-legacy\"><style type=\"text\/css\">.fusion-portfolio-wrapper#fusion-portfolio-1 .fusion-portfolio-content{  text-align: left; }<\/style><div class=\"fusion-recent-works fusion-portfolio-element fusion-portfolio fusion-portfolio-1 fusion-portfolio-grid fusion-portfolio-paging-pagination fusion-portfolio-four fusion-portfolio-unboxed fusion-portfolio-text\" data-id=\"-rw-1\" data-columns=\"four\"><style type=\"text\/css\">.fusion-portfolio-1 .fusion-portfolio-wrapper .fusion-col-spacing{padding:10px;}<\/style><div class=\"fusion-portfolio-wrapper\" id=\"fusion-portfolio-1\" data-picturesize=\"auto\" data-pages=\"0\" style=\"margin:-10px;\"><article id=\"portfolio-1-post-22731\" class=\"fusion-portfolio-post maquinas-de-limpieza-de-alfombras-y-tapiceria fusion-col-spacing post-22731\"><div class=\"fusion-portfolio-content-wrapper\" style=\"border:none;\"><span class=\"vcard rich-snippet-hidden\"><span class=\"fn\"><a href=\"https:\/\/www.columbus-clean.com\/es\/author\/natascha-burger\/\" title=\"Entradas de natascha.burger\" rel=\"author\">natascha.burger<\/a><\/span><\/span><span class=\"updated rich-snippet-hidden\">2025-07-08T11:25:36+02:00<\/span><div  class=\"fusion-image-wrapper\" aria-haspopup=\"true\">\n\t\t\t\t\t\t\t<a href=\"https:\/\/www.columbus-clean.com\/es\/producto\/sx-44\/\" aria-label=\"SX 44\">\n\t\t\t\t\t\t\t<img decoding=\"async\" width=\"400\" height=\"400\" src=\"https:\/\/www.columbus-clean.com\/wp-content\/uploads\/2021\/05\/SX44-vb-01-moqueta-pulverizadora-extraccion-champoo-vacio-400x400-1.png\" class=\"attachment-full size-full wp-post-image\" alt=\"SX44 Moqueta pulverizadora extracci\u00f3n champoo vacio\" srcset=\"https:\/\/www.columbus-clean.com\/wp-content\/uploads\/2021\/05\/SX44-vb-01-moqueta-pulverizadora-extraccion-champoo-vacio-400x400-1-200x200.png 200w, https:\/\/www.columbus-clean.com\/wp-content\/uploads\/2021\/05\/SX44-vb-01-moqueta-pulverizadora-extraccion-champoo-vacio-400x400-1.png 400w\" sizes=\"(min-width: 2200px) 100vw, (min-width: 870px) 305px, (min-width: 793px) 407px, (min-width: 717px) 610px, (min-width: 640px) 717px, \" \/>\t\t\t<\/a>\n\t\t\t\t\t\t\t<\/div>\n<div class=\"fusion-portfolio-content\"><h2 class=\"entry-title fusion-post-title\"><a href=\"https:\/\/www.columbus-clean.com\/es\/producto\/sx-44\/\">SX 44<\/a><\/h2><div class=\"fusion-post-content\"><p><\/p><div class=\"product-detail\">\r\n<ul class=\"product-table\">\r\n<li>Ancho de trabajo<strong>270 mm<\/strong><\/li>\r\n<li>Volumen de pulverizaci\u00f3n<strong>1,5 l\/min<\/strong><\/li>\r\n<li>Presi\u00f3n de pulverizaci\u00f3n<strong>4 bar<\/strong><\/li>\r\n<li>Volumen de agua fresca<strong>14 l<\/strong><\/li>\r\n<\/ul>\r\n<\/div>\r\n<div class=\"product-table-additional\">\r\n<h5 class=\"title-heading-left\">Datos b\u00e1sicos<\/h5>\r\n<ul class=\"product-table\">\r\n<li>L x Al x An<strong>300 x 420 x 530 mm<\/strong><\/li>\r\n<li>Ancho de trabajo<strong>270 mm<\/strong><\/li>\r\n<li>Ancho de succi\u00f3n<strong>-<\/strong><\/li>\r\n<li>Volumen de pulverizaci\u00f3n<strong>1,5 l\/min mm<\/strong><\/li>\r\n<li>Presi\u00f3n de pulverizaci\u00f3n<strong>4 bar<\/strong><\/li>\r\n<li>Peso<strong>12 kg<\/strong><\/li>\r\n<\/ul>\r\n<h5 class=\"title-heading-left\">Datos el\u00e9ctricos<\/h5>\r\n<ul class=\"product-table\">\r\n<li>Tensi\u00f3n nom.<strong>-<\/strong><\/li>\r\n<li>Potencia m\u00e1x.<strong>1570 W<\/strong><\/li>\r\n<li>Cable de alimentaci\u00f3n<strong>10 m<\/strong><\/li>\r\n<\/ul>\r\n<h5 class=\"title-heading-left\">Dep\u00f3sitos<\/h5>\r\n<ul class=\"product-table\">\r\n<li>Volumen de agua fresca<strong>14 l<\/strong><\/li>\r\n<li>Volumen de agua sucia<strong>14 l<\/strong><\/li>\r\n<\/ul>\r\n<h5 class=\"title-heading-left\">Motor de aspiraci\u00f3n<\/h5>\r\n<ul class=\"product-table\">\r\n<li>Depresi\u00f3n, m\u00e1x.<strong>295 mbar<\/strong><\/li>\r\n<li>Volumen de aire, m\u00e1x.<strong>45 l\/s<\/strong><\/li>\r\n<\/ul>\r\n<h5 class=\"title-heading-left\">Accesorios<\/h5>\r\n<ul class=\"product-table\">\r\n<li>Adaptador de suelo<strong>Pl\u00e1stico de alta calidad<\/strong><\/li>\r\n<li>Manguera de succi\u00f3n<strong>2,5 m<\/strong><\/li>\r\n<\/ul>\r\n<\/div><\/div><\/div><\/div><\/article><article id=\"portfolio-1-post-22747\" class=\"fusion-portfolio-post maquinas-de-limpieza-de-alfombras-y-tapiceria fusion-col-spacing post-22747\"><div class=\"fusion-portfolio-content-wrapper\" style=\"border:none;\"><span class=\"vcard rich-snippet-hidden\"><span class=\"fn\"><a href=\"https:\/\/www.columbus-clean.com\/es\/author\/natascha-burger\/\" title=\"Entradas de natascha.burger\" rel=\"author\">natascha.burger<\/a><\/span><\/span><span class=\"updated rich-snippet-hidden\">2025-07-08T11:25:39+02:00<\/span><div  class=\"fusion-image-wrapper\" aria-haspopup=\"true\">\n\t\t\t\t\t\t\t<a href=\"https:\/\/www.columbus-clean.com\/es\/producto\/sx-344\/\" aria-label=\"SX 344\">\n\t\t\t\t\t\t\t<img decoding=\"async\" width=\"400\" height=\"400\" src=\"https:\/\/www.columbus-clean.com\/wp-content\/uploads\/2021\/05\/SX344-vb-01-moqueta-pulverizadora-extraccion-champoo-vacio-400x400-1.png\" class=\"attachment-full size-full wp-post-image\" alt=\"SX344 moqueta pulverizadora extracci\u00f3n champoo vacio\" srcset=\"https:\/\/www.columbus-clean.com\/wp-content\/uploads\/2021\/05\/SX344-vb-01-moqueta-pulverizadora-extraccion-champoo-vacio-400x400-1-200x200.png 200w, https:\/\/www.columbus-clean.com\/wp-content\/uploads\/2021\/05\/SX344-vb-01-moqueta-pulverizadora-extraccion-champoo-vacio-400x400-1.png 400w\" sizes=\"(min-width: 2200px) 100vw, (min-width: 870px) 305px, (min-width: 793px) 407px, (min-width: 717px) 610px, (min-width: 640px) 717px, \" \/>\t\t\t<\/a>\n\t\t\t\t\t\t\t<\/div>\n<div class=\"fusion-portfolio-content\"><h2 class=\"entry-title fusion-post-title\"><a href=\"https:\/\/www.columbus-clean.com\/es\/producto\/sx-344\/\">SX 344<\/a><\/h2><div class=\"fusion-post-content\"><p><\/p><div class=\"product-detail\">\r\n<ul class=\"product-table\">\r\n<li>Ancho de trabajo<strong>300 mm<\/strong><\/li>\r\n<li>Volumen de pulverizaci\u00f3n<strong>4,5 l\/min<\/strong><\/li>\r\n<li>Presi\u00f3n de pulverizaci\u00f3n<strong>9 bar<\/strong><\/li>\r\n<li>Volumen de agua fresca<strong>30 l<\/strong><\/li>\r\n<\/ul>\r\n<\/div>\r\n<div class=\"product-table-additional\">\r\n<h5 class=\"title-heading-left\">Datos b\u00e1sicos<\/h5>\r\n<ul class=\"product-table\">\r\n<li>L x Al x An<strong>380 x 500 x 780 mm<\/strong><\/li>\r\n<li>Ancho de trabajo<strong>300 mm<\/strong><\/li>\r\n<li>Ancho de succi\u00f3n<strong>-<\/strong><\/li>\r\n<li>Volumen de pulverizaci\u00f3n<strong>4,5 l\/min mm<\/strong><\/li>\r\n<li>Presi\u00f3n de pulverizaci\u00f3n<strong>9 bar<\/strong><\/li>\r\n<li>Peso<strong>24 kg<\/strong><\/li>\r\n<\/ul>\r\n<h5 class=\"title-heading-left\">Datos el\u00e9ctricos<\/h5>\r\n<ul class=\"product-table\">\r\n<li>Tensi\u00f3n nom.<strong>-<\/strong><\/li>\r\n<li>Potencia m\u00e1x.<strong>1580 W<\/strong><\/li>\r\n<li>Cable de alimentaci\u00f3n<strong>10 m<\/strong><\/li>\r\n<\/ul>\r\n<h5 class=\"title-heading-left\">Dep\u00f3sitos<\/h5>\r\n<ul class=\"product-table\">\r\n<li>Volumen de agua fresca<strong>30 l<\/strong><\/li>\r\n<li>Volumen de agua sucia<strong>30 l<\/strong><\/li>\r\n<\/ul>\r\n<h5 class=\"title-heading-left\">Motor de aspiraci\u00f3n<\/h5>\r\n<ul class=\"product-table\">\r\n<li>Depresi\u00f3n, m\u00e1x.<strong>295 mbar<\/strong><\/li>\r\n<li>Volumen de aire, m\u00e1x.<strong>45 l\/s<\/strong><\/li>\r\n<\/ul>\r\n<h5 class=\"title-heading-left\">Accesorios<\/h5>\r\n<ul class=\"product-table\">\r\n<li>Adaptador de suelo<strong>Alu<\/strong><\/li>\r\n<li>Manguera de succi\u00f3n<strong>5 m<\/strong><\/li>\r\n<\/ul>\r\n<\/div><\/div><\/div><\/div><\/article><article id=\"portfolio-1-post-22766\" class=\"fusion-portfolio-post maquinas-de-limpieza-de-alfombras-y-tapiceria fusion-col-spacing post-22766\"><div class=\"fusion-portfolio-content-wrapper\" style=\"border:none;\"><span class=\"vcard rich-snippet-hidden\"><span class=\"fn\"><a href=\"https:\/\/www.columbus-clean.com\/es\/author\/natascha-burger\/\" title=\"Entradas de natascha.burger\" rel=\"author\">natascha.burger<\/a><\/span><\/span><span class=\"updated rich-snippet-hidden\">2025-07-08T11:25:41+02:00<\/span><div  class=\"fusion-image-wrapper\" aria-haspopup=\"true\">\n\t\t\t\t\t\t\t<a href=\"https:\/\/www.columbus-clean.com\/es\/producto\/ta-50k-50\/\" aria-label=\"TA 50|K 50\">\n\t\t\t\t\t\t\t<img decoding=\"async\" width=\"400\" height=\"400\" src=\"https:\/\/www.columbus-clean.com\/wp-content\/uploads\/2021\/05\/TA50K50-vb-01-lavamoqueta-champoo-vacio-400x400-1.png\" class=\"attachment-full size-full wp-post-image\" alt=\"TA50K50 lavamoqueta champoo vacio\" srcset=\"https:\/\/www.columbus-clean.com\/wp-content\/uploads\/2021\/05\/TA50K50-vb-01-lavamoqueta-champoo-vacio-400x400-1-200x200.png 200w, https:\/\/www.columbus-clean.com\/wp-content\/uploads\/2021\/05\/TA50K50-vb-01-lavamoqueta-champoo-vacio-400x400-1.png 400w\" sizes=\"(min-width: 2200px) 100vw, (min-width: 870px) 305px, (min-width: 793px) 407px, (min-width: 717px) 610px, (min-width: 640px) 717px, \" \/>\t\t\t<\/a>\n\t\t\t\t\t\t\t<\/div>\n<div class=\"fusion-portfolio-content\"><h2 class=\"entry-title fusion-post-title\"><a href=\"https:\/\/www.columbus-clean.com\/es\/producto\/ta-50k-50\/\">TA 50|K 50<\/a><\/h2><div class=\"fusion-post-content\"><p><\/p><div class=\"product-detail\">\r\n<ul class=\"product-table\">\r\n<li>Ancho de trabajo<strong>500 mm<\/strong><\/li>\r\n<li>Volumen de pulverizaci\u00f3n<strong>4,5 l\/min<\/strong><\/li>\r\n<li>Presi\u00f3n de pulverizaci\u00f3n<strong>9 bar<\/strong><\/li>\r\n<li>Volumen de agua fresca<strong>50 l<\/strong><\/li>\r\n<\/ul>\r\n<\/div>\r\n<div class=\"product-table-additional\">\r\n<h5 class=\"title-heading-left\">Datos b\u00e1sicos<\/h5>\r\n<ul class=\"product-table\">\r\n<li>L x Al x An<strong>500 x 860 x 950 mm<\/strong><\/li>\r\n<li>Ancho de trabajo<strong>500 mm<\/strong><\/li>\r\n<li>Ancho de succi\u00f3n<strong>720 mm<\/strong><\/li>\r\n<li>Volumen de pulverizaci\u00f3n<strong>4,5 l\/min mm<\/strong><\/li>\r\n<li>Presi\u00f3n de pulverizaci\u00f3n<strong>9 bar<\/strong><\/li>\r\n<li>Peso<strong>55 kg<\/strong><\/li>\r\n<\/ul>\r\n<h5 class=\"title-heading-left\">Datos el\u00e9ctricos<\/h5>\r\n<ul class=\"product-table\">\r\n<li>Tensi\u00f3n nom.<strong>-<\/strong><\/li>\r\n<li>Potencia m\u00e1x.<strong>1580 W<\/strong><\/li>\r\n<li>Cable de alimentaci\u00f3n<strong>15 m<\/strong><\/li>\r\n<\/ul>\r\n<h5 class=\"title-heading-left\">Dep\u00f3sitos<\/h5>\r\n<ul class=\"product-table\">\r\n<li>Volumen de agua fresca<strong>50 l<\/strong><\/li>\r\n<li>Volumen de agua sucia<strong>50 l<\/strong><\/li>\r\n<\/ul>\r\n<h5 class=\"title-heading-left\">Motor de aspiraci\u00f3n<\/h5>\r\n<ul class=\"product-table\">\r\n<li>Depresi\u00f3n, m\u00e1x.<strong>333 mbar<\/strong><\/li>\r\n<li>Volumen de aire, m\u00e1x.<strong>45 l\/s<\/strong><\/li>\r\n<\/ul>\r\n<h5 class=\"title-heading-left\">Accesorios<\/h5>\r\n<ul class=\"product-table\">\r\n<li>Adaptador de suelo<strong>-<\/strong><\/li>\r\n<li>Manguera de succi\u00f3n<strong>-<\/strong><\/li>\r\n<\/ul>\r\n<\/div><\/div><\/div><\/div><\/article><\/div><\/div><div class=\"fusion-clearfix\"><\/div><\/div><\/div><\/div><\/div><\/p>\n","protected":false},"excerpt":{"rendered":"","protected":false},"author":33,"featured_media":0,"parent":0,"menu_order":0,"comment_status":"closed","ping_status":"closed","template":"100-width.php","meta":{"footnotes":""},"class_list":["post-24161","page","type-page","status-publish","hentry"],"yoast_head":"<!-- This site is optimized with the Yoast SEO plugin v27.3 - https:\/\/yoast.com\/product\/yoast-seo-wordpress\/ -->\n<title>Potentes unidades de extracci\u00f3n por aspersi\u00f3n con potente succi\u00f3n<\/title>\n<meta name=\"description\" content=\"Adem\u00e1s de m\u00e1quinas de limpieza de alfombras, nuestra gama de m\u00e1quinas de extracci\u00f3n tambi\u00e9n incluye m\u00e1quinas de limpieza por pulverizaci\u00f3n.\" \/>\n<meta name=\"robots\" content=\"index, follow, max-snippet:-1, max-image-preview:large, max-video-preview:-1\" \/>\n<link rel=\"canonical\" href=\"https:\/\/www.columbus-clean.com\/es\/maquinas-de-extraccion-por-aspersion\/\" \/>\n<meta property=\"og:locale\" content=\"es_ES\" \/>\n<meta property=\"og:type\" content=\"article\" \/>\n<meta property=\"og:title\" content=\"Potentes unidades de extracci\u00f3n por aspersi\u00f3n con potente succi\u00f3n\" \/>\n<meta property=\"og:description\" content=\"Adem\u00e1s de m\u00e1quinas de limpieza de alfombras, nuestra gama de m\u00e1quinas de extracci\u00f3n tambi\u00e9n incluye m\u00e1quinas de limpieza por pulverizaci\u00f3n.\" \/>\n<meta property=\"og:url\" content=\"https:\/\/www.columbus-clean.com\/es\/maquinas-de-extraccion-por-aspersion\/\" \/>\n<meta property=\"og:site_name\" content=\"columbus Reinigungsmaschinen\" \/>\n<meta property=\"article:modified_time\" content=\"2025-05-13T08:42:20+00:00\" \/>\n<meta name=\"twitter:card\" content=\"summary_large_image\" \/>\n<meta name=\"twitter:label1\" content=\"Tiempo de lectura\" \/>\n\t<meta name=\"twitter:data1\" content=\"3 minutos\" \/>\n<script type=\"application\/ld+json\" class=\"yoast-schema-graph\">{\"@context\":\"https:\\\/\\\/schema.org\",\"@graph\":[{\"@type\":\"WebPage\",\"@id\":\"https:\\\/\\\/www.columbus-clean.com\\\/es\\\/maquinas-de-extraccion-por-aspersion\\\/\",\"url\":\"https:\\\/\\\/www.columbus-clean.com\\\/es\\\/maquinas-de-extraccion-por-aspersion\\\/\",\"name\":\"Potentes unidades de extracci\u00f3n por aspersi\u00f3n con potente succi\u00f3n\",\"isPartOf\":{\"@id\":\"https:\\\/\\\/www.columbus-clean.com\\\/es\\\/#website\"},\"datePublished\":\"2021-06-24T12:19:00+00:00\",\"dateModified\":\"2025-05-13T08:42:20+00:00\",\"description\":\"Adem\u00e1s de m\u00e1quinas de limpieza de alfombras, nuestra gama de m\u00e1quinas de extracci\u00f3n tambi\u00e9n incluye m\u00e1quinas de limpieza por pulverizaci\u00f3n.\",\"breadcrumb\":{\"@id\":\"https:\\\/\\\/www.columbus-clean.com\\\/es\\\/maquinas-de-extraccion-por-aspersion\\\/#breadcrumb\"},\"inLanguage\":\"es\",\"potentialAction\":[{\"@type\":\"ReadAction\",\"target\":[\"https:\\\/\\\/www.columbus-clean.com\\\/es\\\/maquinas-de-extraccion-por-aspersion\\\/\"]}]},{\"@type\":\"BreadcrumbList\",\"@id\":\"https:\\\/\\\/www.columbus-clean.com\\\/es\\\/maquinas-de-extraccion-por-aspersion\\\/#breadcrumb\",\"itemListElement\":[{\"@type\":\"ListItem\",\"position\":1,\"name\":\"Startseite\",\"item\":\"https:\\\/\\\/www.columbus-clean.com\\\/es\\\/\"},{\"@type\":\"ListItem\",\"position\":2,\"name\":\"M\u00e1quinas de limpieza de alfombras y tapicer\u00eda\"}]},{\"@type\":\"WebSite\",\"@id\":\"https:\\\/\\\/www.columbus-clean.com\\\/es\\\/#website\",\"url\":\"https:\\\/\\\/www.columbus-clean.com\\\/es\\\/\",\"name\":\"columbus Reinigungsmaschinen\",\"description\":\"Reinigungsautomaten und Industriesauger\",\"potentialAction\":[{\"@type\":\"SearchAction\",\"target\":{\"@type\":\"EntryPoint\",\"urlTemplate\":\"https:\\\/\\\/www.columbus-clean.com\\\/es\\\/?s={search_term_string}\"},\"query-input\":{\"@type\":\"PropertyValueSpecification\",\"valueRequired\":true,\"valueName\":\"search_term_string\"}}],\"inLanguage\":\"es\"}]}<\/script>\n<!-- \/ Yoast SEO plugin. -->","yoast_head_json":{"title":"Potentes unidades de extracci\u00f3n por aspersi\u00f3n con potente succi\u00f3n","description":"Adem\u00e1s de m\u00e1quinas de limpieza de alfombras, nuestra gama de m\u00e1quinas de extracci\u00f3n tambi\u00e9n incluye m\u00e1quinas de limpieza por pulverizaci\u00f3n.","robots":{"index":"index","follow":"follow","max-snippet":"max-snippet:-1","max-image-preview":"max-image-preview:large","max-video-preview":"max-video-preview:-1"},"canonical":"https:\/\/www.columbus-clean.com\/es\/maquinas-de-extraccion-por-aspersion\/","og_locale":"es_ES","og_type":"article","og_title":"Potentes unidades de extracci\u00f3n por aspersi\u00f3n con potente succi\u00f3n","og_description":"Adem\u00e1s de m\u00e1quinas de limpieza de alfombras, nuestra gama de m\u00e1quinas de extracci\u00f3n tambi\u00e9n incluye m\u00e1quinas de limpieza por pulverizaci\u00f3n.","og_url":"https:\/\/www.columbus-clean.com\/es\/maquinas-de-extraccion-por-aspersion\/","og_site_name":"columbus Reinigungsmaschinen","article_modified_time":"2025-05-13T08:42:20+00:00","twitter_card":"summary_large_image","twitter_misc":{"Tiempo de lectura":"3 minutos"},"schema":{"@context":"https:\/\/schema.org","@graph":[{"@type":"WebPage","@id":"https:\/\/www.columbus-clean.com\/es\/maquinas-de-extraccion-por-aspersion\/","url":"https:\/\/www.columbus-clean.com\/es\/maquinas-de-extraccion-por-aspersion\/","name":"Potentes unidades de extracci\u00f3n por aspersi\u00f3n con potente succi\u00f3n","isPartOf":{"@id":"https:\/\/www.columbus-clean.com\/es\/#website"},"datePublished":"2021-06-24T12:19:00+00:00","dateModified":"2025-05-13T08:42:20+00:00","description":"Adem\u00e1s de m\u00e1quinas de limpieza de alfombras, nuestra gama de m\u00e1quinas de extracci\u00f3n tambi\u00e9n incluye m\u00e1quinas de limpieza por pulverizaci\u00f3n.","breadcrumb":{"@id":"https:\/\/www.columbus-clean.com\/es\/maquinas-de-extraccion-por-aspersion\/#breadcrumb"},"inLanguage":"es","potentialAction":[{"@type":"ReadAction","target":["https:\/\/www.columbus-clean.com\/es\/maquinas-de-extraccion-por-aspersion\/"]}]},{"@type":"BreadcrumbList","@id":"https:\/\/www.columbus-clean.com\/es\/maquinas-de-extraccion-por-aspersion\/#breadcrumb","itemListElement":[{"@type":"ListItem","position":1,"name":"Startseite","item":"https:\/\/www.columbus-clean.com\/es\/"},{"@type":"ListItem","position":2,"name":"M\u00e1quinas de limpieza de alfombras y tapicer\u00eda"}]},{"@type":"WebSite","@id":"https:\/\/www.columbus-clean.com\/es\/#website","url":"https:\/\/www.columbus-clean.com\/es\/","name":"columbus Reinigungsmaschinen","description":"Reinigungsautomaten und Industriesauger","potentialAction":[{"@type":"SearchAction","target":{"@type":"EntryPoint","urlTemplate":"https:\/\/www.columbus-clean.com\/es\/?s={search_term_string}"},"query-input":{"@type":"PropertyValueSpecification","valueRequired":true,"valueName":"search_term_string"}}],"inLanguage":"es"}]}},"_links":{"self":[{"href":"https:\/\/www.columbus-clean.com\/es\/wp-json\/wp\/v2\/pages\/24161","targetHints":{"allow":["GET"]}}],"collection":[{"href":"https:\/\/www.columbus-clean.com\/es\/wp-json\/wp\/v2\/pages"}],"about":[{"href":"https:\/\/www.columbus-clean.com\/es\/wp-json\/wp\/v2\/types\/page"}],"author":[{"embeddable":true,"href":"https:\/\/www.columbus-clean.com\/es\/wp-json\/wp\/v2\/users\/33"}],"replies":[{"embeddable":true,"href":"https:\/\/www.columbus-clean.com\/es\/wp-json\/wp\/v2\/comments?post=24161"}],"version-history":[{"count":0,"href":"https:\/\/www.columbus-clean.com\/es\/wp-json\/wp\/v2\/pages\/24161\/revisions"}],"wp:attachment":[{"href":"https:\/\/www.columbus-clean.com\/es\/wp-json\/wp\/v2\/media?parent=24161"}],"curies":[{"name":"wp","href":"https:\/\/api.w.org\/{rel}","templated":true}]}}