{"id":24163,"date":"2021-06-30T15:33:39","date_gmt":"2021-06-30T13:33:39","guid":{"rendered":"https:\/\/www.columbus-clean.com\/?page_id=24163"},"modified":"2026-04-17T11:44:23","modified_gmt":"2026-04-17T09:44:23","slug":"programa-de-accesorios","status":"publish","type":"page","link":"https:\/\/www.columbus-clean.com\/es\/productos\/programa-de-accesorios\/","title":{"rendered":"Programa de accesorios"},"content":{"rendered":"<p><div class=\"fusion-fullwidth fullwidth-box fusion-builder-row-1 has-pattern-background has-mask-background fusion-parallax-none nonhundred-percent-fullwidth non-hundred-percent-height-scrolling fusion-equal-height-columns limited-width-heading head-lenght-short\" style=\"--awb-border-radius-top-left:0px;--awb-border-radius-top-right:0px;--awb-border-radius-bottom-right:0px;--awb-border-radius-bottom-left:0px;--awb-background-color:#e3e8ec;--awb-background-image:url(&quot;https:\/\/www.columbus-clean.com\/wp-content\/uploads\/2019\/01\/zubehoer-op-01-reinigungsautomaten-einscheibenmaschine.jpg&quot;);--awb-background-size:cover;--awb-flex-wrap:wrap;\" id=\"opener\" ><div class=\"fusion-builder-row fusion-row\"><div class=\"fusion-layout-column fusion_builder_column fusion-builder-column-0 fusion_builder_column_1_1 1_1 fusion-one-full fusion-column-first fusion-column-last fusion-column-inner-bg-wrapper\" style=\"--awb-inner-bg-position:center top;--awb-inner-bg-size:cover;\"><span class=\"fusion-column-inner-bg hover-type-zoomin\"><span class=\"fusion-column-anchor\"><span class=\"fusion-column-inner-bg-image\"><\/span><\/span><\/span><div class=\"fusion-column-wrapper fusion-flex-column-wrapper-legacy\"><div class=\"fusion-column-content-centered\"><div class=\"fusion-column-content\"><div class=\"fusion-title title fusion-title-1 fusion-sep-none fusion-title-text fusion-title-size-one\" style=\"--awb-margin-top-small:0px;--awb-margin-right-small:0px;--awb-margin-bottom-small:20px;--awb-margin-left-small:0px;\"><h1 class=\"fusion-title-heading title-heading-left\" style=\"margin:0;\">Programa de accesorios<\/h1><\/div><div class=\"fusion-sep-clear\"><\/div><div class=\"fusion-separator fusion-full-width-sep\" style=\"margin-left: auto;margin-right: auto;margin-bottom:10px;width:100%;\"><\/div><div class=\"fusion-sep-clear\"><\/div><div class=\"fusion-title title fusion-title-2 fusion-sep-none fusion-title-text fusion-title-size-two\" style=\"--awb-margin-top-small:0px;--awb-margin-right-small:0px;--awb-margin-bottom-small:20px;--awb-margin-left-small:0px;\"><h2 class=\"fusion-title-heading title-heading-left\" style=\"margin:0;\">para m\u00e1quinas columbus<\/h2><\/div><\/div><\/div><div class=\"fusion-clearfix\"><\/div><\/div><\/div><\/div><\/div><div class=\"fusion-fullwidth fullwidth-box fusion-builder-row-2 nonhundred-percent-fullwidth non-hundred-percent-height-scrolling\" style=\"--awb-border-radius-top-left:0px;--awb-border-radius-top-right:0px;--awb-border-radius-bottom-right:0px;--awb-border-radius-bottom-left:0px;--awb-padding-bottom:70px;--awb-flex-wrap:wrap;\" ><div class=\"fusion-builder-row fusion-row\"><div class=\"fusion-layout-column fusion_builder_column fusion-builder-column-1 fusion_builder_column_1_4 1_4 fusion-one-fourth fusion-column-first\" style=\"--awb-bg-size:cover;width:25%;width:calc(25% - ( ( 4% + 4% ) * 0.25 ) );margin-right: 4%;\"><div class=\"fusion-column-wrapper fusion-flex-column-wrapper-legacy\"><div class=\"fusion-clearfix\"><\/div><\/div><\/div><div class=\"fusion-layout-column fusion_builder_column fusion-builder-column-2 fusion_builder_column_1_2 1_2 fusion-one-half intro-text\" style=\"--awb-bg-size:cover;--awb-margin-bottom:0px;width:50%;width:calc(50% - ( ( 4% + 4% ) * 0.5 ) );margin-right: 4%;\"><div class=\"fusion-column-wrapper fusion-flex-column-wrapper-legacy\"><div class=\"fusion-text fusion-text-1\"><p style=\"text-align: center;\">El uso flexible de una m\u00e1quina de limpieza es siempre una cuesti\u00f3n de los accesorios adecuados.<\/p>\n<\/div><div class=\"fusion-clearfix\"><\/div><\/div><\/div><div class=\"fusion-layout-column fusion_builder_column fusion-builder-column-3 fusion_builder_column_1_4 1_4 fusion-one-fourth fusion-column-last\" style=\"--awb-bg-size:cover;width:25%;width:calc(25% - ( ( 4% + 4% ) * 0.25 ) );\"><div class=\"fusion-column-wrapper fusion-flex-column-wrapper-legacy\"><div class=\"fusion-clearfix\"><\/div><\/div><\/div><\/div><\/div><div class=\"fusion-fullwidth fullwidth-box fusion-builder-row-3 nonhundred-percent-fullwidth non-hundred-percent-height-scrolling\" style=\"--awb-border-radius-top-left:0px;--awb-border-radius-top-right:0px;--awb-border-radius-bottom-right:0px;--awb-border-radius-bottom-left:0px;--awb-background-color:#f1f2f4;--awb-flex-wrap:wrap;\" ><div class=\"fusion-builder-row fusion-row\"><div class=\"fusion-layout-column fusion_builder_column fusion-builder-column-4 fusion_builder_column_1_1 1_1 fusion-one-full fusion-column-first fusion-column-last editorial\" style=\"--awb-bg-size:cover;\"><div class=\"fusion-column-wrapper fusion-flex-column-wrapper-legacy\"><div class=\"fusion-title title fusion-title-3 fusion-sep-none fusion-title-center fusion-title-text fusion-title-size-six\" style=\"--awb-margin-top-small:0px;--awb-margin-right-small:0px;--awb-margin-bottom-small:20px;--awb-margin-left-small:0px;\"><h6 class=\"fusion-title-heading title-heading-center\" style=\"margin:0;\">Accesorios de alta calidad para todos los casos<\/h6><\/div><div class=\"fusion-title title fusion-title-4 fusion-sep-none fusion-title-center fusion-title-text fusion-title-size-five\" style=\"--awb-margin-top-small:0px;--awb-margin-right-small:0px;--awb-margin-bottom-small:20px;--awb-margin-left-small:0px;\"><h5 class=\"fusion-title-heading title-heading-center\" style=\"margin:0;\">De alta calidad y \u00f3ptimamente ajustado a cada necesidad<\/h5><\/div><div class=\"fusion-clearfix\"><\/div><\/div><\/div><div class=\"fusion-layout-column fusion_builder_column fusion-builder-column-5 fusion_builder_column_1_4 1_4 fusion-one-fourth fusion-column-first\" style=\"--awb-bg-size:cover;width:25%;width:calc(25% - ( ( 4% + 4% ) * 0.25 ) );margin-right: 4%;\"><div class=\"fusion-column-wrapper fusion-flex-column-wrapper-legacy\"><div class=\"fusion-clearfix\"><\/div><\/div><\/div><div class=\"fusion-layout-column fusion_builder_column fusion-builder-column-6 fusion_builder_column_1_2 1_2 fusion-one-half\" style=\"--awb-bg-size:cover;width:50%;width:calc(50% - ( ( 4% + 4% ) * 0.5 ) );margin-right: 4%;\" id=\"product-info\"><div class=\"fusion-column-wrapper fusion-flex-column-wrapper-legacy\"><div class=\"fusion-text fusion-text-2\"><p>Siempre encontrar\u00e1 los accesorios adecuados en nuestra amplia gama de accesorios. P\u00f3ngase en contacto con nosotros, estaremos encantados de asesorarle.<\/p>\n<\/div><div class=\"fusion-clearfix\"><\/div><\/div><\/div><div class=\"fusion-layout-column fusion_builder_column fusion-builder-column-7 fusion_builder_column_1_4 1_4 fusion-one-fourth fusion-column-last\" style=\"--awb-bg-size:cover;width:25%;width:calc(25% - ( ( 4% + 4% ) * 0.25 ) );\"><div class=\"fusion-column-wrapper fusion-flex-column-wrapper-legacy\"><div class=\"fusion-clearfix\"><\/div><\/div><\/div><\/div><\/div><div class=\"fusion-fullwidth fullwidth-box fusion-builder-row-4 nonhundred-percent-fullwidth non-hundred-percent-height-scrolling\" style=\"--awb-border-radius-top-left:0px;--awb-border-radius-top-right:0px;--awb-border-radius-bottom-right:0px;--awb-border-radius-bottom-left:0px;--awb-flex-wrap:wrap;\" ><div class=\"fusion-builder-row fusion-row\"><div class=\"fusion-layout-column fusion_builder_column fusion-builder-column-8 fusion_builder_column_1_1 1_1 fusion-one-full fusion-column-first fusion-column-last\" style=\"--awb-bg-size:cover;\"><div class=\"fusion-column-wrapper fusion-column-has-shadow fusion-flex-column-wrapper-legacy\"><div class=\"fusion-aligncenter\"><a class=\"fusion-button button-flat fusion-button-default-size button-default fusion-button-default button-1 fusion-button-default-span fusion-button-default-type\" target=\"_blank\" rel=\"noopener noreferrer\" title=\"Descarga cat\u00e1logo\" aria-label=\"Descarga cat\u00e1logo\" href=\"https:\/\/www.columbus-clean.com\/wp-content\/uploads\/2026\/04\/Catalogo-2026-SP-V1-2.pdf\"><span class=\"fusion-button-text awb-button__text awb-button__text--default\">Descarga cat\u00e1logo<\/span><\/a><\/div>\n<div class=\"fusion-clearfix\"><\/div><\/div><\/div><\/div><\/div><\/p>\n","protected":false},"excerpt":{"rendered":"","protected":false},"author":33,"featured_media":0,"parent":0,"menu_order":0,"comment_status":"closed","ping_status":"closed","template":"100-width.php","meta":{"footnotes":""},"class_list":["post-24163","page","type-page","status-publish","hentry"],"yoast_head":"<!-- This site is optimized with the Yoast SEO plugin v27.3 - https:\/\/yoast.com\/product\/yoast-seo-wordpress\/ -->\n<title>Repuestos columbus: Accesorios para m\u00e1quinas de limpieza<\/title>\n<meta name=\"description\" content=\"La gama de accesorios y piezas de repuesto para las m\u00e1quinas de limpieza columbus incluye cepillos de fregado y placas de accionamiento, as\u00ed como accesorios de aspiraci\u00f3n y mucho m\u00e1s.\" \/>\n<meta name=\"robots\" content=\"index, follow, max-snippet:-1, max-image-preview:large, max-video-preview:-1\" \/>\n<link rel=\"canonical\" href=\"https:\/\/www.columbus-clean.com\/es\/productos\/programa-de-accesorios\/\" \/>\n<meta property=\"og:locale\" content=\"es_ES\" \/>\n<meta property=\"og:type\" content=\"article\" \/>\n<meta property=\"og:title\" content=\"Repuestos columbus: Accesorios para m\u00e1quinas de limpieza\" \/>\n<meta property=\"og:description\" content=\"La gama de accesorios y piezas de repuesto para las m\u00e1quinas de limpieza columbus incluye cepillos de fregado y placas de accionamiento, as\u00ed como accesorios de aspiraci\u00f3n y mucho m\u00e1s.\" \/>\n<meta property=\"og:url\" content=\"https:\/\/www.columbus-clean.com\/es\/productos\/programa-de-accesorios\/\" \/>\n<meta property=\"og:site_name\" content=\"columbus Reinigungsmaschinen\" \/>\n<meta property=\"article:modified_time\" content=\"2026-04-17T09:44:23+00:00\" \/>\n<meta name=\"twitter:card\" content=\"summary_large_image\" \/>\n<meta name=\"twitter:label1\" content=\"Tiempo de lectura\" \/>\n\t<meta name=\"twitter:data1\" content=\"1 minuto\" \/>\n<script type=\"application\/ld+json\" class=\"yoast-schema-graph\">{\"@context\":\"https:\\\/\\\/schema.org\",\"@graph\":[{\"@type\":\"WebPage\",\"@id\":\"https:\\\/\\\/www.columbus-clean.com\\\/es\\\/productos\\\/programa-de-accesorios\\\/\",\"url\":\"https:\\\/\\\/www.columbus-clean.com\\\/es\\\/productos\\\/programa-de-accesorios\\\/\",\"name\":\"Repuestos columbus: Accesorios para m\u00e1quinas de limpieza\",\"isPartOf\":{\"@id\":\"https:\\\/\\\/www.columbus-clean.com\\\/es\\\/#website\"},\"datePublished\":\"2021-06-30T13:33:39+00:00\",\"dateModified\":\"2026-04-17T09:44:23+00:00\",\"description\":\"La gama de accesorios y piezas de repuesto para las m\u00e1quinas de limpieza columbus incluye cepillos de fregado y placas de accionamiento, as\u00ed como accesorios de aspiraci\u00f3n y mucho m\u00e1s.\",\"breadcrumb\":{\"@id\":\"https:\\\/\\\/www.columbus-clean.com\\\/es\\\/productos\\\/programa-de-accesorios\\\/#breadcrumb\"},\"inLanguage\":\"es\",\"potentialAction\":[{\"@type\":\"ReadAction\",\"target\":[\"https:\\\/\\\/www.columbus-clean.com\\\/es\\\/productos\\\/programa-de-accesorios\\\/\"]}]},{\"@type\":\"BreadcrumbList\",\"@id\":\"https:\\\/\\\/www.columbus-clean.com\\\/es\\\/productos\\\/programa-de-accesorios\\\/#breadcrumb\",\"itemListElement\":[{\"@type\":\"ListItem\",\"position\":1,\"name\":\"Startseite\",\"item\":\"https:\\\/\\\/www.columbus-clean.com\\\/es\\\/\"},{\"@type\":\"ListItem\",\"position\":2,\"name\":\"Programa de accesorios\"}]},{\"@type\":\"WebSite\",\"@id\":\"https:\\\/\\\/www.columbus-clean.com\\\/es\\\/#website\",\"url\":\"https:\\\/\\\/www.columbus-clean.com\\\/es\\\/\",\"name\":\"columbus Reinigungsmaschinen\",\"description\":\"Reinigungsautomaten und Industriesauger\",\"potentialAction\":[{\"@type\":\"SearchAction\",\"target\":{\"@type\":\"EntryPoint\",\"urlTemplate\":\"https:\\\/\\\/www.columbus-clean.com\\\/es\\\/?s={search_term_string}\"},\"query-input\":{\"@type\":\"PropertyValueSpecification\",\"valueRequired\":true,\"valueName\":\"search_term_string\"}}],\"inLanguage\":\"es\"}]}<\/script>\n<!-- \/ Yoast SEO plugin. -->","yoast_head_json":{"title":"Repuestos columbus: Accesorios para m\u00e1quinas de limpieza","description":"La gama de accesorios y piezas de repuesto para las m\u00e1quinas de limpieza columbus incluye cepillos de fregado y placas de accionamiento, as\u00ed como accesorios de aspiraci\u00f3n y mucho m\u00e1s.","robots":{"index":"index","follow":"follow","max-snippet":"max-snippet:-1","max-image-preview":"max-image-preview:large","max-video-preview":"max-video-preview:-1"},"canonical":"https:\/\/www.columbus-clean.com\/es\/productos\/programa-de-accesorios\/","og_locale":"es_ES","og_type":"article","og_title":"Repuestos columbus: Accesorios para m\u00e1quinas de limpieza","og_description":"La gama de accesorios y piezas de repuesto para las m\u00e1quinas de limpieza columbus incluye cepillos de fregado y placas de accionamiento, as\u00ed como accesorios de aspiraci\u00f3n y mucho m\u00e1s.","og_url":"https:\/\/www.columbus-clean.com\/es\/productos\/programa-de-accesorios\/","og_site_name":"columbus Reinigungsmaschinen","article_modified_time":"2026-04-17T09:44:23+00:00","twitter_card":"summary_large_image","twitter_misc":{"Tiempo de lectura":"1 minuto"},"schema":{"@context":"https:\/\/schema.org","@graph":[{"@type":"WebPage","@id":"https:\/\/www.columbus-clean.com\/es\/productos\/programa-de-accesorios\/","url":"https:\/\/www.columbus-clean.com\/es\/productos\/programa-de-accesorios\/","name":"Repuestos columbus: Accesorios para m\u00e1quinas de limpieza","isPartOf":{"@id":"https:\/\/www.columbus-clean.com\/es\/#website"},"datePublished":"2021-06-30T13:33:39+00:00","dateModified":"2026-04-17T09:44:23+00:00","description":"La gama de accesorios y piezas de repuesto para las m\u00e1quinas de limpieza columbus incluye cepillos de fregado y placas de accionamiento, as\u00ed como accesorios de aspiraci\u00f3n y mucho m\u00e1s.","breadcrumb":{"@id":"https:\/\/www.columbus-clean.com\/es\/productos\/programa-de-accesorios\/#breadcrumb"},"inLanguage":"es","potentialAction":[{"@type":"ReadAction","target":["https:\/\/www.columbus-clean.com\/es\/productos\/programa-de-accesorios\/"]}]},{"@type":"BreadcrumbList","@id":"https:\/\/www.columbus-clean.com\/es\/productos\/programa-de-accesorios\/#breadcrumb","itemListElement":[{"@type":"ListItem","position":1,"name":"Startseite","item":"https:\/\/www.columbus-clean.com\/es\/"},{"@type":"ListItem","position":2,"name":"Programa de accesorios"}]},{"@type":"WebSite","@id":"https:\/\/www.columbus-clean.com\/es\/#website","url":"https:\/\/www.columbus-clean.com\/es\/","name":"columbus Reinigungsmaschinen","description":"Reinigungsautomaten und Industriesauger","potentialAction":[{"@type":"SearchAction","target":{"@type":"EntryPoint","urlTemplate":"https:\/\/www.columbus-clean.com\/es\/?s={search_term_string}"},"query-input":{"@type":"PropertyValueSpecification","valueRequired":true,"valueName":"search_term_string"}}],"inLanguage":"es"}]}},"_links":{"self":[{"href":"https:\/\/www.columbus-clean.com\/es\/wp-json\/wp\/v2\/pages\/24163","targetHints":{"allow":["GET"]}}],"collection":[{"href":"https:\/\/www.columbus-clean.com\/es\/wp-json\/wp\/v2\/pages"}],"about":[{"href":"https:\/\/www.columbus-clean.com\/es\/wp-json\/wp\/v2\/types\/page"}],"author":[{"embeddable":true,"href":"https:\/\/www.columbus-clean.com\/es\/wp-json\/wp\/v2\/users\/33"}],"replies":[{"embeddable":true,"href":"https:\/\/www.columbus-clean.com\/es\/wp-json\/wp\/v2\/comments?post=24163"}],"version-history":[{"count":2,"href":"https:\/\/www.columbus-clean.com\/es\/wp-json\/wp\/v2\/pages\/24163\/revisions"}],"predecessor-version":[{"id":167820,"href":"https:\/\/www.columbus-clean.com\/es\/wp-json\/wp\/v2\/pages\/24163\/revisions\/167820"}],"wp:attachment":[{"href":"https:\/\/www.columbus-clean.com\/es\/wp-json\/wp\/v2\/media?parent=24163"}],"curies":[{"name":"wp","href":"https:\/\/api.w.org\/{rel}","templated":true}]}}