{"id":24205,"date":"2021-06-30T15:36:16","date_gmt":"2021-06-30T13:36:16","guid":{"rendered":"https:\/\/www.columbus-clean.com\/?page_id=24205"},"modified":"2025-05-15T10:19:36","modified_gmt":"2025-05-15T08:19:36","slug":"carrera","status":"publish","type":"page","link":"https:\/\/www.columbus-clean.com\/es\/sobre-nosotros\/carrera\/","title":{"rendered":"Carrera"},"content":{"rendered":"<p><div class=\"fusion-fullwidth fullwidth-box fusion-builder-row-1 has-pattern-background has-mask-background fusion-parallax-none nonhundred-percent-fullwidth non-hundred-percent-height-scrolling fusion-equal-height-columns limited-width-heading head-lenght-short\" style=\"--awb-border-radius-top-left:0px;--awb-border-radius-top-right:0px;--awb-border-radius-bottom-right:0px;--awb-border-radius-bottom-left:0px;--awb-background-color:#e3e8ec;--awb-background-image:url(&quot;https:\/\/www.columbus-clean.com\/wp-content\/uploads\/2019\/02\/karriere-ab-01-reinigungsmaschinen-hersteller.jpg&quot;);--awb-background-size:cover;--awb-flex-wrap:wrap;\" id=\"opener\" ><div class=\"fusion-builder-row fusion-row\"><div class=\"fusion-layout-column fusion_builder_column fusion-builder-column-0 fusion_builder_column_1_1 1_1 fusion-one-full fusion-column-first fusion-column-last fusion-column-inner-bg-wrapper\" style=\"--awb-inner-bg-position:center top;--awb-inner-bg-size:cover;\"><span class=\"fusion-column-inner-bg hover-type-zoomin\"><span class=\"fusion-column-anchor\"><span class=\"fusion-column-inner-bg-image\"><\/span><\/span><\/span><div class=\"fusion-column-wrapper fusion-flex-column-wrapper-legacy\"><div class=\"fusion-column-content-centered\"><div class=\"fusion-column-content\"><div class=\"fusion-title title fusion-title-1 fusion-sep-none fusion-title-text fusion-title-size-one\" style=\"--awb-margin-top-small:0px;--awb-margin-right-small:0px;--awb-margin-bottom-small:20px;--awb-margin-left-small:0px;\"><h1 class=\"fusion-title-heading title-heading-left\" style=\"margin:0;\">Trayectoria profesional<\/h1><\/div><div class=\"fusion-sep-clear\"><\/div><div class=\"fusion-separator fusion-full-width-sep\" style=\"margin-left: auto;margin-right: auto;margin-bottom:10px;width:100%;\"><\/div><div class=\"fusion-sep-clear\"><\/div><\/div><\/div><div class=\"fusion-clearfix\"><\/div><\/div><\/div><\/div><\/div><div class=\"fusion-fullwidth fullwidth-box fusion-builder-row-2 nonhundred-percent-fullwidth non-hundred-percent-height-scrolling light-content\" style=\"--awb-border-radius-top-left:0px;--awb-border-radius-top-right:0px;--awb-border-radius-bottom-right:0px;--awb-border-radius-bottom-left:0px;--awb-padding-bottom:0px;--awb-flex-wrap:wrap;\" id=\"work\" ><div class=\"fusion-builder-row fusion-row\"><div class=\"fusion-layout-column fusion_builder_column fusion-builder-column-1 fusion_builder_column_1_1 1_1 fusion-one-full fusion-column-first fusion-column-last editorial\" style=\"--awb-bg-size:cover;\"><div class=\"fusion-column-wrapper fusion-flex-column-wrapper-legacy\"><div class=\"fusion-title title fusion-title-2 fusion-sep-none fusion-title-center fusion-title-text fusion-title-size-five\" style=\"--awb-margin-top-small:0px;--awb-margin-right-small:0px;--awb-margin-bottom-small:20px;--awb-margin-left-small:0px;\"><h5 class=\"fusion-title-heading title-heading-center\" style=\"margin:0;\">Trayectoria profesional<\/h5><\/div><div class=\"fusion-title title fusion-title-3 fusion-sep-none fusion-title-center fusion-title-text fusion-title-size-six\" style=\"--awb-margin-top-small:0px;--awb-margin-right-small:0px;--awb-margin-bottom-small:20px;--awb-margin-left-small:0px;\"><h6 class=\"fusion-title-heading title-heading-center\" style=\"margin:0;\">Trabajar en columbus<\/h6><\/div><div class=\"fusion-clearfix\"><\/div><\/div><\/div><div class=\"fusion-layout-column fusion_builder_column fusion-builder-column-2 fusion_builder_column_1_1 1_1 fusion-one-full fusion-column-first fusion-column-last\" style=\"--awb-bg-size:cover;\"><div class=\"fusion-column-wrapper fusion-flex-column-wrapper-legacy\"><div class=\"fusion-text fusion-text-1\"><p style=\"text-align: center;\">\u00a1\u00danete a nuestro equipo! \u00bfTe apasiona trabajar en un ambiente din\u00e1mico y colaborativo? En columbus, buscamos personas motivadas y comprometidas con la excelencia. Ofrecemos la oportunidad de trabajar con productos que se distinguen por su dise\u00f1o ingenioso y a la vez sencillo, as\u00ed como una innovaci\u00f3n constante que no compromete la confiabilidad de nuestros productos. Si compartes nuestra visi\u00f3n y est\u00e1s listo para nuevos desaf\u00edos, \u00a1esperamos conocerte pronto!<\/p>\n<\/div><div class=\"fusion-clearfix\"><\/div><\/div><\/div><\/div><\/div><div class=\"fusion-fullwidth fullwidth-box fusion-builder-row-3 nonhundred-percent-fullwidth non-hundred-percent-height-scrolling image-teaser\" style=\"--awb-border-radius-top-left:0px;--awb-border-radius-top-right:0px;--awb-border-radius-bottom-right:0px;--awb-border-radius-bottom-left:0px;--awb-flex-wrap:wrap;\" ><div class=\"fusion-builder-row fusion-row\"><div class=\"fusion-layout-column fusion_builder_column fusion-builder-column-3 fusion_builder_column_1_3 1_3 fusion-one-third fusion-column-first\" style=\"--awb-bg-size:cover;width:33.333333333333%;width:calc(33.333333333333% - ( ( 20px + 20px ) * 0.33333333333333 ) );margin-right: 20px;\"><div class=\"fusion-column-wrapper fusion-flex-column-wrapper-legacy\"><div class=\"fusion-image-element in-legacy-container\" style=\"--awb-caption-title-font-family:var(--h2_typography-font-family);--awb-caption-title-font-weight:var(--h2_typography-font-weight);--awb-caption-title-font-style:var(--h2_typography-font-style);--awb-caption-title-size:var(--h2_typography-font-size);--awb-caption-title-transform:var(--h2_typography-text-transform);--awb-caption-title-line-height:var(--h2_typography-line-height);--awb-caption-title-letter-spacing:var(--h2_typography-letter-spacing);\"><span class=\" fusion-imageframe imageframe-none imageframe-1 hover-type-none\"><img decoding=\"async\" width=\"1200\" height=\"750\" alt=\"Vielseitig reinigen\" title=\"carrera caminos cortos\" src=\"https:\/\/www.columbus-clean.com\/wp-content\/uploads\/2021\/06\/carrera-tb-01-caminos-cortos.jpg\" class=\"img-responsive wp-image-24302\" srcset=\"https:\/\/www.columbus-clean.com\/wp-content\/uploads\/2021\/06\/carrera-tb-01-caminos-cortos-200x125.jpg 200w, https:\/\/www.columbus-clean.com\/wp-content\/uploads\/2021\/06\/carrera-tb-01-caminos-cortos-400x250.jpg 400w, https:\/\/www.columbus-clean.com\/wp-content\/uploads\/2021\/06\/carrera-tb-01-caminos-cortos-600x375.jpg 600w, https:\/\/www.columbus-clean.com\/wp-content\/uploads\/2021\/06\/carrera-tb-01-caminos-cortos-800x500.jpg 800w, https:\/\/www.columbus-clean.com\/wp-content\/uploads\/2021\/06\/carrera-tb-01-caminos-cortos.jpg 1200w\" sizes=\"(max-width: 1023px) 100vw, 600px\" \/><\/span><\/div><div class=\"fusion-sep-clear\"><\/div><div class=\"fusion-separator fusion-full-width-sep\" style=\"margin-left: auto;margin-right: auto;margin-bottom:15px;width:100%;\"><\/div><div class=\"fusion-sep-clear\"><\/div><div class=\"fusion-text fusion-text-2 headline-p\"><p>EMPRESA<\/p>\n<\/div><div class=\"fusion-title title fusion-title-4 fusion-sep-none fusion-title-text fusion-title-size-five\" style=\"--awb-margin-top:0%;--awb-margin-top-small:0px;--awb-margin-right-small:0px;--awb-margin-bottom-small:20px;--awb-margin-left-small:0px;\"><h5 class=\"fusion-title-heading title-heading-left\" style=\"margin:0;\">\u00a1Amplitud de posibilidades!<\/h5><\/div><div class=\"fusion-sep-clear\"><\/div><div class=\"fusion-separator fusion-full-width-sep\" style=\"margin-left: auto;margin-right: auto;margin-bottom:5px;width:100%;\"><\/div><div class=\"fusion-sep-clear\"><\/div><div class=\"fusion-text fusion-text-3 info-text-gray\"><p>Como empresa familiar dirigida por sus propietarios, nos caracterizamos por una din\u00e1mica \u00fanica, y brindamos oportunidades emocionantes para aquellos que deseen lograr grandes objetivos.<\/p>\n<\/div><div class=\"fusion-clearfix\"><\/div><\/div><\/div><div class=\"fusion-layout-column fusion_builder_column fusion-builder-column-4 fusion_builder_column_1_3 1_3 fusion-one-third\" style=\"--awb-bg-size:cover;width:33.333333333333%;width:calc(33.333333333333% - ( ( 20px + 20px ) * 0.33333333333333 ) );margin-right: 20px;\"><div class=\"fusion-column-wrapper fusion-flex-column-wrapper-legacy\"><div class=\"fusion-image-element in-legacy-container\" style=\"--awb-caption-title-font-family:var(--h2_typography-font-family);--awb-caption-title-font-weight:var(--h2_typography-font-weight);--awb-caption-title-font-style:var(--h2_typography-font-style);--awb-caption-title-size:var(--h2_typography-font-size);--awb-caption-title-transform:var(--h2_typography-text-transform);--awb-caption-title-line-height:var(--h2_typography-line-height);--awb-caption-title-letter-spacing:var(--h2_typography-letter-spacing);\"><span class=\" fusion-imageframe imageframe-none imageframe-2 hover-type-none\"><img decoding=\"async\" width=\"1200\" height=\"750\" alt=\"Vielseitig reinigen\" title=\"Karriere internationales Wachstum\" src=\"https:\/\/www.columbus-clean.com\/wp-content\/uploads\/2019\/01\/karriere-tb-02-internationales-wachstum.jpg\" class=\"img-responsive wp-image-24209\" srcset=\"https:\/\/www.columbus-clean.com\/wp-content\/uploads\/2019\/01\/karriere-tb-02-internationales-wachstum-200x125.jpg 200w, https:\/\/www.columbus-clean.com\/wp-content\/uploads\/2019\/01\/karriere-tb-02-internationales-wachstum-400x250.jpg 400w, https:\/\/www.columbus-clean.com\/wp-content\/uploads\/2019\/01\/karriere-tb-02-internationales-wachstum-600x375.jpg 600w, https:\/\/www.columbus-clean.com\/wp-content\/uploads\/2019\/01\/karriere-tb-02-internationales-wachstum-800x500.jpg 800w, https:\/\/www.columbus-clean.com\/wp-content\/uploads\/2019\/01\/karriere-tb-02-internationales-wachstum.jpg 1200w\" sizes=\"(max-width: 1023px) 100vw, 600px\" \/><\/span><\/div><div class=\"fusion-sep-clear\"><\/div><div class=\"fusion-separator fusion-full-width-sep\" style=\"margin-left: auto;margin-right: auto;margin-bottom:15px;width:100%;\"><\/div><div class=\"fusion-sep-clear\"><\/div><div class=\"fusion-text fusion-text-4 headline-p\"><p>CARRERA<\/p>\n<\/div><div class=\"fusion-title title fusion-title-5 fusion-sep-none fusion-title-text fusion-title-size-five\" style=\"--awb-margin-top-small:0px;--awb-margin-right-small:0px;--awb-margin-bottom-small:20px;--awb-margin-left-small:0px;\"><h5 class=\"fusion-title-heading title-heading-left\" style=\"margin:0;\">\u00a1Crecimiento internacional y perspectivas personales!<\/h5><\/div><div class=\"fusion-sep-clear\"><\/div><div class=\"fusion-separator fusion-full-width-sep\" style=\"margin-left: auto;margin-right: auto;margin-bottom:5px;width:100%;\"><\/div><div class=\"fusion-sep-clear\"><\/div><div class=\"fusion-text fusion-text-5 info-text-gray\"><p>De ser un fabricante tradicional arraigado en Alemania evolucionamos a ser una marca innovadora con expansi\u00f3n internacional. \u00a1Forma parte de nuestro crecimiento y evoluciona con nosotros!<\/p>\n<\/div><div class=\"fusion-clearfix\"><\/div><\/div><\/div><div class=\"fusion-layout-column fusion_builder_column fusion-builder-column-5 fusion_builder_column_1_3 1_3 fusion-one-third fusion-column-last\" style=\"--awb-bg-size:cover;width:33.333333333333%;width:calc(33.333333333333% - ( ( 20px + 20px ) * 0.33333333333333 ) );\"><div class=\"fusion-column-wrapper fusion-flex-column-wrapper-legacy\"><div class=\"fusion-image-element in-legacy-container\" style=\"--awb-caption-title-font-family:var(--h2_typography-font-family);--awb-caption-title-font-weight:var(--h2_typography-font-weight);--awb-caption-title-font-style:var(--h2_typography-font-style);--awb-caption-title-size:var(--h2_typography-font-size);--awb-caption-title-transform:var(--h2_typography-text-transform);--awb-caption-title-line-height:var(--h2_typography-line-height);--awb-caption-title-letter-spacing:var(--h2_typography-letter-spacing);\"><span class=\" fusion-imageframe imageframe-none imageframe-3 hover-type-none\"><img decoding=\"async\" width=\"1200\" height=\"750\" alt=\"Vielseitig reinigen\" title=\"Karriere starkes Team\" src=\"https:\/\/www.columbus-clean.com\/wp-content\/uploads\/2019\/01\/karriere-tb-03-starkes-team.jpg\" class=\"img-responsive wp-image-24210\" srcset=\"https:\/\/www.columbus-clean.com\/wp-content\/uploads\/2019\/01\/karriere-tb-03-starkes-team-200x125.jpg 200w, https:\/\/www.columbus-clean.com\/wp-content\/uploads\/2019\/01\/karriere-tb-03-starkes-team-400x250.jpg 400w, https:\/\/www.columbus-clean.com\/wp-content\/uploads\/2019\/01\/karriere-tb-03-starkes-team-600x375.jpg 600w, https:\/\/www.columbus-clean.com\/wp-content\/uploads\/2019\/01\/karriere-tb-03-starkes-team-800x500.jpg 800w, https:\/\/www.columbus-clean.com\/wp-content\/uploads\/2019\/01\/karriere-tb-03-starkes-team.jpg 1200w\" sizes=\"(max-width: 1023px) 100vw, 600px\" \/><\/span><\/div><div class=\"fusion-sep-clear\"><\/div><div class=\"fusion-separator fusion-full-width-sep\" style=\"margin-left: auto;margin-right: auto;margin-bottom:15px;width:100%;\"><\/div><div class=\"fusion-sep-clear\"><\/div><div class=\"fusion-text fusion-text-6 headline-p\"><p>UBICACI\u00d3N<\/p>\n<\/div><div class=\"fusion-title title fusion-title-6 fusion-sep-none fusion-title-text fusion-title-size-five\" style=\"--awb-margin-top-small:0px;--awb-margin-right-small:0px;--awb-margin-bottom-small:20px;--awb-margin-left-small:0px;\"><h5 class=\"fusion-title-heading title-heading-left\" style=\"margin:0;\">\u00a1Equipo fuerte y en el coraz\u00f3n de Stuttgart!<\/h5><\/div><div class=\"fusion-sep-clear\"><\/div><div class=\"fusion-separator fusion-full-width-sep\" style=\"margin-left: auto;margin-right: auto;margin-bottom:5px;width:100%;\"><\/div><div class=\"fusion-sep-clear\"><\/div><div class=\"fusion-text fusion-text-7 info-text-gray\"><p>En nuestro equipo, contamos con un liderazgo joven, una cultura empresarial cercana y, adem\u00e1s, estamos ubicados en el coraz\u00f3n de Stuttgart. \u00a1Con nosotros, encontrar\u00e1s la combinaci\u00f3n perfecta entre tradici\u00f3n y futuro en un entorno tanto familiar como urbano!<\/p>\n<\/div><div class=\"fusion-clearfix\"><\/div><\/div><\/div><\/div><\/div><\/p>\n","protected":false},"excerpt":{"rendered":"","protected":false},"author":33,"featured_media":24211,"parent":24189,"menu_order":0,"comment_status":"closed","ping_status":"closed","template":"100-width.php","meta":{"footnotes":""},"class_list":["post-24205","page","type-page","status-publish","has-post-thumbnail","hentry"],"yoast_head":"<!-- This site is optimized with the Yoast SEO plugin v27.3 - https:\/\/yoast.com\/product\/yoast-seo-wordpress\/ -->\n<title>Trabajar como empleado industrial en las carreras de Columbus<\/title>\n<meta name=\"description\" content=\"Desde la limpieza profesional de alfombras sobre robustas fregadoras de cubierta hasta barredoras con conductor a pie, nuestro equipo desarrolla una gran cantidad de m\u00e1quinas de limpieza de alta calidad.\" \/>\n<meta name=\"robots\" content=\"index, follow, max-snippet:-1, max-image-preview:large, max-video-preview:-1\" \/>\n<link rel=\"canonical\" href=\"https:\/\/www.columbus-clean.com\/es\/sobre-nosotros\/carrera\/\" \/>\n<meta property=\"og:locale\" content=\"es_ES\" \/>\n<meta property=\"og:type\" content=\"article\" \/>\n<meta property=\"og:title\" content=\"Trabajar como empleado industrial en las carreras de Columbus\" \/>\n<meta property=\"og:description\" content=\"Desde la limpieza profesional de alfombras sobre robustas fregadoras de cubierta hasta barredoras con conductor a pie, nuestro equipo desarrolla una gran cantidad de m\u00e1quinas de limpieza de alta calidad.\" \/>\n<meta property=\"og:url\" content=\"https:\/\/www.columbus-clean.com\/es\/sobre-nosotros\/carrera\/\" \/>\n<meta property=\"og:site_name\" content=\"columbus Reinigungsmaschinen\" \/>\n<meta property=\"article:modified_time\" content=\"2025-05-15T08:19:36+00:00\" \/>\n<meta property=\"og:image\" content=\"https:\/\/www.columbus-clean.com\/wp-content\/uploads\/2019\/02\/karriere-ab-01-reinigungsmaschinen-hersteller.jpg\" \/>\n\t<meta property=\"og:image:width\" content=\"1920\" \/>\n\t<meta property=\"og:image:height\" content=\"550\" \/>\n\t<meta property=\"og:image:type\" content=\"image\/jpeg\" \/>\n<meta name=\"twitter:card\" content=\"summary_large_image\" \/>\n<meta name=\"twitter:label1\" content=\"Tiempo de lectura\" \/>\n\t<meta name=\"twitter:data1\" content=\"2 minutos\" \/>\n<script type=\"application\/ld+json\" class=\"yoast-schema-graph\">{\"@context\":\"https:\\\/\\\/schema.org\",\"@graph\":[{\"@type\":\"WebPage\",\"@id\":\"https:\\\/\\\/www.columbus-clean.com\\\/es\\\/sobre-nosotros\\\/carrera\\\/\",\"url\":\"https:\\\/\\\/www.columbus-clean.com\\\/es\\\/sobre-nosotros\\\/carrera\\\/\",\"name\":\"Trabajar como empleado industrial en las carreras de Columbus\",\"isPartOf\":{\"@id\":\"https:\\\/\\\/www.columbus-clean.com\\\/es\\\/#website\"},\"primaryImageOfPage\":{\"@id\":\"https:\\\/\\\/www.columbus-clean.com\\\/es\\\/sobre-nosotros\\\/carrera\\\/#primaryimage\"},\"image\":{\"@id\":\"https:\\\/\\\/www.columbus-clean.com\\\/es\\\/sobre-nosotros\\\/carrera\\\/#primaryimage\"},\"thumbnailUrl\":\"https:\\\/\\\/www.columbus-clean.com\\\/wp-content\\\/uploads\\\/2019\\\/02\\\/karriere-ab-01-reinigungsmaschinen-hersteller.jpg\",\"datePublished\":\"2021-06-30T13:36:16+00:00\",\"dateModified\":\"2025-05-15T08:19:36+00:00\",\"description\":\"Desde la limpieza profesional de alfombras sobre robustas fregadoras de cubierta hasta barredoras con conductor a pie, nuestro equipo desarrolla una gran cantidad de m\u00e1quinas de limpieza de alta calidad.\",\"breadcrumb\":{\"@id\":\"https:\\\/\\\/www.columbus-clean.com\\\/es\\\/sobre-nosotros\\\/carrera\\\/#breadcrumb\"},\"inLanguage\":\"es\",\"potentialAction\":[{\"@type\":\"ReadAction\",\"target\":[\"https:\\\/\\\/www.columbus-clean.com\\\/es\\\/sobre-nosotros\\\/carrera\\\/\"]}]},{\"@type\":\"ImageObject\",\"inLanguage\":\"es\",\"@id\":\"https:\\\/\\\/www.columbus-clean.com\\\/es\\\/sobre-nosotros\\\/carrera\\\/#primaryimage\",\"url\":\"https:\\\/\\\/www.columbus-clean.com\\\/wp-content\\\/uploads\\\/2019\\\/02\\\/karriere-ab-01-reinigungsmaschinen-hersteller.jpg\",\"contentUrl\":\"https:\\\/\\\/www.columbus-clean.com\\\/wp-content\\\/uploads\\\/2019\\\/02\\\/karriere-ab-01-reinigungsmaschinen-hersteller.jpg\",\"width\":1920,\"height\":550},{\"@type\":\"BreadcrumbList\",\"@id\":\"https:\\\/\\\/www.columbus-clean.com\\\/es\\\/sobre-nosotros\\\/carrera\\\/#breadcrumb\",\"itemListElement\":[{\"@type\":\"ListItem\",\"position\":1,\"name\":\"Startseite\",\"item\":\"https:\\\/\\\/www.columbus-clean.com\\\/es\\\/\"},{\"@type\":\"ListItem\",\"position\":2,\"name\":\"Sobre nosotros\",\"item\":\"https:\\\/\\\/www.columbus-clean.com\\\/es\\\/sobre-nosotros\\\/\"},{\"@type\":\"ListItem\",\"position\":3,\"name\":\"Carrera\"}]},{\"@type\":\"WebSite\",\"@id\":\"https:\\\/\\\/www.columbus-clean.com\\\/es\\\/#website\",\"url\":\"https:\\\/\\\/www.columbus-clean.com\\\/es\\\/\",\"name\":\"columbus Reinigungsmaschinen\",\"description\":\"Reinigungsautomaten und Industriesauger\",\"potentialAction\":[{\"@type\":\"SearchAction\",\"target\":{\"@type\":\"EntryPoint\",\"urlTemplate\":\"https:\\\/\\\/www.columbus-clean.com\\\/es\\\/?s={search_term_string}\"},\"query-input\":{\"@type\":\"PropertyValueSpecification\",\"valueRequired\":true,\"valueName\":\"search_term_string\"}}],\"inLanguage\":\"es\"}]}<\/script>\n<!-- \/ Yoast SEO plugin. -->","yoast_head_json":{"title":"Trabajar como empleado industrial en las carreras de Columbus","description":"Desde la limpieza profesional de alfombras sobre robustas fregadoras de cubierta hasta barredoras con conductor a pie, nuestro equipo desarrolla una gran cantidad de m\u00e1quinas de limpieza de alta calidad.","robots":{"index":"index","follow":"follow","max-snippet":"max-snippet:-1","max-image-preview":"max-image-preview:large","max-video-preview":"max-video-preview:-1"},"canonical":"https:\/\/www.columbus-clean.com\/es\/sobre-nosotros\/carrera\/","og_locale":"es_ES","og_type":"article","og_title":"Trabajar como empleado industrial en las carreras de Columbus","og_description":"Desde la limpieza profesional de alfombras sobre robustas fregadoras de cubierta hasta barredoras con conductor a pie, nuestro equipo desarrolla una gran cantidad de m\u00e1quinas de limpieza de alta calidad.","og_url":"https:\/\/www.columbus-clean.com\/es\/sobre-nosotros\/carrera\/","og_site_name":"columbus Reinigungsmaschinen","article_modified_time":"2025-05-15T08:19:36+00:00","og_image":[{"width":1920,"height":550,"url":"https:\/\/www.columbus-clean.com\/wp-content\/uploads\/2019\/02\/karriere-ab-01-reinigungsmaschinen-hersteller.jpg","type":"image\/jpeg"}],"twitter_card":"summary_large_image","twitter_misc":{"Tiempo de lectura":"2 minutos"},"schema":{"@context":"https:\/\/schema.org","@graph":[{"@type":"WebPage","@id":"https:\/\/www.columbus-clean.com\/es\/sobre-nosotros\/carrera\/","url":"https:\/\/www.columbus-clean.com\/es\/sobre-nosotros\/carrera\/","name":"Trabajar como empleado industrial en las carreras de Columbus","isPartOf":{"@id":"https:\/\/www.columbus-clean.com\/es\/#website"},"primaryImageOfPage":{"@id":"https:\/\/www.columbus-clean.com\/es\/sobre-nosotros\/carrera\/#primaryimage"},"image":{"@id":"https:\/\/www.columbus-clean.com\/es\/sobre-nosotros\/carrera\/#primaryimage"},"thumbnailUrl":"https:\/\/www.columbus-clean.com\/wp-content\/uploads\/2019\/02\/karriere-ab-01-reinigungsmaschinen-hersteller.jpg","datePublished":"2021-06-30T13:36:16+00:00","dateModified":"2025-05-15T08:19:36+00:00","description":"Desde la limpieza profesional de alfombras sobre robustas fregadoras de cubierta hasta barredoras con conductor a pie, nuestro equipo desarrolla una gran cantidad de m\u00e1quinas de limpieza de alta calidad.","breadcrumb":{"@id":"https:\/\/www.columbus-clean.com\/es\/sobre-nosotros\/carrera\/#breadcrumb"},"inLanguage":"es","potentialAction":[{"@type":"ReadAction","target":["https:\/\/www.columbus-clean.com\/es\/sobre-nosotros\/carrera\/"]}]},{"@type":"ImageObject","inLanguage":"es","@id":"https:\/\/www.columbus-clean.com\/es\/sobre-nosotros\/carrera\/#primaryimage","url":"https:\/\/www.columbus-clean.com\/wp-content\/uploads\/2019\/02\/karriere-ab-01-reinigungsmaschinen-hersteller.jpg","contentUrl":"https:\/\/www.columbus-clean.com\/wp-content\/uploads\/2019\/02\/karriere-ab-01-reinigungsmaschinen-hersteller.jpg","width":1920,"height":550},{"@type":"BreadcrumbList","@id":"https:\/\/www.columbus-clean.com\/es\/sobre-nosotros\/carrera\/#breadcrumb","itemListElement":[{"@type":"ListItem","position":1,"name":"Startseite","item":"https:\/\/www.columbus-clean.com\/es\/"},{"@type":"ListItem","position":2,"name":"Sobre nosotros","item":"https:\/\/www.columbus-clean.com\/es\/sobre-nosotros\/"},{"@type":"ListItem","position":3,"name":"Carrera"}]},{"@type":"WebSite","@id":"https:\/\/www.columbus-clean.com\/es\/#website","url":"https:\/\/www.columbus-clean.com\/es\/","name":"columbus Reinigungsmaschinen","description":"Reinigungsautomaten und Industriesauger","potentialAction":[{"@type":"SearchAction","target":{"@type":"EntryPoint","urlTemplate":"https:\/\/www.columbus-clean.com\/es\/?s={search_term_string}"},"query-input":{"@type":"PropertyValueSpecification","valueRequired":true,"valueName":"search_term_string"}}],"inLanguage":"es"}]}},"_links":{"self":[{"href":"https:\/\/www.columbus-clean.com\/es\/wp-json\/wp\/v2\/pages\/24205","targetHints":{"allow":["GET"]}}],"collection":[{"href":"https:\/\/www.columbus-clean.com\/es\/wp-json\/wp\/v2\/pages"}],"about":[{"href":"https:\/\/www.columbus-clean.com\/es\/wp-json\/wp\/v2\/types\/page"}],"author":[{"embeddable":true,"href":"https:\/\/www.columbus-clean.com\/es\/wp-json\/wp\/v2\/users\/33"}],"replies":[{"embeddable":true,"href":"https:\/\/www.columbus-clean.com\/es\/wp-json\/wp\/v2\/comments?post=24205"}],"version-history":[{"count":0,"href":"https:\/\/www.columbus-clean.com\/es\/wp-json\/wp\/v2\/pages\/24205\/revisions"}],"up":[{"embeddable":true,"href":"https:\/\/www.columbus-clean.com\/es\/wp-json\/wp\/v2\/pages\/24189"}],"wp:featuredmedia":[{"embeddable":true,"href":"https:\/\/www.columbus-clean.com\/es\/wp-json\/wp\/v2\/media\/24211"}],"wp:attachment":[{"href":"https:\/\/www.columbus-clean.com\/es\/wp-json\/wp\/v2\/media?parent=24205"}],"curies":[{"name":"wp","href":"https:\/\/api.w.org\/{rel}","templated":true}]}}