{"id":48747,"date":"2022-03-22T12:33:39","date_gmt":"2022-03-22T11:33:39","guid":{"rendered":"https:\/\/www.columbus-clean.com\/?page_id=48747"},"modified":"2025-04-24T11:38:11","modified_gmt":"2025-04-24T09:38:11","slug":"noticias","status":"publish","type":"page","link":"https:\/\/www.columbus-clean.com\/es\/noticias\/","title":{"rendered":"Noticias"},"content":{"rendered":"<p><div class=\"fusion-fullwidth fullwidth-box fusion-builder-row-1 has-pattern-background has-mask-background fusion-parallax-none nonhundred-percent-fullwidth non-hundred-percent-height-scrolling limited-width-heading head-lenght-long\" style=\"--awb-border-radius-top-left:0px;--awb-border-radius-top-right:0px;--awb-border-radius-bottom-right:0px;--awb-border-radius-bottom-left:0px;--awb-background-color:#e3e8ec;--awb-background-image:url(&quot;https:\/\/www.columbus-clean.com\/wp-content\/uploads\/2019\/03\/news-ab-01-messe-reinigungsmaschinen.jpg&quot;);--awb-background-size:cover;--awb-flex-wrap:wrap;\" id=\"opener\" ><div class=\"fusion-builder-row fusion-row\"><div class=\"fusion-layout-column fusion_builder_column fusion-builder-column-0 fusion_builder_column_1_1 1_1 fusion-one-full fusion-column-first fusion-column-last fusion-column-inner-bg-wrapper\" style=\"--awb-inner-bg-position:center top;--awb-inner-bg-size:cover;\"><span class=\"fusion-column-inner-bg hover-type-zoomin\"><span class=\"fusion-column-anchor\"><span class=\"fusion-column-inner-bg-image\"><\/span><\/span><\/span><div class=\"fusion-column-wrapper fusion-flex-column-wrapper-legacy\"><div class=\"fusion-title title fusion-title-1 fusion-sep-none fusion-title-text fusion-title-size-one\" style=\"--awb-margin-top-small:0px;--awb-margin-right-small:0px;--awb-margin-bottom-small:20px;--awb-margin-left-small:0px;\"><h1 class=\"fusion-title-heading title-heading-left\" style=\"margin:0;\">Prensa &amp; noticias<\/h1><\/div><div class=\"fusion-sep-clear\"><\/div><div class=\"fusion-separator fusion-full-width-sep\" style=\"margin-left: auto;margin-right: auto;margin-bottom:10px;width:100%;\"><\/div><div class=\"fusion-sep-clear\"><\/div><div class=\"fusion-clearfix\"><\/div><\/div><\/div><\/div><\/div><div class=\"fusion-fullwidth fullwidth-box fusion-builder-row-2 nonhundred-percent-fullwidth non-hundred-percent-height-scrolling\" style=\"--awb-border-radius-top-left:0px;--awb-border-radius-top-right:0px;--awb-border-radius-bottom-right:0px;--awb-border-radius-bottom-left:0px;--awb-flex-wrap:wrap;\" id=\"press-news\" ><div class=\"fusion-builder-row fusion-row\"><div class=\"fusion-layout-column fusion_builder_column fusion-builder-column-1 fusion_builder_column_4_5 4_5 fusion-four-fifth fusion-column-first\" style=\"--awb-bg-size:cover;width:80%;width:calc(80% - ( ( 4% ) * 0.8 ) );margin-right: 4%;\"><div class=\"fusion-column-wrapper fusion-flex-column-wrapper-legacy\"><div class=\"fusion-blog-shortcode fusion-blog-shortcode-1 fusion-blog-archive fusion-blog-layout-medium fusion-blog-pagination\"><div class=\"fusion-posts-container fusion-posts-container-pagination\" data-pages=\"1\"><article id=\"blog-1-post-57789\" class=\"fusion-post-medium post-57789 post type-post status-publish format-standard has-post-thumbnail hentry category-sin-categorizar\">\n\t<style type=\"text\/css\">\n\t\t\n\t\t\n\t\t\n\t\t\n\t\t\t<\/style>\n\n\n\t\t\t<div class=\"fusion-flexslider flexslider fusion-flexslider-loading fusion-post-slideshow\" style=\"\">\n\t\t<ul class=\"slides\">\n\t\t\t\n\t\t\t\t\t\t\t\t\t\t\t\t\t\t<li><div  class=\"fusion-image-wrapper fusion-image-size-fixed\" aria-haspopup=\"true\">\n\t\t\t\t\t\t\t<a href=\"https:\/\/www.columbus-clean.com\/es\/news\/las-nuevas-maquinas-de-60-litros-de-columbus\/\" aria-label=\"Las nuevas m\u00e1quinas de 60 litros de columbus\">\n\t\t\t\t\t\t\t<img decoding=\"async\" width=\"320\" height=\"202\" src=\"https:\/\/www.columbus-clean.com\/wp-content\/uploads\/2022\/09\/60liter-columbus-news-1-320x202.jpg\" class=\"attachment-blog-medium size-blog-medium wp-post-image\" alt=\"\" srcset=\"https:\/\/www.columbus-clean.com\/wp-content\/uploads\/2022\/09\/60liter-columbus-news-1-320x202.jpg 320w, https:\/\/www.columbus-clean.com\/wp-content\/uploads\/2022\/09\/60liter-columbus-news-1-700x441.jpg 700w\" sizes=\"(max-width: 320px) 100vw, 320px\" \/>\t\t\t<\/a>\n\t\t\t\t\t\t\t<\/div>\n<\/li>\n\t\t\t\n\t\t\t\n\t\t\t\t\t\t\t\t\t\t\t\t\t\t\t\t\t\t\t\t\t\t\t\t\t\t\t\t\t\t\t\t\t\t\t\t\t\t\t\t\t\t\t\t\t\t\t\t\t\t\t\t\t\t\t\t\t\t\t\t\t\t\t\t\t\t\t\t<\/ul>\n\t<\/div>\n\t<div class=\"fusion-post-content post-content\"><h2 class=\"blog-shortcode-post-title entry-title\"><a href=\"https:\/\/www.columbus-clean.com\/es\/news\/las-nuevas-maquinas-de-60-litros-de-columbus\/\">Las nuevas m\u00e1quinas de 60 litros de columbus<\/a><\/h2><div class=\"fusion-post-content-container\"><p>Todo en su sitio, todo a punto.\r\n\r\n<\/p><div class=\"news-overlay\">\r\n\t<p>Reducir al m\u00e1ximo:<\/p>\r\n\t<a title=\"mehr erfahren\" href=\"https:\/\/www.columbus-clean.com\/es\/news\/las-nuevas-maquinas-de-60-litros-de-columbus\/\">Las nuevas m\u00e1quinas de 60 litros de columbus<\/a>\r\n<\/div><\/div><\/div><div class=\"fusion-clearfix\"><\/div><div class=\"fusion-meta-info\"><div class=\"fusion-alignleft\"><span class=\"vcard\" style=\"display: none;\"><span class=\"fn\"><a href=\"https:\/\/www.columbus-clean.com\/es\/author\/natascha-burger\/\" title=\"Entradas de natascha.burger\" rel=\"author\">natascha.burger<\/a><\/span><\/span><span class=\"updated\" style=\"display:none;\">2025-07-14T11:45:04+02:00<\/span><span>14.07.2025<\/span><span class=\"fusion-inline-sep\">|<\/span><\/div><\/div><\/article>\n<article id=\"blog-1-post-156110\" class=\"fusion-post-medium post-156110 post type-post status-publish format-standard has-post-thumbnail hentry category-sin-categorizar\">\n\t<style type=\"text\/css\">\n\t\t\n\t\t\n\t\t\n\t\t\n\t\t\t<\/style>\n\n\n\t\t\t<div class=\"fusion-flexslider flexslider fusion-flexslider-loading fusion-post-slideshow\" style=\"\">\n\t\t<ul class=\"slides\">\n\t\t\t\n\t\t\t\t\t\t\t\t\t\t\t\t\t\t<li><div  class=\"fusion-image-wrapper fusion-image-size-fixed\" aria-haspopup=\"true\">\n\t\t\t\t\t\t\t<a href=\"https:\/\/www.columbus-clean.com\/es\/news\/la-nueva-serie-de-acero-inoxidable-de-columbus\/\" aria-label=\"La nueva serie de acero inoxidable de columbus\">\n\t\t\t\t\t\t\t<img decoding=\"async\" width=\"320\" height=\"202\" src=\"https:\/\/www.columbus-clean.com\/wp-content\/uploads\/2025\/07\/INOX_composing_web-320x202.jpg\" class=\"attachment-blog-medium size-blog-medium wp-post-image\" alt=\"La serie INOX de columbus: alta resistencia a la corrosi\u00f3n para entornos de trabajo agresivos.\" srcset=\"https:\/\/www.columbus-clean.com\/wp-content\/uploads\/2025\/07\/INOX_composing_web-320x202.jpg 320w, https:\/\/www.columbus-clean.com\/wp-content\/uploads\/2025\/07\/INOX_composing_web-700x441.jpg 700w\" sizes=\"(max-width: 320px) 100vw, 320px\" \/>\t\t\t<\/a>\n\t\t\t\t\t\t\t<\/div>\n<\/li>\n\t\t\t\n\t\t\t\n\t\t\t\t\t\t\t\t\t\t\t\t\t\t\t\t\t\t\t\t\t\t\t\t\t\t\t\t\t\t\t\t\t\t\t\t\t\t\t\t\t\t\t\t\t\t\t\t\t\t\t\t\t\t\t\t\t\t\t\t\t\t\t\t\t\t\t\t<\/ul>\n\t<\/div>\n\t<div class=\"fusion-post-content post-content\"><h2 class=\"blog-shortcode-post-title entry-title\"><a href=\"https:\/\/www.columbus-clean.com\/es\/news\/la-nueva-serie-de-acero-inoxidable-de-columbus\/\">La nueva serie de acero inoxidable de columbus<\/a><\/h2><div class=\"fusion-post-content-container\"><p>La gama de productos INOX y noBAC\u00ae\r\n\r\n<\/p><div class=\"news-overlay\">\r\n\t<p>La nueva serie de acero inoxidable de columbus<\/p>\r\n\t<a title=\"m\u00e1s informaci\u00f3n\" href=\"https:\/\/www.columbus-clean.com\/es\/news\/la-nueva-serie-de-acero-inoxidable-de-columbus\">para los m\u00e1s altos niveles de higiene y durabilidad.<\/a>\r\n<\/div><\/div><\/div><div class=\"fusion-clearfix\"><\/div><div class=\"fusion-meta-info\"><div class=\"fusion-alignleft\"><span class=\"vcard\" style=\"display: none;\"><span class=\"fn\"><a href=\"https:\/\/www.columbus-clean.com\/es\/author\/natascha-burger\/\" title=\"Entradas de natascha.burger\" rel=\"author\">natascha.burger<\/a><\/span><\/span><span class=\"updated\" style=\"display:none;\">2025-07-14T11:29:21+02:00<\/span><span>8.07.2025<\/span><span class=\"fusion-inline-sep\">|<\/span><\/div><\/div><\/article>\n<article id=\"blog-1-post-120400\" class=\"fusion-post-medium post-120400 post type-post status-publish format-standard has-post-thumbnail hentry category-sin-categorizar\">\n\t<style type=\"text\/css\">\n\t\t\n\t\t\n\t\t\n\t\t\n\t\t\t<\/style>\n\n\n\t\t\t<div class=\"fusion-flexslider flexslider fusion-flexslider-loading fusion-post-slideshow\" style=\"\">\n\t\t<ul class=\"slides\">\n\t\t\t\n\t\t\t\t\t\t\t\t\t\t\t\t\t\t<li><div  class=\"fusion-image-wrapper fusion-image-size-fixed\" aria-haspopup=\"true\">\n\t\t\t\t\t\t\t<a href=\"https:\/\/www.columbus-clean.com\/es\/news\/exito-rotundo-de-columbus-en-hygienalia-2023-en-madrid\/\" aria-label=\"\u00c9xito rotundo de columbus en Hygienalia 2023 en Madrid\">\n\t\t\t\t\t\t\t<img decoding=\"async\" width=\"320\" height=\"202\" src=\"https:\/\/www.columbus-clean.com\/wp-content\/uploads\/2023\/11\/2023-11-pm-columbus-hygienalia-web-320x202.jpg\" class=\"attachment-blog-medium size-blog-medium wp-post-image\" alt=\"\" srcset=\"https:\/\/www.columbus-clean.com\/wp-content\/uploads\/2023\/11\/2023-11-pm-columbus-hygienalia-web-320x202.jpg 320w, https:\/\/www.columbus-clean.com\/wp-content\/uploads\/2023\/11\/2023-11-pm-columbus-hygienalia-web-700x441.jpg 700w\" sizes=\"(max-width: 320px) 100vw, 320px\" \/>\t\t\t<\/a>\n\t\t\t\t\t\t\t<\/div>\n<\/li>\n\t\t\t\n\t\t\t\n\t\t\t\t\t\t\t\t\t\t\t\t\t\t\t\t\t\t\t\t\t\t\t\t\t\t\t\t\t\t\t\t\t\t\t\t\t\t\t\t\t\t\t\t\t\t\t\t\t\t\t\t\t\t\t\t\t\t\t\t\t\t\t\t\t\t\t\t<\/ul>\n\t<\/div>\n\t<div class=\"fusion-post-content post-content\"><h2 class=\"blog-shortcode-post-title entry-title\"><a href=\"https:\/\/www.columbus-clean.com\/es\/news\/exito-rotundo-de-columbus-en-hygienalia-2023-en-madrid\/\">\u00c9xito rotundo de columbus en Hygienalia 2023 en Madrid<\/a><\/h2><div class=\"fusion-post-content-container\"><p>columbus presenta sus nuevos productos.\r\n\r\n<\/p><div class=\"news-overlay\">\r\n\t<p>Gran atenci\u00f3n en el stand de Hygienalia.<\/p>\r\n\t<a title=\"m\u00e1s informaci\u00f3n\" href=\"https:\/\/www.columbus-clean.com\/es\/news\/exito-rotundo-de-columbus-en-hygienalia-2023-en-madrid\/\">Presentaci\u00f3n en Madrid de innovaciones de producto pioneras.<\/a>\r\n<\/div><\/div><\/div><div class=\"fusion-clearfix\"><\/div><div class=\"fusion-meta-info\"><div class=\"fusion-alignleft\"><span class=\"vcard\" style=\"display: none;\"><span class=\"fn\"><a href=\"https:\/\/www.columbus-clean.com\/es\/author\/natascha-burger\/\" title=\"Entradas de natascha.burger\" rel=\"author\">natascha.burger<\/a><\/span><\/span><span class=\"updated\" style=\"display:none;\">2025-02-18T08:56:51+01:00<\/span><span>16.11.2023<\/span><span class=\"fusion-inline-sep\">|<\/span><\/div><\/div><\/article>\n<article id=\"blog-1-post-58124\" class=\"fusion-post-medium post-58124 post type-post status-publish format-standard has-post-thumbnail hentry category-sin-categorizar\">\n\t<style type=\"text\/css\">\n\t\t\n\t\t\n\t\t\n\t\t\n\t\t\t<\/style>\n\n\n\t\t\t<div class=\"fusion-flexslider flexslider fusion-flexslider-loading fusion-post-slideshow\" style=\"\">\n\t\t<ul class=\"slides\">\n\t\t\t\n\t\t\t\t\t\t\t\t\t\t\t\t\t\t<li><div  class=\"fusion-image-wrapper fusion-image-size-fixed\" aria-haspopup=\"true\">\n\t\t\t\t\t\t\t<a href=\"https:\/\/www.columbus-clean.com\/es\/news\/nuevas-maquinas-excentricas-x-500-s-y-x-500\/\" aria-label=\"Nuevas m\u00e1quinas exc\u00e9ntricas X 500|S y X 500\">\n\t\t\t\t\t\t\t<img decoding=\"async\" width=\"320\" height=\"202\" src=\"https:\/\/www.columbus-clean.com\/wp-content\/uploads\/2022\/10\/X500S-news-startseite-1-320x202.jpg\" class=\"attachment-blog-medium size-blog-medium wp-post-image\" alt=\"\" srcset=\"https:\/\/www.columbus-clean.com\/wp-content\/uploads\/2022\/10\/X500S-news-startseite-1-320x202.jpg 320w, https:\/\/www.columbus-clean.com\/wp-content\/uploads\/2022\/10\/X500S-news-startseite-1-700x441.jpg 700w\" sizes=\"(max-width: 320px) 100vw, 320px\" \/>\t\t\t<\/a>\n\t\t\t\t\t\t\t<\/div>\n<\/li>\n\t\t\t\n\t\t\t\n\t\t\t\t\t\t\t\t\t\t\t\t\t\t\t\t\t\t\t\t\t\t\t\t\t\t\t\t\t\t\t\t\t\t\t\t\t\t\t\t\t\t\t\t\t\t\t\t\t\t\t\t\t\t\t\t\t\t\t\t\t\t\t\t\t\t\t\t<\/ul>\n\t<\/div>\n\t<div class=\"fusion-post-content post-content\"><h2 class=\"blog-shortcode-post-title entry-title\"><a href=\"https:\/\/www.columbus-clean.com\/es\/news\/nuevas-maquinas-excentricas-x-500-s-y-x-500\/\">Nuevas m\u00e1quinas exc\u00e9ntricas X 500|S y X 500<\/a><\/h2><div class=\"fusion-post-content-container\"><p>La columbus entre las m\u00e1quinas exc\u00e9ntricas.\r\n\r\n<\/p><div class=\"news-overlay\">\r\n\t<p>M\u00e1s plano. M\u00e1s modular. M\u00e1s m\u00f3vil.<\/p>\r\n\t<a title=\"m\u00e1s informaci\u00f3n\" href=\"https:\/\/www.columbus-clean.com\/es\/news\/nuevas-maquinas-excentricas-x-500-s-y-x-500\/\">Las nuevas m\u00e1quinas exc\u00e9ntricas marcan con caracter\u00edsticas claras.<\/a>\r\n<\/div><\/div><\/div><div class=\"fusion-clearfix\"><\/div><div class=\"fusion-meta-info\"><div class=\"fusion-alignleft\"><span class=\"vcard\" style=\"display: none;\"><span class=\"fn\"><a href=\"https:\/\/www.columbus-clean.com\/es\/author\/natascha-burger\/\" title=\"Entradas de natascha.burger\" rel=\"author\">natascha.burger<\/a><\/span><\/span><span class=\"updated\" style=\"display:none;\">2024-01-23T13:29:30+01:00<\/span><span>14.10.2022<\/span><span class=\"fusion-inline-sep\">|<\/span><\/div><\/div><\/article>\n<article id=\"blog-1-post-48740\" class=\"fusion-post-medium post-48740 post type-post status-publish format-standard has-post-thumbnail hentry category-sin-categorizar\">\n\t<style type=\"text\/css\">\n\t\t\n\t\t\n\t\t\n\t\t\n\t\t\t<\/style>\n\n\n\t\t\t<div class=\"fusion-flexslider flexslider fusion-flexslider-loading fusion-post-slideshow\" style=\"\">\n\t\t<ul class=\"slides\">\n\t\t\t\n\t\t\t\t\t\t\t\t\t\t\t\t\t\t<li><div  class=\"fusion-image-wrapper fusion-image-size-fixed\" aria-haspopup=\"true\">\n\t\t\t\t\t\t\t<a href=\"https:\/\/www.columbus-clean.com\/es\/news\/maquinas-columbus-con-certificado-green-cleaning\/\" aria-label=\"M\u00e1quinas columbus con certificado green cleaning\">\n\t\t\t\t\t\t\t<img decoding=\"async\" width=\"320\" height=\"202\" src=\"https:\/\/www.columbus-clean.com\/wp-content\/uploads\/2022\/03\/Webnews_Flotte_Startseite-Kopie-1-320x202.jpg\" class=\"attachment-blog-medium size-blog-medium wp-post-image\" alt=\"\" srcset=\"https:\/\/www.columbus-clean.com\/wp-content\/uploads\/2022\/03\/Webnews_Flotte_Startseite-Kopie-1-320x202.jpg 320w, https:\/\/www.columbus-clean.com\/wp-content\/uploads\/2022\/03\/Webnews_Flotte_Startseite-Kopie-1-700x441.jpg 700w\" sizes=\"(max-width: 320px) 100vw, 320px\" \/>\t\t\t<\/a>\n\t\t\t\t\t\t\t<\/div>\n<\/li>\n\t\t\t\n\t\t\t\n\t\t\t\t\t\t\t\t\t\t\t\t\t\t\t\t\t\t\t\t\t\t\t\t\t\t\t\t\t\t\t\t\t\t\t\t\t\t\t\t\t\t\t\t\t\t\t\t\t\t\t\t\t\t\t\t\t\t\t\t\t\t\t\t\t\t\t\t<\/ul>\n\t<\/div>\n\t<div class=\"fusion-post-content post-content\"><h2 class=\"blog-shortcode-post-title entry-title\"><a href=\"https:\/\/www.columbus-clean.com\/es\/news\/maquinas-columbus-con-certificado-green-cleaning\/\">M\u00e1quinas columbus con certificado green cleaning<\/a><\/h2><div class=\"fusion-post-content-container\"><p>columbus forma parte de la iniciativa \"green cleaning\" de eunited cleaning.\r\n\r\n<\/p><div class=\"news-overlay\">\r\n\t<p>EUnited<\/p>\r\n\t<a title=\"m\u00e1s informaci\u00f3n\" href=\"https:\/\/www.columbus-clean.com\/es\/news\/maquinas-columbus-con-certificado-green-cleaning\/\">M\u00e1quinas columbus con certificado green cleaning<\/a>\r\n<\/div><\/div><\/div><div class=\"fusion-clearfix\"><\/div><div class=\"fusion-meta-info\"><div class=\"fusion-alignleft\"><span class=\"vcard\" style=\"display: none;\"><span class=\"fn\"><a href=\"https:\/\/www.columbus-clean.com\/es\/author\/natascha-burger\/\" title=\"Entradas de natascha.burger\" rel=\"author\">natascha.burger<\/a><\/span><\/span><span class=\"updated\" style=\"display:none;\">2023-11-16T09:58:21+01:00<\/span><span>22.03.2022<\/span><span class=\"fusion-inline-sep\">|<\/span><\/div><\/div><\/article>\n<\/div><\/div><div class=\"fusion-clearfix\"><\/div><\/div><\/div><div class=\"fusion-layout-column fusion_builder_column fusion-builder-column-2 fusion_builder_column_1_5 1_5 fusion-one-fifth fusion-column-last\" style=\"--awb-bg-size:cover;width:20%;width:calc(20% - ( ( 4% ) * 0.2 ) );\"><div class=\"fusion-column-wrapper fusion-flex-column-wrapper-legacy\"><div class=\"fusion-clearfix\"><\/div><\/div><\/div><\/div><\/div><\/p>\n","protected":false},"excerpt":{"rendered":"","protected":false},"author":33,"featured_media":32685,"parent":0,"menu_order":0,"comment_status":"closed","ping_status":"closed","template":"100-width.php","meta":{"footnotes":""},"class_list":["post-48747","page","type-page","status-publish","has-post-thumbnail","hentry"],"yoast_head":"<!-- This site is optimized with the Yoast SEO plugin v27.3 - https:\/\/yoast.com\/product\/yoast-seo-wordpress\/ -->\n<title>Noticias sobre m\u00e1quinas de limpieza Columbus<\/title>\n<meta name=\"description\" content=\"Aqu\u00ed encontrar\u00e1 las \u00faltimas noticias y actualizaciones sobre las m\u00e1quinas de limpieza Columbus y los productos de limpieza profesional.\" \/>\n<meta name=\"robots\" content=\"index, follow, max-snippet:-1, max-image-preview:large, max-video-preview:-1\" \/>\n<link rel=\"canonical\" href=\"https:\/\/www.columbus-clean.com\/es\/noticias\/\" \/>\n<meta property=\"og:locale\" content=\"es_ES\" \/>\n<meta property=\"og:type\" content=\"article\" \/>\n<meta property=\"og:title\" content=\"Noticias sobre m\u00e1quinas de limpieza Columbus\" \/>\n<meta property=\"og:description\" content=\"Aqu\u00ed encontrar\u00e1 las \u00faltimas noticias y actualizaciones sobre las m\u00e1quinas de limpieza Columbus y los productos de limpieza profesional.\" \/>\n<meta property=\"og:url\" content=\"https:\/\/www.columbus-clean.com\/es\/noticias\/\" \/>\n<meta property=\"og:site_name\" content=\"columbus Reinigungsmaschinen\" \/>\n<meta property=\"article:modified_time\" content=\"2025-04-24T09:38:11+00:00\" \/>\n<meta property=\"og:image\" content=\"https:\/\/www.columbus-clean.com\/wp-content\/uploads\/2019\/03\/news-ab-01-messe-reinigungsmaschinen.jpg\" \/>\n\t<meta property=\"og:image:width\" content=\"1920\" \/>\n\t<meta property=\"og:image:height\" content=\"550\" \/>\n\t<meta property=\"og:image:type\" content=\"image\/jpeg\" \/>\n<meta name=\"twitter:card\" content=\"summary_large_image\" \/>\n<meta name=\"twitter:label1\" content=\"Tiempo de lectura\" \/>\n\t<meta name=\"twitter:data1\" content=\"2 minutos\" \/>\n<script type=\"application\/ld+json\" class=\"yoast-schema-graph\">{\"@context\":\"https:\\\/\\\/schema.org\",\"@graph\":[{\"@type\":\"WebPage\",\"@id\":\"https:\\\/\\\/www.columbus-clean.com\\\/es\\\/noticias\\\/\",\"url\":\"https:\\\/\\\/www.columbus-clean.com\\\/es\\\/noticias\\\/\",\"name\":\"Noticias sobre m\u00e1quinas de limpieza Columbus\",\"isPartOf\":{\"@id\":\"https:\\\/\\\/www.columbus-clean.com\\\/es\\\/#website\"},\"primaryImageOfPage\":{\"@id\":\"https:\\\/\\\/www.columbus-clean.com\\\/es\\\/noticias\\\/#primaryimage\"},\"image\":{\"@id\":\"https:\\\/\\\/www.columbus-clean.com\\\/es\\\/noticias\\\/#primaryimage\"},\"thumbnailUrl\":\"https:\\\/\\\/www.columbus-clean.com\\\/wp-content\\\/uploads\\\/2019\\\/03\\\/news-ab-01-messe-reinigungsmaschinen.jpg\",\"datePublished\":\"2022-03-22T11:33:39+00:00\",\"dateModified\":\"2025-04-24T09:38:11+00:00\",\"description\":\"Aqu\u00ed encontrar\u00e1 las \u00faltimas noticias y actualizaciones sobre las m\u00e1quinas de limpieza Columbus y los productos de limpieza profesional.\",\"breadcrumb\":{\"@id\":\"https:\\\/\\\/www.columbus-clean.com\\\/es\\\/noticias\\\/#breadcrumb\"},\"inLanguage\":\"es\",\"potentialAction\":[{\"@type\":\"ReadAction\",\"target\":[\"https:\\\/\\\/www.columbus-clean.com\\\/es\\\/noticias\\\/\"]}]},{\"@type\":\"ImageObject\",\"inLanguage\":\"es\",\"@id\":\"https:\\\/\\\/www.columbus-clean.com\\\/es\\\/noticias\\\/#primaryimage\",\"url\":\"https:\\\/\\\/www.columbus-clean.com\\\/wp-content\\\/uploads\\\/2019\\\/03\\\/news-ab-01-messe-reinigungsmaschinen.jpg\",\"contentUrl\":\"https:\\\/\\\/www.columbus-clean.com\\\/wp-content\\\/uploads\\\/2019\\\/03\\\/news-ab-01-messe-reinigungsmaschinen.jpg\",\"width\":1920,\"height\":550,\"caption\":\"Messe Reinigungsmaschinen\"},{\"@type\":\"BreadcrumbList\",\"@id\":\"https:\\\/\\\/www.columbus-clean.com\\\/es\\\/noticias\\\/#breadcrumb\",\"itemListElement\":[{\"@type\":\"ListItem\",\"position\":1,\"name\":\"Startseite\",\"item\":\"https:\\\/\\\/www.columbus-clean.com\\\/es\\\/\"},{\"@type\":\"ListItem\",\"position\":2,\"name\":\"Noticias\"}]},{\"@type\":\"WebSite\",\"@id\":\"https:\\\/\\\/www.columbus-clean.com\\\/es\\\/#website\",\"url\":\"https:\\\/\\\/www.columbus-clean.com\\\/es\\\/\",\"name\":\"columbus Reinigungsmaschinen\",\"description\":\"Reinigungsautomaten und Industriesauger\",\"potentialAction\":[{\"@type\":\"SearchAction\",\"target\":{\"@type\":\"EntryPoint\",\"urlTemplate\":\"https:\\\/\\\/www.columbus-clean.com\\\/es\\\/?s={search_term_string}\"},\"query-input\":{\"@type\":\"PropertyValueSpecification\",\"valueRequired\":true,\"valueName\":\"search_term_string\"}}],\"inLanguage\":\"es\"}]}<\/script>\n<!-- \/ Yoast SEO plugin. -->","yoast_head_json":{"title":"Noticias sobre m\u00e1quinas de limpieza Columbus","description":"Aqu\u00ed encontrar\u00e1 las \u00faltimas noticias y actualizaciones sobre las m\u00e1quinas de limpieza Columbus y los productos de limpieza profesional.","robots":{"index":"index","follow":"follow","max-snippet":"max-snippet:-1","max-image-preview":"max-image-preview:large","max-video-preview":"max-video-preview:-1"},"canonical":"https:\/\/www.columbus-clean.com\/es\/noticias\/","og_locale":"es_ES","og_type":"article","og_title":"Noticias sobre m\u00e1quinas de limpieza Columbus","og_description":"Aqu\u00ed encontrar\u00e1 las \u00faltimas noticias y actualizaciones sobre las m\u00e1quinas de limpieza Columbus y los productos de limpieza profesional.","og_url":"https:\/\/www.columbus-clean.com\/es\/noticias\/","og_site_name":"columbus Reinigungsmaschinen","article_modified_time":"2025-04-24T09:38:11+00:00","og_image":[{"width":1920,"height":550,"url":"https:\/\/www.columbus-clean.com\/wp-content\/uploads\/2019\/03\/news-ab-01-messe-reinigungsmaschinen.jpg","type":"image\/jpeg"}],"twitter_card":"summary_large_image","twitter_misc":{"Tiempo de lectura":"2 minutos"},"schema":{"@context":"https:\/\/schema.org","@graph":[{"@type":"WebPage","@id":"https:\/\/www.columbus-clean.com\/es\/noticias\/","url":"https:\/\/www.columbus-clean.com\/es\/noticias\/","name":"Noticias sobre m\u00e1quinas de limpieza Columbus","isPartOf":{"@id":"https:\/\/www.columbus-clean.com\/es\/#website"},"primaryImageOfPage":{"@id":"https:\/\/www.columbus-clean.com\/es\/noticias\/#primaryimage"},"image":{"@id":"https:\/\/www.columbus-clean.com\/es\/noticias\/#primaryimage"},"thumbnailUrl":"https:\/\/www.columbus-clean.com\/wp-content\/uploads\/2019\/03\/news-ab-01-messe-reinigungsmaschinen.jpg","datePublished":"2022-03-22T11:33:39+00:00","dateModified":"2025-04-24T09:38:11+00:00","description":"Aqu\u00ed encontrar\u00e1 las \u00faltimas noticias y actualizaciones sobre las m\u00e1quinas de limpieza Columbus y los productos de limpieza profesional.","breadcrumb":{"@id":"https:\/\/www.columbus-clean.com\/es\/noticias\/#breadcrumb"},"inLanguage":"es","potentialAction":[{"@type":"ReadAction","target":["https:\/\/www.columbus-clean.com\/es\/noticias\/"]}]},{"@type":"ImageObject","inLanguage":"es","@id":"https:\/\/www.columbus-clean.com\/es\/noticias\/#primaryimage","url":"https:\/\/www.columbus-clean.com\/wp-content\/uploads\/2019\/03\/news-ab-01-messe-reinigungsmaschinen.jpg","contentUrl":"https:\/\/www.columbus-clean.com\/wp-content\/uploads\/2019\/03\/news-ab-01-messe-reinigungsmaschinen.jpg","width":1920,"height":550,"caption":"Messe Reinigungsmaschinen"},{"@type":"BreadcrumbList","@id":"https:\/\/www.columbus-clean.com\/es\/noticias\/#breadcrumb","itemListElement":[{"@type":"ListItem","position":1,"name":"Startseite","item":"https:\/\/www.columbus-clean.com\/es\/"},{"@type":"ListItem","position":2,"name":"Noticias"}]},{"@type":"WebSite","@id":"https:\/\/www.columbus-clean.com\/es\/#website","url":"https:\/\/www.columbus-clean.com\/es\/","name":"columbus Reinigungsmaschinen","description":"Reinigungsautomaten und Industriesauger","potentialAction":[{"@type":"SearchAction","target":{"@type":"EntryPoint","urlTemplate":"https:\/\/www.columbus-clean.com\/es\/?s={search_term_string}"},"query-input":{"@type":"PropertyValueSpecification","valueRequired":true,"valueName":"search_term_string"}}],"inLanguage":"es"}]}},"_links":{"self":[{"href":"https:\/\/www.columbus-clean.com\/es\/wp-json\/wp\/v2\/pages\/48747","targetHints":{"allow":["GET"]}}],"collection":[{"href":"https:\/\/www.columbus-clean.com\/es\/wp-json\/wp\/v2\/pages"}],"about":[{"href":"https:\/\/www.columbus-clean.com\/es\/wp-json\/wp\/v2\/types\/page"}],"author":[{"embeddable":true,"href":"https:\/\/www.columbus-clean.com\/es\/wp-json\/wp\/v2\/users\/33"}],"replies":[{"embeddable":true,"href":"https:\/\/www.columbus-clean.com\/es\/wp-json\/wp\/v2\/comments?post=48747"}],"version-history":[{"count":0,"href":"https:\/\/www.columbus-clean.com\/es\/wp-json\/wp\/v2\/pages\/48747\/revisions"}],"wp:featuredmedia":[{"embeddable":true,"href":"https:\/\/www.columbus-clean.com\/es\/wp-json\/wp\/v2\/media\/32685"}],"wp:attachment":[{"href":"https:\/\/www.columbus-clean.com\/es\/wp-json\/wp\/v2\/media?parent=48747"}],"curies":[{"name":"wp","href":"https:\/\/api.w.org\/{rel}","templated":true}]}}