{"id":104049,"date":"2023-04-11T09:22:33","date_gmt":"2023-04-11T07:22:33","guid":{"rendered":"https:\/\/www.columbus-clean.com\/?page_id=104049"},"modified":"2025-05-06T11:32:52","modified_gmt":"2025-05-06T09:32:52","slug":"videos-de-maintenance","status":"publish","type":"page","link":"https:\/\/www.columbus-clean.com\/fr\/services\/videos-de-maintenance\/","title":{"rendered":"Videos de maintenance"},"content":{"rendered":"","protected":false},"excerpt":{"rendered":"","protected":false},"author":33,"featured_media":0,"parent":44168,"menu_order":0,"comment_status":"closed","ping_status":"closed","template":"","meta":{"footnotes":""},"class_list":["post-104049","page","type-page","status-publish","hentry"],"yoast_head":"<!-- This site is optimized with the Yoast SEO plugin v27.3 - https:\/\/yoast.com\/product\/yoast-seo-wordpress\/ -->\n<title>Instructions vid\u00e9o sur l&#039;entretien des machines de nettoyage<\/title>\n<meta name=\"description\" content=\"Nos vid\u00e9os vous fournissent des instructions pour l&#039;entretien des machines de nettoyage - expliqu\u00e9es simplement, \u00e9tape par \u00e9tape.\" \/>\n<meta name=\"robots\" content=\"index, follow, max-snippet:-1, max-image-preview:large, max-video-preview:-1\" \/>\n<link rel=\"canonical\" href=\"https:\/\/www.columbus-clean.com\/fr\/services\/videos-de-maintenance\/\" \/>\n<meta property=\"og:locale\" content=\"fr_FR\" \/>\n<meta property=\"og:type\" content=\"article\" \/>\n<meta property=\"og:title\" content=\"Instructions vid\u00e9o sur l&#039;entretien des machines de nettoyage\" \/>\n<meta property=\"og:description\" content=\"Nos vid\u00e9os vous fournissent des instructions pour l&#039;entretien des machines de nettoyage - expliqu\u00e9es simplement, \u00e9tape par \u00e9tape.\" \/>\n<meta property=\"og:url\" content=\"https:\/\/www.columbus-clean.com\/fr\/services\/videos-de-maintenance\/\" \/>\n<meta property=\"og:site_name\" content=\"columbus Reinigungsmaschinen\" \/>\n<meta property=\"article:modified_time\" content=\"2025-05-06T09:32:52+00:00\" \/>\n<meta name=\"twitter:card\" content=\"summary_large_image\" \/>\n<script type=\"application\/ld+json\" class=\"yoast-schema-graph\">{\"@context\":\"https:\\\/\\\/schema.org\",\"@graph\":[{\"@type\":\"WebPage\",\"@id\":\"https:\\\/\\\/www.columbus-clean.com\\\/fr\\\/services\\\/videos-de-maintenance\\\/\",\"url\":\"https:\\\/\\\/www.columbus-clean.com\\\/fr\\\/services\\\/videos-de-maintenance\\\/\",\"name\":\"Instructions vid\u00e9o sur l'entretien des machines de nettoyage\",\"isPartOf\":{\"@id\":\"https:\\\/\\\/www.columbus-clean.com\\\/fr\\\/#website\"},\"datePublished\":\"2023-04-11T07:22:33+00:00\",\"dateModified\":\"2025-05-06T09:32:52+00:00\",\"description\":\"Nos vid\u00e9os vous fournissent des instructions pour l'entretien des machines de nettoyage - expliqu\u00e9es simplement, \u00e9tape par \u00e9tape.\",\"breadcrumb\":{\"@id\":\"https:\\\/\\\/www.columbus-clean.com\\\/fr\\\/services\\\/videos-de-maintenance\\\/#breadcrumb\"},\"inLanguage\":\"fr-FR\",\"potentialAction\":[{\"@type\":\"ReadAction\",\"target\":[\"https:\\\/\\\/www.columbus-clean.com\\\/fr\\\/services\\\/videos-de-maintenance\\\/\"]}]},{\"@type\":\"BreadcrumbList\",\"@id\":\"https:\\\/\\\/www.columbus-clean.com\\\/fr\\\/services\\\/videos-de-maintenance\\\/#breadcrumb\",\"itemListElement\":[{\"@type\":\"ListItem\",\"position\":1,\"name\":\"Startseite\",\"item\":\"https:\\\/\\\/www.columbus-clean.com\\\/fr\\\/\"},{\"@type\":\"ListItem\",\"position\":2,\"name\":\"Services\",\"item\":\"https:\\\/\\\/www.columbus-clean.com\\\/fr\\\/services\\\/\"},{\"@type\":\"ListItem\",\"position\":3,\"name\":\"Videos de maintenance\"}]},{\"@type\":\"WebSite\",\"@id\":\"https:\\\/\\\/www.columbus-clean.com\\\/fr\\\/#website\",\"url\":\"https:\\\/\\\/www.columbus-clean.com\\\/fr\\\/\",\"name\":\"columbus Reinigungsmaschinen\",\"description\":\"Reinigungsautomaten und Industriesauger\",\"potentialAction\":[{\"@type\":\"SearchAction\",\"target\":{\"@type\":\"EntryPoint\",\"urlTemplate\":\"https:\\\/\\\/www.columbus-clean.com\\\/fr\\\/?s={search_term_string}\"},\"query-input\":{\"@type\":\"PropertyValueSpecification\",\"valueRequired\":true,\"valueName\":\"search_term_string\"}}],\"inLanguage\":\"fr-FR\"}]}<\/script>\n<!-- \/ Yoast SEO plugin. -->","yoast_head_json":{"title":"Instructions vid\u00e9o sur l'entretien des machines de nettoyage","description":"Nos vid\u00e9os vous fournissent des instructions pour l'entretien des machines de nettoyage - expliqu\u00e9es simplement, \u00e9tape par \u00e9tape.","robots":{"index":"index","follow":"follow","max-snippet":"max-snippet:-1","max-image-preview":"max-image-preview:large","max-video-preview":"max-video-preview:-1"},"canonical":"https:\/\/www.columbus-clean.com\/fr\/services\/videos-de-maintenance\/","og_locale":"fr_FR","og_type":"article","og_title":"Instructions vid\u00e9o sur l'entretien des machines de nettoyage","og_description":"Nos vid\u00e9os vous fournissent des instructions pour l'entretien des machines de nettoyage - expliqu\u00e9es simplement, \u00e9tape par \u00e9tape.","og_url":"https:\/\/www.columbus-clean.com\/fr\/services\/videos-de-maintenance\/","og_site_name":"columbus Reinigungsmaschinen","article_modified_time":"2025-05-06T09:32:52+00:00","twitter_card":"summary_large_image","schema":{"@context":"https:\/\/schema.org","@graph":[{"@type":"WebPage","@id":"https:\/\/www.columbus-clean.com\/fr\/services\/videos-de-maintenance\/","url":"https:\/\/www.columbus-clean.com\/fr\/services\/videos-de-maintenance\/","name":"Instructions vid\u00e9o sur l'entretien des machines de nettoyage","isPartOf":{"@id":"https:\/\/www.columbus-clean.com\/fr\/#website"},"datePublished":"2023-04-11T07:22:33+00:00","dateModified":"2025-05-06T09:32:52+00:00","description":"Nos vid\u00e9os vous fournissent des instructions pour l'entretien des machines de nettoyage - expliqu\u00e9es simplement, \u00e9tape par \u00e9tape.","breadcrumb":{"@id":"https:\/\/www.columbus-clean.com\/fr\/services\/videos-de-maintenance\/#breadcrumb"},"inLanguage":"fr-FR","potentialAction":[{"@type":"ReadAction","target":["https:\/\/www.columbus-clean.com\/fr\/services\/videos-de-maintenance\/"]}]},{"@type":"BreadcrumbList","@id":"https:\/\/www.columbus-clean.com\/fr\/services\/videos-de-maintenance\/#breadcrumb","itemListElement":[{"@type":"ListItem","position":1,"name":"Startseite","item":"https:\/\/www.columbus-clean.com\/fr\/"},{"@type":"ListItem","position":2,"name":"Services","item":"https:\/\/www.columbus-clean.com\/fr\/services\/"},{"@type":"ListItem","position":3,"name":"Videos de maintenance"}]},{"@type":"WebSite","@id":"https:\/\/www.columbus-clean.com\/fr\/#website","url":"https:\/\/www.columbus-clean.com\/fr\/","name":"columbus Reinigungsmaschinen","description":"Reinigungsautomaten und Industriesauger","potentialAction":[{"@type":"SearchAction","target":{"@type":"EntryPoint","urlTemplate":"https:\/\/www.columbus-clean.com\/fr\/?s={search_term_string}"},"query-input":{"@type":"PropertyValueSpecification","valueRequired":true,"valueName":"search_term_string"}}],"inLanguage":"fr-FR"}]}},"_links":{"self":[{"href":"https:\/\/www.columbus-clean.com\/fr\/wp-json\/wp\/v2\/pages\/104049","targetHints":{"allow":["GET"]}}],"collection":[{"href":"https:\/\/www.columbus-clean.com\/fr\/wp-json\/wp\/v2\/pages"}],"about":[{"href":"https:\/\/www.columbus-clean.com\/fr\/wp-json\/wp\/v2\/types\/page"}],"author":[{"embeddable":true,"href":"https:\/\/www.columbus-clean.com\/fr\/wp-json\/wp\/v2\/users\/33"}],"replies":[{"embeddable":true,"href":"https:\/\/www.columbus-clean.com\/fr\/wp-json\/wp\/v2\/comments?post=104049"}],"version-history":[{"count":0,"href":"https:\/\/www.columbus-clean.com\/fr\/wp-json\/wp\/v2\/pages\/104049\/revisions"}],"up":[{"embeddable":true,"href":"https:\/\/www.columbus-clean.com\/fr\/wp-json\/wp\/v2\/pages\/44168"}],"wp:attachment":[{"href":"https:\/\/www.columbus-clean.com\/fr\/wp-json\/wp\/v2\/media?parent=104049"}],"curies":[{"name":"wp","href":"https:\/\/api.w.org\/{rel}","templated":true}]}}