{"id":44080,"date":"2022-02-17T15:00:51","date_gmt":"2022-02-17T14:00:51","guid":{"rendered":"https:\/\/www.columbus-clean.com\/login\/telechargements\/modes-demploi\/"},"modified":"2026-03-26T09:23:19","modified_gmt":"2026-03-26T08:23:19","slug":"modes-demploi","status":"publish","type":"page","link":"https:\/\/www.columbus-clean.com\/fr\/login\/telechargements\/modes-d-emploi\/","title":{"rendered":"Modes d&#8217;emploi"},"content":{"rendered":"<p><div class=\"fusion-fullwidth fullwidth-box fusion-builder-row-1 nonhundred-percent-fullwidth non-hundred-percent-height-scrolling no-subhead head-two-lines\" style=\"--awb-border-radius-top-left:0px;--awb-border-radius-top-right:0px;--awb-border-radius-bottom-right:0px;--awb-border-radius-bottom-left:0px;--awb-flex-wrap:wrap;\" id=\"opener\" ><div class=\"fusion-builder-row fusion-row\"><div class=\"fusion-layout-column fusion_builder_column fusion-builder-column-0 fusion_builder_column_1_1 1_1 fusion-one-full fusion-column-first fusion-column-last\" style=\"--awb-bg-size:cover;\"><div class=\"fusion-column-wrapper fusion-flex-column-wrapper-legacy\"><div class=\"fusion-title title fusion-title-1 fusion-sep-none fusion-title-text fusion-title-size-six\" style=\"--awb-margin-top-small:0px;--awb-margin-right-small:0px;--awb-margin-bottom-small:20px;--awb-margin-left-small:0px;\"><h6 class=\"fusion-title-heading title-heading-left\" style=\"margin:0;\">Modes d&#8217;emploi<\/h6><\/div><div class=\"fusion-clearfix\"><\/div><\/div><\/div><\/div><\/div><div class=\"fusion-fullwidth fullwidth-box fusion-builder-row-2 nonhundred-percent-fullwidth non-hundred-percent-height-scrolling restrict-that-show\" style=\"--awb-border-radius-top-left:0px;--awb-border-radius-top-right:0px;--awb-border-radius-bottom-right:0px;--awb-border-radius-bottom-left:0px;--awb-flex-wrap:wrap;\" ><div class=\"fusion-builder-row fusion-row\"><div class=\"fusion-layout-column fusion_builder_column fusion-builder-column-1 fusion_builder_column_1_1 1_1 fusion-one-full fusion-column-first fusion-column-last\" style=\"--awb-bg-size:cover;\"><div class=\"fusion-column-wrapper fusion-flex-column-wrapper-legacy\">Please login <a href=\"https:\/\/www.columbus-clean.com\/en\/login\/\">here<\/a> to see downloads.<div class=\"fusion-clearfix\"><\/div><\/div><\/div><\/div><\/div><\/p>\n","protected":false},"excerpt":{"rendered":"","protected":false},"author":1,"featured_media":0,"parent":44074,"menu_order":0,"comment_status":"closed","ping_status":"closed","template":"100-width.php","meta":{"footnotes":""},"class_list":["post-44080","page","type-page","status-publish","hentry"],"yoast_head":"<!-- This site is optimized with the Yoast SEO plugin v27.1.1 - https:\/\/yoast.com\/product\/yoast-seo-wordpress\/ -->\n<title>Modes d&#039;emploi pour les machines de nettoyage columbus<\/title>\n<meta name=\"description\" content=\"Vous trouverez ici tous les modes d&#039;emploi originaux des diff\u00e9rentes machines de nettoyage columbus \u00e0 t\u00e9l\u00e9charger en un coup d&#039;\u0153il.\" \/>\n<meta name=\"robots\" content=\"index, follow, max-snippet:-1, max-image-preview:large, max-video-preview:-1\" \/>\n<link rel=\"canonical\" href=\"https:\/\/www.columbus-clean.com\/fr\/login\/telechargements\/modes-d-emploi\/\" \/>\n<meta property=\"og:locale\" content=\"fr_FR\" \/>\n<meta property=\"og:type\" content=\"article\" \/>\n<meta property=\"og:title\" content=\"Modes d&#039;emploi pour les machines de nettoyage columbus\" \/>\n<meta property=\"og:description\" content=\"Vous trouverez ici tous les modes d&#039;emploi originaux des diff\u00e9rentes machines de nettoyage columbus \u00e0 t\u00e9l\u00e9charger en un coup d&#039;\u0153il.\" \/>\n<meta property=\"og:url\" content=\"https:\/\/www.columbus-clean.com\/fr\/login\/telechargements\/modes-d-emploi\/\" \/>\n<meta property=\"og:site_name\" content=\"columbus Reinigungsmaschinen\" \/>\n<meta property=\"article:modified_time\" content=\"2026-03-26T08:23:19+00:00\" \/>\n<meta name=\"twitter:card\" content=\"summary_large_image\" \/>\n<meta name=\"twitter:label1\" content=\"Dur\u00e9e de lecture estim\u00e9e\" \/>\n\t<meta name=\"twitter:data1\" content=\"3 minutes\" \/>\n<script type=\"application\/ld+json\" class=\"yoast-schema-graph\">{\"@context\":\"https:\/\/schema.org\",\"@graph\":[{\"@type\":\"WebPage\",\"@id\":\"https:\/\/www.columbus-clean.com\/fr\/login\/telechargements\/modes-d-emploi\/\",\"url\":\"https:\/\/www.columbus-clean.com\/fr\/login\/telechargements\/modes-d-emploi\/\",\"name\":\"Modes d'emploi pour les machines de nettoyage columbus\",\"isPartOf\":{\"@id\":\"https:\/\/www.columbus-clean.com\/fr\/#website\"},\"datePublished\":\"2022-02-17T14:00:51+00:00\",\"dateModified\":\"2026-03-26T08:23:19+00:00\",\"description\":\"Vous trouverez ici tous les modes d'emploi originaux des diff\u00e9rentes machines de nettoyage columbus \u00e0 t\u00e9l\u00e9charger en un coup d'\u0153il.\",\"breadcrumb\":{\"@id\":\"https:\/\/www.columbus-clean.com\/fr\/login\/telechargements\/modes-d-emploi\/#breadcrumb\"},\"inLanguage\":\"fr-FR\",\"potentialAction\":[{\"@type\":\"ReadAction\",\"target\":[\"https:\/\/www.columbus-clean.com\/fr\/login\/telechargements\/modes-d-emploi\/\"]}]},{\"@type\":\"BreadcrumbList\",\"@id\":\"https:\/\/www.columbus-clean.com\/fr\/login\/telechargements\/modes-d-emploi\/#breadcrumb\",\"itemListElement\":[{\"@type\":\"ListItem\",\"position\":1,\"name\":\"Startseite\",\"item\":\"https:\/\/www.columbus-clean.com\/fr\/\"},{\"@type\":\"ListItem\",\"position\":2,\"name\":\"Login\",\"item\":\"https:\/\/www.columbus-clean.com\/fr\/login\/\"},{\"@type\":\"ListItem\",\"position\":3,\"name\":\"T\u00e9l\u00e9chargements\",\"item\":\"https:\/\/www.columbus-clean.com\/fr\/login\/telechargements\/\"},{\"@type\":\"ListItem\",\"position\":4,\"name\":\"Modes d&#8217;emploi\"}]},{\"@type\":\"WebSite\",\"@id\":\"https:\/\/www.columbus-clean.com\/fr\/#website\",\"url\":\"https:\/\/www.columbus-clean.com\/fr\/\",\"name\":\"columbus Reinigungsmaschinen\",\"description\":\"Reinigungsautomaten und Industriesauger\",\"potentialAction\":[{\"@type\":\"SearchAction\",\"target\":{\"@type\":\"EntryPoint\",\"urlTemplate\":\"https:\/\/www.columbus-clean.com\/fr\/?s={search_term_string}\"},\"query-input\":{\"@type\":\"PropertyValueSpecification\",\"valueRequired\":true,\"valueName\":\"search_term_string\"}}],\"inLanguage\":\"fr-FR\"}]}<\/script>\n<!-- \/ Yoast SEO plugin. -->","yoast_head_json":{"title":"Modes d'emploi pour les machines de nettoyage columbus","description":"Vous trouverez ici tous les modes d'emploi originaux des diff\u00e9rentes machines de nettoyage columbus \u00e0 t\u00e9l\u00e9charger en un coup d'\u0153il.","robots":{"index":"index","follow":"follow","max-snippet":"max-snippet:-1","max-image-preview":"max-image-preview:large","max-video-preview":"max-video-preview:-1"},"canonical":"https:\/\/www.columbus-clean.com\/fr\/login\/telechargements\/modes-d-emploi\/","og_locale":"fr_FR","og_type":"article","og_title":"Modes d'emploi pour les machines de nettoyage columbus","og_description":"Vous trouverez ici tous les modes d'emploi originaux des diff\u00e9rentes machines de nettoyage columbus \u00e0 t\u00e9l\u00e9charger en un coup d'\u0153il.","og_url":"https:\/\/www.columbus-clean.com\/fr\/login\/telechargements\/modes-d-emploi\/","og_site_name":"columbus Reinigungsmaschinen","article_modified_time":"2026-03-26T08:23:19+00:00","twitter_card":"summary_large_image","twitter_misc":{"Dur\u00e9e de lecture estim\u00e9e":"3 minutes"},"schema":{"@context":"https:\/\/schema.org","@graph":[{"@type":"WebPage","@id":"https:\/\/www.columbus-clean.com\/fr\/login\/telechargements\/modes-d-emploi\/","url":"https:\/\/www.columbus-clean.com\/fr\/login\/telechargements\/modes-d-emploi\/","name":"Modes d'emploi pour les machines de nettoyage columbus","isPartOf":{"@id":"https:\/\/www.columbus-clean.com\/fr\/#website"},"datePublished":"2022-02-17T14:00:51+00:00","dateModified":"2026-03-26T08:23:19+00:00","description":"Vous trouverez ici tous les modes d'emploi originaux des diff\u00e9rentes machines de nettoyage columbus \u00e0 t\u00e9l\u00e9charger en un coup d'\u0153il.","breadcrumb":{"@id":"https:\/\/www.columbus-clean.com\/fr\/login\/telechargements\/modes-d-emploi\/#breadcrumb"},"inLanguage":"fr-FR","potentialAction":[{"@type":"ReadAction","target":["https:\/\/www.columbus-clean.com\/fr\/login\/telechargements\/modes-d-emploi\/"]}]},{"@type":"BreadcrumbList","@id":"https:\/\/www.columbus-clean.com\/fr\/login\/telechargements\/modes-d-emploi\/#breadcrumb","itemListElement":[{"@type":"ListItem","position":1,"name":"Startseite","item":"https:\/\/www.columbus-clean.com\/fr\/"},{"@type":"ListItem","position":2,"name":"Login","item":"https:\/\/www.columbus-clean.com\/fr\/login\/"},{"@type":"ListItem","position":3,"name":"T\u00e9l\u00e9chargements","item":"https:\/\/www.columbus-clean.com\/fr\/login\/telechargements\/"},{"@type":"ListItem","position":4,"name":"Modes d&#8217;emploi"}]},{"@type":"WebSite","@id":"https:\/\/www.columbus-clean.com\/fr\/#website","url":"https:\/\/www.columbus-clean.com\/fr\/","name":"columbus Reinigungsmaschinen","description":"Reinigungsautomaten und Industriesauger","potentialAction":[{"@type":"SearchAction","target":{"@type":"EntryPoint","urlTemplate":"https:\/\/www.columbus-clean.com\/fr\/?s={search_term_string}"},"query-input":{"@type":"PropertyValueSpecification","valueRequired":true,"valueName":"search_term_string"}}],"inLanguage":"fr-FR"}]}},"_links":{"self":[{"href":"https:\/\/www.columbus-clean.com\/fr\/wp-json\/wp\/v2\/pages\/44080","targetHints":{"allow":["GET"]}}],"collection":[{"href":"https:\/\/www.columbus-clean.com\/fr\/wp-json\/wp\/v2\/pages"}],"about":[{"href":"https:\/\/www.columbus-clean.com\/fr\/wp-json\/wp\/v2\/types\/page"}],"author":[{"embeddable":true,"href":"https:\/\/www.columbus-clean.com\/fr\/wp-json\/wp\/v2\/users\/1"}],"replies":[{"embeddable":true,"href":"https:\/\/www.columbus-clean.com\/fr\/wp-json\/wp\/v2\/comments?post=44080"}],"version-history":[{"count":1,"href":"https:\/\/www.columbus-clean.com\/fr\/wp-json\/wp\/v2\/pages\/44080\/revisions"}],"predecessor-version":[{"id":168508,"href":"https:\/\/www.columbus-clean.com\/fr\/wp-json\/wp\/v2\/pages\/44080\/revisions\/168508"}],"up":[{"embeddable":true,"href":"https:\/\/www.columbus-clean.com\/fr\/wp-json\/wp\/v2\/pages\/44074"}],"wp:attachment":[{"href":"https:\/\/www.columbus-clean.com\/fr\/wp-json\/wp\/v2\/media?parent=44080"}],"curies":[{"name":"wp","href":"https:\/\/api.w.org\/{rel}","templated":true}]}}