{"id":44086,"date":"2022-02-18T10:42:38","date_gmt":"2022-02-18T09:42:38","guid":{"rendered":"https:\/\/www.columbus-clean.com\/mention-legales\/"},"modified":"2025-04-22T09:59:53","modified_gmt":"2025-04-22T07:59:53","slug":"mention-legales","status":"publish","type":"page","link":"https:\/\/www.columbus-clean.com\/fr\/mention-legales\/","title":{"rendered":"Mention l\u00e9gales"},"content":{"rendered":"<div class=\"fusion-fullwidth fullwidth-box fusion-builder-row-1 nonhundred-percent-fullwidth non-hundred-percent-height-scrolling\" style=\"--awb-border-radius-top-left:0px;--awb-border-radius-top-right:0px;--awb-border-radius-bottom-right:0px;--awb-border-radius-bottom-left:0px;--awb-flex-wrap:wrap;\" id=\"imprint\" ><div class=\"fusion-builder-row fusion-row\"><div class=\"fusion-layout-column fusion_builder_column fusion-builder-column-0 fusion_builder_column_1_1 1_1 fusion-one-full fusion-column-first fusion-column-last\" style=\"--awb-bg-size:cover;\"><div class=\"fusion-column-wrapper fusion-flex-column-wrapper-legacy\"><h1>Mentions l\u00e9gales<\/h1>\n\n<h2>Informations selon \u00a7 5 TMG<\/h2>\n<p>G. Staehle GmbH u. Co. KG<br \/>\nMercedesstra\u00dfe 15<br \/>\n70372 Stuttgart<\/p>\n\n<p>Si\u00e8ge Stuttgart, tribunal d'instance Stuttgart HRA 281<\/p>\n\n<p>Repr\u00e9sent\u00e9e par l'associ\u00e9 commandit\u00e9:<br \/>\nStaehle Verwaltungs GmbH<br \/>\nSi\u00e8ge Stuttgart, tribunal d'instance Stuttgart HRB 12837<\/p>\n\n<p><strong>Celle-ci est repr\u00e9sent\u00e9e par:<\/strong><br \/>\nJ\u00f6rg Peter Staehle, Marc Oliver Staehle<\/p>\n\n<h2>Contact<\/h2>\n<p>Telefon: +49 (0) 7 11 \/ 95 44 95 0<br \/>\nE-Mail: info@columbus-clean.com<\/p>\n\n<h2>Num\u00e9ro de TVA<\/h2>\n<p>Num\u00e9ro d'identification de la taxe sur le chiffre d'affaires conform\u00e9ment au \u00a7 27 a de la loi sur la taxe sur le chiffre d'affaires:<br \/>\nDE147637018<\/p>\n\n<h2>R\u00e8glement des litiges de l'UE<\/h2>\n<p>La Commission europ\u00e9enne met \u00e0 disposition une plateforme de r\u00e8glement en ligne des litiges (RLL): <a href=\"https:\/\/ec.europa.eu\/consumers\/odr\/\" target=\"_blank\" rel=\"noopener noreferrer\">https:\/\/ec.europa.eu\/consumers\/odr\/<\/a>.<br \/> Vous trouverez notre adresse \u00e9lectronique en haut \nde la page des mentions l\u00e9gales.<\/p>\n\n<h2>R\u00e8glement des litiges de consommation\/organe universel de conciliation<\/h2>\n<p>Nous ne sommes pas pr\u00eats ou oblig\u00e9s de participer \u00e0 des proc\u00e9dures de r\u00e8glement des litiges devant un organisme de conciliation des consommateurs.<\/p>\n\n<h2>R\u00e9alisation<\/h2>\n<p>Pour une <a title=\"programmation web\" href=\"https:\/\/www.agentur-anmut.de\/\" target=\"_blank\">programmation web optimale<\/a> \u00e0 Stuttgart avec l'agence Anmut GmbH.<\/p><div class=\"fusion-clearfix\"><\/div><\/div><\/div><\/div><\/div>\n","protected":false},"excerpt":{"rendered":"","protected":false},"author":1,"featured_media":0,"parent":0,"menu_order":0,"comment_status":"closed","ping_status":"closed","template":"100-width.php","meta":{"footnotes":""},"class_list":["post-44086","page","type-page","status-publish","hentry"],"yoast_head":"<!-- This site is optimized with the Yoast SEO plugin v27.3 - https:\/\/yoast.com\/product\/yoast-seo-wordpress\/ -->\n<title>Mentions l\u00e9gales du fabricant de machines de nettoyage columbus<\/title>\n<meta name=\"description\" content=\"Vous trouverez ici les mentions l\u00e9gales du fabricant de machines de nettoyage columbus, une entreprise familiale en pleine expansion internationale.\" \/>\n<meta name=\"robots\" content=\"index, follow, max-snippet:-1, max-image-preview:large, max-video-preview:-1\" \/>\n<link rel=\"canonical\" href=\"https:\/\/www.columbus-clean.com\/fr\/mention-legales\/\" \/>\n<meta property=\"og:locale\" content=\"fr_FR\" \/>\n<meta property=\"og:type\" content=\"article\" \/>\n<meta property=\"og:title\" content=\"Mentions l\u00e9gales du fabricant de machines de nettoyage columbus\" \/>\n<meta property=\"og:description\" content=\"Vous trouverez ici les mentions l\u00e9gales du fabricant de machines de nettoyage columbus, une entreprise familiale en pleine expansion internationale.\" \/>\n<meta property=\"og:url\" content=\"https:\/\/www.columbus-clean.com\/fr\/mention-legales\/\" \/>\n<meta property=\"og:site_name\" content=\"columbus Reinigungsmaschinen\" \/>\n<meta property=\"article:modified_time\" content=\"2025-04-22T07:59:53+00:00\" \/>\n<meta name=\"twitter:card\" content=\"summary_large_image\" \/>\n<meta name=\"twitter:label1\" content=\"Dur\u00e9e de lecture estim\u00e9e\" \/>\n\t<meta name=\"twitter:data1\" content=\"1 minute\" \/>\n<script type=\"application\/ld+json\" class=\"yoast-schema-graph\">{\"@context\":\"https:\\\/\\\/schema.org\",\"@graph\":[{\"@type\":\"WebPage\",\"@id\":\"https:\\\/\\\/www.columbus-clean.com\\\/fr\\\/mention-legales\\\/\",\"url\":\"https:\\\/\\\/www.columbus-clean.com\\\/fr\\\/mention-legales\\\/\",\"name\":\"Mentions l\u00e9gales du fabricant de machines de nettoyage columbus\",\"isPartOf\":{\"@id\":\"https:\\\/\\\/www.columbus-clean.com\\\/fr\\\/#website\"},\"datePublished\":\"2022-02-18T09:42:38+00:00\",\"dateModified\":\"2025-04-22T07:59:53+00:00\",\"description\":\"Vous trouverez ici les mentions l\u00e9gales du fabricant de machines de nettoyage columbus, une entreprise familiale en pleine expansion internationale.\",\"breadcrumb\":{\"@id\":\"https:\\\/\\\/www.columbus-clean.com\\\/fr\\\/mention-legales\\\/#breadcrumb\"},\"inLanguage\":\"fr-FR\",\"potentialAction\":[{\"@type\":\"ReadAction\",\"target\":[\"https:\\\/\\\/www.columbus-clean.com\\\/fr\\\/mention-legales\\\/\"]}]},{\"@type\":\"BreadcrumbList\",\"@id\":\"https:\\\/\\\/www.columbus-clean.com\\\/fr\\\/mention-legales\\\/#breadcrumb\",\"itemListElement\":[{\"@type\":\"ListItem\",\"position\":1,\"name\":\"Startseite\",\"item\":\"https:\\\/\\\/www.columbus-clean.com\\\/fr\\\/\"},{\"@type\":\"ListItem\",\"position\":2,\"name\":\"Mention l\u00e9gales\"}]},{\"@type\":\"WebSite\",\"@id\":\"https:\\\/\\\/www.columbus-clean.com\\\/fr\\\/#website\",\"url\":\"https:\\\/\\\/www.columbus-clean.com\\\/fr\\\/\",\"name\":\"columbus Reinigungsmaschinen\",\"description\":\"Reinigungsautomaten und Industriesauger\",\"potentialAction\":[{\"@type\":\"SearchAction\",\"target\":{\"@type\":\"EntryPoint\",\"urlTemplate\":\"https:\\\/\\\/www.columbus-clean.com\\\/fr\\\/?s={search_term_string}\"},\"query-input\":{\"@type\":\"PropertyValueSpecification\",\"valueRequired\":true,\"valueName\":\"search_term_string\"}}],\"inLanguage\":\"fr-FR\"}]}<\/script>\n<!-- \/ Yoast SEO plugin. -->","yoast_head_json":{"title":"Mentions l\u00e9gales du fabricant de machines de nettoyage columbus","description":"Vous trouverez ici les mentions l\u00e9gales du fabricant de machines de nettoyage columbus, une entreprise familiale en pleine expansion internationale.","robots":{"index":"index","follow":"follow","max-snippet":"max-snippet:-1","max-image-preview":"max-image-preview:large","max-video-preview":"max-video-preview:-1"},"canonical":"https:\/\/www.columbus-clean.com\/fr\/mention-legales\/","og_locale":"fr_FR","og_type":"article","og_title":"Mentions l\u00e9gales du fabricant de machines de nettoyage columbus","og_description":"Vous trouverez ici les mentions l\u00e9gales du fabricant de machines de nettoyage columbus, une entreprise familiale en pleine expansion internationale.","og_url":"https:\/\/www.columbus-clean.com\/fr\/mention-legales\/","og_site_name":"columbus Reinigungsmaschinen","article_modified_time":"2025-04-22T07:59:53+00:00","twitter_card":"summary_large_image","twitter_misc":{"Dur\u00e9e de lecture estim\u00e9e":"1 minute"},"schema":{"@context":"https:\/\/schema.org","@graph":[{"@type":"WebPage","@id":"https:\/\/www.columbus-clean.com\/fr\/mention-legales\/","url":"https:\/\/www.columbus-clean.com\/fr\/mention-legales\/","name":"Mentions l\u00e9gales du fabricant de machines de nettoyage columbus","isPartOf":{"@id":"https:\/\/www.columbus-clean.com\/fr\/#website"},"datePublished":"2022-02-18T09:42:38+00:00","dateModified":"2025-04-22T07:59:53+00:00","description":"Vous trouverez ici les mentions l\u00e9gales du fabricant de machines de nettoyage columbus, une entreprise familiale en pleine expansion internationale.","breadcrumb":{"@id":"https:\/\/www.columbus-clean.com\/fr\/mention-legales\/#breadcrumb"},"inLanguage":"fr-FR","potentialAction":[{"@type":"ReadAction","target":["https:\/\/www.columbus-clean.com\/fr\/mention-legales\/"]}]},{"@type":"BreadcrumbList","@id":"https:\/\/www.columbus-clean.com\/fr\/mention-legales\/#breadcrumb","itemListElement":[{"@type":"ListItem","position":1,"name":"Startseite","item":"https:\/\/www.columbus-clean.com\/fr\/"},{"@type":"ListItem","position":2,"name":"Mention l\u00e9gales"}]},{"@type":"WebSite","@id":"https:\/\/www.columbus-clean.com\/fr\/#website","url":"https:\/\/www.columbus-clean.com\/fr\/","name":"columbus Reinigungsmaschinen","description":"Reinigungsautomaten und Industriesauger","potentialAction":[{"@type":"SearchAction","target":{"@type":"EntryPoint","urlTemplate":"https:\/\/www.columbus-clean.com\/fr\/?s={search_term_string}"},"query-input":{"@type":"PropertyValueSpecification","valueRequired":true,"valueName":"search_term_string"}}],"inLanguage":"fr-FR"}]}},"_links":{"self":[{"href":"https:\/\/www.columbus-clean.com\/fr\/wp-json\/wp\/v2\/pages\/44086","targetHints":{"allow":["GET"]}}],"collection":[{"href":"https:\/\/www.columbus-clean.com\/fr\/wp-json\/wp\/v2\/pages"}],"about":[{"href":"https:\/\/www.columbus-clean.com\/fr\/wp-json\/wp\/v2\/types\/page"}],"author":[{"embeddable":true,"href":"https:\/\/www.columbus-clean.com\/fr\/wp-json\/wp\/v2\/users\/1"}],"replies":[{"embeddable":true,"href":"https:\/\/www.columbus-clean.com\/fr\/wp-json\/wp\/v2\/comments?post=44086"}],"version-history":[{"count":0,"href":"https:\/\/www.columbus-clean.com\/fr\/wp-json\/wp\/v2\/pages\/44086\/revisions"}],"wp:attachment":[{"href":"https:\/\/www.columbus-clean.com\/fr\/wp-json\/wp\/v2\/media?parent=44086"}],"curies":[{"name":"wp","href":"https:\/\/api.w.org\/{rel}","templated":true}]}}