{"id":44117,"date":"2022-02-18T11:42:10","date_gmt":"2022-02-18T10:42:10","guid":{"rendered":"https:\/\/www.columbus-clean.com\/login\/telechargements\/presentations-de-produits\/"},"modified":"2025-05-27T10:53:52","modified_gmt":"2025-05-27T08:53:52","slug":"presentations-de-produits","status":"publish","type":"page","link":"https:\/\/www.columbus-clean.com\/fr\/login\/telechargements\/presentations-de-produits\/","title":{"rendered":"Pr\u00e9sentations de produits"},"content":{"rendered":"<p><div class=\"fusion-fullwidth fullwidth-box fusion-builder-row-1 nonhundred-percent-fullwidth non-hundred-percent-height-scrolling fusion-equal-height-columns no-subhead head-two-lines\" style=\"--awb-border-radius-top-left:0px;--awb-border-radius-top-right:0px;--awb-border-radius-bottom-right:0px;--awb-border-radius-bottom-left:0px;--awb-flex-wrap:wrap;\" id=\"opener\" ><div class=\"fusion-builder-row fusion-row\"><div class=\"fusion-layout-column fusion_builder_column fusion-builder-column-0 fusion_builder_column_1_1 1_1 fusion-one-full fusion-column-first fusion-column-last\" style=\"--awb-bg-size:cover;\"><div class=\"fusion-column-wrapper fusion-flex-column-wrapper-legacy\"><div class=\"fusion-title title fusion-title-1 fusion-sep-none fusion-title-text fusion-title-size-six\" style=\"--awb-margin-top-small:0px;--awb-margin-right-small:0px;--awb-margin-bottom-small:20px;--awb-margin-left-small:0px;\"><h6 class=\"fusion-title-heading title-heading-left\" style=\"margin:0;\">Pr\u00e9sentations de produits<\/h6><\/div><div class=\"fusion-clearfix\"><\/div><\/div><\/div><\/div><\/div><div class=\"fusion-fullwidth fullwidth-box fusion-builder-row-2 nonhundred-percent-fullwidth non-hundred-percent-height-scrolling fusion-equal-height-columns restrict-that-show\" style=\"--awb-border-radius-top-left:0px;--awb-border-radius-top-right:0px;--awb-border-radius-bottom-right:0px;--awb-border-radius-bottom-left:0px;--awb-flex-wrap:wrap;\" ><div class=\"fusion-builder-row fusion-row\"><div class=\"fusion-layout-column fusion_builder_column fusion-builder-column-1 fusion_builder_column_1_1 1_1 fusion-one-full fusion-column-first fusion-column-last\" style=\"--awb-bg-size:cover;\"><div class=\"fusion-column-wrapper fusion-flex-column-wrapper-legacy\">Please login <a href=\"https:\/\/www.columbus-clean.com\/en\/login\/\">here<\/a> to see downloads.<div class=\"fusion-clearfix\"><\/div><\/div><\/div><\/div><\/div><\/p>\n","protected":false},"excerpt":{"rendered":"","protected":false},"author":33,"featured_media":0,"parent":44074,"menu_order":0,"comment_status":"closed","ping_status":"closed","template":"100-width.php","meta":{"footnotes":""},"class_list":["post-44117","page","type-page","status-publish","hentry"],"yoast_head":"<!-- This site is optimized with the Yoast SEO plugin v27.3 - https:\/\/yoast.com\/product\/yoast-seo-wordpress\/ -->\n<title>Vid\u00e9os de pr\u00e9sentation des produits columbus - trouvez les liens ici<\/title>\n<meta name=\"description\" content=\"Trouvez ici les liens vers nos vid\u00e9os de pr\u00e9sentation de produits pour les machines de nettoyage et d\u00e9couvrez toutes les informations.\" \/>\n<meta name=\"robots\" content=\"index, follow, max-snippet:-1, max-image-preview:large, max-video-preview:-1\" \/>\n<link rel=\"canonical\" href=\"https:\/\/www.columbus-clean.com\/fr\/login\/telechargements\/presentations-de-produits\/\" \/>\n<meta property=\"og:locale\" content=\"fr_FR\" \/>\n<meta property=\"og:type\" content=\"article\" \/>\n<meta property=\"og:title\" content=\"Vid\u00e9os de pr\u00e9sentation des produits columbus - trouvez les liens ici\" \/>\n<meta property=\"og:description\" content=\"Trouvez ici les liens vers nos vid\u00e9os de pr\u00e9sentation de produits pour les machines de nettoyage et d\u00e9couvrez toutes les informations.\" \/>\n<meta property=\"og:url\" content=\"https:\/\/www.columbus-clean.com\/fr\/login\/telechargements\/presentations-de-produits\/\" \/>\n<meta property=\"og:site_name\" content=\"columbus Reinigungsmaschinen\" \/>\n<meta property=\"article:modified_time\" content=\"2025-05-27T08:53:52+00:00\" \/>\n<meta name=\"twitter:card\" content=\"summary_large_image\" \/>\n<meta name=\"twitter:label1\" content=\"Dur\u00e9e de lecture estim\u00e9e\" \/>\n\t<meta name=\"twitter:data1\" content=\"1 minute\" \/>\n<script type=\"application\/ld+json\" class=\"yoast-schema-graph\">{\"@context\":\"https:\\\/\\\/schema.org\",\"@graph\":[{\"@type\":\"WebPage\",\"@id\":\"https:\\\/\\\/www.columbus-clean.com\\\/fr\\\/login\\\/telechargements\\\/presentations-de-produits\\\/\",\"url\":\"https:\\\/\\\/www.columbus-clean.com\\\/fr\\\/login\\\/telechargements\\\/presentations-de-produits\\\/\",\"name\":\"Vid\u00e9os de pr\u00e9sentation des produits columbus - trouvez les liens ici\",\"isPartOf\":{\"@id\":\"https:\\\/\\\/www.columbus-clean.com\\\/fr\\\/#website\"},\"datePublished\":\"2022-02-18T10:42:10+00:00\",\"dateModified\":\"2025-05-27T08:53:52+00:00\",\"description\":\"Trouvez ici les liens vers nos vid\u00e9os de pr\u00e9sentation de produits pour les machines de nettoyage et d\u00e9couvrez toutes les informations.\",\"breadcrumb\":{\"@id\":\"https:\\\/\\\/www.columbus-clean.com\\\/fr\\\/login\\\/telechargements\\\/presentations-de-produits\\\/#breadcrumb\"},\"inLanguage\":\"fr-FR\",\"potentialAction\":[{\"@type\":\"ReadAction\",\"target\":[\"https:\\\/\\\/www.columbus-clean.com\\\/fr\\\/login\\\/telechargements\\\/presentations-de-produits\\\/\"]}]},{\"@type\":\"BreadcrumbList\",\"@id\":\"https:\\\/\\\/www.columbus-clean.com\\\/fr\\\/login\\\/telechargements\\\/presentations-de-produits\\\/#breadcrumb\",\"itemListElement\":[{\"@type\":\"ListItem\",\"position\":1,\"name\":\"Startseite\",\"item\":\"https:\\\/\\\/www.columbus-clean.com\\\/fr\\\/\"},{\"@type\":\"ListItem\",\"position\":2,\"name\":\"Login\",\"item\":\"https:\\\/\\\/www.columbus-clean.com\\\/fr\\\/login\\\/\"},{\"@type\":\"ListItem\",\"position\":3,\"name\":\"T\u00e9l\u00e9chargements\",\"item\":\"https:\\\/\\\/www.columbus-clean.com\\\/fr\\\/login\\\/telechargements\\\/\"},{\"@type\":\"ListItem\",\"position\":4,\"name\":\"Pr\u00e9sentations de produits\"}]},{\"@type\":\"WebSite\",\"@id\":\"https:\\\/\\\/www.columbus-clean.com\\\/fr\\\/#website\",\"url\":\"https:\\\/\\\/www.columbus-clean.com\\\/fr\\\/\",\"name\":\"columbus Reinigungsmaschinen\",\"description\":\"Reinigungsautomaten und Industriesauger\",\"potentialAction\":[{\"@type\":\"SearchAction\",\"target\":{\"@type\":\"EntryPoint\",\"urlTemplate\":\"https:\\\/\\\/www.columbus-clean.com\\\/fr\\\/?s={search_term_string}\"},\"query-input\":{\"@type\":\"PropertyValueSpecification\",\"valueRequired\":true,\"valueName\":\"search_term_string\"}}],\"inLanguage\":\"fr-FR\"}]}<\/script>\n<!-- \/ Yoast SEO plugin. -->","yoast_head_json":{"title":"Vid\u00e9os de pr\u00e9sentation des produits columbus - trouvez les liens ici","description":"Trouvez ici les liens vers nos vid\u00e9os de pr\u00e9sentation de produits pour les machines de nettoyage et d\u00e9couvrez toutes les informations.","robots":{"index":"index","follow":"follow","max-snippet":"max-snippet:-1","max-image-preview":"max-image-preview:large","max-video-preview":"max-video-preview:-1"},"canonical":"https:\/\/www.columbus-clean.com\/fr\/login\/telechargements\/presentations-de-produits\/","og_locale":"fr_FR","og_type":"article","og_title":"Vid\u00e9os de pr\u00e9sentation des produits columbus - trouvez les liens ici","og_description":"Trouvez ici les liens vers nos vid\u00e9os de pr\u00e9sentation de produits pour les machines de nettoyage et d\u00e9couvrez toutes les informations.","og_url":"https:\/\/www.columbus-clean.com\/fr\/login\/telechargements\/presentations-de-produits\/","og_site_name":"columbus Reinigungsmaschinen","article_modified_time":"2025-05-27T08:53:52+00:00","twitter_card":"summary_large_image","twitter_misc":{"Dur\u00e9e de lecture estim\u00e9e":"1 minute"},"schema":{"@context":"https:\/\/schema.org","@graph":[{"@type":"WebPage","@id":"https:\/\/www.columbus-clean.com\/fr\/login\/telechargements\/presentations-de-produits\/","url":"https:\/\/www.columbus-clean.com\/fr\/login\/telechargements\/presentations-de-produits\/","name":"Vid\u00e9os de pr\u00e9sentation des produits columbus - trouvez les liens ici","isPartOf":{"@id":"https:\/\/www.columbus-clean.com\/fr\/#website"},"datePublished":"2022-02-18T10:42:10+00:00","dateModified":"2025-05-27T08:53:52+00:00","description":"Trouvez ici les liens vers nos vid\u00e9os de pr\u00e9sentation de produits pour les machines de nettoyage et d\u00e9couvrez toutes les informations.","breadcrumb":{"@id":"https:\/\/www.columbus-clean.com\/fr\/login\/telechargements\/presentations-de-produits\/#breadcrumb"},"inLanguage":"fr-FR","potentialAction":[{"@type":"ReadAction","target":["https:\/\/www.columbus-clean.com\/fr\/login\/telechargements\/presentations-de-produits\/"]}]},{"@type":"BreadcrumbList","@id":"https:\/\/www.columbus-clean.com\/fr\/login\/telechargements\/presentations-de-produits\/#breadcrumb","itemListElement":[{"@type":"ListItem","position":1,"name":"Startseite","item":"https:\/\/www.columbus-clean.com\/fr\/"},{"@type":"ListItem","position":2,"name":"Login","item":"https:\/\/www.columbus-clean.com\/fr\/login\/"},{"@type":"ListItem","position":3,"name":"T\u00e9l\u00e9chargements","item":"https:\/\/www.columbus-clean.com\/fr\/login\/telechargements\/"},{"@type":"ListItem","position":4,"name":"Pr\u00e9sentations de produits"}]},{"@type":"WebSite","@id":"https:\/\/www.columbus-clean.com\/fr\/#website","url":"https:\/\/www.columbus-clean.com\/fr\/","name":"columbus Reinigungsmaschinen","description":"Reinigungsautomaten und Industriesauger","potentialAction":[{"@type":"SearchAction","target":{"@type":"EntryPoint","urlTemplate":"https:\/\/www.columbus-clean.com\/fr\/?s={search_term_string}"},"query-input":{"@type":"PropertyValueSpecification","valueRequired":true,"valueName":"search_term_string"}}],"inLanguage":"fr-FR"}]}},"_links":{"self":[{"href":"https:\/\/www.columbus-clean.com\/fr\/wp-json\/wp\/v2\/pages\/44117","targetHints":{"allow":["GET"]}}],"collection":[{"href":"https:\/\/www.columbus-clean.com\/fr\/wp-json\/wp\/v2\/pages"}],"about":[{"href":"https:\/\/www.columbus-clean.com\/fr\/wp-json\/wp\/v2\/types\/page"}],"author":[{"embeddable":true,"href":"https:\/\/www.columbus-clean.com\/fr\/wp-json\/wp\/v2\/users\/33"}],"replies":[{"embeddable":true,"href":"https:\/\/www.columbus-clean.com\/fr\/wp-json\/wp\/v2\/comments?post=44117"}],"version-history":[{"count":0,"href":"https:\/\/www.columbus-clean.com\/fr\/wp-json\/wp\/v2\/pages\/44117\/revisions"}],"up":[{"embeddable":true,"href":"https:\/\/www.columbus-clean.com\/fr\/wp-json\/wp\/v2\/pages\/44074"}],"wp:attachment":[{"href":"https:\/\/www.columbus-clean.com\/fr\/wp-json\/wp\/v2\/media?parent=44117"}],"curies":[{"name":"wp","href":"https:\/\/api.w.org\/{rel}","templated":true}]}}