{"id":44156,"date":"2022-02-21T10:10:56","date_gmt":"2022-02-21T09:10:56","guid":{"rendered":"https:\/\/www.columbus-clean.com\/produits\/accessoires-pieces-detachees\/"},"modified":"2026-03-24T12:04:24","modified_gmt":"2026-03-24T11:04:24","slug":"accessoires-pieces-detachees","status":"publish","type":"page","link":"https:\/\/www.columbus-clean.com\/fr\/produits\/accessoires-pieces-detachees\/","title":{"rendered":"Accessoires &#038; pi\u00e8ces d\u00e9tach\u00e9es"},"content":{"rendered":"<p><div class=\"fusion-fullwidth fullwidth-box fusion-builder-row-1 has-pattern-background has-mask-background fusion-parallax-none nonhundred-percent-fullwidth non-hundred-percent-height-scrolling fusion-equal-height-columns limited-width-heading head-lenght-long\" style=\"--awb-border-radius-top-left:0px;--awb-border-radius-top-right:0px;--awb-border-radius-bottom-right:0px;--awb-border-radius-bottom-left:0px;--awb-background-color:#e3e8ec;--awb-background-image:url(&quot;https:\/\/www.columbus-clean.com\/wp-content\/uploads\/2022\/05\/Header_Accessoires.jpg&quot;);--awb-background-size:cover;--awb-flex-wrap:wrap;\" id=\"opener\" ><div class=\"fusion-builder-row fusion-row\"><div class=\"fusion-layout-column fusion_builder_column fusion-builder-column-0 fusion_builder_column_1_1 1_1 fusion-one-full fusion-column-first fusion-column-last fusion-column-inner-bg-wrapper\" style=\"--awb-inner-bg-position:center top;--awb-inner-bg-size:cover;\"><span class=\"fusion-column-inner-bg hover-type-zoomin\"><span class=\"fusion-column-anchor\"><span class=\"fusion-column-inner-bg-image\"><\/span><\/span><\/span><div class=\"fusion-column-wrapper fusion-flex-column-wrapper-legacy\"><div class=\"fusion-column-content-centered\"><div class=\"fusion-column-content\"><div class=\"fusion-title title fusion-title-1 fusion-sep-none fusion-title-text fusion-title-size-one\" style=\"--awb-margin-top-small:0px;--awb-margin-right-small:0px;--awb-margin-bottom-small:20px;--awb-margin-left-small:0px;\"><h1 class=\"fusion-title-heading title-heading-left\" style=\"margin:0;\">Gamme d&#8217;accessoires<\/h1><\/div><div class=\"fusion-sep-clear\"><\/div><div class=\"fusion-separator fusion-full-width-sep\" style=\"margin-left: auto;margin-right: auto;margin-bottom:10px;width:100%;\"><\/div><div class=\"fusion-sep-clear\"><\/div><div class=\"fusion-title title fusion-title-2 fusion-sep-none fusion-title-text fusion-title-size-two\" style=\"--awb-margin-top-small:0px;--awb-margin-right-small:0px;--awb-margin-bottom-small:20px;--awb-margin-left-small:0px;\"><h2 class=\"fusion-title-heading title-heading-left\" style=\"margin:0;\">pour les machines columbus<\/h2><\/div><\/div><\/div><div class=\"fusion-clearfix\"><\/div><\/div><\/div><\/div><\/div><div class=\"fusion-fullwidth fullwidth-box fusion-builder-row-2 nonhundred-percent-fullwidth non-hundred-percent-height-scrolling\" style=\"--awb-border-radius-top-left:0px;--awb-border-radius-top-right:0px;--awb-border-radius-bottom-right:0px;--awb-border-radius-bottom-left:0px;--awb-padding-bottom:70px;--awb-flex-wrap:wrap;\" ><div class=\"fusion-builder-row fusion-row\"><div class=\"fusion-layout-column fusion_builder_column fusion-builder-column-1 fusion_builder_column_1_4 1_4 fusion-one-fourth fusion-column-first\" style=\"--awb-bg-size:cover;width:25%;width:calc(25% - ( ( 4% + 4% ) * 0.25 ) );margin-right: 4%;\"><div class=\"fusion-column-wrapper fusion-flex-column-wrapper-legacy\"><div class=\"fusion-clearfix\"><\/div><\/div><\/div><div class=\"fusion-layout-column fusion_builder_column fusion-builder-column-2 fusion_builder_column_1_2 1_2 fusion-one-half intro-text\" style=\"--awb-bg-size:cover;--awb-margin-bottom:0px;width:50%;width:calc(50% - ( ( 4% + 4% ) * 0.5 ) );margin-right: 4%;\"><div class=\"fusion-column-wrapper fusion-flex-column-wrapper-legacy\"><div class=\"fusion-text fusion-text-1\"><p style=\"text-align: center;\">La flexibilit\u00e9 d&#8217;utilisation d&#8217;une machine de nettoyage est toujours une question d&#8217;accessoires ad\u00e9quats.<\/p>\n<\/div><div class=\"fusion-clearfix\"><\/div><\/div><\/div><div class=\"fusion-layout-column fusion_builder_column fusion-builder-column-3 fusion_builder_column_1_4 1_4 fusion-one-fourth fusion-column-last\" style=\"--awb-bg-size:cover;width:25%;width:calc(25% - ( ( 4% + 4% ) * 0.25 ) );\"><div class=\"fusion-column-wrapper fusion-flex-column-wrapper-legacy\"><div class=\"fusion-clearfix\"><\/div><\/div><\/div><\/div><\/div><div class=\"fusion-fullwidth fullwidth-box fusion-builder-row-3 nonhundred-percent-fullwidth non-hundred-percent-height-scrolling\" style=\"--awb-border-radius-top-left:0px;--awb-border-radius-top-right:0px;--awb-border-radius-bottom-right:0px;--awb-border-radius-bottom-left:0px;--awb-background-color:#f1f2f4;--awb-flex-wrap:wrap;\" ><div class=\"fusion-builder-row fusion-row\"><div class=\"fusion-layout-column fusion_builder_column fusion-builder-column-4 fusion_builder_column_1_1 1_1 fusion-one-full fusion-column-first fusion-column-last editorial\" style=\"--awb-bg-size:cover;\"><div class=\"fusion-column-wrapper fusion-flex-column-wrapper-legacy\"><div class=\"fusion-title title fusion-title-3 fusion-sep-none fusion-title-center fusion-title-text fusion-title-size-six\" style=\"--awb-margin-top-small:0px;--awb-margin-right-small:0px;--awb-margin-bottom-small:20px;--awb-margin-left-small:0px;\"><h6 class=\"fusion-title-heading title-heading-center\" style=\"margin:0;\">Une gamme d&#8217;accessoires de haute qualit\u00e9 pour toutes les situations<\/h6><\/div><div class=\"fusion-title title fusion-title-4 fusion-sep-none fusion-title-center fusion-title-text fusion-title-size-five\" style=\"--awb-margin-top-small:0px;--awb-margin-right-small:0px;--awb-margin-bottom-small:20px;--awb-margin-left-small:0px;\"><h5 class=\"fusion-title-heading title-heading-center\" style=\"margin:0;\">De haute qualit\u00e9 et parfaitement adapt\u00e9 \u00e0 chaque exigence<\/h5><\/div><div class=\"fusion-clearfix\"><\/div><\/div><\/div><div class=\"fusion-layout-column fusion_builder_column fusion-builder-column-5 fusion_builder_column_1_4 1_4 fusion-one-fourth fusion-column-first\" style=\"--awb-bg-size:cover;width:25%;width:calc(25% - ( ( 4% + 4% ) * 0.25 ) );margin-right: 4%;\"><div class=\"fusion-column-wrapper fusion-flex-column-wrapper-legacy\"><div class=\"fusion-clearfix\"><\/div><\/div><\/div><div class=\"fusion-layout-column fusion_builder_column fusion-builder-column-6 fusion_builder_column_1_2 1_2 fusion-one-half\" style=\"--awb-bg-size:cover;width:50%;width:calc(50% - ( ( 4% + 4% ) * 0.5 ) );margin-right: 4%;\" id=\"product-info\"><div class=\"fusion-column-wrapper fusion-flex-column-wrapper-legacy\"><div class=\"fusion-text fusion-text-2\"><p>Vous trouverez toujours l&#8217;accessoire ad\u00e9quat dans notre vaste gamme d&#8217;accessoires. Contactez-nous, nous nous ferons un plaisir de vous conseiller.<\/p>\n<\/div><div class=\"fusion-aligncenter\"><a class=\"fusion-button button-flat fusion-button-default-size button-default fusion-button-default button-1 fusion-button-default-span fusion-button-default-type\" target=\"_blank\" rel=\"noopener noreferrer\" title=\"T\u00e9l\u00e9charger catalogue\" aria-label=\"T\u00e9l\u00e9charger catalogue\" href=\"https:\/\/www.columbus-clean.com\/wp-content\/uploads\/2026\/03\/Catalogue-2026-F-V1-2.pdf\"><span class=\"fusion-button-text awb-button__text awb-button__text--default\">T\u00e9l\u00e9charger catalogue<\/span><\/a><\/div>\n<div class=\"fusion-clearfix\"><\/div><\/div><\/div><div class=\"fusion-layout-column fusion_builder_column fusion-builder-column-7 fusion_builder_column_1_4 1_4 fusion-one-fourth fusion-column-last\" style=\"--awb-bg-size:cover;width:25%;width:calc(25% - ( ( 4% + 4% ) * 0.25 ) );\"><div class=\"fusion-column-wrapper fusion-flex-column-wrapper-legacy\"><div class=\"fusion-clearfix\"><\/div><\/div><\/div><\/div><\/div><\/p>\n","protected":false},"excerpt":{"rendered":"","protected":false},"author":1,"featured_media":0,"parent":0,"menu_order":0,"comment_status":"closed","ping_status":"closed","template":"100-width.php","meta":{"footnotes":""},"class_list":["post-44156","page","type-page","status-publish","hentry"],"yoast_head":"<!-- This site is optimized with the Yoast SEO plugin v27.3 - https:\/\/yoast.com\/product\/yoast-seo-wordpress\/ -->\n<title>Pi\u00e8ces d\u00e9tach\u00e9es de columbus - Accessoires de machines<\/title>\n<meta name=\"description\" content=\"L&#039;assortiment d&#039;accessoires et de pi\u00e8ces de rechange des machines de nettoyage columbus comprend, outre les brosses \u00e0 r\u00e9curer et les plateaux d&#039;entra\u00eenement, des accessoires d&#039;aspiration, etc.\" \/>\n<meta name=\"robots\" content=\"index, follow, max-snippet:-1, max-image-preview:large, max-video-preview:-1\" \/>\n<link rel=\"canonical\" href=\"https:\/\/www.columbus-clean.com\/fr\/produits\/accessoires-pieces-detachees\/\" \/>\n<meta property=\"og:locale\" content=\"fr_FR\" \/>\n<meta property=\"og:type\" content=\"article\" \/>\n<meta property=\"og:title\" content=\"Pi\u00e8ces d\u00e9tach\u00e9es de columbus - Accessoires de machines\" \/>\n<meta property=\"og:description\" content=\"L&#039;assortiment d&#039;accessoires et de pi\u00e8ces de rechange des machines de nettoyage columbus comprend, outre les brosses \u00e0 r\u00e9curer et les plateaux d&#039;entra\u00eenement, des accessoires d&#039;aspiration, etc.\" \/>\n<meta property=\"og:url\" content=\"https:\/\/www.columbus-clean.com\/fr\/produits\/accessoires-pieces-detachees\/\" \/>\n<meta property=\"og:site_name\" content=\"columbus Reinigungsmaschinen\" \/>\n<meta property=\"article:modified_time\" content=\"2026-03-24T11:04:24+00:00\" \/>\n<meta name=\"twitter:card\" content=\"summary_large_image\" \/>\n<meta name=\"twitter:label1\" content=\"Dur\u00e9e de lecture estim\u00e9e\" \/>\n\t<meta name=\"twitter:data1\" content=\"1 minute\" \/>\n<script type=\"application\/ld+json\" class=\"yoast-schema-graph\">{\"@context\":\"https:\\\/\\\/schema.org\",\"@graph\":[{\"@type\":\"WebPage\",\"@id\":\"https:\\\/\\\/www.columbus-clean.com\\\/fr\\\/produits\\\/accessoires-pieces-detachees\\\/\",\"url\":\"https:\\\/\\\/www.columbus-clean.com\\\/fr\\\/produits\\\/accessoires-pieces-detachees\\\/\",\"name\":\"Pi\u00e8ces d\u00e9tach\u00e9es de columbus - Accessoires de machines\",\"isPartOf\":{\"@id\":\"https:\\\/\\\/www.columbus-clean.com\\\/fr\\\/#website\"},\"datePublished\":\"2022-02-21T09:10:56+00:00\",\"dateModified\":\"2026-03-24T11:04:24+00:00\",\"description\":\"L'assortiment d'accessoires et de pi\u00e8ces de rechange des machines de nettoyage columbus comprend, outre les brosses \u00e0 r\u00e9curer et les plateaux d'entra\u00eenement, des accessoires d'aspiration, etc.\",\"breadcrumb\":{\"@id\":\"https:\\\/\\\/www.columbus-clean.com\\\/fr\\\/produits\\\/accessoires-pieces-detachees\\\/#breadcrumb\"},\"inLanguage\":\"fr-FR\",\"potentialAction\":[{\"@type\":\"ReadAction\",\"target\":[\"https:\\\/\\\/www.columbus-clean.com\\\/fr\\\/produits\\\/accessoires-pieces-detachees\\\/\"]}]},{\"@type\":\"BreadcrumbList\",\"@id\":\"https:\\\/\\\/www.columbus-clean.com\\\/fr\\\/produits\\\/accessoires-pieces-detachees\\\/#breadcrumb\",\"itemListElement\":[{\"@type\":\"ListItem\",\"position\":1,\"name\":\"Startseite\",\"item\":\"https:\\\/\\\/www.columbus-clean.com\\\/fr\\\/\"},{\"@type\":\"ListItem\",\"position\":2,\"name\":\"Accessoires &#038; pi\u00e8ces d\u00e9tach\u00e9es\"}]},{\"@type\":\"WebSite\",\"@id\":\"https:\\\/\\\/www.columbus-clean.com\\\/fr\\\/#website\",\"url\":\"https:\\\/\\\/www.columbus-clean.com\\\/fr\\\/\",\"name\":\"columbus Reinigungsmaschinen\",\"description\":\"Reinigungsautomaten und Industriesauger\",\"potentialAction\":[{\"@type\":\"SearchAction\",\"target\":{\"@type\":\"EntryPoint\",\"urlTemplate\":\"https:\\\/\\\/www.columbus-clean.com\\\/fr\\\/?s={search_term_string}\"},\"query-input\":{\"@type\":\"PropertyValueSpecification\",\"valueRequired\":true,\"valueName\":\"search_term_string\"}}],\"inLanguage\":\"fr-FR\"}]}<\/script>\n<!-- \/ Yoast SEO plugin. -->","yoast_head_json":{"title":"Pi\u00e8ces d\u00e9tach\u00e9es de columbus - Accessoires de machines","description":"L'assortiment d'accessoires et de pi\u00e8ces de rechange des machines de nettoyage columbus comprend, outre les brosses \u00e0 r\u00e9curer et les plateaux d'entra\u00eenement, des accessoires d'aspiration, etc.","robots":{"index":"index","follow":"follow","max-snippet":"max-snippet:-1","max-image-preview":"max-image-preview:large","max-video-preview":"max-video-preview:-1"},"canonical":"https:\/\/www.columbus-clean.com\/fr\/produits\/accessoires-pieces-detachees\/","og_locale":"fr_FR","og_type":"article","og_title":"Pi\u00e8ces d\u00e9tach\u00e9es de columbus - Accessoires de machines","og_description":"L'assortiment d'accessoires et de pi\u00e8ces de rechange des machines de nettoyage columbus comprend, outre les brosses \u00e0 r\u00e9curer et les plateaux d'entra\u00eenement, des accessoires d'aspiration, etc.","og_url":"https:\/\/www.columbus-clean.com\/fr\/produits\/accessoires-pieces-detachees\/","og_site_name":"columbus Reinigungsmaschinen","article_modified_time":"2026-03-24T11:04:24+00:00","twitter_card":"summary_large_image","twitter_misc":{"Dur\u00e9e de lecture estim\u00e9e":"1 minute"},"schema":{"@context":"https:\/\/schema.org","@graph":[{"@type":"WebPage","@id":"https:\/\/www.columbus-clean.com\/fr\/produits\/accessoires-pieces-detachees\/","url":"https:\/\/www.columbus-clean.com\/fr\/produits\/accessoires-pieces-detachees\/","name":"Pi\u00e8ces d\u00e9tach\u00e9es de columbus - Accessoires de machines","isPartOf":{"@id":"https:\/\/www.columbus-clean.com\/fr\/#website"},"datePublished":"2022-02-21T09:10:56+00:00","dateModified":"2026-03-24T11:04:24+00:00","description":"L'assortiment d'accessoires et de pi\u00e8ces de rechange des machines de nettoyage columbus comprend, outre les brosses \u00e0 r\u00e9curer et les plateaux d'entra\u00eenement, des accessoires d'aspiration, etc.","breadcrumb":{"@id":"https:\/\/www.columbus-clean.com\/fr\/produits\/accessoires-pieces-detachees\/#breadcrumb"},"inLanguage":"fr-FR","potentialAction":[{"@type":"ReadAction","target":["https:\/\/www.columbus-clean.com\/fr\/produits\/accessoires-pieces-detachees\/"]}]},{"@type":"BreadcrumbList","@id":"https:\/\/www.columbus-clean.com\/fr\/produits\/accessoires-pieces-detachees\/#breadcrumb","itemListElement":[{"@type":"ListItem","position":1,"name":"Startseite","item":"https:\/\/www.columbus-clean.com\/fr\/"},{"@type":"ListItem","position":2,"name":"Accessoires &#038; pi\u00e8ces d\u00e9tach\u00e9es"}]},{"@type":"WebSite","@id":"https:\/\/www.columbus-clean.com\/fr\/#website","url":"https:\/\/www.columbus-clean.com\/fr\/","name":"columbus Reinigungsmaschinen","description":"Reinigungsautomaten und Industriesauger","potentialAction":[{"@type":"SearchAction","target":{"@type":"EntryPoint","urlTemplate":"https:\/\/www.columbus-clean.com\/fr\/?s={search_term_string}"},"query-input":{"@type":"PropertyValueSpecification","valueRequired":true,"valueName":"search_term_string"}}],"inLanguage":"fr-FR"}]}},"_links":{"self":[{"href":"https:\/\/www.columbus-clean.com\/fr\/wp-json\/wp\/v2\/pages\/44156","targetHints":{"allow":["GET"]}}],"collection":[{"href":"https:\/\/www.columbus-clean.com\/fr\/wp-json\/wp\/v2\/pages"}],"about":[{"href":"https:\/\/www.columbus-clean.com\/fr\/wp-json\/wp\/v2\/types\/page"}],"author":[{"embeddable":true,"href":"https:\/\/www.columbus-clean.com\/fr\/wp-json\/wp\/v2\/users\/1"}],"replies":[{"embeddable":true,"href":"https:\/\/www.columbus-clean.com\/fr\/wp-json\/wp\/v2\/comments?post=44156"}],"version-history":[{"count":1,"href":"https:\/\/www.columbus-clean.com\/fr\/wp-json\/wp\/v2\/pages\/44156\/revisions"}],"predecessor-version":[{"id":167587,"href":"https:\/\/www.columbus-clean.com\/fr\/wp-json\/wp\/v2\/pages\/44156\/revisions\/167587"}],"wp:attachment":[{"href":"https:\/\/www.columbus-clean.com\/fr\/wp-json\/wp\/v2\/media?parent=44156"}],"curies":[{"name":"wp","href":"https:\/\/api.w.org\/{rel}","templated":true}]}}