{"id":44165,"date":"2022-02-21T10:58:57","date_gmt":"2022-02-21T09:58:57","guid":{"rendered":"https:\/\/www.columbus-clean.com\/produits\/accessoires-pieces-de-rechange-pour-les-autolaveuses\/"},"modified":"2026-02-23T12:24:12","modified_gmt":"2026-02-23T11:24:12","slug":"accessoires-pieces-de-rechange-pour-les-autolaveuses","status":"publish","type":"page","link":"https:\/\/www.columbus-clean.com\/fr\/produits\/accessoires-autolaveuses\/","title":{"rendered":"Accessoires &#038; pi\u00e8ces de rechange pour les autolaveuses"},"content":{"rendered":"<p><div class=\"fusion-fullwidth fullwidth-box fusion-builder-row-1 has-pattern-background has-mask-background fusion-parallax-none nonhundred-percent-fullwidth non-hundred-percent-height-scrolling fusion-equal-height-columns limited-width-heading head-lenght-long\" style=\"--awb-border-radius-top-left:0px;--awb-border-radius-top-right:0px;--awb-border-radius-bottom-right:0px;--awb-border-radius-bottom-left:0px;--awb-background-color:#e3e8ec;--awb-background-image:url(&quot;https:\/\/www.columbus-clean.com\/wp-content\/uploads\/2022\/05\/Header_Accessoires.jpg&quot;);--awb-background-size:cover;--awb-flex-wrap:wrap;\" id=\"opener\" ><div class=\"fusion-builder-row fusion-row\"><div class=\"fusion-layout-column fusion_builder_column fusion-builder-column-0 fusion_builder_column_1_1 1_1 fusion-one-full fusion-column-first fusion-column-last fusion-column-inner-bg-wrapper\" style=\"--awb-inner-bg-position:center top;--awb-inner-bg-size:cover;\"><span class=\"fusion-column-inner-bg hover-type-zoomin\"><span class=\"fusion-column-anchor\"><span class=\"fusion-column-inner-bg-image\"><\/span><\/span><\/span><div class=\"fusion-column-wrapper fusion-flex-column-wrapper-legacy\"><div class=\"fusion-column-content-centered\"><div class=\"fusion-column-content\"><div class=\"fusion-title title fusion-title-1 fusion-sep-none fusion-title-text fusion-title-size-one\" style=\"--awb-margin-top-small:0px;--awb-margin-right-small:0px;--awb-margin-bottom-small:20px;--awb-margin-left-small:0px;\"><h1 class=\"fusion-title-heading title-heading-left\" style=\"margin:0;\">Gamme d&#8217;accessoires<\/h1><\/div><div class=\"fusion-sep-clear\"><\/div><div class=\"fusion-separator fusion-full-width-sep\" style=\"margin-left: auto;margin-right: auto;margin-bottom:10px;width:100%;\"><\/div><div class=\"fusion-sep-clear\"><\/div><div class=\"fusion-title title fusion-title-2 fusion-sep-none fusion-title-text fusion-title-size-two\" style=\"--awb-margin-top-small:0px;--awb-margin-right-small:0px;--awb-margin-bottom-small:20px;--awb-margin-left-small:0px;\"><h2 class=\"fusion-title-heading title-heading-left\" style=\"margin:0;\">pour autolaveuses<\/h2><\/div><\/div><\/div><div class=\"fusion-clearfix\"><\/div><\/div><\/div><\/div><\/div><div class=\"fusion-fullwidth fullwidth-box fusion-builder-row-2 nonhundred-percent-fullwidth non-hundred-percent-height-scrolling\" style=\"--awb-border-radius-top-left:0px;--awb-border-radius-top-right:0px;--awb-border-radius-bottom-right:0px;--awb-border-radius-bottom-left:0px;--awb-padding-bottom:70px;--awb-flex-wrap:wrap;\" ><div class=\"fusion-builder-row fusion-row\"><div class=\"fusion-layout-column fusion_builder_column fusion-builder-column-1 fusion_builder_column_1_4 1_4 fusion-one-fourth fusion-column-first\" style=\"--awb-bg-size:cover;width:25%;width:calc(25% - ( ( 4% + 4% ) * 0.25 ) );margin-right: 4%;\"><div class=\"fusion-column-wrapper fusion-flex-column-wrapper-legacy\"><div class=\"fusion-clearfix\"><\/div><\/div><\/div><div class=\"fusion-layout-column fusion_builder_column fusion-builder-column-2 fusion_builder_column_1_2 1_2 fusion-one-half\" style=\"--awb-bg-size:cover;--awb-margin-bottom:0px;width:50%;width:calc(50% - ( ( 4% + 4% ) * 0.5 ) );margin-right: 4%;\"><div class=\"fusion-column-wrapper fusion-flex-column-wrapper-legacy\"><div class=\"fusion-text fusion-text-1\"><p style=\"text-align: center;\">La flexibilit\u00e9 d&#8217;utilisation d&#8217;une machine de nettoyage est toujours une question d&#8217;accessoires ad\u00e9quats.<\/p>\n<\/div><div class=\"fusion-clearfix\"><\/div><\/div><\/div><div class=\"fusion-layout-column fusion_builder_column fusion-builder-column-3 fusion_builder_column_1_4 1_4 fusion-one-fourth fusion-column-last\" style=\"--awb-bg-size:cover;width:25%;width:calc(25% - ( ( 4% + 4% ) * 0.25 ) );\"><div class=\"fusion-column-wrapper fusion-flex-column-wrapper-legacy\"><div class=\"fusion-clearfix\"><\/div><\/div><\/div><\/div><\/div><div class=\"fusion-fullwidth fullwidth-box fusion-builder-row-3 nonhundred-percent-fullwidth non-hundred-percent-height-scrolling\" style=\"--awb-border-radius-top-left:0px;--awb-border-radius-top-right:0px;--awb-border-radius-bottom-right:0px;--awb-border-radius-bottom-left:0px;--awb-background-color:#f1f2f4;--awb-flex-wrap:wrap;\" ><div class=\"fusion-builder-row fusion-row\"><div class=\"fusion-layout-column fusion_builder_column fusion-builder-column-4 fusion_builder_column_1_1 1_1 fusion-one-full fusion-column-first fusion-column-last editorial\" style=\"--awb-bg-size:cover;\"><div class=\"fusion-column-wrapper fusion-flex-column-wrapper-legacy\"><div class=\"fusion-title title fusion-title-3 fusion-sep-none fusion-title-center fusion-title-text fusion-title-size-six\" style=\"--awb-margin-top-small:0px;--awb-margin-right-small:0px;--awb-margin-bottom-small:20px;--awb-margin-left-small:0px;\"><h6 class=\"fusion-title-heading title-heading-center\" style=\"margin:0;\">columbus plateau<\/h6><\/div><div class=\"fusion-title title fusion-title-4 fusion-sep-none fusion-title-center fusion-title-text fusion-title-size-five\" style=\"--awb-margin-top-small:0px;--awb-margin-right-small:0px;--awb-margin-bottom-small:20px;--awb-margin-left-small:0px;\"><h5 class=\"fusion-title-heading title-heading-center\" style=\"margin:0;\">Haute qualit\u00e9 et longue dur\u00e9e de vie made in Germany<\/h5><\/div><div class=\"fusion-clearfix\"><\/div><\/div><\/div><div class=\"fusion-layout-column fusion_builder_column fusion-builder-column-5 fusion_builder_column_1_2 1_2 fusion-one-half fusion-column-first\" style=\"--awb-bg-size:cover;width:50%;width:calc(50% - ( ( 4% ) * 0.5 ) );margin-right: 4%;\"><div class=\"fusion-column-wrapper fusion-flex-column-wrapper-legacy\"><div class=\"fusion-image-element in-legacy-container\" style=\"--awb-caption-title-font-family:var(--h2_typography-font-family);--awb-caption-title-font-weight:var(--h2_typography-font-weight);--awb-caption-title-font-style:var(--h2_typography-font-style);--awb-caption-title-size:var(--h2_typography-font-size);--awb-caption-title-transform:var(--h2_typography-text-transform);--awb-caption-title-line-height:var(--h2_typography-line-height);--awb-caption-title-letter-spacing:var(--h2_typography-letter-spacing);\"><span class=\" fusion-imageframe imageframe-none imageframe-1 hover-type-none\"><img decoding=\"async\" width=\"1200\" height=\"1048\" alt=\"plateau accessoires autolaveuse monobrosse\" title=\"plateau accessoires autolaveuse monobrosse\" src=\"https:\/\/www.columbus-clean.com\/wp-content\/uploads\/2022\/05\/plateau-hl-01-accessoires-autolaveuse-monobrosse.jpg\" class=\"img-responsive wp-image-55046\" srcset=\"https:\/\/www.columbus-clean.com\/wp-content\/uploads\/2022\/05\/plateau-hl-01-accessoires-autolaveuse-monobrosse-200x175.jpg 200w, https:\/\/www.columbus-clean.com\/wp-content\/uploads\/2022\/05\/plateau-hl-01-accessoires-autolaveuse-monobrosse-400x349.jpg 400w, https:\/\/www.columbus-clean.com\/wp-content\/uploads\/2022\/05\/plateau-hl-01-accessoires-autolaveuse-monobrosse-600x524.jpg 600w, https:\/\/www.columbus-clean.com\/wp-content\/uploads\/2022\/05\/plateau-hl-01-accessoires-autolaveuse-monobrosse-800x699.jpg 800w, https:\/\/www.columbus-clean.com\/wp-content\/uploads\/2022\/05\/plateau-hl-01-accessoires-autolaveuse-monobrosse.jpg 1200w\" sizes=\"(max-width: 1023px) 100vw, 800px\" \/><\/span><\/div><div class=\"fusion-clearfix\"><\/div><\/div><\/div><div class=\"fusion-layout-column fusion_builder_column fusion-builder-column-6 fusion_builder_column_1_2 1_2 fusion-one-half fusion-column-last\" style=\"--awb-bg-size:cover;width:50%;width:calc(50% - ( ( 4% ) * 0.5 ) );\" id=\"product-info\"><div class=\"fusion-column-wrapper fusion-flex-column-wrapper-legacy\"><div class=\"fusion-text fusion-text-2\"><p>Gr\u00e2ce \u00e0 un nouveau proc\u00e9d\u00e9 de fabrication et \u00e0 une composition plastique sp\u00e9ciale, nos plateaux sont extr\u00eamement durables, r\u00e9sistants \u00e0 la charge et prot\u00e8gent les disques. De cette mani\u00e8re, les co\u00fbts des outils de travail dans le processus de nettoyage restent toujours faibles. 100% \u00e9tanches \u00e0 la poussi\u00e8re et \u00e0 l&#8217;eau, nos plateaux porte-disque sont autoclavables jusqu&#8217;\u00e0 140\u00b0C et peuvent \u00e9galement \u00eatre enti\u00e8rement recycl\u00e9es.<\/p>\n<\/div><div class=\"fusion-clearfix\"><\/div><\/div><\/div><\/div><\/div><div class=\"fusion-fullwidth fullwidth-box fusion-builder-row-4 nonhundred-percent-fullwidth non-hundred-percent-height-scrolling\" style=\"--awb-border-radius-top-left:0px;--awb-border-radius-top-right:0px;--awb-border-radius-bottom-right:0px;--awb-border-radius-bottom-left:0px;--awb-flex-wrap:wrap;\" ><div class=\"fusion-builder-row fusion-row\"><div class=\"fusion-layout-column fusion_builder_column fusion-builder-column-7 fusion_builder_column_1_1 1_1 fusion-one-full fusion-column-first fusion-column-last editorial\" style=\"--awb-bg-size:cover;\"><div class=\"fusion-column-wrapper fusion-flex-column-wrapper-legacy\"><div class=\"fusion-title title fusion-title-5 fusion-sep-none fusion-title-center fusion-title-text fusion-title-size-six\" style=\"--awb-margin-top-small:0px;--awb-margin-right-small:0px;--awb-margin-bottom-small:20px;--awb-margin-left-small:0px;\"><h6 class=\"fusion-title-heading title-heading-center\" style=\"margin:0;\">columbus brosses<\/h6><\/div><div class=\"fusion-title title fusion-title-6 fusion-sep-none fusion-title-center fusion-title-text fusion-title-size-five\" style=\"--awb-margin-top-small:0px;--awb-margin-right-small:0px;--awb-margin-bottom-small:20px;--awb-margin-left-small:0px;\"><h5 class=\"fusion-title-heading title-heading-center\" style=\"margin:0;\">Haute qualit\u00e9 et longue dur\u00e9e de vie made in Germany<\/h5><\/div><div class=\"fusion-clearfix\"><\/div><\/div><\/div><div class=\"fusion-layout-column fusion_builder_column fusion-builder-column-8 fusion_builder_column_1_2 1_2 fusion-one-half fusion-column-first\" style=\"--awb-bg-size:cover;width:50%;width:calc(50% - ( ( 4% ) * 0.5 ) );margin-right: 4%;\"><div class=\"fusion-column-wrapper fusion-flex-column-wrapper-legacy\"><div class=\"fusion-image-element in-legacy-container\" style=\"--awb-caption-title-font-family:var(--h2_typography-font-family);--awb-caption-title-font-weight:var(--h2_typography-font-weight);--awb-caption-title-font-style:var(--h2_typography-font-style);--awb-caption-title-size:var(--h2_typography-font-size);--awb-caption-title-transform:var(--h2_typography-text-transform);--awb-caption-title-line-height:var(--h2_typography-line-height);--awb-caption-title-letter-spacing:var(--h2_typography-letter-spacing);\"><span class=\" fusion-imageframe imageframe-none imageframe-2 hover-type-none\"><img decoding=\"async\" width=\"1200\" height=\"1166\" alt=\"brosses accessoires autolaveuse monobrosse\" title=\"brosses accessoires autolaveuse monobrosse\" src=\"https:\/\/www.columbus-clean.com\/wp-content\/uploads\/2022\/05\/brosses-hl-01-accessoires-autolaveuse-monobrosse.jpg\" class=\"img-responsive wp-image-55047\" srcset=\"https:\/\/www.columbus-clean.com\/wp-content\/uploads\/2022\/05\/brosses-hl-01-accessoires-autolaveuse-monobrosse-200x194.jpg 200w, https:\/\/www.columbus-clean.com\/wp-content\/uploads\/2022\/05\/brosses-hl-01-accessoires-autolaveuse-monobrosse-400x389.jpg 400w, https:\/\/www.columbus-clean.com\/wp-content\/uploads\/2022\/05\/brosses-hl-01-accessoires-autolaveuse-monobrosse-600x583.jpg 600w, https:\/\/www.columbus-clean.com\/wp-content\/uploads\/2022\/05\/brosses-hl-01-accessoires-autolaveuse-monobrosse-800x777.jpg 800w, https:\/\/www.columbus-clean.com\/wp-content\/uploads\/2022\/05\/brosses-hl-01-accessoires-autolaveuse-monobrosse.jpg 1200w\" sizes=\"(max-width: 1023px) 100vw, 800px\" \/><\/span><\/div><div class=\"fusion-clearfix\"><\/div><\/div><\/div><div class=\"fusion-layout-column fusion_builder_column fusion-builder-column-9 fusion_builder_column_1_2 1_2 fusion-one-half fusion-column-last\" style=\"--awb-bg-size:cover;width:50%;width:calc(50% - ( ( 4% ) * 0.5 ) );\" id=\"product-info\"><div class=\"fusion-column-wrapper fusion-flex-column-wrapper-legacy\"><div class=\"fusion-text fusion-text-3\"><p>En combinaison avec nos machines de nettoyage, les brosses columbus garantissent les meilleurs r\u00e9sultats de nettoyage et une efficacit\u00e9 absolue. Les brosses ont des poils denses sur toute la surface libre &#8211; pour une plus grande stabilit\u00e9, un fonctionnement plus fluide et moins d&#8217;usure. Meilleures performances de nettoyage : une coupe creuse sur les extr\u00e9mit\u00e9s des poils garantit qu&#8217;ils reposent exactement \u00e0 plat sous la charge. Les rang\u00e9es ext\u00e9rieures inclin\u00e9es de poils permettent un travail propre jusqu&#8217;au bord. La structure des poils assure une r\u00e9partition optimale de l&#8217;eau sur toute la surface.<\/p>\n<p>Moins de consommation d&#8217;eau avec les brosses water-stop : gr\u00e2ce \u00e0 la densit\u00e9 des poils et \u00e0 leur structure sp\u00e9ciale, jusqu&#8217;\u00e0 40 % d&#8217;eau peut \u00eatre \u00e9conomis\u00e9e. Les brosses de haute qualit\u00e9 apportent ainsi une contribution importante \u00e0 un nettoyage durable.<\/p>\n<\/div><div class=\"fusion-clearfix\"><\/div><\/div><\/div><\/div><\/div><div class=\"fusion-fullwidth fullwidth-box fusion-builder-row-5 nonhundred-percent-fullwidth non-hundred-percent-height-scrolling\" style=\"--awb-border-radius-top-left:0px;--awb-border-radius-top-right:0px;--awb-border-radius-bottom-right:0px;--awb-border-radius-bottom-left:0px;--awb-background-color:#f1f2f4;--awb-flex-wrap:wrap;\" ><div class=\"fusion-builder-row fusion-row\"><div class=\"fusion-layout-column fusion_builder_column fusion-builder-column-10 fusion_builder_column_1_1 1_1 fusion-one-full fusion-column-first fusion-column-last editorial\" style=\"--awb-bg-size:cover;\"><div class=\"fusion-column-wrapper fusion-flex-column-wrapper-legacy\"><div class=\"fusion-title title fusion-title-7 fusion-sep-none fusion-title-center fusion-title-text fusion-title-size-six\" style=\"--awb-margin-top-small:0px;--awb-margin-right-small:0px;--awb-margin-bottom-small:20px;--awb-margin-left-small:0px;\"><h6 class=\"fusion-title-heading title-heading-center\" style=\"margin:0;\">Batteries<\/h6><\/div><div class=\"fusion-title title fusion-title-8 fusion-sep-none fusion-title-center fusion-title-text fusion-title-size-five\" style=\"--awb-margin-top-small:0px;--awb-margin-right-small:0px;--awb-margin-bottom-small:20px;--awb-margin-left-small:0px;\"><h5 class=\"fusion-title-heading title-heading-center\" style=\"margin:0;\">De haute qualit\u00e9 et parfaitement adapt\u00e9<\/h5><\/div><div class=\"fusion-clearfix\"><\/div><\/div><\/div><div class=\"fusion-layout-column fusion_builder_column fusion-builder-column-11 fusion_builder_column_1_2 1_2 fusion-one-half fusion-column-first\" style=\"--awb-bg-size:cover;width:50%;width:calc(50% - ( ( 4% ) * 0.5 ) );margin-right: 4%;\"><div class=\"fusion-column-wrapper fusion-flex-column-wrapper-legacy\"><div class=\"fusion-image-element in-legacy-container\" style=\"--awb-caption-title-font-family:var(--h2_typography-font-family);--awb-caption-title-font-weight:var(--h2_typography-font-weight);--awb-caption-title-font-style:var(--h2_typography-font-style);--awb-caption-title-size:var(--h2_typography-font-size);--awb-caption-title-transform:var(--h2_typography-text-transform);--awb-caption-title-line-height:var(--h2_typography-line-height);--awb-caption-title-letter-spacing:var(--h2_typography-letter-spacing);\"><span class=\" fusion-imageframe imageframe-none imageframe-3 hover-type-none\"><img decoding=\"async\" width=\"1200\" height=\"1321\" alt=\"batteries accessoires autolaveuse monobrosse\" title=\"batteries accessoires autolaveuse monobrosse\" src=\"https:\/\/www.columbus-clean.com\/wp-content\/uploads\/2022\/05\/batteries-hl-01-accessoires-autolaveuse-monobrosse.jpg\" class=\"img-responsive wp-image-55048\" srcset=\"https:\/\/www.columbus-clean.com\/wp-content\/uploads\/2022\/05\/batteries-hl-01-accessoires-autolaveuse-monobrosse-200x220.jpg 200w, https:\/\/www.columbus-clean.com\/wp-content\/uploads\/2022\/05\/batteries-hl-01-accessoires-autolaveuse-monobrosse-400x440.jpg 400w, https:\/\/www.columbus-clean.com\/wp-content\/uploads\/2022\/05\/batteries-hl-01-accessoires-autolaveuse-monobrosse-600x661.jpg 600w, https:\/\/www.columbus-clean.com\/wp-content\/uploads\/2022\/05\/batteries-hl-01-accessoires-autolaveuse-monobrosse-800x881.jpg 800w, https:\/\/www.columbus-clean.com\/wp-content\/uploads\/2022\/05\/batteries-hl-01-accessoires-autolaveuse-monobrosse.jpg 1200w\" sizes=\"(max-width: 1023px) 100vw, 800px\" \/><\/span><\/div><div class=\"fusion-clearfix\"><\/div><\/div><\/div><div class=\"fusion-layout-column fusion_builder_column fusion-builder-column-12 fusion_builder_column_1_2 1_2 fusion-one-half fusion-column-last\" style=\"--awb-bg-size:cover;width:50%;width:calc(50% - ( ( 4% ) * 0.5 ) );\" id=\"product-info\"><div class=\"fusion-column-wrapper fusion-flex-column-wrapper-legacy\"><div class=\"fusion-text fusion-text-4\"><p>Nous proposons une large gamme de batteries de traction de haute qualit\u00e9 avec une technologie gel sans entretien et des batteries humides. La taille et la qualit\u00e9 de nos batteries sont parfaitement adapt\u00e9es aux exigences sp\u00e9cifiques de nos machines de nettoyage. Apr\u00e8s tout, un nettoyage efficace est aussi une question de la meilleure interaction entre le fournisseur d&#8217;\u00e9nergie et la machine.<\/p>\n<\/div><div class=\"fusion-clearfix\"><\/div><\/div><\/div><\/div><\/div><div class=\"fusion-fullwidth fullwidth-box fusion-builder-row-6 nonhundred-percent-fullwidth non-hundred-percent-height-scrolling\" style=\"--awb-border-radius-top-left:0px;--awb-border-radius-top-right:0px;--awb-border-radius-bottom-right:0px;--awb-border-radius-bottom-left:0px;--awb-flex-wrap:wrap;\" ><div class=\"fusion-builder-row fusion-row\"><div class=\"fusion-layout-column fusion_builder_column fusion-builder-column-13 fusion_builder_column_1_1 1_1 fusion-one-full fusion-column-first fusion-column-last\" style=\"--awb-bg-size:cover;\"><div class=\"fusion-column-wrapper fusion-column-has-shadow fusion-flex-column-wrapper-legacy\"><div class=\"fusion-aligncenter\"><a class=\"fusion-button button-flat fusion-button-default-size button-default fusion-button-default button-1 fusion-button-default-span fusion-button-default-type\" target=\"_blank\" rel=\"noopener noreferrer\" title=\"T\u00e9l\u00e9charger catalogue\" aria-label=\"T\u00e9l\u00e9charger catalogue\" href=\"https:\/\/www.columbus-clean.com\/wp-content\/uploads\/2026\/03\/Catalogue-2026-F-V1-2.pdf\"><span class=\"fusion-button-text awb-button__text awb-button__text--default\">T\u00e9l\u00e9charger catalogue<\/span><\/a><\/div>\n<div class=\"fusion-clearfix\"><\/div><\/div><\/div><\/div><\/div><\/p>\n","protected":false},"excerpt":{"rendered":"","protected":false},"author":1,"featured_media":0,"parent":0,"menu_order":0,"comment_status":"closed","ping_status":"closed","template":"100-width.php","meta":{"footnotes":""},"class_list":["post-44165","page","type-page","status-publish","hentry"],"yoast_head":"<!-- This site is optimized with the Yoast SEO plugin v27.3 - https:\/\/yoast.com\/product\/yoast-seo-wordpress\/ -->\n<title>Autolaveuses Accessoires et batterie pour autolaveuses<\/title>\n<meta name=\"description\" content=\"L&#039;assortiment d&#039;accessoires et de pi\u00e8ces de rechange pour les automates de nettoyage comprend des plateaux d&#039;entra\u00eenement, des brosses, des batteries pour les autolaveuses et bien d&#039;autres choses encore.\" \/>\n<meta name=\"robots\" content=\"index, follow, max-snippet:-1, max-image-preview:large, max-video-preview:-1\" \/>\n<link rel=\"canonical\" href=\"https:\/\/www.columbus-clean.com\/fr\/produits\/accessoires-autolaveuses\/\" \/>\n<meta property=\"og:locale\" content=\"fr_FR\" \/>\n<meta property=\"og:type\" content=\"article\" \/>\n<meta property=\"og:title\" content=\"Autolaveuses Accessoires et batterie pour autolaveuses\" \/>\n<meta property=\"og:description\" content=\"L&#039;assortiment d&#039;accessoires et de pi\u00e8ces de rechange pour les automates de nettoyage comprend des plateaux d&#039;entra\u00eenement, des brosses, des batteries pour les autolaveuses et bien d&#039;autres choses encore.\" \/>\n<meta property=\"og:url\" content=\"https:\/\/www.columbus-clean.com\/fr\/produits\/accessoires-autolaveuses\/\" \/>\n<meta property=\"og:site_name\" content=\"columbus Reinigungsmaschinen\" \/>\n<meta property=\"article:modified_time\" content=\"2026-02-23T11:24:12+00:00\" \/>\n<meta name=\"twitter:card\" content=\"summary_large_image\" \/>\n<meta name=\"twitter:label1\" content=\"Dur\u00e9e de lecture estim\u00e9e\" \/>\n\t<meta name=\"twitter:data1\" content=\"3 minutes\" \/>\n<script type=\"application\/ld+json\" class=\"yoast-schema-graph\">{\"@context\":\"https:\\\/\\\/schema.org\",\"@graph\":[{\"@type\":\"WebPage\",\"@id\":\"https:\\\/\\\/www.columbus-clean.com\\\/fr\\\/produits\\\/accessoires-autolaveuses\\\/\",\"url\":\"https:\\\/\\\/www.columbus-clean.com\\\/fr\\\/produits\\\/accessoires-autolaveuses\\\/\",\"name\":\"Autolaveuses Accessoires et batterie pour autolaveuses\",\"isPartOf\":{\"@id\":\"https:\\\/\\\/www.columbus-clean.com\\\/fr\\\/#website\"},\"datePublished\":\"2022-02-21T09:58:57+00:00\",\"dateModified\":\"2026-02-23T11:24:12+00:00\",\"description\":\"L'assortiment d'accessoires et de pi\u00e8ces de rechange pour les automates de nettoyage comprend des plateaux d'entra\u00eenement, des brosses, des batteries pour les autolaveuses et bien d'autres choses encore.\",\"breadcrumb\":{\"@id\":\"https:\\\/\\\/www.columbus-clean.com\\\/fr\\\/produits\\\/accessoires-autolaveuses\\\/#breadcrumb\"},\"inLanguage\":\"fr-FR\",\"potentialAction\":[{\"@type\":\"ReadAction\",\"target\":[\"https:\\\/\\\/www.columbus-clean.com\\\/fr\\\/produits\\\/accessoires-autolaveuses\\\/\"]}]},{\"@type\":\"BreadcrumbList\",\"@id\":\"https:\\\/\\\/www.columbus-clean.com\\\/fr\\\/produits\\\/accessoires-autolaveuses\\\/#breadcrumb\",\"itemListElement\":[{\"@type\":\"ListItem\",\"position\":1,\"name\":\"Startseite\",\"item\":\"https:\\\/\\\/www.columbus-clean.com\\\/fr\\\/\"},{\"@type\":\"ListItem\",\"position\":2,\"name\":\"Accessoires & pi\u00e8ces de rechange pour les autolaveuses\"}]},{\"@type\":\"WebSite\",\"@id\":\"https:\\\/\\\/www.columbus-clean.com\\\/fr\\\/#website\",\"url\":\"https:\\\/\\\/www.columbus-clean.com\\\/fr\\\/\",\"name\":\"columbus Reinigungsmaschinen\",\"description\":\"Reinigungsautomaten und Industriesauger\",\"potentialAction\":[{\"@type\":\"SearchAction\",\"target\":{\"@type\":\"EntryPoint\",\"urlTemplate\":\"https:\\\/\\\/www.columbus-clean.com\\\/fr\\\/?s={search_term_string}\"},\"query-input\":{\"@type\":\"PropertyValueSpecification\",\"valueRequired\":true,\"valueName\":\"search_term_string\"}}],\"inLanguage\":\"fr-FR\"}]}<\/script>\n<!-- \/ Yoast SEO plugin. -->","yoast_head_json":{"title":"Autolaveuses Accessoires et batterie pour autolaveuses","description":"L'assortiment d'accessoires et de pi\u00e8ces de rechange pour les automates de nettoyage comprend des plateaux d'entra\u00eenement, des brosses, des batteries pour les autolaveuses et bien d'autres choses encore.","robots":{"index":"index","follow":"follow","max-snippet":"max-snippet:-1","max-image-preview":"max-image-preview:large","max-video-preview":"max-video-preview:-1"},"canonical":"https:\/\/www.columbus-clean.com\/fr\/produits\/accessoires-autolaveuses\/","og_locale":"fr_FR","og_type":"article","og_title":"Autolaveuses Accessoires et batterie pour autolaveuses","og_description":"L'assortiment d'accessoires et de pi\u00e8ces de rechange pour les automates de nettoyage comprend des plateaux d'entra\u00eenement, des brosses, des batteries pour les autolaveuses et bien d'autres choses encore.","og_url":"https:\/\/www.columbus-clean.com\/fr\/produits\/accessoires-autolaveuses\/","og_site_name":"columbus Reinigungsmaschinen","article_modified_time":"2026-02-23T11:24:12+00:00","twitter_card":"summary_large_image","twitter_misc":{"Dur\u00e9e de lecture estim\u00e9e":"3 minutes"},"schema":{"@context":"https:\/\/schema.org","@graph":[{"@type":"WebPage","@id":"https:\/\/www.columbus-clean.com\/fr\/produits\/accessoires-autolaveuses\/","url":"https:\/\/www.columbus-clean.com\/fr\/produits\/accessoires-autolaveuses\/","name":"Autolaveuses Accessoires et batterie pour autolaveuses","isPartOf":{"@id":"https:\/\/www.columbus-clean.com\/fr\/#website"},"datePublished":"2022-02-21T09:58:57+00:00","dateModified":"2026-02-23T11:24:12+00:00","description":"L'assortiment d'accessoires et de pi\u00e8ces de rechange pour les automates de nettoyage comprend des plateaux d'entra\u00eenement, des brosses, des batteries pour les autolaveuses et bien d'autres choses encore.","breadcrumb":{"@id":"https:\/\/www.columbus-clean.com\/fr\/produits\/accessoires-autolaveuses\/#breadcrumb"},"inLanguage":"fr-FR","potentialAction":[{"@type":"ReadAction","target":["https:\/\/www.columbus-clean.com\/fr\/produits\/accessoires-autolaveuses\/"]}]},{"@type":"BreadcrumbList","@id":"https:\/\/www.columbus-clean.com\/fr\/produits\/accessoires-autolaveuses\/#breadcrumb","itemListElement":[{"@type":"ListItem","position":1,"name":"Startseite","item":"https:\/\/www.columbus-clean.com\/fr\/"},{"@type":"ListItem","position":2,"name":"Accessoires & pi\u00e8ces de rechange pour les autolaveuses"}]},{"@type":"WebSite","@id":"https:\/\/www.columbus-clean.com\/fr\/#website","url":"https:\/\/www.columbus-clean.com\/fr\/","name":"columbus Reinigungsmaschinen","description":"Reinigungsautomaten und Industriesauger","potentialAction":[{"@type":"SearchAction","target":{"@type":"EntryPoint","urlTemplate":"https:\/\/www.columbus-clean.com\/fr\/?s={search_term_string}"},"query-input":{"@type":"PropertyValueSpecification","valueRequired":true,"valueName":"search_term_string"}}],"inLanguage":"fr-FR"}]}},"_links":{"self":[{"href":"https:\/\/www.columbus-clean.com\/fr\/wp-json\/wp\/v2\/pages\/44165","targetHints":{"allow":["GET"]}}],"collection":[{"href":"https:\/\/www.columbus-clean.com\/fr\/wp-json\/wp\/v2\/pages"}],"about":[{"href":"https:\/\/www.columbus-clean.com\/fr\/wp-json\/wp\/v2\/types\/page"}],"author":[{"embeddable":true,"href":"https:\/\/www.columbus-clean.com\/fr\/wp-json\/wp\/v2\/users\/1"}],"replies":[{"embeddable":true,"href":"https:\/\/www.columbus-clean.com\/fr\/wp-json\/wp\/v2\/comments?post=44165"}],"version-history":[{"count":0,"href":"https:\/\/www.columbus-clean.com\/fr\/wp-json\/wp\/v2\/pages\/44165\/revisions"}],"wp:attachment":[{"href":"https:\/\/www.columbus-clean.com\/fr\/wp-json\/wp\/v2\/media?parent=44165"}],"curies":[{"name":"wp","href":"https:\/\/api.w.org\/{rel}","templated":true}]}}