{"id":44189,"date":"2022-02-21T14:46:51","date_gmt":"2022-02-21T13:46:51","guid":{"rendered":"https:\/\/www.columbus-clean.com\/a-propos-de-nous\/carriere\/"},"modified":"2025-05-15T10:19:29","modified_gmt":"2025-05-15T08:19:29","slug":"carriere","status":"publish","type":"page","link":"https:\/\/www.columbus-clean.com\/fr\/a-propos-de-nous\/carriere\/","title":{"rendered":"Carriere"},"content":{"rendered":"<p><div class=\"fusion-fullwidth fullwidth-box fusion-builder-row-1 has-pattern-background has-mask-background fusion-parallax-none nonhundred-percent-fullwidth non-hundred-percent-height-scrolling fusion-equal-height-columns limited-width-heading head-lenght-short\" style=\"--awb-border-radius-top-left:0px;--awb-border-radius-top-right:0px;--awb-border-radius-bottom-right:0px;--awb-border-radius-bottom-left:0px;--awb-background-color:#e3e8ec;--awb-background-image:url(&quot;https:\/\/www.columbus-clean.com\/wp-content\/uploads\/2019\/02\/karriere-ab-01-reinigungsmaschinen-hersteller.jpg&quot;);--awb-background-size:cover;--awb-flex-wrap:wrap;\" id=\"opener\" ><div class=\"fusion-builder-row fusion-row\"><div class=\"fusion-layout-column fusion_builder_column fusion-builder-column-0 fusion_builder_column_1_1 1_1 fusion-one-full fusion-column-first fusion-column-last fusion-column-inner-bg-wrapper\" style=\"--awb-inner-bg-position:center top;--awb-inner-bg-size:cover;\"><span class=\"fusion-column-inner-bg hover-type-zoomin\"><span class=\"fusion-column-anchor\"><span class=\"fusion-column-inner-bg-image\"><\/span><\/span><\/span><div class=\"fusion-column-wrapper fusion-flex-column-wrapper-legacy\"><div class=\"fusion-column-content-centered\"><div class=\"fusion-column-content\"><div class=\"fusion-title title fusion-title-1 fusion-sep-none fusion-title-text fusion-title-size-one\" style=\"--awb-margin-top-small:0px;--awb-margin-right-small:0px;--awb-margin-bottom-small:20px;--awb-margin-left-small:0px;\"><h1 class=\"fusion-title-heading title-heading-left\" style=\"margin:0;\">Carriere<\/h1><\/div><div class=\"fusion-sep-clear\"><\/div><div class=\"fusion-separator fusion-full-width-sep\" style=\"margin-left: auto;margin-right: auto;margin-bottom:10px;width:100%;\"><\/div><div class=\"fusion-sep-clear\"><\/div><\/div><\/div><div class=\"fusion-clearfix\"><\/div><\/div><\/div><\/div><\/div><div class=\"fusion-fullwidth fullwidth-box fusion-builder-row-2 nonhundred-percent-fullwidth non-hundred-percent-height-scrolling\" style=\"--awb-border-radius-top-left:0px;--awb-border-radius-top-right:0px;--awb-border-radius-bottom-right:0px;--awb-border-radius-bottom-left:0px;--awb-padding-top:0px;--awb-padding-bottom:0px;--awb-flex-wrap:wrap;\" id=\"product-nav\" ><div class=\"fusion-builder-row fusion-row\"><div class=\"fusion-layout-column fusion_builder_column fusion-builder-column-1 fusion_builder_column_1_1 1_1 fusion-one-full fusion-column-first fusion-column-last\" style=\"--awb-bg-size:cover;\"><div class=\"fusion-column-wrapper fusion-column-has-shadow fusion-flex-column-wrapper-legacy\"><div class=\"fusion-widget-area awb-widget-area-element fusion-widget-area-1 fusion-content-widget-area fusion-menu\" style=\"--awb-title-size:17px;--awb-title-color:#ff0707;--awb-padding:0px 0px 0px 0px;\"><div id=\"menu-widget-6\" class=\"widget menu\"><style type=\"text\/css\">#menu-widget-6{text-align:left;}#fusion-menu-widget-6 li{display:inline-block;}#fusion-menu-widget-6 ul li a{display:inline-block;padding:0;border:0;color:#707070;font-size:16px;}#fusion-menu-widget-6 ul li a:after{content:\"\";color:#707070;padding-right:0px;padding-left:0px;font-size:16px;}#fusion-menu-widget-6 ul li a:hover,#fusion-menu-widget-6 ul .menu-item.current-menu-item a{color:#000000;}#fusion-menu-widget-6 ul li:last-child a:after{display:none;}#fusion-menu-widget-6 ul li .fusion-widget-cart-number{margin:0 7px;background-color:#000000;color:#707070;}#fusion-menu-widget-6 ul li.fusion-active-cart-icon .fusion-widget-cart-icon:after{color:#000000;}<\/style><nav id=\"fusion-menu-widget-6\" class=\"fusion-widget-menu\" aria-label=\"Secondary Navigation: \"><ul id=\"menu-career-navigation-fr\" class=\"menu\"><li id=\"menu-item-55194\" class=\"menu-item menu-item-type-custom menu-item-object-custom menu-item-55194\"><a href=\"#work\">Travailler chez columbus<\/a><\/li><li id=\"menu-item-55195\" class=\"menu-item menu-item-type-custom menu-item-object-custom menu-item-55195\"><a href=\"#job-offers\">Offres d&#8217;emploi<\/a><\/li><\/ul><\/nav><\/div><div class=\"fusion-additional-widget-content\"><\/div><\/div><div class=\"fusion-clearfix\"><\/div><\/div><\/div><\/div><\/div><div class=\"fusion-fullwidth fullwidth-box fusion-builder-row-3 nonhundred-percent-fullwidth non-hundred-percent-height-scrolling light-content\" style=\"--awb-border-radius-top-left:0px;--awb-border-radius-top-right:0px;--awb-border-radius-bottom-right:0px;--awb-border-radius-bottom-left:0px;--awb-padding-bottom:0px;--awb-flex-wrap:wrap;\" id=\"work\" ><div class=\"fusion-builder-row fusion-row\"><div class=\"fusion-layout-column fusion_builder_column fusion-builder-column-2 fusion_builder_column_1_1 1_1 fusion-one-full fusion-column-first fusion-column-last editorial\" style=\"--awb-bg-size:cover;\"><div class=\"fusion-column-wrapper fusion-flex-column-wrapper-legacy\"><div class=\"fusion-title title fusion-title-2 fusion-sep-none fusion-title-center fusion-title-text fusion-title-size-five\" style=\"--awb-margin-top-small:0px;--awb-margin-right-small:0px;--awb-margin-bottom-small:20px;--awb-margin-left-small:0px;\"><h5 class=\"fusion-title-heading title-heading-center\" style=\"margin:0;\">Carriere<\/h5><\/div><div class=\"fusion-title title fusion-title-3 fusion-sep-none fusion-title-center fusion-title-text fusion-title-size-six\" style=\"--awb-margin-top-small:0px;--awb-margin-right-small:0px;--awb-margin-bottom-small:20px;--awb-margin-left-small:0px;\"><h6 class=\"fusion-title-heading title-heading-center\" style=\"margin:0;\">Travailler chez columbus<\/h6><\/div><div class=\"fusion-clearfix\"><\/div><\/div><\/div><div class=\"fusion-layout-column fusion_builder_column fusion-builder-column-3 fusion_builder_column_1_1 1_1 fusion-one-full fusion-column-first fusion-column-last\" style=\"--awb-bg-size:cover;\"><div class=\"fusion-column-wrapper fusion-flex-column-wrapper-legacy\"><div class=\"fusion-text fusion-text-1\"><p style=\"text-align: center;\">Vous aimeriez travailler pour une entreprise qui rend le monde plus propre ? Avec des machines de nettoyage intelligentes et pourtant simples, innovantes et en m\u00eame temps extr\u00eamement fiables ? Et avec des gens pour qui exactement la m\u00eame chose est vraie ? Alors lancez-vous avec nous !<\/p>\n<\/div><div class=\"fusion-clearfix\"><\/div><\/div><\/div><\/div><\/div><div class=\"fusion-fullwidth fullwidth-box fusion-builder-row-4 nonhundred-percent-fullwidth non-hundred-percent-height-scrolling image-teaser\" style=\"--awb-border-radius-top-left:0px;--awb-border-radius-top-right:0px;--awb-border-radius-bottom-right:0px;--awb-border-radius-bottom-left:0px;--awb-flex-wrap:wrap;\" ><div class=\"fusion-builder-row fusion-row\"><div class=\"fusion-layout-column fusion_builder_column fusion-builder-column-4 fusion_builder_column_1_3 1_3 fusion-one-third fusion-column-first\" style=\"--awb-bg-size:cover;width:33.333333333333%;width:calc(33.333333333333% - ( ( 20px + 20px ) * 0.33333333333333 ) );margin-right: 20px;\"><div class=\"fusion-column-wrapper fusion-flex-column-wrapper-legacy\"><div class=\"fusion-image-element in-legacy-container\" style=\"--awb-caption-title-font-family:var(--h2_typography-font-family);--awb-caption-title-font-weight:var(--h2_typography-font-weight);--awb-caption-title-font-style:var(--h2_typography-font-style);--awb-caption-title-size:var(--h2_typography-font-size);--awb-caption-title-transform:var(--h2_typography-text-transform);--awb-caption-title-line-height:var(--h2_typography-line-height);--awb-caption-title-letter-spacing:var(--h2_typography-letter-spacing);\"><span class=\" fusion-imageframe imageframe-none imageframe-1 hover-type-none\"><img decoding=\"async\" width=\"1200\" height=\"750\" alt=\"Nettoyage polyvalent\" title=\"carriere chemins courts\" src=\"https:\/\/www.columbus-clean.com\/wp-content\/uploads\/2022\/05\/carriere-tb-01-chemins-courts.jpg\" class=\"img-responsive wp-image-51800\" srcset=\"https:\/\/www.columbus-clean.com\/wp-content\/uploads\/2022\/05\/carriere-tb-01-chemins-courts-200x125.jpg 200w, https:\/\/www.columbus-clean.com\/wp-content\/uploads\/2022\/05\/carriere-tb-01-chemins-courts-400x250.jpg 400w, https:\/\/www.columbus-clean.com\/wp-content\/uploads\/2022\/05\/carriere-tb-01-chemins-courts-600x375.jpg 600w, https:\/\/www.columbus-clean.com\/wp-content\/uploads\/2022\/05\/carriere-tb-01-chemins-courts-800x500.jpg 800w, https:\/\/www.columbus-clean.com\/wp-content\/uploads\/2022\/05\/carriere-tb-01-chemins-courts.jpg 1200w\" sizes=\"(max-width: 1023px) 100vw, 600px\" \/><\/span><\/div><div class=\"fusion-sep-clear\"><\/div><div class=\"fusion-separator fusion-full-width-sep\" style=\"margin-left: auto;margin-right: auto;margin-bottom:15px;width:100%;\"><\/div><div class=\"fusion-sep-clear\"><\/div><div class=\"fusion-text fusion-text-2 headline-p\"><p><small>Soci\u00e9t\u00e9<\/small><\/p>\n<\/div><div class=\"fusion-title title fusion-title-4 fusion-sep-none fusion-title-text fusion-title-size-five\" style=\"--awb-margin-top:0%;--awb-margin-top-small:0px;--awb-margin-right-small:0px;--awb-margin-bottom-small:20px;--awb-margin-left-small:0px;\"><h5 class=\"fusion-title-heading title-heading-left\" style=\"margin:0;\"><p>Circuits courts.<br \/>\nGrandes marges de manoeuvre!<\/p><\/h5><\/div><div class=\"fusion-sep-clear\"><\/div><div class=\"fusion-separator fusion-full-width-sep\" style=\"margin-left: auto;margin-right: auto;margin-bottom:5px;width:100%;\"><\/div><div class=\"fusion-sep-clear\"><\/div><div class=\"fusion-text fusion-text-3 info-text-gray\"><p>Nous sommes g\u00e9r\u00e9s avec dynamisme par le propri\u00e9taire. Nous offrons ainsi des opportunit\u00e9s passionnantes \u00e0 tous ceux qui veulent r\u00e9aliser de grandes choses dans des circuits courts !<\/p>\n<\/div><div class=\"fusion-clearfix\"><\/div><\/div><\/div><div class=\"fusion-layout-column fusion_builder_column fusion-builder-column-5 fusion_builder_column_1_3 1_3 fusion-one-third\" style=\"--awb-bg-size:cover;width:33.333333333333%;width:calc(33.333333333333% - ( ( 20px + 20px ) * 0.33333333333333 ) );margin-right: 20px;\"><div class=\"fusion-column-wrapper fusion-flex-column-wrapper-legacy\"><div class=\"fusion-image-element in-legacy-container\" style=\"--awb-caption-title-font-family:var(--h2_typography-font-family);--awb-caption-title-font-weight:var(--h2_typography-font-weight);--awb-caption-title-font-style:var(--h2_typography-font-style);--awb-caption-title-size:var(--h2_typography-font-size);--awb-caption-title-transform:var(--h2_typography-text-transform);--awb-caption-title-line-height:var(--h2_typography-line-height);--awb-caption-title-letter-spacing:var(--h2_typography-letter-spacing);\"><span class=\" fusion-imageframe imageframe-none imageframe-2 hover-type-none\"><img decoding=\"async\" width=\"1200\" height=\"750\" alt=\"carriere croissance internationale\" title=\"carriere croissance internationale\" src=\"https:\/\/www.columbus-clean.com\/wp-content\/uploads\/2022\/05\/carriere-tb-02-croissance-internationale.jpg\" class=\"img-responsive wp-image-51801\" srcset=\"https:\/\/www.columbus-clean.com\/wp-content\/uploads\/2022\/05\/carriere-tb-02-croissance-internationale-200x125.jpg 200w, https:\/\/www.columbus-clean.com\/wp-content\/uploads\/2022\/05\/carriere-tb-02-croissance-internationale-400x250.jpg 400w, https:\/\/www.columbus-clean.com\/wp-content\/uploads\/2022\/05\/carriere-tb-02-croissance-internationale-600x375.jpg 600w, https:\/\/www.columbus-clean.com\/wp-content\/uploads\/2022\/05\/carriere-tb-02-croissance-internationale-800x500.jpg 800w, https:\/\/www.columbus-clean.com\/wp-content\/uploads\/2022\/05\/carriere-tb-02-croissance-internationale.jpg 1200w\" sizes=\"(max-width: 1023px) 100vw, 600px\" \/><\/span><\/div><div class=\"fusion-sep-clear\"><\/div><div class=\"fusion-separator fusion-full-width-sep\" style=\"margin-left: auto;margin-right: auto;margin-bottom:15px;width:100%;\"><\/div><div class=\"fusion-sep-clear\"><\/div><div class=\"fusion-text fusion-text-4 headline-p\"><p><small>Carriere<\/small><\/p>\n<\/div><div class=\"fusion-title title fusion-title-5 fusion-sep-none fusion-title-text fusion-title-size-five\" style=\"--awb-margin-top-small:0px;--awb-margin-right-small:0px;--awb-margin-bottom-small:20px;--awb-margin-left-small:0px;\"><h5 class=\"fusion-title-heading title-heading-left\" style=\"margin:0;\"><p>Croissance internationale.<br \/>\nPerspectives personnelles.<\/p><\/h5><\/div><div class=\"fusion-sep-clear\"><\/div><div class=\"fusion-separator fusion-full-width-sep\" style=\"margin-left: auto;margin-right: auto;margin-bottom:5px;width:100%;\"><\/div><div class=\"fusion-sep-clear\"><\/div><div class=\"fusion-text fusion-text-5 info-text-gray\"><p>Fabricant traditionnel fortement li\u00e9 \u00e0 l&#8217;Allemagne et en expansion internationale, avec une marque innovante. D\u00e9veloppez-vous avec nous !<\/p>\n<\/div><div class=\"fusion-clearfix\"><\/div><\/div><\/div><div class=\"fusion-layout-column fusion_builder_column fusion-builder-column-6 fusion_builder_column_1_3 1_3 fusion-one-third fusion-column-last\" style=\"--awb-bg-size:cover;width:33.333333333333%;width:calc(33.333333333333% - ( ( 20px + 20px ) * 0.33333333333333 ) );\"><div class=\"fusion-column-wrapper fusion-flex-column-wrapper-legacy\"><div class=\"fusion-image-element in-legacy-container\" style=\"--awb-caption-title-font-family:var(--h2_typography-font-family);--awb-caption-title-font-weight:var(--h2_typography-font-weight);--awb-caption-title-font-style:var(--h2_typography-font-style);--awb-caption-title-size:var(--h2_typography-font-size);--awb-caption-title-transform:var(--h2_typography-text-transform);--awb-caption-title-line-height:var(--h2_typography-line-height);--awb-caption-title-letter-spacing:var(--h2_typography-letter-spacing);\"><span class=\" fusion-imageframe imageframe-none imageframe-3 hover-type-none\"><img decoding=\"async\" width=\"1200\" height=\"750\" alt=\"carrier equip forte\" title=\"carrier equip forte\" src=\"https:\/\/www.columbus-clean.com\/wp-content\/uploads\/2022\/05\/carriere-tb-03-equip-forte.jpg\" class=\"img-responsive wp-image-51802\" srcset=\"https:\/\/www.columbus-clean.com\/wp-content\/uploads\/2022\/05\/carriere-tb-03-equip-forte-200x125.jpg 200w, https:\/\/www.columbus-clean.com\/wp-content\/uploads\/2022\/05\/carriere-tb-03-equip-forte-400x250.jpg 400w, https:\/\/www.columbus-clean.com\/wp-content\/uploads\/2022\/05\/carriere-tb-03-equip-forte-600x375.jpg 600w, https:\/\/www.columbus-clean.com\/wp-content\/uploads\/2022\/05\/carriere-tb-03-equip-forte-800x500.jpg 800w, https:\/\/www.columbus-clean.com\/wp-content\/uploads\/2022\/05\/carriere-tb-03-equip-forte.jpg 1200w\" sizes=\"(max-width: 1023px) 100vw, 600px\" \/><\/span><\/div><div class=\"fusion-sep-clear\"><\/div><div class=\"fusion-separator fusion-full-width-sep\" style=\"margin-left: auto;margin-right: auto;margin-bottom:15px;width:100%;\"><\/div><div class=\"fusion-sep-clear\"><\/div><div class=\"fusion-text fusion-text-6 headline-p\"><p><small>Site<\/small><\/p>\n<\/div><div class=\"fusion-title title fusion-title-6 fusion-sep-none fusion-title-text fusion-title-size-five\" style=\"--awb-margin-top-small:0px;--awb-margin-right-small:0px;--awb-margin-bottom-small:20px;--awb-margin-left-small:0px;\"><h5 class=\"fusion-title-heading title-heading-left\" style=\"margin:0;\"><p>\u00c9quipe forte.<br \/>\nAu milieu de Stuttgart !<\/p><\/h5><\/div><div class=\"fusion-sep-clear\"><\/div><div class=\"fusion-separator fusion-full-width-sep\" style=\"margin-left: auto;margin-right: auto;margin-bottom:5px;width:100%;\"><\/div><div class=\"fusion-sep-clear\"><\/div><div class=\"fusion-text fusion-text-7 info-text-gray\"><p>Une \u00e9quipe de direction jeune, une culture familiale et en plus au milieu de Stuttgart &#8211; avec nous, vous ferez l&#8217;exp\u00e9rience de la tradition et de l&#8217;avenir dans un environnement familial et urbain.<\/p>\n<\/div><div class=\"fusion-clearfix\"><\/div><\/div><\/div><\/div><\/div><\/p>\n","protected":false},"excerpt":{"rendered":"","protected":false},"author":1,"featured_media":51799,"parent":44185,"menu_order":0,"comment_status":"closed","ping_status":"closed","template":"100-width.php","meta":{"footnotes":""},"class_list":["post-44189","page","type-page","status-publish","has-post-thumbnail","hentry"],"yoast_head":"<!-- This site is optimized with the Yoast SEO plugin v27.3 - https:\/\/yoast.com\/product\/yoast-seo-wordpress\/ -->\n<title>Postes vacants chez le fabricant de machines de nettoyage<\/title>\n<meta name=\"description\" content=\"En expansion internationale, nous proposons des emplois de commis commerciaux et des postes de directeur des ventes de secteur pour columbus.\" \/>\n<meta name=\"robots\" content=\"index, follow, max-snippet:-1, max-image-preview:large, max-video-preview:-1\" \/>\n<link rel=\"canonical\" href=\"https:\/\/www.columbus-clean.com\/fr\/a-propos-de-nous\/carriere\/\" \/>\n<meta property=\"og:locale\" content=\"fr_FR\" \/>\n<meta property=\"og:type\" content=\"article\" \/>\n<meta property=\"og:title\" content=\"Postes vacants chez le fabricant de machines de nettoyage\" \/>\n<meta property=\"og:description\" content=\"En expansion internationale, nous proposons des emplois de commis commerciaux et des postes de directeur des ventes de secteur pour columbus.\" \/>\n<meta property=\"og:url\" content=\"https:\/\/www.columbus-clean.com\/fr\/a-propos-de-nous\/carriere\/\" \/>\n<meta property=\"og:site_name\" content=\"columbus Reinigungsmaschinen\" \/>\n<meta property=\"article:modified_time\" content=\"2025-05-15T08:19:29+00:00\" \/>\n<meta property=\"og:image\" content=\"https:\/\/www.columbus-clean.com\/wp-content\/uploads\/2022\/05\/carriere-ab-01-machindes-de-nettoyage-entreprise.jpg\" \/>\n\t<meta property=\"og:image:width\" content=\"1920\" \/>\n\t<meta property=\"og:image:height\" content=\"550\" \/>\n\t<meta property=\"og:image:type\" content=\"image\/jpeg\" \/>\n<meta name=\"twitter:card\" content=\"summary_large_image\" \/>\n<meta name=\"twitter:label1\" content=\"Dur\u00e9e de lecture estim\u00e9e\" \/>\n\t<meta name=\"twitter:data1\" content=\"2 minutes\" \/>\n<script type=\"application\/ld+json\" class=\"yoast-schema-graph\">{\"@context\":\"https:\\\/\\\/schema.org\",\"@graph\":[{\"@type\":\"WebPage\",\"@id\":\"https:\\\/\\\/www.columbus-clean.com\\\/fr\\\/a-propos-de-nous\\\/carriere\\\/\",\"url\":\"https:\\\/\\\/www.columbus-clean.com\\\/fr\\\/a-propos-de-nous\\\/carriere\\\/\",\"name\":\"Postes vacants chez le fabricant de machines de nettoyage\",\"isPartOf\":{\"@id\":\"https:\\\/\\\/www.columbus-clean.com\\\/fr\\\/#website\"},\"primaryImageOfPage\":{\"@id\":\"https:\\\/\\\/www.columbus-clean.com\\\/fr\\\/a-propos-de-nous\\\/carriere\\\/#primaryimage\"},\"image\":{\"@id\":\"https:\\\/\\\/www.columbus-clean.com\\\/fr\\\/a-propos-de-nous\\\/carriere\\\/#primaryimage\"},\"thumbnailUrl\":\"https:\\\/\\\/www.columbus-clean.com\\\/wp-content\\\/uploads\\\/2022\\\/05\\\/carriere-ab-01-machindes-de-nettoyage-entreprise.jpg\",\"datePublished\":\"2022-02-21T13:46:51+00:00\",\"dateModified\":\"2025-05-15T08:19:29+00:00\",\"description\":\"En expansion internationale, nous proposons des emplois de commis commerciaux et des postes de directeur des ventes de secteur pour columbus.\",\"breadcrumb\":{\"@id\":\"https:\\\/\\\/www.columbus-clean.com\\\/fr\\\/a-propos-de-nous\\\/carriere\\\/#breadcrumb\"},\"inLanguage\":\"fr-FR\",\"potentialAction\":[{\"@type\":\"ReadAction\",\"target\":[\"https:\\\/\\\/www.columbus-clean.com\\\/fr\\\/a-propos-de-nous\\\/carriere\\\/\"]}]},{\"@type\":\"ImageObject\",\"inLanguage\":\"fr-FR\",\"@id\":\"https:\\\/\\\/www.columbus-clean.com\\\/fr\\\/a-propos-de-nous\\\/carriere\\\/#primaryimage\",\"url\":\"https:\\\/\\\/www.columbus-clean.com\\\/wp-content\\\/uploads\\\/2022\\\/05\\\/carriere-ab-01-machindes-de-nettoyage-entreprise.jpg\",\"contentUrl\":\"https:\\\/\\\/www.columbus-clean.com\\\/wp-content\\\/uploads\\\/2022\\\/05\\\/carriere-ab-01-machindes-de-nettoyage-entreprise.jpg\",\"width\":1920,\"height\":550,\"caption\":\"carriere machines de nettoyage\"},{\"@type\":\"BreadcrumbList\",\"@id\":\"https:\\\/\\\/www.columbus-clean.com\\\/fr\\\/a-propos-de-nous\\\/carriere\\\/#breadcrumb\",\"itemListElement\":[{\"@type\":\"ListItem\",\"position\":1,\"name\":\"Startseite\",\"item\":\"https:\\\/\\\/www.columbus-clean.com\\\/fr\\\/\"},{\"@type\":\"ListItem\",\"position\":2,\"name\":\"A propos de nous\",\"item\":\"https:\\\/\\\/www.columbus-clean.com\\\/fr\\\/a-propos-de-nous\\\/\"},{\"@type\":\"ListItem\",\"position\":3,\"name\":\"Carriere\"}]},{\"@type\":\"WebSite\",\"@id\":\"https:\\\/\\\/www.columbus-clean.com\\\/fr\\\/#website\",\"url\":\"https:\\\/\\\/www.columbus-clean.com\\\/fr\\\/\",\"name\":\"columbus Reinigungsmaschinen\",\"description\":\"Reinigungsautomaten und Industriesauger\",\"potentialAction\":[{\"@type\":\"SearchAction\",\"target\":{\"@type\":\"EntryPoint\",\"urlTemplate\":\"https:\\\/\\\/www.columbus-clean.com\\\/fr\\\/?s={search_term_string}\"},\"query-input\":{\"@type\":\"PropertyValueSpecification\",\"valueRequired\":true,\"valueName\":\"search_term_string\"}}],\"inLanguage\":\"fr-FR\"}]}<\/script>\n<!-- \/ Yoast SEO plugin. -->","yoast_head_json":{"title":"Postes vacants chez le fabricant de machines de nettoyage","description":"En expansion internationale, nous proposons des emplois de commis commerciaux et des postes de directeur des ventes de secteur pour columbus.","robots":{"index":"index","follow":"follow","max-snippet":"max-snippet:-1","max-image-preview":"max-image-preview:large","max-video-preview":"max-video-preview:-1"},"canonical":"https:\/\/www.columbus-clean.com\/fr\/a-propos-de-nous\/carriere\/","og_locale":"fr_FR","og_type":"article","og_title":"Postes vacants chez le fabricant de machines de nettoyage","og_description":"En expansion internationale, nous proposons des emplois de commis commerciaux et des postes de directeur des ventes de secteur pour columbus.","og_url":"https:\/\/www.columbus-clean.com\/fr\/a-propos-de-nous\/carriere\/","og_site_name":"columbus Reinigungsmaschinen","article_modified_time":"2025-05-15T08:19:29+00:00","og_image":[{"width":1920,"height":550,"url":"https:\/\/www.columbus-clean.com\/wp-content\/uploads\/2022\/05\/carriere-ab-01-machindes-de-nettoyage-entreprise.jpg","type":"image\/jpeg"}],"twitter_card":"summary_large_image","twitter_misc":{"Dur\u00e9e de lecture estim\u00e9e":"2 minutes"},"schema":{"@context":"https:\/\/schema.org","@graph":[{"@type":"WebPage","@id":"https:\/\/www.columbus-clean.com\/fr\/a-propos-de-nous\/carriere\/","url":"https:\/\/www.columbus-clean.com\/fr\/a-propos-de-nous\/carriere\/","name":"Postes vacants chez le fabricant de machines de nettoyage","isPartOf":{"@id":"https:\/\/www.columbus-clean.com\/fr\/#website"},"primaryImageOfPage":{"@id":"https:\/\/www.columbus-clean.com\/fr\/a-propos-de-nous\/carriere\/#primaryimage"},"image":{"@id":"https:\/\/www.columbus-clean.com\/fr\/a-propos-de-nous\/carriere\/#primaryimage"},"thumbnailUrl":"https:\/\/www.columbus-clean.com\/wp-content\/uploads\/2022\/05\/carriere-ab-01-machindes-de-nettoyage-entreprise.jpg","datePublished":"2022-02-21T13:46:51+00:00","dateModified":"2025-05-15T08:19:29+00:00","description":"En expansion internationale, nous proposons des emplois de commis commerciaux et des postes de directeur des ventes de secteur pour columbus.","breadcrumb":{"@id":"https:\/\/www.columbus-clean.com\/fr\/a-propos-de-nous\/carriere\/#breadcrumb"},"inLanguage":"fr-FR","potentialAction":[{"@type":"ReadAction","target":["https:\/\/www.columbus-clean.com\/fr\/a-propos-de-nous\/carriere\/"]}]},{"@type":"ImageObject","inLanguage":"fr-FR","@id":"https:\/\/www.columbus-clean.com\/fr\/a-propos-de-nous\/carriere\/#primaryimage","url":"https:\/\/www.columbus-clean.com\/wp-content\/uploads\/2022\/05\/carriere-ab-01-machindes-de-nettoyage-entreprise.jpg","contentUrl":"https:\/\/www.columbus-clean.com\/wp-content\/uploads\/2022\/05\/carriere-ab-01-machindes-de-nettoyage-entreprise.jpg","width":1920,"height":550,"caption":"carriere machines de nettoyage"},{"@type":"BreadcrumbList","@id":"https:\/\/www.columbus-clean.com\/fr\/a-propos-de-nous\/carriere\/#breadcrumb","itemListElement":[{"@type":"ListItem","position":1,"name":"Startseite","item":"https:\/\/www.columbus-clean.com\/fr\/"},{"@type":"ListItem","position":2,"name":"A propos de nous","item":"https:\/\/www.columbus-clean.com\/fr\/a-propos-de-nous\/"},{"@type":"ListItem","position":3,"name":"Carriere"}]},{"@type":"WebSite","@id":"https:\/\/www.columbus-clean.com\/fr\/#website","url":"https:\/\/www.columbus-clean.com\/fr\/","name":"columbus Reinigungsmaschinen","description":"Reinigungsautomaten und Industriesauger","potentialAction":[{"@type":"SearchAction","target":{"@type":"EntryPoint","urlTemplate":"https:\/\/www.columbus-clean.com\/fr\/?s={search_term_string}"},"query-input":{"@type":"PropertyValueSpecification","valueRequired":true,"valueName":"search_term_string"}}],"inLanguage":"fr-FR"}]}},"_links":{"self":[{"href":"https:\/\/www.columbus-clean.com\/fr\/wp-json\/wp\/v2\/pages\/44189","targetHints":{"allow":["GET"]}}],"collection":[{"href":"https:\/\/www.columbus-clean.com\/fr\/wp-json\/wp\/v2\/pages"}],"about":[{"href":"https:\/\/www.columbus-clean.com\/fr\/wp-json\/wp\/v2\/types\/page"}],"author":[{"embeddable":true,"href":"https:\/\/www.columbus-clean.com\/fr\/wp-json\/wp\/v2\/users\/1"}],"replies":[{"embeddable":true,"href":"https:\/\/www.columbus-clean.com\/fr\/wp-json\/wp\/v2\/comments?post=44189"}],"version-history":[{"count":0,"href":"https:\/\/www.columbus-clean.com\/fr\/wp-json\/wp\/v2\/pages\/44189\/revisions"}],"up":[{"embeddable":true,"href":"https:\/\/www.columbus-clean.com\/fr\/wp-json\/wp\/v2\/pages\/44185"}],"wp:featuredmedia":[{"embeddable":true,"href":"https:\/\/www.columbus-clean.com\/fr\/wp-json\/wp\/v2\/media\/51799"}],"wp:attachment":[{"href":"https:\/\/www.columbus-clean.com\/fr\/wp-json\/wp\/v2\/media?parent=44189"}],"curies":[{"name":"wp","href":"https:\/\/api.w.org\/{rel}","templated":true}]}}