{"id":103078,"date":"2023-05-15T10:20:03","date_gmt":"2023-05-15T08:20:03","guid":{"rendered":"https:\/\/www.columbus-clean.com\/?page_id=103078"},"modified":"2025-04-16T11:49:33","modified_gmt":"2025-04-16T09:49:33","slug":"branze","status":"publish","type":"page","link":"https:\/\/www.columbus-clean.com\/pl\/branze\/","title":{"rendered":"Bran\u017ce"},"content":{"rendered":"","protected":false},"excerpt":{"rendered":"","protected":false},"author":33,"featured_media":0,"parent":0,"menu_order":0,"comment_status":"closed","ping_status":"closed","template":"","meta":{"footnotes":""},"class_list":["post-103078","page","type-page","status-publish","hentry"],"yoast_head":"<!-- This site is optimized with the Yoast SEO plugin v27.3 - https:\/\/yoast.com\/product\/yoast-seo-wordpress\/ -->\n<title>Rozwi\u0105zania czyszcz\u0105ce dla wszystkich bran\u017c - columbus<\/title>\n<meta name=\"description\" content=\"Szeroka i zr\u00f3\u017cnicowana gama maszyn czyszcz\u0105cych Columbus oferuje idealne rozwi\u0105zanie dla ka\u017cdej bran\u017cy i ka\u017cdego obszaru zastosowania.\" \/>\n<meta name=\"robots\" content=\"index, follow, max-snippet:-1, max-image-preview:large, max-video-preview:-1\" \/>\n<link rel=\"canonical\" href=\"https:\/\/www.columbus-clean.com\/pl\/branze\/\" \/>\n<meta property=\"og:locale\" content=\"pl_PL\" \/>\n<meta property=\"og:type\" content=\"article\" \/>\n<meta property=\"og:title\" content=\"Rozwi\u0105zania czyszcz\u0105ce dla wszystkich bran\u017c - columbus\" \/>\n<meta property=\"og:description\" content=\"Szeroka i zr\u00f3\u017cnicowana gama maszyn czyszcz\u0105cych Columbus oferuje idealne rozwi\u0105zanie dla ka\u017cdej bran\u017cy i ka\u017cdego obszaru zastosowania.\" \/>\n<meta property=\"og:url\" content=\"https:\/\/www.columbus-clean.com\/pl\/branze\/\" \/>\n<meta property=\"og:site_name\" content=\"columbus Reinigungsmaschinen\" \/>\n<meta property=\"article:modified_time\" content=\"2025-04-16T09:49:33+00:00\" \/>\n<meta name=\"twitter:card\" content=\"summary_large_image\" \/>\n<script type=\"application\/ld+json\" class=\"yoast-schema-graph\">{\"@context\":\"https:\\\/\\\/schema.org\",\"@graph\":[{\"@type\":\"WebPage\",\"@id\":\"https:\\\/\\\/www.columbus-clean.com\\\/pl\\\/branze\\\/\",\"url\":\"https:\\\/\\\/www.columbus-clean.com\\\/pl\\\/branze\\\/\",\"name\":\"Rozwi\u0105zania czyszcz\u0105ce dla wszystkich bran\u017c - columbus\",\"isPartOf\":{\"@id\":\"https:\\\/\\\/www.columbus-clean.com\\\/pl\\\/#website\"},\"datePublished\":\"2023-05-15T08:20:03+00:00\",\"dateModified\":\"2025-04-16T09:49:33+00:00\",\"description\":\"Szeroka i zr\u00f3\u017cnicowana gama maszyn czyszcz\u0105cych Columbus oferuje idealne rozwi\u0105zanie dla ka\u017cdej bran\u017cy i ka\u017cdego obszaru zastosowania.\",\"breadcrumb\":{\"@id\":\"https:\\\/\\\/www.columbus-clean.com\\\/pl\\\/branze\\\/#breadcrumb\"},\"inLanguage\":\"pl-PL\",\"potentialAction\":[{\"@type\":\"ReadAction\",\"target\":[\"https:\\\/\\\/www.columbus-clean.com\\\/pl\\\/branze\\\/\"]}]},{\"@type\":\"BreadcrumbList\",\"@id\":\"https:\\\/\\\/www.columbus-clean.com\\\/pl\\\/branze\\\/#breadcrumb\",\"itemListElement\":[{\"@type\":\"ListItem\",\"position\":1,\"name\":\"Startseite\",\"item\":\"https:\\\/\\\/www.columbus-clean.com\\\/pl\\\/\"},{\"@type\":\"ListItem\",\"position\":2,\"name\":\"Bran\u017ce\"}]},{\"@type\":\"WebSite\",\"@id\":\"https:\\\/\\\/www.columbus-clean.com\\\/pl\\\/#website\",\"url\":\"https:\\\/\\\/www.columbus-clean.com\\\/pl\\\/\",\"name\":\"columbus Reinigungsmaschinen\",\"description\":\"Reinigungsautomaten und Industriesauger\",\"potentialAction\":[{\"@type\":\"SearchAction\",\"target\":{\"@type\":\"EntryPoint\",\"urlTemplate\":\"https:\\\/\\\/www.columbus-clean.com\\\/pl\\\/?s={search_term_string}\"},\"query-input\":{\"@type\":\"PropertyValueSpecification\",\"valueRequired\":true,\"valueName\":\"search_term_string\"}}],\"inLanguage\":\"pl-PL\"}]}<\/script>\n<!-- \/ Yoast SEO plugin. -->","yoast_head_json":{"title":"Rozwi\u0105zania czyszcz\u0105ce dla wszystkich bran\u017c - columbus","description":"Szeroka i zr\u00f3\u017cnicowana gama maszyn czyszcz\u0105cych Columbus oferuje idealne rozwi\u0105zanie dla ka\u017cdej bran\u017cy i ka\u017cdego obszaru zastosowania.","robots":{"index":"index","follow":"follow","max-snippet":"max-snippet:-1","max-image-preview":"max-image-preview:large","max-video-preview":"max-video-preview:-1"},"canonical":"https:\/\/www.columbus-clean.com\/pl\/branze\/","og_locale":"pl_PL","og_type":"article","og_title":"Rozwi\u0105zania czyszcz\u0105ce dla wszystkich bran\u017c - columbus","og_description":"Szeroka i zr\u00f3\u017cnicowana gama maszyn czyszcz\u0105cych Columbus oferuje idealne rozwi\u0105zanie dla ka\u017cdej bran\u017cy i ka\u017cdego obszaru zastosowania.","og_url":"https:\/\/www.columbus-clean.com\/pl\/branze\/","og_site_name":"columbus Reinigungsmaschinen","article_modified_time":"2025-04-16T09:49:33+00:00","twitter_card":"summary_large_image","schema":{"@context":"https:\/\/schema.org","@graph":[{"@type":"WebPage","@id":"https:\/\/www.columbus-clean.com\/pl\/branze\/","url":"https:\/\/www.columbus-clean.com\/pl\/branze\/","name":"Rozwi\u0105zania czyszcz\u0105ce dla wszystkich bran\u017c - columbus","isPartOf":{"@id":"https:\/\/www.columbus-clean.com\/pl\/#website"},"datePublished":"2023-05-15T08:20:03+00:00","dateModified":"2025-04-16T09:49:33+00:00","description":"Szeroka i zr\u00f3\u017cnicowana gama maszyn czyszcz\u0105cych Columbus oferuje idealne rozwi\u0105zanie dla ka\u017cdej bran\u017cy i ka\u017cdego obszaru zastosowania.","breadcrumb":{"@id":"https:\/\/www.columbus-clean.com\/pl\/branze\/#breadcrumb"},"inLanguage":"pl-PL","potentialAction":[{"@type":"ReadAction","target":["https:\/\/www.columbus-clean.com\/pl\/branze\/"]}]},{"@type":"BreadcrumbList","@id":"https:\/\/www.columbus-clean.com\/pl\/branze\/#breadcrumb","itemListElement":[{"@type":"ListItem","position":1,"name":"Startseite","item":"https:\/\/www.columbus-clean.com\/pl\/"},{"@type":"ListItem","position":2,"name":"Bran\u017ce"}]},{"@type":"WebSite","@id":"https:\/\/www.columbus-clean.com\/pl\/#website","url":"https:\/\/www.columbus-clean.com\/pl\/","name":"columbus Reinigungsmaschinen","description":"Reinigungsautomaten und Industriesauger","potentialAction":[{"@type":"SearchAction","target":{"@type":"EntryPoint","urlTemplate":"https:\/\/www.columbus-clean.com\/pl\/?s={search_term_string}"},"query-input":{"@type":"PropertyValueSpecification","valueRequired":true,"valueName":"search_term_string"}}],"inLanguage":"pl-PL"}]}},"_links":{"self":[{"href":"https:\/\/www.columbus-clean.com\/pl\/wp-json\/wp\/v2\/pages\/103078","targetHints":{"allow":["GET"]}}],"collection":[{"href":"https:\/\/www.columbus-clean.com\/pl\/wp-json\/wp\/v2\/pages"}],"about":[{"href":"https:\/\/www.columbus-clean.com\/pl\/wp-json\/wp\/v2\/types\/page"}],"author":[{"embeddable":true,"href":"https:\/\/www.columbus-clean.com\/pl\/wp-json\/wp\/v2\/users\/33"}],"replies":[{"embeddable":true,"href":"https:\/\/www.columbus-clean.com\/pl\/wp-json\/wp\/v2\/comments?post=103078"}],"version-history":[{"count":0,"href":"https:\/\/www.columbus-clean.com\/pl\/wp-json\/wp\/v2\/pages\/103078\/revisions"}],"wp:attachment":[{"href":"https:\/\/www.columbus-clean.com\/pl\/wp-json\/wp\/v2\/media?parent=103078"}],"curies":[{"name":"wp","href":"https:\/\/api.w.org\/{rel}","templated":true}]}}