{"id":103080,"date":"2023-05-15T10:23:45","date_gmt":"2023-05-15T08:23:45","guid":{"rendered":"https:\/\/www.columbus-clean.com\/?page_id=103080"},"modified":"2026-04-20T12:00:09","modified_gmt":"2026-04-20T10:00:09","slug":"stopka-redakcyjna","status":"publish","type":"page","link":"https:\/\/www.columbus-clean.com\/pl\/stopka-redakcyjna\/","title":{"rendered":"Stopka redakcyjna"},"content":{"rendered":"<div class=\"fusion-fullwidth fullwidth-box fusion-builder-row-1 nonhundred-percent-fullwidth non-hundred-percent-height-scrolling\" style=\"--awb-border-radius-top-left:0px;--awb-border-radius-top-right:0px;--awb-border-radius-bottom-right:0px;--awb-border-radius-bottom-left:0px;--awb-flex-wrap:wrap;\" id=\"imprint\" ><div class=\"fusion-builder-row fusion-row\"><div class=\"fusion-layout-column fusion_builder_column fusion-builder-column-0 fusion_builder_column_1_1 1_1 fusion-one-full fusion-column-first fusion-column-last\" style=\"--awb-bg-size:cover;\"><div class=\"fusion-column-wrapper fusion-flex-column-wrapper-legacy\"><h1>Nadruk<\/h1>\n\n<h2>Informacje zgodnie z \u00a7 5 DDG<\/h2>\n<p>G. Staehle GmbH u. Co. KG<br \/>\nMercedesstra\u00dfe 15<br \/>\n70372 Stuttgart<\/p>\n\n<p>Siedziba Stuttgart, s\u0105d rejonowy Stuttgart HRA 281<\/p>\n\n<p>Reprezentowany przez komplementariusza:<br \/>\nStaehle Verwaltungs GmbH<br \/>\nSiedziba Stuttgart, s\u0105d rejonowy Stuttgart HRB 12837<\/p>\n\n<p><strong>Reprezentowany przez:<\/strong><br \/>\nJ\u00f6rg Peter Staehle, Marc Oliver Staehle<\/p>\n\n<h2>Kontakt<\/h2><p>Telefon: +49 (0) 7 11 \/ 95 44 95 0<br \/>\nE-Mail: info@columbus-clean.com<\/p>\n\n<h2>Identyfikator podatkowy VAT<\/h2>\n<p>Numer identyfikacji podatkowej zgodnie z \u00a7 27 a ustawy o podatku od sprzeda\u017cy:<br \/>\nDE147637018<\/p>\n\n<h2>Rozstrzyganie spor\u00f3w w UE<\/h2>\n<p>Komisja Europejska zapewnia platform\u0119 internetowego rozstrzygania spor\u00f3w (OS):  <a href=\"https:\/\/ec.europa.eu\/consumers\/odr\/\" target=\"_blank\" rel=\"noopener noreferrer\">https:\/\/ec.europa.eu\/consumers\/odr\/<\/a>.<br \/> Nasz adres e-mail mo\u017cna znale\u017a\u0107 w powy\u017cszej nocie prawnej.<\/p>\n\n<h2>Rozstrzyganie spor\u00f3w konsumenckich\/uniwersalna komisja arbitra\u017cowa<\/h2>\n<p>Nie jeste\u015bmy sk\u0142onni ani zobowi\u0105zani do udzia\u0142u w post\u0119powaniu w sprawie rozstrzygania spor\u00f3w przed konsumenckim organem arbitra\u017cowym.<\/p>\n\n<h2>Realizacja<\/h2>\n<p>Optymalne <a title=\"Programowanie stron internetowych \" href=\"https:\/\/www.agentur-anmut.de\/\" target=\"_blank\">programowanie stron internetowych<\/a> w Stuttgarcie z Agentur Anmut GmbH.<\/p>\n<div class=\"fusion-clearfix\"><\/div><\/div><\/div><\/div><\/div>\n","protected":false},"excerpt":{"rendered":"","protected":false},"author":33,"featured_media":0,"parent":0,"menu_order":0,"comment_status":"closed","ping_status":"closed","template":"100-width.php","meta":{"footnotes":""},"class_list":["post-103080","page","type-page","status-publish","hentry"],"yoast_head":"<!-- This site is optimized with the Yoast SEO plugin v27.3 - https:\/\/yoast.com\/product\/yoast-seo-wordpress\/ -->\n<title>Odcisk dealera maszyn czyszcz\u0105cych Columbus<\/title>\n<meta name=\"description\" content=\"Tutaj znajdziesz znak rozpoznawczy rodzinnego, rozwijaj\u0105cego si\u0119 na arenie mi\u0119dzynarodowej producenta maszyn czyszcz\u0105cych Columbus.\" \/>\n<meta name=\"robots\" content=\"index, follow, max-snippet:-1, max-image-preview:large, max-video-preview:-1\" \/>\n<link rel=\"canonical\" href=\"https:\/\/www.columbus-clean.com\/pl\/stopka-redakcyjna\/\" \/>\n<meta property=\"og:locale\" content=\"pl_PL\" \/>\n<meta property=\"og:type\" content=\"article\" \/>\n<meta property=\"og:title\" content=\"Odcisk dealera maszyn czyszcz\u0105cych Columbus\" \/>\n<meta property=\"og:description\" content=\"Tutaj znajdziesz znak rozpoznawczy rodzinnego, rozwijaj\u0105cego si\u0119 na arenie mi\u0119dzynarodowej producenta maszyn czyszcz\u0105cych Columbus.\" \/>\n<meta property=\"og:url\" content=\"https:\/\/www.columbus-clean.com\/pl\/stopka-redakcyjna\/\" \/>\n<meta property=\"og:site_name\" content=\"columbus Reinigungsmaschinen\" \/>\n<meta property=\"article:modified_time\" content=\"2026-04-20T10:00:09+00:00\" \/>\n<meta name=\"twitter:card\" content=\"summary_large_image\" \/>\n<meta name=\"twitter:label1\" content=\"Szacowany czas czytania\" \/>\n\t<meta name=\"twitter:data1\" content=\"1 minuta\" \/>\n<script type=\"application\/ld+json\" class=\"yoast-schema-graph\">{\"@context\":\"https:\\\/\\\/schema.org\",\"@graph\":[{\"@type\":\"WebPage\",\"@id\":\"https:\\\/\\\/www.columbus-clean.com\\\/pl\\\/stopka-redakcyjna\\\/\",\"url\":\"https:\\\/\\\/www.columbus-clean.com\\\/pl\\\/stopka-redakcyjna\\\/\",\"name\":\"Odcisk dealera maszyn czyszcz\u0105cych Columbus\",\"isPartOf\":{\"@id\":\"https:\\\/\\\/www.columbus-clean.com\\\/pl\\\/#website\"},\"datePublished\":\"2023-05-15T08:23:45+00:00\",\"dateModified\":\"2026-04-20T10:00:09+00:00\",\"description\":\"Tutaj znajdziesz znak rozpoznawczy rodzinnego, rozwijaj\u0105cego si\u0119 na arenie mi\u0119dzynarodowej producenta maszyn czyszcz\u0105cych Columbus.\",\"breadcrumb\":{\"@id\":\"https:\\\/\\\/www.columbus-clean.com\\\/pl\\\/stopka-redakcyjna\\\/#breadcrumb\"},\"inLanguage\":\"pl-PL\",\"potentialAction\":[{\"@type\":\"ReadAction\",\"target\":[\"https:\\\/\\\/www.columbus-clean.com\\\/pl\\\/stopka-redakcyjna\\\/\"]}]},{\"@type\":\"BreadcrumbList\",\"@id\":\"https:\\\/\\\/www.columbus-clean.com\\\/pl\\\/stopka-redakcyjna\\\/#breadcrumb\",\"itemListElement\":[{\"@type\":\"ListItem\",\"position\":1,\"name\":\"Startseite\",\"item\":\"https:\\\/\\\/www.columbus-clean.com\\\/pl\\\/\"},{\"@type\":\"ListItem\",\"position\":2,\"name\":\"Stopka redakcyjna\"}]},{\"@type\":\"WebSite\",\"@id\":\"https:\\\/\\\/www.columbus-clean.com\\\/pl\\\/#website\",\"url\":\"https:\\\/\\\/www.columbus-clean.com\\\/pl\\\/\",\"name\":\"columbus Reinigungsmaschinen\",\"description\":\"Reinigungsautomaten und Industriesauger\",\"potentialAction\":[{\"@type\":\"SearchAction\",\"target\":{\"@type\":\"EntryPoint\",\"urlTemplate\":\"https:\\\/\\\/www.columbus-clean.com\\\/pl\\\/?s={search_term_string}\"},\"query-input\":{\"@type\":\"PropertyValueSpecification\",\"valueRequired\":true,\"valueName\":\"search_term_string\"}}],\"inLanguage\":\"pl-PL\"}]}<\/script>\n<!-- \/ Yoast SEO plugin. -->","yoast_head_json":{"title":"Odcisk dealera maszyn czyszcz\u0105cych Columbus","description":"Tutaj znajdziesz znak rozpoznawczy rodzinnego, rozwijaj\u0105cego si\u0119 na arenie mi\u0119dzynarodowej producenta maszyn czyszcz\u0105cych Columbus.","robots":{"index":"index","follow":"follow","max-snippet":"max-snippet:-1","max-image-preview":"max-image-preview:large","max-video-preview":"max-video-preview:-1"},"canonical":"https:\/\/www.columbus-clean.com\/pl\/stopka-redakcyjna\/","og_locale":"pl_PL","og_type":"article","og_title":"Odcisk dealera maszyn czyszcz\u0105cych Columbus","og_description":"Tutaj znajdziesz znak rozpoznawczy rodzinnego, rozwijaj\u0105cego si\u0119 na arenie mi\u0119dzynarodowej producenta maszyn czyszcz\u0105cych Columbus.","og_url":"https:\/\/www.columbus-clean.com\/pl\/stopka-redakcyjna\/","og_site_name":"columbus Reinigungsmaschinen","article_modified_time":"2026-04-20T10:00:09+00:00","twitter_card":"summary_large_image","twitter_misc":{"Szacowany czas czytania":"1 minuta"},"schema":{"@context":"https:\/\/schema.org","@graph":[{"@type":"WebPage","@id":"https:\/\/www.columbus-clean.com\/pl\/stopka-redakcyjna\/","url":"https:\/\/www.columbus-clean.com\/pl\/stopka-redakcyjna\/","name":"Odcisk dealera maszyn czyszcz\u0105cych Columbus","isPartOf":{"@id":"https:\/\/www.columbus-clean.com\/pl\/#website"},"datePublished":"2023-05-15T08:23:45+00:00","dateModified":"2026-04-20T10:00:09+00:00","description":"Tutaj znajdziesz znak rozpoznawczy rodzinnego, rozwijaj\u0105cego si\u0119 na arenie mi\u0119dzynarodowej producenta maszyn czyszcz\u0105cych Columbus.","breadcrumb":{"@id":"https:\/\/www.columbus-clean.com\/pl\/stopka-redakcyjna\/#breadcrumb"},"inLanguage":"pl-PL","potentialAction":[{"@type":"ReadAction","target":["https:\/\/www.columbus-clean.com\/pl\/stopka-redakcyjna\/"]}]},{"@type":"BreadcrumbList","@id":"https:\/\/www.columbus-clean.com\/pl\/stopka-redakcyjna\/#breadcrumb","itemListElement":[{"@type":"ListItem","position":1,"name":"Startseite","item":"https:\/\/www.columbus-clean.com\/pl\/"},{"@type":"ListItem","position":2,"name":"Stopka redakcyjna"}]},{"@type":"WebSite","@id":"https:\/\/www.columbus-clean.com\/pl\/#website","url":"https:\/\/www.columbus-clean.com\/pl\/","name":"columbus Reinigungsmaschinen","description":"Reinigungsautomaten und Industriesauger","potentialAction":[{"@type":"SearchAction","target":{"@type":"EntryPoint","urlTemplate":"https:\/\/www.columbus-clean.com\/pl\/?s={search_term_string}"},"query-input":{"@type":"PropertyValueSpecification","valueRequired":true,"valueName":"search_term_string"}}],"inLanguage":"pl-PL"}]}},"_links":{"self":[{"href":"https:\/\/www.columbus-clean.com\/pl\/wp-json\/wp\/v2\/pages\/103080","targetHints":{"allow":["GET"]}}],"collection":[{"href":"https:\/\/www.columbus-clean.com\/pl\/wp-json\/wp\/v2\/pages"}],"about":[{"href":"https:\/\/www.columbus-clean.com\/pl\/wp-json\/wp\/v2\/types\/page"}],"author":[{"embeddable":true,"href":"https:\/\/www.columbus-clean.com\/pl\/wp-json\/wp\/v2\/users\/33"}],"replies":[{"embeddable":true,"href":"https:\/\/www.columbus-clean.com\/pl\/wp-json\/wp\/v2\/comments?post=103080"}],"version-history":[{"count":1,"href":"https:\/\/www.columbus-clean.com\/pl\/wp-json\/wp\/v2\/pages\/103080\/revisions"}],"predecessor-version":[{"id":173221,"href":"https:\/\/www.columbus-clean.com\/pl\/wp-json\/wp\/v2\/pages\/103080\/revisions\/173221"}],"wp:attachment":[{"href":"https:\/\/www.columbus-clean.com\/pl\/wp-json\/wp\/v2\/media?parent=103080"}],"curies":[{"name":"wp","href":"https:\/\/api.w.org\/{rel}","templated":true}]}}