{"id":103098,"date":"2023-05-15T10:20:57","date_gmt":"2023-05-15T08:20:57","guid":{"rendered":"https:\/\/www.columbus-clean.com\/?page_id=103098"},"modified":"2025-04-22T11:09:36","modified_gmt":"2025-04-22T09:09:36","slug":"login","status":"publish","type":"page","link":"https:\/\/www.columbus-clean.com\/pl\/login\/","title":{"rendered":"Login"},"content":{"rendered":"<div class=\"fusion-fullwidth fullwidth-box fusion-builder-row-1 nonhundred-percent-fullwidth non-hundred-percent-height-scrolling\" style=\"--awb-border-radius-top-left:0px;--awb-border-radius-top-right:0px;--awb-border-radius-bottom-right:0px;--awb-border-radius-bottom-left:0px;--awb-padding-top:110px;--awb-padding-bottom:120px;--awb-background-color:#f1f2f4;--awb-flex-wrap:wrap;\" id=\"login\" ><div class=\"fusion-builder-row fusion-row\"><div class=\"fusion-layout-column fusion_builder_column fusion-builder-column-0 fusion_builder_column_1_1 1_1 fusion-one-full fusion-column-first fusion-column-last\" style=\"--awb-bg-color:#ffffff;--awb-bg-color-hover:#ffffff;--awb-bg-size:cover;--awb-margin-bottom:0px;\"><div class=\"fusion-column-wrapper fusion-flex-column-wrapper-legacy\"><div class=\"fusion-builder-row fusion-builder-row-inner fusion-row\"><div class=\"fusion-layout-column fusion_builder_column_inner fusion-builder-nested-column-0 fusion_builder_column_inner_1_1 1_1 fusion-one-full fusion-column-first fusion-column-last login-column\" style=\"--awb-padding-top:25px;--awb-padding-right:50px;--awb-padding-bottom:25px;--awb-padding-left:50px;--awb-bg-size:cover;\"><div class=\"fusion-column-wrapper fusion-flex-column-wrapper-legacy\"><div class=\"fusion-alignright\"><a class=\"fusion-button button-flat fusion-button-default-size button-custom fusion-button-default button-1 fusion-button-default-span fusion-button-default-type\" style=\"--button_accent_color:#ff0707;--button_accent_hover_color:#ffffff;--button_border_hover_color:#ffffff;--button_border_width-top:0px;--button_border_width-right:0px;--button_border_width-bottom:0px;--button_border_width-left:0px;--button_gradient_top_color:rgba(255,255,255,0);--button_gradient_bottom_color:rgba(255,255,255,0);--button_gradient_top_color_hover:rgba(237,28,36,0);--button_gradient_bottom_color_hover:rgba(237,28,36,0);\" target=\"_self\" href=\"https:\/\/www.columbus-clean.com\/\"><i class=\"fa-times fas awb-button__icon awb-button__icon--default awb-button__icon--no-margin button-icon-left\" aria-hidden=\"true\"><\/i><span class=\"fusion-button-text awb-button__text awb-button__text--default\"><\/span><\/a><\/div><div class=\"fusion-sep-clear\"><\/div><div class=\"fusion-separator fusion-full-width-sep\" style=\"margin-left: auto;margin-right: auto;margin-bottom:40px;width:100%;\"><\/div><div class=\"fusion-sep-clear\"><\/div><div class=\"fusion-title title fusion-title-1 fusion-sep-none fusion-title-text fusion-title-size-one\" style=\"--awb-margin-top-small:0px;--awb-margin-right-small:0px;--awb-margin-bottom-small:20px;--awb-margin-left-small:0px;\"><h1 class=\"fusion-title-heading title-heading-left\" style=\"margin:0;\">Login<\/h1><\/div><div class=\"fusion-text fusion-text-1\"><p>W tej sekcji mo\u017cna znale\u017a\u0107 nasze instrukcje obs\u0142ugi. Dost\u0119p do innych dokument\u00f3w jest mo\u017cliwy dopiero po dodatkowej aktywacji.<\/p>\n<\/div><div id=\"user-registration\" class=\"user-registration\">\n\n\n<div class=\"ur-frontend-form login \" id=\"ur-frontend-form\">\n\n\t<form class=\"user-registration-form user-registration-form-login login\" method=\"post\">\n\t\t<div class=\"ur-form-row\">\n\t\t\t<div class=\"ur-form-grid\">\n\t\t\t\t\t\t\t\t\t\t<p class=\"user-registration-form-row user-registration-form-row--wide form-row form-row-wide\">\n\t\t\t\t\t\t<label for=\"username\">Nazwa u\u017cytkownika lub adres e-mail <span class=\"required\">*<\/span><\/label>\t\t\t\t\t\t<input placeholder=\"\" type=\"text\" class=\"user-registration-Input user-registration-Input--text input-text\" name=\"username\" id=\"username\" value=\"\" \/>\n\t\t\t\t\t<\/p>\n\t\t\t\t\t<p class=\"user-registration-form-row user-registration-form-row--wide form-row form-row-wide\">\n\t\t\t\t\t\t<label for=\"password\">Has\u0142o <span class=\"required\">*<\/span><\/label>\t\t\t\t\t\t<span class=\"password-input-group\">\n\t\t\t\t\t\t<input placeholder=\"\" class=\"user-registration-Input user-registration-Input--text input-text\" type=\"password\" name=\"password\" id=\"password\" \/>\n\t\t\t\t\t\t\t\t\t\t\t\t<\/span>\n\t\t\t\t\t<\/p>\n\n\t\t\t\t\t\n\t\t\t\t\t\n\t\t\t\t\t<p class=\"form-row\">\n\t\t\t\t\t\t<input type=\"hidden\" id=\"user-registration-login-nonce\" name=\"user-registration-login-nonce\" value=\"0ea57b7912\" \/><input type=\"hidden\" name=\"_wp_http_referer\" value=\"\/pl\/wp-json\/wp\/v2\/pages\/103098\" \/>\t\t\t\t\t\t<div>\n\t\t\t\t\t\t\t\t\t\t\t\t\t\t<input type=\"submit\" class=\"user-registration-Button button \" name=\"login\" value=\"Zaloguj si\u0119\" \/>\n\t\t\t\t\t\t\t\t\t\t\t\t\t<\/div>\n\t\t\t\t\t\t<input type=\"hidden\" name=\"redirect\" value=\"https:\/\/www.columbus-clean.com\/pl\/\" \/>\n\t\t\t\t\t\t\t\t\t\t\t\t\t\t<label class=\"user-registration-form__label user-registration-form__label-for-checkbox inline\">\n\t\t\t\t\t\t\t\t\t<input class=\"user-registration-form__input user-registration-form__input-checkbox\" name=\"rememberme\" type=\"checkbox\" id=\"rememberme\" value=\"forever\" \/> <span>Zapami\u0119taj mnie<\/span>\n\t\t\t\t\t\t\t\t<\/label>\n\t\t\t\t\t\t\t\t\t\t\t\t\t<\/p>\n\n\t\t\t\t\t\t\t\t\t\t\t\t\t<p class=\"user-registration-LostPassword lost_password\">\n\t\t\t\t\t\t\t\t\t<a href=\"https:\/\/www.columbus-clean.com\/pl\/login\/forgot-password\/\">Zapomnia\u0142e\u015b has\u0142a?<\/a>\n\t\t\t\t\t\t\t\t<\/p>\n\t\t\t\t\t\t\t\n\t\t\t\t\t<p class=\"user-registration-register register\">\t\t\t\t\t\t\t\t<a href=\"https:\/\/www.columbus-clean.com\/pl\/rejestracja\/\"> Nie jeste\u015b jeszcze cz\u0142onkiem? Zarejestruj si\u0119 teraz.\t\t\t\t\t\t\t\t\t<\/a>\n\t\t\t\t\t\t\t\t<\/p>\t\t\t\t\t\t\t\t<\/div>\n\t\t<\/div>\n\t<\/form>\n\n<\/div>\n\n<\/div><div class=\"fusion-clearfix\"><\/div><\/div><\/div><\/div><div class=\"fusion-builder-row fusion-builder-row-inner fusion-row\"><div class=\"fusion-layout-column fusion_builder_column_inner fusion-builder-nested-column-1 fusion_builder_column_inner_1_1 1_1 fusion-one-full fusion-column-first fusion-column-last login-register\" style=\"--awb-padding-top:25px;--awb-padding-right:20px;--awb-padding-bottom:30px;--awb-padding-left:20px;--awb-bg-color:#707070;--awb-bg-color-hover:#707070;--awb-bg-size:cover;--awb-margin-bottom:0px;\"><div class=\"fusion-column-wrapper fusion-flex-column-wrapper-legacy\"><div class=\"fusion-alignright\"><a class=\"fusion-button button-flat fusion-button-default-size button-default fusion-button-default button-2 fusion-button-default-span fusion-button-default-type login-button\" target=\"_self\" href=\"https:\/\/www.columbus-clean.com\/pl\/rejestracja\/\"><span class=\"fusion-button-text awb-button__text awb-button__text--default\">Zarejestruj si\u0119 teraz<\/span><\/a><\/div><div class=\"fusion-title title fusion-title-2 fusion-sep-none fusion-title-text fusion-title-size-six\" style=\"--awb-margin-top-small:0px;--awb-margin-right-small:0px;--awb-margin-bottom-small:20px;--awb-margin-left-small:0px;\"><h6 class=\"fusion-title-heading title-heading-left\" style=\"margin:0;\">Jeszcze nie zarejestrowany?<\/h6><\/div><div class=\"fusion-clearfix\"><\/div><\/div><\/div><\/div><div class=\"fusion-clearfix\"><\/div><\/div><\/div><\/div><\/div>\n","protected":false},"excerpt":{"rendered":"","protected":false},"author":33,"featured_media":0,"parent":0,"menu_order":0,"comment_status":"closed","ping_status":"closed","template":"100-width.php","meta":{"footnotes":""},"class_list":["post-103098","page","type-page","status-publish","hentry"],"yoast_head":"<!-- This site is optimized with the Yoast SEO plugin v27.1.1 - https:\/\/yoast.com\/product\/yoast-seo-wordpress\/ -->\n<title>Zaloguj si\u0119 do obszaru pobierania maszyn czyszcz\u0105cych Columbus<\/title>\n<meta name=\"description\" content=\"Zaloguj si\u0119 na swoje konto, aby uzyska\u0107 dost\u0119p do autoryzowanych plik\u00f3w do pobrania dla naszych nowoczesnych maszyn czyszcz\u0105cych.\" \/>\n<meta name=\"robots\" content=\"index, follow, max-snippet:-1, max-image-preview:large, max-video-preview:-1\" \/>\n<link rel=\"canonical\" href=\"https:\/\/www.columbus-clean.com\/pl\/login\/\" \/>\n<meta property=\"og:locale\" content=\"pl_PL\" \/>\n<meta property=\"og:type\" content=\"article\" \/>\n<meta property=\"og:title\" content=\"Zaloguj si\u0119 do obszaru pobierania maszyn czyszcz\u0105cych Columbus\" \/>\n<meta property=\"og:description\" content=\"Zaloguj si\u0119 na swoje konto, aby uzyska\u0107 dost\u0119p do autoryzowanych plik\u00f3w do pobrania dla naszych nowoczesnych maszyn czyszcz\u0105cych.\" \/>\n<meta property=\"og:url\" content=\"https:\/\/www.columbus-clean.com\/pl\/login\/\" \/>\n<meta property=\"og:site_name\" content=\"columbus Reinigungsmaschinen\" \/>\n<meta property=\"article:modified_time\" content=\"2025-04-22T09:09:36+00:00\" \/>\n<meta name=\"twitter:card\" content=\"summary_large_image\" \/>\n<meta name=\"twitter:label1\" content=\"Szacowany czas czytania\" \/>\n\t<meta name=\"twitter:data1\" content=\"1 minuta\" \/>\n<script type=\"application\/ld+json\" class=\"yoast-schema-graph\">{\"@context\":\"https:\/\/schema.org\",\"@graph\":[{\"@type\":\"WebPage\",\"@id\":\"https:\/\/www.columbus-clean.com\/pl\/login\/\",\"url\":\"https:\/\/www.columbus-clean.com\/pl\/login\/\",\"name\":\"Zaloguj si\u0119 do obszaru pobierania maszyn czyszcz\u0105cych Columbus\",\"isPartOf\":{\"@id\":\"https:\/\/www.columbus-clean.com\/pl\/#website\"},\"datePublished\":\"2023-05-15T08:20:57+00:00\",\"dateModified\":\"2025-04-22T09:09:36+00:00\",\"description\":\"Zaloguj si\u0119 na swoje konto, aby uzyska\u0107 dost\u0119p do autoryzowanych plik\u00f3w do pobrania dla naszych nowoczesnych maszyn czyszcz\u0105cych.\",\"breadcrumb\":{\"@id\":\"https:\/\/www.columbus-clean.com\/pl\/login\/#breadcrumb\"},\"inLanguage\":\"pl-PL\",\"potentialAction\":[{\"@type\":\"ReadAction\",\"target\":[\"https:\/\/www.columbus-clean.com\/pl\/login\/\"]}]},{\"@type\":\"BreadcrumbList\",\"@id\":\"https:\/\/www.columbus-clean.com\/pl\/login\/#breadcrumb\",\"itemListElement\":[{\"@type\":\"ListItem\",\"position\":1,\"name\":\"Startseite\",\"item\":\"https:\/\/www.columbus-clean.com\/pl\/\"},{\"@type\":\"ListItem\",\"position\":2,\"name\":\"Login\"}]},{\"@type\":\"WebSite\",\"@id\":\"https:\/\/www.columbus-clean.com\/pl\/#website\",\"url\":\"https:\/\/www.columbus-clean.com\/pl\/\",\"name\":\"columbus Reinigungsmaschinen\",\"description\":\"Reinigungsautomaten und Industriesauger\",\"potentialAction\":[{\"@type\":\"SearchAction\",\"target\":{\"@type\":\"EntryPoint\",\"urlTemplate\":\"https:\/\/www.columbus-clean.com\/pl\/?s={search_term_string}\"},\"query-input\":{\"@type\":\"PropertyValueSpecification\",\"valueRequired\":true,\"valueName\":\"search_term_string\"}}],\"inLanguage\":\"pl-PL\"}]}<\/script>\n<!-- \/ Yoast SEO plugin. -->","yoast_head_json":{"title":"Zaloguj si\u0119 do obszaru pobierania maszyn czyszcz\u0105cych Columbus","description":"Zaloguj si\u0119 na swoje konto, aby uzyska\u0107 dost\u0119p do autoryzowanych plik\u00f3w do pobrania dla naszych nowoczesnych maszyn czyszcz\u0105cych.","robots":{"index":"index","follow":"follow","max-snippet":"max-snippet:-1","max-image-preview":"max-image-preview:large","max-video-preview":"max-video-preview:-1"},"canonical":"https:\/\/www.columbus-clean.com\/pl\/login\/","og_locale":"pl_PL","og_type":"article","og_title":"Zaloguj si\u0119 do obszaru pobierania maszyn czyszcz\u0105cych Columbus","og_description":"Zaloguj si\u0119 na swoje konto, aby uzyska\u0107 dost\u0119p do autoryzowanych plik\u00f3w do pobrania dla naszych nowoczesnych maszyn czyszcz\u0105cych.","og_url":"https:\/\/www.columbus-clean.com\/pl\/login\/","og_site_name":"columbus Reinigungsmaschinen","article_modified_time":"2025-04-22T09:09:36+00:00","twitter_card":"summary_large_image","twitter_misc":{"Szacowany czas czytania":"1 minuta"},"schema":{"@context":"https:\/\/schema.org","@graph":[{"@type":"WebPage","@id":"https:\/\/www.columbus-clean.com\/pl\/login\/","url":"https:\/\/www.columbus-clean.com\/pl\/login\/","name":"Zaloguj si\u0119 do obszaru pobierania maszyn czyszcz\u0105cych Columbus","isPartOf":{"@id":"https:\/\/www.columbus-clean.com\/pl\/#website"},"datePublished":"2023-05-15T08:20:57+00:00","dateModified":"2025-04-22T09:09:36+00:00","description":"Zaloguj si\u0119 na swoje konto, aby uzyska\u0107 dost\u0119p do autoryzowanych plik\u00f3w do pobrania dla naszych nowoczesnych maszyn czyszcz\u0105cych.","breadcrumb":{"@id":"https:\/\/www.columbus-clean.com\/pl\/login\/#breadcrumb"},"inLanguage":"pl-PL","potentialAction":[{"@type":"ReadAction","target":["https:\/\/www.columbus-clean.com\/pl\/login\/"]}]},{"@type":"BreadcrumbList","@id":"https:\/\/www.columbus-clean.com\/pl\/login\/#breadcrumb","itemListElement":[{"@type":"ListItem","position":1,"name":"Startseite","item":"https:\/\/www.columbus-clean.com\/pl\/"},{"@type":"ListItem","position":2,"name":"Login"}]},{"@type":"WebSite","@id":"https:\/\/www.columbus-clean.com\/pl\/#website","url":"https:\/\/www.columbus-clean.com\/pl\/","name":"columbus Reinigungsmaschinen","description":"Reinigungsautomaten und Industriesauger","potentialAction":[{"@type":"SearchAction","target":{"@type":"EntryPoint","urlTemplate":"https:\/\/www.columbus-clean.com\/pl\/?s={search_term_string}"},"query-input":{"@type":"PropertyValueSpecification","valueRequired":true,"valueName":"search_term_string"}}],"inLanguage":"pl-PL"}]}},"_links":{"self":[{"href":"https:\/\/www.columbus-clean.com\/pl\/wp-json\/wp\/v2\/pages\/103098","targetHints":{"allow":["GET"]}}],"collection":[{"href":"https:\/\/www.columbus-clean.com\/pl\/wp-json\/wp\/v2\/pages"}],"about":[{"href":"https:\/\/www.columbus-clean.com\/pl\/wp-json\/wp\/v2\/types\/page"}],"author":[{"embeddable":true,"href":"https:\/\/www.columbus-clean.com\/pl\/wp-json\/wp\/v2\/users\/33"}],"replies":[{"embeddable":true,"href":"https:\/\/www.columbus-clean.com\/pl\/wp-json\/wp\/v2\/comments?post=103098"}],"version-history":[{"count":0,"href":"https:\/\/www.columbus-clean.com\/pl\/wp-json\/wp\/v2\/pages\/103098\/revisions"}],"wp:attachment":[{"href":"https:\/\/www.columbus-clean.com\/pl\/wp-json\/wp\/v2\/media?parent=103098"}],"curies":[{"name":"wp","href":"https:\/\/api.w.org\/{rel}","templated":true}]}}