{"id":103100,"date":"2023-05-15T10:21:02","date_gmt":"2023-05-15T08:21:02","guid":{"rendered":"https:\/\/www.columbus-clean.com\/?page_id=103100"},"modified":"2026-03-24T12:05:53","modified_gmt":"2026-03-24T11:05:53","slug":"pobrania","status":"publish","type":"page","link":"https:\/\/www.columbus-clean.com\/pl\/pobrania\/","title":{"rendered":"Pobrania"},"content":{"rendered":"<p><div class=\"fusion-fullwidth fullwidth-box fusion-builder-row-1 has-pattern-background has-mask-background fusion-parallax-none nonhundred-percent-fullwidth non-hundred-percent-height-scrolling fusion-equal-height-columns limited-width-heading head-lenght-long\" style=\"--awb-border-radius-top-left:0px;--awb-border-radius-top-right:0px;--awb-border-radius-bottom-right:0px;--awb-border-radius-bottom-left:0px;--awb-background-color:#e3e8ec;--awb-background-image:url(&quot;https:\/\/www.columbus-clean.com\/wp-content\/uploads\/2019\/02\/download-ab-01-download-aktuelles.jpg&quot;);--awb-background-size:cover;--awb-flex-wrap:wrap;\" id=\"opener\" ><div class=\"fusion-builder-row fusion-row\"><div class=\"fusion-layout-column fusion_builder_column fusion-builder-column-0 fusion_builder_column_1_1 1_1 fusion-one-full fusion-column-first fusion-column-last fusion-column-inner-bg-wrapper\" style=\"--awb-inner-bg-position:center top;--awb-inner-bg-size:cover;\"><span class=\"fusion-column-inner-bg hover-type-zoomin\"><span class=\"fusion-column-anchor\"><span class=\"fusion-column-inner-bg-image\"><\/span><\/span><\/span><div class=\"fusion-column-wrapper fusion-flex-column-wrapper-legacy\"><div class=\"fusion-column-content-centered\"><div class=\"fusion-column-content\"><div class=\"fusion-title title fusion-title-1 fusion-sep-none fusion-title-text fusion-title-size-one\" style=\"--awb-margin-top-small:0px;--awb-margin-right-small:0px;--awb-margin-bottom-small:20px;--awb-margin-left-small:0px;\"><h1 class=\"fusion-title-heading title-heading-left\" style=\"margin:0;\">Obszar logowania<\/h1><\/div><div class=\"fusion-sep-clear\"><\/div><div class=\"fusion-separator fusion-full-width-sep\" style=\"margin-left: auto;margin-right: auto;margin-bottom:10px;width:100%;\"><\/div><div class=\"fusion-sep-clear\"><\/div><div class=\"fusion-title title fusion-title-2 fusion-sep-none fusion-title-text fusion-title-size-two\" style=\"--awb-margin-top-small:0px;--awb-margin-right-small:0px;--awb-margin-bottom-small:20px;--awb-margin-left-small:0px;\"><h2 class=\"fusion-title-heading title-heading-left\" style=\"margin:0;\">Pobieranie i nowo\u015bci<\/h2><\/div><\/div><\/div><div class=\"fusion-clearfix\"><\/div><\/div><\/div><\/div><\/div><div class=\"fusion-fullwidth fullwidth-box fusion-builder-row-2 nonhundred-percent-fullwidth non-hundred-percent-height-scrolling\" style=\"--awb-border-radius-top-left:0px;--awb-border-radius-top-right:0px;--awb-border-radius-bottom-right:0px;--awb-border-radius-bottom-left:0px;--awb-padding-top:0px;--awb-padding-bottom:0px;--awb-flex-wrap:wrap;\" id=\"product-nav\" ><div class=\"fusion-builder-row fusion-row\"><div class=\"fusion-layout-column fusion_builder_column fusion-builder-column-1 fusion_builder_column_1_1 1_1 fusion-one-full fusion-column-first fusion-column-last\" style=\"--awb-bg-size:cover;--awb-margin-bottom:0px;\"><div class=\"fusion-column-wrapper fusion-flex-column-wrapper-legacy\"><div class=\"fusion-widget-area awb-widget-area-element fusion-widget-area-1 fusion-content-widget-area fusion-menu\" style=\"--awb-title-size:17px;--awb-title-color:#ff0707;--awb-padding:0px 0px 0px 0px;\"><div id=\"menu-widget-11\" class=\"widget menu\"><style type=\"text\/css\">#menu-widget-11{text-align:left;}#fusion-menu-widget-11 li{display:inline-block;}#fusion-menu-widget-11 ul li a{display:inline-block;padding:0;border:0;color:#707070;font-size:16px;}#fusion-menu-widget-11 ul li a:after{content:\"\";color:#707070;padding-right:0px;padding-left:0px;font-size:16px;}#fusion-menu-widget-11 ul li a:hover,#fusion-menu-widget-11 ul .menu-item.current-menu-item a{color:#000000;}#fusion-menu-widget-11 ul li:last-child a:after{display:none;}#fusion-menu-widget-11 ul li .fusion-widget-cart-number{margin:0 7px;background-color:#000000;color:#707070;}#fusion-menu-widget-11 ul li.fusion-active-cart-icon .fusion-widget-cart-icon:after{color:#000000;}<\/style><nav id=\"fusion-menu-widget-11\" class=\"fusion-widget-menu\" aria-label=\"Secondary Navigation: \"><ul id=\"menu-download-navigation-pl\" class=\"menu\"><li id=\"menu-item-108562\" class=\"menu-item menu-item-type-custom menu-item-object-custom menu-item-108562\"><a href=\"#downloads-01\">Technologia<\/a><\/li><li id=\"menu-item-108563\" class=\"menu-item menu-item-type-custom menu-item-object-custom menu-item-108563\"><a href=\"#downloads-02\">Dystrybucja<\/a><\/li><\/ul><\/nav><\/div><div class=\"fusion-additional-widget-content\"><\/div><\/div><div class=\"fusion-clearfix\"><\/div><\/div><\/div><\/div><\/div><div class=\"fusion-fullwidth fullwidth-box fusion-builder-row-3 nonhundred-percent-fullwidth non-hundred-percent-height-scrolling restrict-that-show\" style=\"--awb-border-radius-top-left:0px;--awb-border-radius-top-right:0px;--awb-border-radius-bottom-right:0px;--awb-border-radius-bottom-left:0px;--awb-flex-wrap:wrap;\" ><div class=\"fusion-builder-row fusion-row\"><div class=\"fusion-layout-column fusion_builder_column fusion-builder-column-2 fusion_builder_column_1_1 1_1 fusion-one-full fusion-column-first fusion-column-last\" style=\"--awb-bg-size:cover;\"><div class=\"fusion-column-wrapper fusion-flex-column-wrapper-legacy\">Please login <a href=\"https:\/\/www.columbus-clean.com\/en\/login\/\">here<\/a> to see downloads.<div class=\"fusion-clearfix\"><\/div><\/div><\/div><\/div><\/div><\/p>\n","protected":false},"excerpt":{"rendered":"","protected":false},"author":33,"featured_media":0,"parent":103098,"menu_order":0,"comment_status":"closed","ping_status":"closed","template":"100-width.php","meta":{"footnotes":""},"class_list":["post-103100","page","type-page","status-publish","hentry"],"yoast_head":"<!-- This site is optimized with the Yoast SEO plugin v27.3 - https:\/\/yoast.com\/product\/yoast-seo-wordpress\/ -->\n<title>Pliki do pobrania dla maszyn czyszcz\u0105cych columbus<\/title>\n<meta name=\"description\" content=\"Znajd\u017a instrukcj\u0119 obs\u0142ugi, rysunki cz\u0119\u015bci zamiennych lub rozwi\u0105zywanie problem\u00f3w dla swojej szorowarki do pod\u0142\u00f3g, zamiatarki samojezdnej i nie tylko.\" \/>\n<meta name=\"robots\" content=\"index, follow, max-snippet:-1, max-image-preview:large, max-video-preview:-1\" \/>\n<link rel=\"canonical\" href=\"https:\/\/www.columbus-clean.com\/pl\/pobrania\/\" \/>\n<meta property=\"og:locale\" content=\"pl_PL\" \/>\n<meta property=\"og:type\" content=\"article\" \/>\n<meta property=\"og:title\" content=\"Pliki do pobrania dla maszyn czyszcz\u0105cych columbus\" \/>\n<meta property=\"og:description\" content=\"Znajd\u017a instrukcj\u0119 obs\u0142ugi, rysunki cz\u0119\u015bci zamiennych lub rozwi\u0105zywanie problem\u00f3w dla swojej szorowarki do pod\u0142\u00f3g, zamiatarki samojezdnej i nie tylko.\" \/>\n<meta property=\"og:url\" content=\"https:\/\/www.columbus-clean.com\/pl\/pobrania\/\" \/>\n<meta property=\"og:site_name\" content=\"columbus Reinigungsmaschinen\" \/>\n<meta property=\"article:modified_time\" content=\"2026-03-24T11:05:53+00:00\" \/>\n<meta name=\"twitter:card\" content=\"summary_large_image\" \/>\n<meta name=\"twitter:label1\" content=\"Szacowany czas czytania\" \/>\n\t<meta name=\"twitter:data1\" content=\"3 minuty\" \/>\n<script type=\"application\/ld+json\" class=\"yoast-schema-graph\">{\"@context\":\"https:\\\/\\\/schema.org\",\"@graph\":[{\"@type\":\"WebPage\",\"@id\":\"https:\\\/\\\/www.columbus-clean.com\\\/pl\\\/pobrania\\\/\",\"url\":\"https:\\\/\\\/www.columbus-clean.com\\\/pl\\\/pobrania\\\/\",\"name\":\"Pliki do pobrania dla maszyn czyszcz\u0105cych columbus\",\"isPartOf\":{\"@id\":\"https:\\\/\\\/www.columbus-clean.com\\\/pl\\\/#website\"},\"datePublished\":\"2023-05-15T08:21:02+00:00\",\"dateModified\":\"2026-03-24T11:05:53+00:00\",\"description\":\"Znajd\u017a instrukcj\u0119 obs\u0142ugi, rysunki cz\u0119\u015bci zamiennych lub rozwi\u0105zywanie problem\u00f3w dla swojej szorowarki do pod\u0142\u00f3g, zamiatarki samojezdnej i nie tylko.\",\"breadcrumb\":{\"@id\":\"https:\\\/\\\/www.columbus-clean.com\\\/pl\\\/pobrania\\\/#breadcrumb\"},\"inLanguage\":\"pl-PL\",\"potentialAction\":[{\"@type\":\"ReadAction\",\"target\":[\"https:\\\/\\\/www.columbus-clean.com\\\/pl\\\/pobrania\\\/\"]}]},{\"@type\":\"BreadcrumbList\",\"@id\":\"https:\\\/\\\/www.columbus-clean.com\\\/pl\\\/pobrania\\\/#breadcrumb\",\"itemListElement\":[{\"@type\":\"ListItem\",\"position\":1,\"name\":\"Startseite\",\"item\":\"https:\\\/\\\/www.columbus-clean.com\\\/pl\\\/\"},{\"@type\":\"ListItem\",\"position\":2,\"name\":\"Login\",\"item\":\"https:\\\/\\\/www.columbus-clean.com\\\/pl\\\/login\\\/\"},{\"@type\":\"ListItem\",\"position\":3,\"name\":\"Pobrania\"}]},{\"@type\":\"WebSite\",\"@id\":\"https:\\\/\\\/www.columbus-clean.com\\\/pl\\\/#website\",\"url\":\"https:\\\/\\\/www.columbus-clean.com\\\/pl\\\/\",\"name\":\"columbus Reinigungsmaschinen\",\"description\":\"Reinigungsautomaten und Industriesauger\",\"potentialAction\":[{\"@type\":\"SearchAction\",\"target\":{\"@type\":\"EntryPoint\",\"urlTemplate\":\"https:\\\/\\\/www.columbus-clean.com\\\/pl\\\/?s={search_term_string}\"},\"query-input\":{\"@type\":\"PropertyValueSpecification\",\"valueRequired\":true,\"valueName\":\"search_term_string\"}}],\"inLanguage\":\"pl-PL\"}]}<\/script>\n<!-- \/ Yoast SEO plugin. -->","yoast_head_json":{"title":"Pliki do pobrania dla maszyn czyszcz\u0105cych columbus","description":"Znajd\u017a instrukcj\u0119 obs\u0142ugi, rysunki cz\u0119\u015bci zamiennych lub rozwi\u0105zywanie problem\u00f3w dla swojej szorowarki do pod\u0142\u00f3g, zamiatarki samojezdnej i nie tylko.","robots":{"index":"index","follow":"follow","max-snippet":"max-snippet:-1","max-image-preview":"max-image-preview:large","max-video-preview":"max-video-preview:-1"},"canonical":"https:\/\/www.columbus-clean.com\/pl\/pobrania\/","og_locale":"pl_PL","og_type":"article","og_title":"Pliki do pobrania dla maszyn czyszcz\u0105cych columbus","og_description":"Znajd\u017a instrukcj\u0119 obs\u0142ugi, rysunki cz\u0119\u015bci zamiennych lub rozwi\u0105zywanie problem\u00f3w dla swojej szorowarki do pod\u0142\u00f3g, zamiatarki samojezdnej i nie tylko.","og_url":"https:\/\/www.columbus-clean.com\/pl\/pobrania\/","og_site_name":"columbus Reinigungsmaschinen","article_modified_time":"2026-03-24T11:05:53+00:00","twitter_card":"summary_large_image","twitter_misc":{"Szacowany czas czytania":"3 minuty"},"schema":{"@context":"https:\/\/schema.org","@graph":[{"@type":"WebPage","@id":"https:\/\/www.columbus-clean.com\/pl\/pobrania\/","url":"https:\/\/www.columbus-clean.com\/pl\/pobrania\/","name":"Pliki do pobrania dla maszyn czyszcz\u0105cych columbus","isPartOf":{"@id":"https:\/\/www.columbus-clean.com\/pl\/#website"},"datePublished":"2023-05-15T08:21:02+00:00","dateModified":"2026-03-24T11:05:53+00:00","description":"Znajd\u017a instrukcj\u0119 obs\u0142ugi, rysunki cz\u0119\u015bci zamiennych lub rozwi\u0105zywanie problem\u00f3w dla swojej szorowarki do pod\u0142\u00f3g, zamiatarki samojezdnej i nie tylko.","breadcrumb":{"@id":"https:\/\/www.columbus-clean.com\/pl\/pobrania\/#breadcrumb"},"inLanguage":"pl-PL","potentialAction":[{"@type":"ReadAction","target":["https:\/\/www.columbus-clean.com\/pl\/pobrania\/"]}]},{"@type":"BreadcrumbList","@id":"https:\/\/www.columbus-clean.com\/pl\/pobrania\/#breadcrumb","itemListElement":[{"@type":"ListItem","position":1,"name":"Startseite","item":"https:\/\/www.columbus-clean.com\/pl\/"},{"@type":"ListItem","position":2,"name":"Login","item":"https:\/\/www.columbus-clean.com\/pl\/login\/"},{"@type":"ListItem","position":3,"name":"Pobrania"}]},{"@type":"WebSite","@id":"https:\/\/www.columbus-clean.com\/pl\/#website","url":"https:\/\/www.columbus-clean.com\/pl\/","name":"columbus Reinigungsmaschinen","description":"Reinigungsautomaten und Industriesauger","potentialAction":[{"@type":"SearchAction","target":{"@type":"EntryPoint","urlTemplate":"https:\/\/www.columbus-clean.com\/pl\/?s={search_term_string}"},"query-input":{"@type":"PropertyValueSpecification","valueRequired":true,"valueName":"search_term_string"}}],"inLanguage":"pl-PL"}]}},"_links":{"self":[{"href":"https:\/\/www.columbus-clean.com\/pl\/wp-json\/wp\/v2\/pages\/103100","targetHints":{"allow":["GET"]}}],"collection":[{"href":"https:\/\/www.columbus-clean.com\/pl\/wp-json\/wp\/v2\/pages"}],"about":[{"href":"https:\/\/www.columbus-clean.com\/pl\/wp-json\/wp\/v2\/types\/page"}],"author":[{"embeddable":true,"href":"https:\/\/www.columbus-clean.com\/pl\/wp-json\/wp\/v2\/users\/33"}],"replies":[{"embeddable":true,"href":"https:\/\/www.columbus-clean.com\/pl\/wp-json\/wp\/v2\/comments?post=103100"}],"version-history":[{"count":1,"href":"https:\/\/www.columbus-clean.com\/pl\/wp-json\/wp\/v2\/pages\/103100\/revisions"}],"predecessor-version":[{"id":167818,"href":"https:\/\/www.columbus-clean.com\/pl\/wp-json\/wp\/v2\/pages\/103100\/revisions\/167818"}],"up":[{"embeddable":true,"href":"https:\/\/www.columbus-clean.com\/pl\/wp-json\/wp\/v2\/pages\/103098"}],"wp:attachment":[{"href":"https:\/\/www.columbus-clean.com\/pl\/wp-json\/wp\/v2\/media?parent=103100"}],"curies":[{"name":"wp","href":"https:\/\/api.w.org\/{rel}","templated":true}]}}