{"id":103101,"date":"2023-05-15T10:21:18","date_gmt":"2023-05-15T08:21:18","guid":{"rendered":"https:\/\/www.columbus-clean.com\/?page_id=103101"},"modified":"2026-03-26T09:20:06","modified_gmt":"2026-03-26T08:20:06","slug":"instrukcje-obslugi","status":"publish","type":"page","link":"https:\/\/www.columbus-clean.com\/pl\/login\/pobrania\/instrukcje-obslugi\/","title":{"rendered":"Instrukcje obs\u0142ugi"},"content":{"rendered":"<p><div class=\"fusion-fullwidth fullwidth-box fusion-builder-row-1 nonhundred-percent-fullwidth non-hundred-percent-height-scrolling no-subhead head-two-lines\" style=\"--awb-border-radius-top-left:0px;--awb-border-radius-top-right:0px;--awb-border-radius-bottom-right:0px;--awb-border-radius-bottom-left:0px;--awb-flex-wrap:wrap;\" id=\"opener\" ><div class=\"fusion-builder-row fusion-row\"><div class=\"fusion-layout-column fusion_builder_column fusion-builder-column-0 fusion_builder_column_1_1 1_1 fusion-one-full fusion-column-first fusion-column-last\" style=\"--awb-bg-size:cover;\"><div class=\"fusion-column-wrapper fusion-flex-column-wrapper-legacy\"><div class=\"fusion-title title fusion-title-1 fusion-sep-none fusion-title-text fusion-title-size-six\" style=\"--awb-margin-top-small:0px;--awb-margin-right-small:0px;--awb-margin-bottom-small:20px;--awb-margin-left-small:0px;\"><h6 class=\"fusion-title-heading title-heading-left\" style=\"margin:0;\">Instrukcje obs\u0142ugi<\/h6><\/div><div class=\"fusion-clearfix\"><\/div><\/div><\/div><\/div><\/div><div class=\"fusion-fullwidth fullwidth-box fusion-builder-row-2 nonhundred-percent-fullwidth non-hundred-percent-height-scrolling restrict-that-show\" style=\"--awb-border-radius-top-left:0px;--awb-border-radius-top-right:0px;--awb-border-radius-bottom-right:0px;--awb-border-radius-bottom-left:0px;--awb-flex-wrap:wrap;\" ><div class=\"fusion-builder-row fusion-row\"><div class=\"fusion-layout-column fusion_builder_column fusion-builder-column-1 fusion_builder_column_1_1 1_1 fusion-one-full fusion-column-first fusion-column-last\" style=\"--awb-bg-size:cover;\"><div class=\"fusion-column-wrapper fusion-flex-column-wrapper-legacy\">Please login <a href=\"https:\/\/www.columbus-clean.com\/en\/login\/\">here<\/a> to see downloads.<div class=\"fusion-clearfix\"><\/div><\/div><\/div><\/div><\/div><\/p>\n","protected":false},"excerpt":{"rendered":"","protected":false},"author":33,"featured_media":0,"parent":103100,"menu_order":0,"comment_status":"closed","ping_status":"closed","template":"100-width.php","meta":{"footnotes":""},"class_list":["post-103101","page","type-page","status-publish","hentry"],"yoast_head":"<!-- This site is optimized with the Yoast SEO plugin v27.1.1 - https:\/\/yoast.com\/product\/yoast-seo-wordpress\/ -->\n<title>Instrukcja obs\u0142ugi przemys\u0142owej maszyny czyszcz\u0105cej<\/title>\n<meta name=\"description\" content=\"Tutaj znajdziesz wszystkie oryginalne instrukcje obs\u0142ugi do r\u00f3\u017cnych maszyn czyszcz\u0105cych Columbus do pobrania w mgnieniu oka.\" \/>\n<meta name=\"robots\" content=\"index, follow, max-snippet:-1, max-image-preview:large, max-video-preview:-1\" \/>\n<link rel=\"canonical\" href=\"https:\/\/www.columbus-clean.com\/pl\/login\/pobrania\/instrukcje-obslugi\/\" \/>\n<meta property=\"og:locale\" content=\"pl_PL\" \/>\n<meta property=\"og:type\" content=\"article\" \/>\n<meta property=\"og:title\" content=\"Instrukcja obs\u0142ugi przemys\u0142owej maszyny czyszcz\u0105cej\" \/>\n<meta property=\"og:description\" content=\"Tutaj znajdziesz wszystkie oryginalne instrukcje obs\u0142ugi do r\u00f3\u017cnych maszyn czyszcz\u0105cych Columbus do pobrania w mgnieniu oka.\" \/>\n<meta property=\"og:url\" content=\"https:\/\/www.columbus-clean.com\/pl\/login\/pobrania\/instrukcje-obslugi\/\" \/>\n<meta property=\"og:site_name\" content=\"columbus Reinigungsmaschinen\" \/>\n<meta property=\"article:modified_time\" content=\"2026-03-26T08:20:06+00:00\" \/>\n<meta name=\"twitter:card\" content=\"summary_large_image\" \/>\n<meta name=\"twitter:label1\" content=\"Szacowany czas czytania\" \/>\n\t<meta name=\"twitter:data1\" content=\"3 minuty\" \/>\n<script type=\"application\/ld+json\" class=\"yoast-schema-graph\">{\"@context\":\"https:\/\/schema.org\",\"@graph\":[{\"@type\":\"WebPage\",\"@id\":\"https:\/\/www.columbus-clean.com\/pl\/login\/pobrania\/instrukcje-obslugi\/\",\"url\":\"https:\/\/www.columbus-clean.com\/pl\/login\/pobrania\/instrukcje-obslugi\/\",\"name\":\"Instrukcja obs\u0142ugi przemys\u0142owej maszyny czyszcz\u0105cej\",\"isPartOf\":{\"@id\":\"https:\/\/www.columbus-clean.com\/pl\/#website\"},\"datePublished\":\"2023-05-15T08:21:18+00:00\",\"dateModified\":\"2026-03-26T08:20:06+00:00\",\"description\":\"Tutaj znajdziesz wszystkie oryginalne instrukcje obs\u0142ugi do r\u00f3\u017cnych maszyn czyszcz\u0105cych Columbus do pobrania w mgnieniu oka.\",\"breadcrumb\":{\"@id\":\"https:\/\/www.columbus-clean.com\/pl\/login\/pobrania\/instrukcje-obslugi\/#breadcrumb\"},\"inLanguage\":\"pl-PL\",\"potentialAction\":[{\"@type\":\"ReadAction\",\"target\":[\"https:\/\/www.columbus-clean.com\/pl\/login\/pobrania\/instrukcje-obslugi\/\"]}]},{\"@type\":\"BreadcrumbList\",\"@id\":\"https:\/\/www.columbus-clean.com\/pl\/login\/pobrania\/instrukcje-obslugi\/#breadcrumb\",\"itemListElement\":[{\"@type\":\"ListItem\",\"position\":1,\"name\":\"Startseite\",\"item\":\"https:\/\/www.columbus-clean.com\/pl\/\"},{\"@type\":\"ListItem\",\"position\":2,\"name\":\"Login\",\"item\":\"https:\/\/www.columbus-clean.com\/pl\/login\/\"},{\"@type\":\"ListItem\",\"position\":3,\"name\":\"Pobrania\",\"item\":\"https:\/\/www.columbus-clean.com\/pl\/pobrania\/\"},{\"@type\":\"ListItem\",\"position\":4,\"name\":\"Instrukcje obs\u0142ugi\"}]},{\"@type\":\"WebSite\",\"@id\":\"https:\/\/www.columbus-clean.com\/pl\/#website\",\"url\":\"https:\/\/www.columbus-clean.com\/pl\/\",\"name\":\"columbus Reinigungsmaschinen\",\"description\":\"Reinigungsautomaten und Industriesauger\",\"potentialAction\":[{\"@type\":\"SearchAction\",\"target\":{\"@type\":\"EntryPoint\",\"urlTemplate\":\"https:\/\/www.columbus-clean.com\/pl\/?s={search_term_string}\"},\"query-input\":{\"@type\":\"PropertyValueSpecification\",\"valueRequired\":true,\"valueName\":\"search_term_string\"}}],\"inLanguage\":\"pl-PL\"}]}<\/script>\n<!-- \/ Yoast SEO plugin. -->","yoast_head_json":{"title":"Instrukcja obs\u0142ugi przemys\u0142owej maszyny czyszcz\u0105cej","description":"Tutaj znajdziesz wszystkie oryginalne instrukcje obs\u0142ugi do r\u00f3\u017cnych maszyn czyszcz\u0105cych Columbus do pobrania w mgnieniu oka.","robots":{"index":"index","follow":"follow","max-snippet":"max-snippet:-1","max-image-preview":"max-image-preview:large","max-video-preview":"max-video-preview:-1"},"canonical":"https:\/\/www.columbus-clean.com\/pl\/login\/pobrania\/instrukcje-obslugi\/","og_locale":"pl_PL","og_type":"article","og_title":"Instrukcja obs\u0142ugi przemys\u0142owej maszyny czyszcz\u0105cej","og_description":"Tutaj znajdziesz wszystkie oryginalne instrukcje obs\u0142ugi do r\u00f3\u017cnych maszyn czyszcz\u0105cych Columbus do pobrania w mgnieniu oka.","og_url":"https:\/\/www.columbus-clean.com\/pl\/login\/pobrania\/instrukcje-obslugi\/","og_site_name":"columbus Reinigungsmaschinen","article_modified_time":"2026-03-26T08:20:06+00:00","twitter_card":"summary_large_image","twitter_misc":{"Szacowany czas czytania":"3 minuty"},"schema":{"@context":"https:\/\/schema.org","@graph":[{"@type":"WebPage","@id":"https:\/\/www.columbus-clean.com\/pl\/login\/pobrania\/instrukcje-obslugi\/","url":"https:\/\/www.columbus-clean.com\/pl\/login\/pobrania\/instrukcje-obslugi\/","name":"Instrukcja obs\u0142ugi przemys\u0142owej maszyny czyszcz\u0105cej","isPartOf":{"@id":"https:\/\/www.columbus-clean.com\/pl\/#website"},"datePublished":"2023-05-15T08:21:18+00:00","dateModified":"2026-03-26T08:20:06+00:00","description":"Tutaj znajdziesz wszystkie oryginalne instrukcje obs\u0142ugi do r\u00f3\u017cnych maszyn czyszcz\u0105cych Columbus do pobrania w mgnieniu oka.","breadcrumb":{"@id":"https:\/\/www.columbus-clean.com\/pl\/login\/pobrania\/instrukcje-obslugi\/#breadcrumb"},"inLanguage":"pl-PL","potentialAction":[{"@type":"ReadAction","target":["https:\/\/www.columbus-clean.com\/pl\/login\/pobrania\/instrukcje-obslugi\/"]}]},{"@type":"BreadcrumbList","@id":"https:\/\/www.columbus-clean.com\/pl\/login\/pobrania\/instrukcje-obslugi\/#breadcrumb","itemListElement":[{"@type":"ListItem","position":1,"name":"Startseite","item":"https:\/\/www.columbus-clean.com\/pl\/"},{"@type":"ListItem","position":2,"name":"Login","item":"https:\/\/www.columbus-clean.com\/pl\/login\/"},{"@type":"ListItem","position":3,"name":"Pobrania","item":"https:\/\/www.columbus-clean.com\/pl\/pobrania\/"},{"@type":"ListItem","position":4,"name":"Instrukcje obs\u0142ugi"}]},{"@type":"WebSite","@id":"https:\/\/www.columbus-clean.com\/pl\/#website","url":"https:\/\/www.columbus-clean.com\/pl\/","name":"columbus Reinigungsmaschinen","description":"Reinigungsautomaten und Industriesauger","potentialAction":[{"@type":"SearchAction","target":{"@type":"EntryPoint","urlTemplate":"https:\/\/www.columbus-clean.com\/pl\/?s={search_term_string}"},"query-input":{"@type":"PropertyValueSpecification","valueRequired":true,"valueName":"search_term_string"}}],"inLanguage":"pl-PL"}]}},"_links":{"self":[{"href":"https:\/\/www.columbus-clean.com\/pl\/wp-json\/wp\/v2\/pages\/103101","targetHints":{"allow":["GET"]}}],"collection":[{"href":"https:\/\/www.columbus-clean.com\/pl\/wp-json\/wp\/v2\/pages"}],"about":[{"href":"https:\/\/www.columbus-clean.com\/pl\/wp-json\/wp\/v2\/types\/page"}],"author":[{"embeddable":true,"href":"https:\/\/www.columbus-clean.com\/pl\/wp-json\/wp\/v2\/users\/33"}],"replies":[{"embeddable":true,"href":"https:\/\/www.columbus-clean.com\/pl\/wp-json\/wp\/v2\/comments?post=103101"}],"version-history":[{"count":2,"href":"https:\/\/www.columbus-clean.com\/pl\/wp-json\/wp\/v2\/pages\/103101\/revisions"}],"predecessor-version":[{"id":168344,"href":"https:\/\/www.columbus-clean.com\/pl\/wp-json\/wp\/v2\/pages\/103101\/revisions\/168344"}],"up":[{"embeddable":true,"href":"https:\/\/www.columbus-clean.com\/pl\/wp-json\/wp\/v2\/pages\/103100"}],"wp:attachment":[{"href":"https:\/\/www.columbus-clean.com\/pl\/wp-json\/wp\/v2\/media?parent=103101"}],"curies":[{"name":"wp","href":"https:\/\/api.w.org\/{rel}","templated":true}]}}