{"id":103112,"date":"2023-05-15T10:21:22","date_gmt":"2023-05-15T08:21:22","guid":{"rendered":"https:\/\/www.columbus-clean.com\/?page_id=103112"},"modified":"2025-11-05T09:09:10","modified_gmt":"2025-11-05T08:09:10","slug":"katalogi-ogolne","status":"publish","type":"page","link":"https:\/\/www.columbus-clean.com\/pl\/login\/pobrania\/katalogi-ogolne\/","title":{"rendered":"Katalogi og\u00f3lne"},"content":{"rendered":"<p><div class=\"fusion-fullwidth fullwidth-box fusion-builder-row-1 nonhundred-percent-fullwidth non-hundred-percent-height-scrolling no-subhead head-two-lines\" style=\"--awb-border-radius-top-left:0px;--awb-border-radius-top-right:0px;--awb-border-radius-bottom-right:0px;--awb-border-radius-bottom-left:0px;--awb-flex-wrap:wrap;\" id=\"opener\" ><div class=\"fusion-builder-row fusion-row\"><div class=\"fusion-layout-column fusion_builder_column fusion-builder-column-0 fusion_builder_column_1_1 1_1 fusion-one-full fusion-column-first fusion-column-last\" style=\"--awb-bg-size:cover;\"><div class=\"fusion-column-wrapper fusion-flex-column-wrapper-legacy\"><div class=\"fusion-title title fusion-title-1 fusion-sep-none fusion-title-text fusion-title-size-six\" style=\"--awb-margin-top-small:0px;--awb-margin-right-small:0px;--awb-margin-bottom-small:20px;--awb-margin-left-small:0px;\"><h6 class=\"fusion-title-heading title-heading-left\" style=\"margin:0;\">Katalogi og\u00f3lne<\/h6><\/div><div class=\"fusion-clearfix\"><\/div><\/div><\/div><\/div><\/div><div class=\"fusion-fullwidth fullwidth-box fusion-builder-row-2 nonhundred-percent-fullwidth non-hundred-percent-height-scrolling restrict-that-show\" style=\"--awb-border-radius-top-left:0px;--awb-border-radius-top-right:0px;--awb-border-radius-bottom-right:0px;--awb-border-radius-bottom-left:0px;--awb-flex-wrap:wrap;\" ><div class=\"fusion-builder-row fusion-row\"><div class=\"fusion-layout-column fusion_builder_column fusion-builder-column-1 fusion_builder_column_1_1 1_1 fusion-one-full fusion-column-first fusion-column-last\" style=\"--awb-bg-size:cover;\"><div class=\"fusion-column-wrapper fusion-flex-column-wrapper-legacy\">Please login <a href=\"https:\/\/www.columbus-clean.com\/en\/login\/\">here<\/a> to see downloads.<div class=\"fusion-clearfix\"><\/div><\/div><\/div><\/div><\/div><\/p>\n","protected":false},"excerpt":{"rendered":"","protected":false},"author":33,"featured_media":0,"parent":103100,"menu_order":0,"comment_status":"closed","ping_status":"closed","template":"100-width.php","meta":{"footnotes":""},"class_list":["post-103112","page","type-page","status-publish","hentry"],"yoast_head":"<!-- This site is optimized with the Yoast SEO plugin v27.3 - https:\/\/yoast.com\/product\/yoast-seo-wordpress\/ -->\n<title>Katalog og\u00f3lny i broszury i ulotki produkt\u00f3w columbus do pobrania<\/title>\n<meta name=\"description\" content=\"Pe\u0142ny katalog og\u00f3lny i broszury Columbus do pobrania w celu zapoznania si\u0119 z szerok\u0105 gam\u0105 dost\u0119pnych urz\u0105dze\u0144 czyszcz\u0105cych.\" \/>\n<meta name=\"robots\" content=\"index, follow, max-snippet:-1, max-image-preview:large, max-video-preview:-1\" \/>\n<link rel=\"canonical\" href=\"https:\/\/www.columbus-clean.com\/pl\/login\/pobrania\/katalogi-ogolne\/\" \/>\n<meta property=\"og:locale\" content=\"pl_PL\" \/>\n<meta property=\"og:type\" content=\"article\" \/>\n<meta property=\"og:title\" content=\"Katalog og\u00f3lny i broszury i ulotki produkt\u00f3w columbus do pobrania\" \/>\n<meta property=\"og:description\" content=\"Pe\u0142ny katalog og\u00f3lny i broszury Columbus do pobrania w celu zapoznania si\u0119 z szerok\u0105 gam\u0105 dost\u0119pnych urz\u0105dze\u0144 czyszcz\u0105cych.\" \/>\n<meta property=\"og:url\" content=\"https:\/\/www.columbus-clean.com\/pl\/login\/pobrania\/katalogi-ogolne\/\" \/>\n<meta property=\"og:site_name\" content=\"columbus Reinigungsmaschinen\" \/>\n<meta property=\"article:modified_time\" content=\"2025-11-05T08:09:10+00:00\" \/>\n<meta name=\"twitter:card\" content=\"summary_large_image\" \/>\n<meta name=\"twitter:label1\" content=\"Szacowany czas czytania\" \/>\n\t<meta name=\"twitter:data1\" content=\"1 minuta\" \/>\n<script type=\"application\/ld+json\" class=\"yoast-schema-graph\">{\"@context\":\"https:\\\/\\\/schema.org\",\"@graph\":[{\"@type\":\"WebPage\",\"@id\":\"https:\\\/\\\/www.columbus-clean.com\\\/pl\\\/login\\\/pobrania\\\/katalogi-ogolne\\\/\",\"url\":\"https:\\\/\\\/www.columbus-clean.com\\\/pl\\\/login\\\/pobrania\\\/katalogi-ogolne\\\/\",\"name\":\"Katalog og\u00f3lny i broszury i ulotki produkt\u00f3w columbus do pobrania\",\"isPartOf\":{\"@id\":\"https:\\\/\\\/www.columbus-clean.com\\\/pl\\\/#website\"},\"datePublished\":\"2023-05-15T08:21:22+00:00\",\"dateModified\":\"2025-11-05T08:09:10+00:00\",\"description\":\"Pe\u0142ny katalog og\u00f3lny i broszury Columbus do pobrania w celu zapoznania si\u0119 z szerok\u0105 gam\u0105 dost\u0119pnych urz\u0105dze\u0144 czyszcz\u0105cych.\",\"breadcrumb\":{\"@id\":\"https:\\\/\\\/www.columbus-clean.com\\\/pl\\\/login\\\/pobrania\\\/katalogi-ogolne\\\/#breadcrumb\"},\"inLanguage\":\"pl-PL\",\"potentialAction\":[{\"@type\":\"ReadAction\",\"target\":[\"https:\\\/\\\/www.columbus-clean.com\\\/pl\\\/login\\\/pobrania\\\/katalogi-ogolne\\\/\"]}]},{\"@type\":\"BreadcrumbList\",\"@id\":\"https:\\\/\\\/www.columbus-clean.com\\\/pl\\\/login\\\/pobrania\\\/katalogi-ogolne\\\/#breadcrumb\",\"itemListElement\":[{\"@type\":\"ListItem\",\"position\":1,\"name\":\"Startseite\",\"item\":\"https:\\\/\\\/www.columbus-clean.com\\\/pl\\\/\"},{\"@type\":\"ListItem\",\"position\":2,\"name\":\"Login\",\"item\":\"https:\\\/\\\/www.columbus-clean.com\\\/pl\\\/login\\\/\"},{\"@type\":\"ListItem\",\"position\":3,\"name\":\"Pobrania\",\"item\":\"https:\\\/\\\/www.columbus-clean.com\\\/pl\\\/pobrania\\\/\"},{\"@type\":\"ListItem\",\"position\":4,\"name\":\"Katalogi og\u00f3lne\"}]},{\"@type\":\"WebSite\",\"@id\":\"https:\\\/\\\/www.columbus-clean.com\\\/pl\\\/#website\",\"url\":\"https:\\\/\\\/www.columbus-clean.com\\\/pl\\\/\",\"name\":\"columbus Reinigungsmaschinen\",\"description\":\"Reinigungsautomaten und Industriesauger\",\"potentialAction\":[{\"@type\":\"SearchAction\",\"target\":{\"@type\":\"EntryPoint\",\"urlTemplate\":\"https:\\\/\\\/www.columbus-clean.com\\\/pl\\\/?s={search_term_string}\"},\"query-input\":{\"@type\":\"PropertyValueSpecification\",\"valueRequired\":true,\"valueName\":\"search_term_string\"}}],\"inLanguage\":\"pl-PL\"}]}<\/script>\n<!-- \/ Yoast SEO plugin. -->","yoast_head_json":{"title":"Katalog og\u00f3lny i broszury i ulotki produkt\u00f3w columbus do pobrania","description":"Pe\u0142ny katalog og\u00f3lny i broszury Columbus do pobrania w celu zapoznania si\u0119 z szerok\u0105 gam\u0105 dost\u0119pnych urz\u0105dze\u0144 czyszcz\u0105cych.","robots":{"index":"index","follow":"follow","max-snippet":"max-snippet:-1","max-image-preview":"max-image-preview:large","max-video-preview":"max-video-preview:-1"},"canonical":"https:\/\/www.columbus-clean.com\/pl\/login\/pobrania\/katalogi-ogolne\/","og_locale":"pl_PL","og_type":"article","og_title":"Katalog og\u00f3lny i broszury i ulotki produkt\u00f3w columbus do pobrania","og_description":"Pe\u0142ny katalog og\u00f3lny i broszury Columbus do pobrania w celu zapoznania si\u0119 z szerok\u0105 gam\u0105 dost\u0119pnych urz\u0105dze\u0144 czyszcz\u0105cych.","og_url":"https:\/\/www.columbus-clean.com\/pl\/login\/pobrania\/katalogi-ogolne\/","og_site_name":"columbus Reinigungsmaschinen","article_modified_time":"2025-11-05T08:09:10+00:00","twitter_card":"summary_large_image","twitter_misc":{"Szacowany czas czytania":"1 minuta"},"schema":{"@context":"https:\/\/schema.org","@graph":[{"@type":"WebPage","@id":"https:\/\/www.columbus-clean.com\/pl\/login\/pobrania\/katalogi-ogolne\/","url":"https:\/\/www.columbus-clean.com\/pl\/login\/pobrania\/katalogi-ogolne\/","name":"Katalog og\u00f3lny i broszury i ulotki produkt\u00f3w columbus do pobrania","isPartOf":{"@id":"https:\/\/www.columbus-clean.com\/pl\/#website"},"datePublished":"2023-05-15T08:21:22+00:00","dateModified":"2025-11-05T08:09:10+00:00","description":"Pe\u0142ny katalog og\u00f3lny i broszury Columbus do pobrania w celu zapoznania si\u0119 z szerok\u0105 gam\u0105 dost\u0119pnych urz\u0105dze\u0144 czyszcz\u0105cych.","breadcrumb":{"@id":"https:\/\/www.columbus-clean.com\/pl\/login\/pobrania\/katalogi-ogolne\/#breadcrumb"},"inLanguage":"pl-PL","potentialAction":[{"@type":"ReadAction","target":["https:\/\/www.columbus-clean.com\/pl\/login\/pobrania\/katalogi-ogolne\/"]}]},{"@type":"BreadcrumbList","@id":"https:\/\/www.columbus-clean.com\/pl\/login\/pobrania\/katalogi-ogolne\/#breadcrumb","itemListElement":[{"@type":"ListItem","position":1,"name":"Startseite","item":"https:\/\/www.columbus-clean.com\/pl\/"},{"@type":"ListItem","position":2,"name":"Login","item":"https:\/\/www.columbus-clean.com\/pl\/login\/"},{"@type":"ListItem","position":3,"name":"Pobrania","item":"https:\/\/www.columbus-clean.com\/pl\/pobrania\/"},{"@type":"ListItem","position":4,"name":"Katalogi og\u00f3lne"}]},{"@type":"WebSite","@id":"https:\/\/www.columbus-clean.com\/pl\/#website","url":"https:\/\/www.columbus-clean.com\/pl\/","name":"columbus Reinigungsmaschinen","description":"Reinigungsautomaten und Industriesauger","potentialAction":[{"@type":"SearchAction","target":{"@type":"EntryPoint","urlTemplate":"https:\/\/www.columbus-clean.com\/pl\/?s={search_term_string}"},"query-input":{"@type":"PropertyValueSpecification","valueRequired":true,"valueName":"search_term_string"}}],"inLanguage":"pl-PL"}]}},"_links":{"self":[{"href":"https:\/\/www.columbus-clean.com\/pl\/wp-json\/wp\/v2\/pages\/103112","targetHints":{"allow":["GET"]}}],"collection":[{"href":"https:\/\/www.columbus-clean.com\/pl\/wp-json\/wp\/v2\/pages"}],"about":[{"href":"https:\/\/www.columbus-clean.com\/pl\/wp-json\/wp\/v2\/types\/page"}],"author":[{"embeddable":true,"href":"https:\/\/www.columbus-clean.com\/pl\/wp-json\/wp\/v2\/users\/33"}],"replies":[{"embeddable":true,"href":"https:\/\/www.columbus-clean.com\/pl\/wp-json\/wp\/v2\/comments?post=103112"}],"version-history":[{"count":0,"href":"https:\/\/www.columbus-clean.com\/pl\/wp-json\/wp\/v2\/pages\/103112\/revisions"}],"up":[{"embeddable":true,"href":"https:\/\/www.columbus-clean.com\/pl\/wp-json\/wp\/v2\/pages\/103100"}],"wp:attachment":[{"href":"https:\/\/www.columbus-clean.com\/pl\/wp-json\/wp\/v2\/media?parent=103112"}],"curies":[{"name":"wp","href":"https:\/\/api.w.org\/{rel}","templated":true}]}}