{"id":103138,"date":"2023-05-15T10:22:20","date_gmt":"2023-05-15T08:22:20","guid":{"rendered":"https:\/\/www.columbus-clean.com\/?page_id=103138"},"modified":"2025-04-30T11:22:48","modified_gmt":"2025-04-30T09:22:48","slug":"maszyny-do-mycia-ruchomych-schodow-i-chodnikow","status":"publish","type":"page","link":"https:\/\/www.columbus-clean.com\/pl\/maszyny-do-mycia-ruchomych-schodow-i-chodnikow\/","title":{"rendered":"Maszyny do mycia ruchomych schod\u00f3w i chodnik\u00f3w"},"content":{"rendered":"<p><div class=\"fusion-fullwidth fullwidth-box fusion-builder-row-1 has-pattern-background has-mask-background fusion-parallax-none nonhundred-percent-fullwidth non-hundred-percent-height-scrolling fusion-equal-height-columns limited-width-heading head-lenght-long\" style=\"--awb-border-radius-top-left:0px;--awb-border-radius-top-right:0px;--awb-border-radius-bottom-right:0px;--awb-border-radius-bottom-left:0px;--awb-background-color:#e3e8ec;--awb-background-image:url(&quot;https:\/\/www.columbus-clean.com\/wp-content\/uploads\/2019\/02\/rolltreppen-fahrsteig-reinigung-ab-01-columbus-reinigungsmaschinen.jpg&quot;);--awb-background-size:cover;--awb-flex-wrap:wrap;\" id=\"opener\" ><div class=\"fusion-builder-row fusion-row\"><div class=\"fusion-layout-column fusion_builder_column fusion-builder-column-0 fusion_builder_column_1_1 1_1 fusion-one-full fusion-column-first fusion-column-last fusion-column-inner-bg-wrapper\" style=\"--awb-inner-bg-position:center top;--awb-inner-bg-size:cover;\"><span class=\"fusion-column-inner-bg hover-type-zoomin\"><span class=\"fusion-column-anchor\"><span class=\"fusion-column-inner-bg-image\"><\/span><\/span><\/span><div class=\"fusion-column-wrapper fusion-flex-column-wrapper-legacy\"><div class=\"fusion-column-content-centered\"><div class=\"fusion-column-content\"><div class=\"fusion-title title fusion-title-1 fusion-sep-none fusion-title-text fusion-title-size-one\" style=\"--awb-margin-top-small:0px;--awb-margin-right-small:0px;--awb-margin-bottom-small:20px;--awb-margin-left-small:0px;\"><h1 class=\"fusion-title-heading title-heading-left\" style=\"margin:0;\">Ruchome schody &amp; chodniki<\/h1><\/div><div class=\"fusion-sep-clear\"><\/div><div class=\"fusion-separator fusion-full-width-sep\" style=\"margin-left: auto;margin-right: auto;margin-bottom:10px;width:100%;\"><\/div><div class=\"fusion-sep-clear\"><\/div><div class=\"fusion-title title fusion-title-2 fusion-sep-none fusion-title-text fusion-title-size-two\" style=\"--awb-margin-top-small:0px;--awb-margin-right-small:0px;--awb-margin-bottom-small:20px;--awb-margin-left-small:0px;\"><h2 class=\"fusion-title-heading title-heading-left\" style=\"margin:0;\">step 110 | travel 600<\/h2><\/div><\/div><\/div><div class=\"fusion-clearfix\"><\/div><\/div><\/div><\/div><\/div><div class=\"fusion-fullwidth fullwidth-box fusion-builder-row-2 nonhundred-percent-fullwidth non-hundred-percent-height-scrolling product-comparison\" style=\"--awb-border-radius-top-left:0px;--awb-border-radius-top-right:0px;--awb-border-radius-bottom-right:0px;--awb-border-radius-bottom-left:0px;--awb-flex-wrap:wrap;\" ><div class=\"fusion-builder-row fusion-row\"><div class=\"fusion-layout-column fusion_builder_column fusion-builder-column-1 fusion_builder_column_1_1 1_1 fusion-one-full fusion-column-first fusion-column-last\" style=\"--awb-bg-size:cover;\"><div class=\"fusion-column-wrapper fusion-flex-column-wrapper-legacy\"><div class=\"fusion-title title fusion-title-3 fusion-sep-none fusion-title-text fusion-title-size-three\" style=\"--awb-margin-top-small:0px;--awb-margin-right-small:0px;--awb-margin-bottom-small:20px;--awb-margin-left-small:0px;\"><h3 class=\"fusion-title-heading title-heading-left\" style=\"margin:0;\">Ruchome schody i chodniki<\/h3><\/div><div class=\"fusion-clearfix\"><\/div><\/div><\/div><div class=\"fusion-layout-column fusion_builder_column fusion-builder-column-2 fusion_builder_column_1_1 1_1 fusion-one-full fusion-column-first fusion-column-last\" style=\"--awb-bg-size:cover;\"><div class=\"fusion-column-wrapper fusion-flex-column-wrapper-legacy\"><style type=\"text\/css\">.fusion-portfolio-wrapper#fusion-portfolio-1 .fusion-portfolio-content{  text-align: left; }<\/style><div class=\"fusion-recent-works fusion-portfolio-element fusion-portfolio fusion-portfolio-1 fusion-portfolio-grid fusion-portfolio-paging-pagination fusion-portfolio-four fusion-portfolio-unboxed fusion-portfolio-text\" data-id=\"-rw-1\" data-columns=\"four\"><style type=\"text\/css\">.fusion-portfolio-1 .fusion-portfolio-wrapper .fusion-col-spacing{padding:10px;}<\/style><div class=\"fusion-portfolio-wrapper\" id=\"fusion-portfolio-1\" data-picturesize=\"auto\" data-pages=\"0\" style=\"margin:-10px;\"><article id=\"portfolio-1-post-106152\" class=\"fusion-portfolio-post czyszczenie-schodow-ruchomych-i-chodnikow fusion-col-spacing post-106152\"><div class=\"fusion-portfolio-content-wrapper\" style=\"border:none;\"><span class=\"vcard rich-snippet-hidden\"><span class=\"fn\"><a href=\"https:\/\/www.columbus-clean.com\/pl\/author\/natascha-burger\/\" title=\"Wpisy od natascha.burger\" rel=\"author\">natascha.burger<\/a><\/span><\/span><span class=\"updated rich-snippet-hidden\">2025-07-09T11:35:23+02:00<\/span><div  class=\"fusion-image-wrapper\" aria-haspopup=\"true\">\n\t\t\t\t\t\t\t<a href=\"https:\/\/www.columbus-clean.com\/pl\/produkt\/travel-600\/\" aria-label=\"travel 600\">\n\t\t\t\t\t\t\t<img decoding=\"async\" width=\"400\" height=\"400\" src=\"https:\/\/www.columbus-clean.com\/wp-content\/uploads\/2023\/05\/travel600-vb-01-czyszczenie-schodow-ruchomych-chodnikow-400x400-1.png\" class=\"attachment-full size-full wp-post-image\" alt=\"travel600 czyszczenie schodow ruchomych chodnikow\" srcset=\"https:\/\/www.columbus-clean.com\/wp-content\/uploads\/2023\/05\/travel600-vb-01-czyszczenie-schodow-ruchomych-chodnikow-400x400-1-200x200.png 200w, https:\/\/www.columbus-clean.com\/wp-content\/uploads\/2023\/05\/travel600-vb-01-czyszczenie-schodow-ruchomych-chodnikow-400x400-1.png 400w\" sizes=\"(min-width: 2200px) 100vw, (min-width: 870px) 305px, (min-width: 793px) 407px, (min-width: 717px) 610px, (min-width: 640px) 717px, \" \/>\t\t\t<\/a>\n\t\t\t\t\t\t\t<\/div>\n<div class=\"fusion-portfolio-content\"><h2 class=\"entry-title fusion-post-title\"><a href=\"https:\/\/www.columbus-clean.com\/pl\/produkt\/travel-600\/\">travel 600<\/a><\/h2><div class=\"fusion-post-content\"><p><\/p><div class=\"product-detail\">\r\n<ul class=\"product-table\">\r\n<li>Zbiornik wody czystej<strong>15 l<\/strong><\/li>\r\n<li>Zbiornik wody brudnej<strong>15 l<\/strong><\/li>\r\n<\/ul>\r\n<\/div>\r\n<div class=\"product-table-additional\">\r\n<h5 class=\"title-heading-left\">Specyfikacja technicza<\/h5>\r\n<ul class=\"product-table\">\r\n<li>L x B x H<strong>1195 x 536 x 930 mm<\/strong><\/li>\r\n<li>Szeroko\u015b\u0107 robocza<strong>2 x 220 mm<\/strong><\/li>\r\n<li>Poziom ci\u015bnienia akustycznego<strong>78 +\/- 2 dB(A)<\/strong><\/li>\r\n<li>Ci\u0119\u017car w\u0142asny<strong>126 kg<\/strong><\/li>\r\n<\/ul>\r\n<h5 class=\"title-heading-left\">Baterie \/ dane elektryczne<\/h5>\r\n<ul class=\"product-table\">\r\n<li>Rodzaj pr\u0105du \/ cz\u0119stotliwo\u015b\u0107<strong>55 Hz<\/strong><\/li>\r\n<li>Napi\u0119cie<strong>230 V<\/strong><\/li>\r\n<li>Pob\u00f3r mocy<strong>3000 W<\/strong><\/li>\r\n<\/ul>\r\n<h5 class=\"title-heading-left\">Silnik\u00f3w<\/h5>\r\n<ul class=\"product-table\">\r\n<li>Podci\u015bnienie, max.<strong>300 mbar<\/strong><\/li>\r\n<li>Przep\u0142yw powietrza, max.<strong>162 m\u00b3\/h<\/strong><\/li>\r\n<\/ul>\r\n<h5 class=\"title-heading-left\">Szczotki<\/h5>\r\n<ul class=\"product-table\">\r\n<li>Liczba szczotek<strong>4<\/strong><\/li>\r\n<li>Wa\u0142ek odsysaj\u0105cy<strong>2<\/strong><\/li>\r\n<\/ul>\r\n<h5 class=\"title-heading-left\">Stopnie schod\u00f3w<\/h5>\r\n<ul class=\"product-table\">\r\n<li>Wysoko\u015bc stopnia min.<strong>-<\/strong><\/li>\r\n<li>Wysoko\u015b\u0107 stopnia maks.<strong>-<\/strong><\/li>\r\n<\/ul>\r\n<\/div><\/div><\/div><\/div><\/article><article id=\"portfolio-1-post-106153\" class=\"fusion-portfolio-post czyszczenie-schodow-ruchomych-i-chodnikow fusion-col-spacing post-106153\"><div class=\"fusion-portfolio-content-wrapper\" style=\"border:none;\"><span class=\"vcard rich-snippet-hidden\"><span class=\"fn\"><a href=\"https:\/\/www.columbus-clean.com\/pl\/author\/natascha-burger\/\" title=\"Wpisy od natascha.burger\" rel=\"author\">natascha.burger<\/a><\/span><\/span><span class=\"updated rich-snippet-hidden\">2025-07-09T11:35:19+02:00<\/span><div  class=\"fusion-image-wrapper\" aria-haspopup=\"true\">\n\t\t\t\t\t\t\t<a href=\"https:\/\/www.columbus-clean.com\/pl\/produkt\/step-110\/\" aria-label=\"step 110\">\n\t\t\t\t\t\t\t<img decoding=\"async\" width=\"400\" height=\"400\" src=\"https:\/\/www.columbus-clean.com\/wp-content\/uploads\/2023\/05\/step110-vb-01-czyszczenie-schodow-ruchomych-chodnikow-400x400-1.png\" class=\"attachment-full size-full wp-post-image\" alt=\"step110 czyszczenie schodow ruchomych chodnikow\" srcset=\"https:\/\/www.columbus-clean.com\/wp-content\/uploads\/2023\/05\/step110-vb-01-czyszczenie-schodow-ruchomych-chodnikow-400x400-1-200x200.png 200w, https:\/\/www.columbus-clean.com\/wp-content\/uploads\/2023\/05\/step110-vb-01-czyszczenie-schodow-ruchomych-chodnikow-400x400-1.png 400w\" sizes=\"(min-width: 2200px) 100vw, (min-width: 870px) 305px, (min-width: 793px) 407px, (min-width: 717px) 610px, (min-width: 640px) 717px, \" \/>\t\t\t<\/a>\n\t\t\t\t\t\t\t<\/div>\n<div class=\"fusion-portfolio-content\"><h2 class=\"entry-title fusion-post-title\"><a href=\"https:\/\/www.columbus-clean.com\/pl\/produkt\/step-110\/\">step 110<\/a><\/h2><div class=\"fusion-post-content\"><p><\/p><div class=\"product-detail\">\r\n<ul class=\"product-table\">\r\n<li>Zbiornik wody czystej<strong>20 l<\/strong><\/li>\r\n<li>Zbiornik wody brudnej<strong>20 l<\/strong><\/li>\r\n<\/ul>\r\n<\/div>\r\n<div class=\"product-table-additional\">\r\n<h5 class=\"title-heading-left\">Specyfikacja technicza<\/h5>\r\n<ul class=\"product-table\">\r\n<li>L x B x H<strong>1194 x 540 x 1001 mm<\/strong><\/li>\r\n<li>Szeroko\u015b\u0107 robocza<strong>520 mm<\/strong><\/li>\r\n<li>Poziom ci\u015bnienia akustycznego<strong>78 +\/- 2 dB(A)<\/strong><\/li>\r\n<li>Ci\u0119\u017car w\u0142asny<strong>164 kg<\/strong><\/li>\r\n<\/ul>\r\n<h5 class=\"title-heading-left\">Baterie \/ dane elektryczne<\/h5>\r\n<ul class=\"product-table\">\r\n<li>Rodzaj pr\u0105du \/ cz\u0119stotliwo\u015b\u0107<strong>50 Hz<\/strong><\/li>\r\n<li>Napi\u0119cie<strong>230 V<\/strong><\/li>\r\n<li>Pob\u00f3r mocy<strong>2650 W<\/strong><\/li>\r\n<\/ul>\r\n<h5 class=\"title-heading-left\">Silnik\u00f3w<\/h5>\r\n<ul class=\"product-table\">\r\n<li>Podci\u015bnienie, max.<strong>300 mbar<\/strong><\/li>\r\n<li>Przep\u0142yw powietrza, max.<strong>162 m\u00b3\/h<\/strong><\/li>\r\n<\/ul>\r\n<h5 class=\"title-heading-left\">Szczotki<\/h5>\r\n<ul class=\"product-table\">\r\n<li>Liczba szczotek<strong>18+1<\/strong><\/li>\r\n<li>Wa\u0142ek odsysaj\u0105cy<strong>2<\/strong><\/li>\r\n<\/ul>\r\n<h5 class=\"title-heading-left\">Stopnie schod\u00f3w<\/h5>\r\n<ul class=\"product-table\">\r\n<li>Wysoko\u015bc stopnia min.<strong>185 mm<\/strong><\/li>\r\n<li>Wysoko\u015b\u0107 stopnia maks.<strong>235 mm<\/strong><\/li>\r\n<\/ul>\r\n<\/div><\/div><\/div><\/div><\/article><\/div><\/div><div class=\"fusion-clearfix\"><\/div><\/div><\/div><\/div><\/div><\/p>\n","protected":false},"excerpt":{"rendered":"","protected":false},"author":33,"featured_media":64353,"parent":0,"menu_order":0,"comment_status":"closed","ping_status":"closed","template":"100-width.php","meta":{"footnotes":""},"class_list":["post-103138","page","type-page","status-publish","has-post-thumbnail","hentry"],"yoast_head":"<!-- This site is optimized with the Yoast SEO plugin v27.3 - https:\/\/yoast.com\/product\/yoast-seo-wordpress\/ -->\n<title>Czyszczenie schod\u00f3w ruchomych za pomoc\u0105 maszyn do czyszczenia schod\u00f3w ruchomych<\/title>\n<meta name=\"description\" content=\"Dzi\u0119ki naszym maszynom do czyszczenia schod\u00f3w i chodnik\u00f3w ruchomych z naszej oferty maszyn czyszcz\u0105cych umo\u017cliwiamy skuteczne czyszczenie.\" \/>\n<meta name=\"robots\" content=\"index, follow, max-snippet:-1, max-image-preview:large, max-video-preview:-1\" \/>\n<link rel=\"canonical\" href=\"https:\/\/www.columbus-clean.com\/pl\/maszyny-do-mycia-ruchomych-schodow-i-chodnikow\/\" \/>\n<meta property=\"og:locale\" content=\"pl_PL\" \/>\n<meta property=\"og:type\" content=\"article\" \/>\n<meta property=\"og:title\" content=\"Czyszczenie schod\u00f3w ruchomych za pomoc\u0105 maszyn do czyszczenia schod\u00f3w ruchomych\" \/>\n<meta property=\"og:description\" content=\"Dzi\u0119ki naszym maszynom do czyszczenia schod\u00f3w i chodnik\u00f3w ruchomych z naszej oferty maszyn czyszcz\u0105cych umo\u017cliwiamy skuteczne czyszczenie.\" \/>\n<meta property=\"og:url\" content=\"https:\/\/www.columbus-clean.com\/pl\/maszyny-do-mycia-ruchomych-schodow-i-chodnikow\/\" \/>\n<meta property=\"og:site_name\" content=\"columbus Reinigungsmaschinen\" \/>\n<meta property=\"article:modified_time\" content=\"2025-04-30T09:22:48+00:00\" \/>\n<meta property=\"og:image\" content=\"https:\/\/www.columbus-clean.com\/wp-content\/uploads\/2019\/02\/rolltreppen-fahrsteig-reinigung-ab-01-columbus-reinigungsmaschinen.jpg\" \/>\n\t<meta property=\"og:image:width\" content=\"1920\" \/>\n\t<meta property=\"og:image:height\" content=\"550\" \/>\n\t<meta property=\"og:image:type\" content=\"image\/jpeg\" \/>\n<meta name=\"twitter:card\" content=\"summary_large_image\" \/>\n<meta name=\"twitter:label1\" content=\"Szacowany czas czytania\" \/>\n\t<meta name=\"twitter:data1\" content=\"2 minuty\" \/>\n<script type=\"application\/ld+json\" class=\"yoast-schema-graph\">{\"@context\":\"https:\\\/\\\/schema.org\",\"@graph\":[{\"@type\":\"WebPage\",\"@id\":\"https:\\\/\\\/www.columbus-clean.com\\\/pl\\\/maszyny-do-mycia-ruchomych-schodow-i-chodnikow\\\/\",\"url\":\"https:\\\/\\\/www.columbus-clean.com\\\/pl\\\/maszyny-do-mycia-ruchomych-schodow-i-chodnikow\\\/\",\"name\":\"Czyszczenie schod\u00f3w ruchomych za pomoc\u0105 maszyn do czyszczenia schod\u00f3w ruchomych\",\"isPartOf\":{\"@id\":\"https:\\\/\\\/www.columbus-clean.com\\\/pl\\\/#website\"},\"primaryImageOfPage\":{\"@id\":\"https:\\\/\\\/www.columbus-clean.com\\\/pl\\\/maszyny-do-mycia-ruchomych-schodow-i-chodnikow\\\/#primaryimage\"},\"image\":{\"@id\":\"https:\\\/\\\/www.columbus-clean.com\\\/pl\\\/maszyny-do-mycia-ruchomych-schodow-i-chodnikow\\\/#primaryimage\"},\"thumbnailUrl\":\"https:\\\/\\\/www.columbus-clean.com\\\/wp-content\\\/uploads\\\/2019\\\/02\\\/rolltreppen-fahrsteig-reinigung-ab-01-columbus-reinigungsmaschinen.jpg\",\"datePublished\":\"2023-05-15T08:22:20+00:00\",\"dateModified\":\"2025-04-30T09:22:48+00:00\",\"description\":\"Dzi\u0119ki naszym maszynom do czyszczenia schod\u00f3w i chodnik\u00f3w ruchomych z naszej oferty maszyn czyszcz\u0105cych umo\u017cliwiamy skuteczne czyszczenie.\",\"breadcrumb\":{\"@id\":\"https:\\\/\\\/www.columbus-clean.com\\\/pl\\\/maszyny-do-mycia-ruchomych-schodow-i-chodnikow\\\/#breadcrumb\"},\"inLanguage\":\"pl-PL\",\"potentialAction\":[{\"@type\":\"ReadAction\",\"target\":[\"https:\\\/\\\/www.columbus-clean.com\\\/pl\\\/maszyny-do-mycia-ruchomych-schodow-i-chodnikow\\\/\"]}]},{\"@type\":\"ImageObject\",\"inLanguage\":\"pl-PL\",\"@id\":\"https:\\\/\\\/www.columbus-clean.com\\\/pl\\\/maszyny-do-mycia-ruchomych-schodow-i-chodnikow\\\/#primaryimage\",\"url\":\"https:\\\/\\\/www.columbus-clean.com\\\/wp-content\\\/uploads\\\/2019\\\/02\\\/rolltreppen-fahrsteig-reinigung-ab-01-columbus-reinigungsmaschinen.jpg\",\"contentUrl\":\"https:\\\/\\\/www.columbus-clean.com\\\/wp-content\\\/uploads\\\/2019\\\/02\\\/rolltreppen-fahrsteig-reinigung-ab-01-columbus-reinigungsmaschinen.jpg\",\"width\":1920,\"height\":550},{\"@type\":\"BreadcrumbList\",\"@id\":\"https:\\\/\\\/www.columbus-clean.com\\\/pl\\\/maszyny-do-mycia-ruchomych-schodow-i-chodnikow\\\/#breadcrumb\",\"itemListElement\":[{\"@type\":\"ListItem\",\"position\":1,\"name\":\"Startseite\",\"item\":\"https:\\\/\\\/www.columbus-clean.com\\\/pl\\\/\"},{\"@type\":\"ListItem\",\"position\":2,\"name\":\"Maszyny do mycia ruchomych schod\u00f3w i chodnik\u00f3w\"}]},{\"@type\":\"WebSite\",\"@id\":\"https:\\\/\\\/www.columbus-clean.com\\\/pl\\\/#website\",\"url\":\"https:\\\/\\\/www.columbus-clean.com\\\/pl\\\/\",\"name\":\"columbus Reinigungsmaschinen\",\"description\":\"Reinigungsautomaten und Industriesauger\",\"potentialAction\":[{\"@type\":\"SearchAction\",\"target\":{\"@type\":\"EntryPoint\",\"urlTemplate\":\"https:\\\/\\\/www.columbus-clean.com\\\/pl\\\/?s={search_term_string}\"},\"query-input\":{\"@type\":\"PropertyValueSpecification\",\"valueRequired\":true,\"valueName\":\"search_term_string\"}}],\"inLanguage\":\"pl-PL\"}]}<\/script>\n<!-- \/ Yoast SEO plugin. -->","yoast_head_json":{"title":"Czyszczenie schod\u00f3w ruchomych za pomoc\u0105 maszyn do czyszczenia schod\u00f3w ruchomych","description":"Dzi\u0119ki naszym maszynom do czyszczenia schod\u00f3w i chodnik\u00f3w ruchomych z naszej oferty maszyn czyszcz\u0105cych umo\u017cliwiamy skuteczne czyszczenie.","robots":{"index":"index","follow":"follow","max-snippet":"max-snippet:-1","max-image-preview":"max-image-preview:large","max-video-preview":"max-video-preview:-1"},"canonical":"https:\/\/www.columbus-clean.com\/pl\/maszyny-do-mycia-ruchomych-schodow-i-chodnikow\/","og_locale":"pl_PL","og_type":"article","og_title":"Czyszczenie schod\u00f3w ruchomych za pomoc\u0105 maszyn do czyszczenia schod\u00f3w ruchomych","og_description":"Dzi\u0119ki naszym maszynom do czyszczenia schod\u00f3w i chodnik\u00f3w ruchomych z naszej oferty maszyn czyszcz\u0105cych umo\u017cliwiamy skuteczne czyszczenie.","og_url":"https:\/\/www.columbus-clean.com\/pl\/maszyny-do-mycia-ruchomych-schodow-i-chodnikow\/","og_site_name":"columbus Reinigungsmaschinen","article_modified_time":"2025-04-30T09:22:48+00:00","og_image":[{"width":1920,"height":550,"url":"https:\/\/www.columbus-clean.com\/wp-content\/uploads\/2019\/02\/rolltreppen-fahrsteig-reinigung-ab-01-columbus-reinigungsmaschinen.jpg","type":"image\/jpeg"}],"twitter_card":"summary_large_image","twitter_misc":{"Szacowany czas czytania":"2 minuty"},"schema":{"@context":"https:\/\/schema.org","@graph":[{"@type":"WebPage","@id":"https:\/\/www.columbus-clean.com\/pl\/maszyny-do-mycia-ruchomych-schodow-i-chodnikow\/","url":"https:\/\/www.columbus-clean.com\/pl\/maszyny-do-mycia-ruchomych-schodow-i-chodnikow\/","name":"Czyszczenie schod\u00f3w ruchomych za pomoc\u0105 maszyn do czyszczenia schod\u00f3w ruchomych","isPartOf":{"@id":"https:\/\/www.columbus-clean.com\/pl\/#website"},"primaryImageOfPage":{"@id":"https:\/\/www.columbus-clean.com\/pl\/maszyny-do-mycia-ruchomych-schodow-i-chodnikow\/#primaryimage"},"image":{"@id":"https:\/\/www.columbus-clean.com\/pl\/maszyny-do-mycia-ruchomych-schodow-i-chodnikow\/#primaryimage"},"thumbnailUrl":"https:\/\/www.columbus-clean.com\/wp-content\/uploads\/2019\/02\/rolltreppen-fahrsteig-reinigung-ab-01-columbus-reinigungsmaschinen.jpg","datePublished":"2023-05-15T08:22:20+00:00","dateModified":"2025-04-30T09:22:48+00:00","description":"Dzi\u0119ki naszym maszynom do czyszczenia schod\u00f3w i chodnik\u00f3w ruchomych z naszej oferty maszyn czyszcz\u0105cych umo\u017cliwiamy skuteczne czyszczenie.","breadcrumb":{"@id":"https:\/\/www.columbus-clean.com\/pl\/maszyny-do-mycia-ruchomych-schodow-i-chodnikow\/#breadcrumb"},"inLanguage":"pl-PL","potentialAction":[{"@type":"ReadAction","target":["https:\/\/www.columbus-clean.com\/pl\/maszyny-do-mycia-ruchomych-schodow-i-chodnikow\/"]}]},{"@type":"ImageObject","inLanguage":"pl-PL","@id":"https:\/\/www.columbus-clean.com\/pl\/maszyny-do-mycia-ruchomych-schodow-i-chodnikow\/#primaryimage","url":"https:\/\/www.columbus-clean.com\/wp-content\/uploads\/2019\/02\/rolltreppen-fahrsteig-reinigung-ab-01-columbus-reinigungsmaschinen.jpg","contentUrl":"https:\/\/www.columbus-clean.com\/wp-content\/uploads\/2019\/02\/rolltreppen-fahrsteig-reinigung-ab-01-columbus-reinigungsmaschinen.jpg","width":1920,"height":550},{"@type":"BreadcrumbList","@id":"https:\/\/www.columbus-clean.com\/pl\/maszyny-do-mycia-ruchomych-schodow-i-chodnikow\/#breadcrumb","itemListElement":[{"@type":"ListItem","position":1,"name":"Startseite","item":"https:\/\/www.columbus-clean.com\/pl\/"},{"@type":"ListItem","position":2,"name":"Maszyny do mycia ruchomych schod\u00f3w i chodnik\u00f3w"}]},{"@type":"WebSite","@id":"https:\/\/www.columbus-clean.com\/pl\/#website","url":"https:\/\/www.columbus-clean.com\/pl\/","name":"columbus Reinigungsmaschinen","description":"Reinigungsautomaten und Industriesauger","potentialAction":[{"@type":"SearchAction","target":{"@type":"EntryPoint","urlTemplate":"https:\/\/www.columbus-clean.com\/pl\/?s={search_term_string}"},"query-input":{"@type":"PropertyValueSpecification","valueRequired":true,"valueName":"search_term_string"}}],"inLanguage":"pl-PL"}]}},"_links":{"self":[{"href":"https:\/\/www.columbus-clean.com\/pl\/wp-json\/wp\/v2\/pages\/103138","targetHints":{"allow":["GET"]}}],"collection":[{"href":"https:\/\/www.columbus-clean.com\/pl\/wp-json\/wp\/v2\/pages"}],"about":[{"href":"https:\/\/www.columbus-clean.com\/pl\/wp-json\/wp\/v2\/types\/page"}],"author":[{"embeddable":true,"href":"https:\/\/www.columbus-clean.com\/pl\/wp-json\/wp\/v2\/users\/33"}],"replies":[{"embeddable":true,"href":"https:\/\/www.columbus-clean.com\/pl\/wp-json\/wp\/v2\/comments?post=103138"}],"version-history":[{"count":0,"href":"https:\/\/www.columbus-clean.com\/pl\/wp-json\/wp\/v2\/pages\/103138\/revisions"}],"wp:featuredmedia":[{"embeddable":true,"href":"https:\/\/www.columbus-clean.com\/pl\/wp-json\/wp\/v2\/media\/64353"}],"wp:attachment":[{"href":"https:\/\/www.columbus-clean.com\/pl\/wp-json\/wp\/v2\/media?parent=103138"}],"curies":[{"name":"wp","href":"https:\/\/api.w.org\/{rel}","templated":true}]}}