{"id":103139,"date":"2023-05-15T10:22:24","date_gmt":"2023-05-15T08:22:24","guid":{"rendered":"https:\/\/www.columbus-clean.com\/?page_id=103139"},"modified":"2025-05-13T10:42:16","modified_gmt":"2025-05-13T08:42:16","slug":"maszyny-piorace","status":"publish","type":"page","link":"https:\/\/www.columbus-clean.com\/pl\/maszyny-piorace\/","title":{"rendered":"Maszyny pior\u0105ce"},"content":{"rendered":"<p><div class=\"fusion-fullwidth fullwidth-box fusion-builder-row-1 has-pattern-background has-mask-background fusion-parallax-none nonhundred-percent-fullwidth non-hundred-percent-height-scrolling fusion-equal-height-columns limited-width-heading head-lenght-long\" style=\"--awb-border-radius-top-left:0px;--awb-border-radius-top-right:0px;--awb-border-radius-bottom-right:0px;--awb-border-radius-bottom-left:0px;--awb-background-color:#e3e8ec;--awb-background-image:url(&quot;https:\/\/www.columbus-clean.com\/wp-content\/uploads\/2018\/12\/Sx344-ab-01-spruehextraktionsgeraet.jpg&quot;);--awb-background-size:cover;--awb-flex-wrap:wrap;\" id=\"opener\" ><div class=\"fusion-builder-row fusion-row\"><div class=\"fusion-layout-column fusion_builder_column fusion-builder-column-0 fusion_builder_column_1_1 1_1 fusion-one-full fusion-column-first fusion-column-last fusion-column-inner-bg-wrapper\" style=\"--awb-inner-bg-position:center top;--awb-inner-bg-size:cover;\"><span class=\"fusion-column-inner-bg hover-type-zoomin\"><span class=\"fusion-column-anchor\"><span class=\"fusion-column-inner-bg-image\"><\/span><\/span><\/span><div class=\"fusion-column-wrapper fusion-flex-column-wrapper-legacy\"><div class=\"fusion-column-content-centered\"><div class=\"fusion-column-content\"><div class=\"fusion-title title fusion-title-1 fusion-sep-none fusion-title-text fusion-title-size-one\" style=\"--awb-margin-top-small:0px;--awb-margin-right-small:0px;--awb-margin-bottom-small:20px;--awb-margin-left-small:0px;\"><h1 class=\"fusion-title-heading title-heading-left\" style=\"margin:0;\">Maszyny pior\u0105ce<\/h1><\/div><div class=\"fusion-sep-clear\"><\/div><div class=\"fusion-separator fusion-full-width-sep\" style=\"margin-left: auto;margin-right: auto;margin-bottom:10px;width:100%;\"><\/div><div class=\"fusion-sep-clear\"><\/div><div class=\"fusion-title title fusion-title-2 fusion-sep-none fusion-title-text fusion-title-size-two\" style=\"--awb-margin-top-small:0px;--awb-margin-right-small:0px;--awb-margin-bottom-small:20px;--awb-margin-left-small:0px;\"><h2 class=\"fusion-title-heading title-heading-left\" style=\"margin:0;\">Maszyny pior\u0105ce<\/h2><\/div><\/div><\/div><div class=\"fusion-clearfix\"><\/div><\/div><\/div><\/div><\/div><div class=\"fusion-fullwidth fullwidth-box fusion-builder-row-2 nonhundred-percent-fullwidth non-hundred-percent-height-scrolling product-comparison\" style=\"--awb-border-radius-top-left:0px;--awb-border-radius-top-right:0px;--awb-border-radius-bottom-right:0px;--awb-border-radius-bottom-left:0px;--awb-flex-wrap:wrap;\" ><div class=\"fusion-builder-row fusion-row\"><div class=\"fusion-layout-column fusion_builder_column fusion-builder-column-1 fusion_builder_column_1_1 1_1 fusion-one-full fusion-column-first fusion-column-last\" style=\"--awb-bg-size:cover;\"><div class=\"fusion-column-wrapper fusion-flex-column-wrapper-legacy\"><div class=\"fusion-title title fusion-title-3 fusion-sep-none fusion-title-text fusion-title-size-three\" style=\"--awb-margin-top-small:0px;--awb-margin-right-small:0px;--awb-margin-bottom-small:20px;--awb-margin-left-small:0px;\"><h3 class=\"fusion-title-heading title-heading-left\" style=\"margin:0;\">Maszyny pior\u0105ce<\/h3><\/div><div class=\"fusion-clearfix\"><\/div><\/div><\/div><div class=\"fusion-layout-column fusion_builder_column fusion-builder-column-2 fusion_builder_column_1_1 1_1 fusion-one-full fusion-column-first fusion-column-last\" style=\"--awb-bg-size:cover;\"><div class=\"fusion-column-wrapper fusion-flex-column-wrapper-legacy\"><style type=\"text\/css\">.fusion-portfolio-wrapper#fusion-portfolio-1 .fusion-portfolio-content{  text-align: left; }<\/style><div class=\"fusion-recent-works fusion-portfolio-element fusion-portfolio fusion-portfolio-1 fusion-portfolio-grid fusion-portfolio-paging-pagination fusion-portfolio-four fusion-portfolio-unboxed fusion-portfolio-text\" data-id=\"-rw-1\" data-columns=\"four\"><style type=\"text\/css\">.fusion-portfolio-1 .fusion-portfolio-wrapper .fusion-col-spacing{padding:10px;}<\/style><div class=\"fusion-portfolio-wrapper\" id=\"fusion-portfolio-1\" data-picturesize=\"auto\" data-pages=\"0\" style=\"margin:-10px;\"><article id=\"portfolio-1-post-106145\" class=\"fusion-portfolio-post maszyny-piorace-pl fusion-col-spacing post-106145\"><div class=\"fusion-portfolio-content-wrapper\" style=\"border:none;\"><span class=\"vcard rich-snippet-hidden\"><span class=\"fn\"><a href=\"https:\/\/www.columbus-clean.com\/pl\/author\/natascha-burger\/\" title=\"Wpisy od natascha.burger\" rel=\"author\">natascha.burger<\/a><\/span><\/span><span class=\"updated rich-snippet-hidden\">2025-07-09T11:29:05+02:00<\/span><div  class=\"fusion-image-wrapper\" aria-haspopup=\"true\">\n\t\t\t\t\t\t\t<a href=\"https:\/\/www.columbus-clean.com\/pl\/produkt\/sx-44\/\" aria-label=\"SX 44\">\n\t\t\t\t\t\t\t<img decoding=\"async\" width=\"400\" height=\"400\" src=\"https:\/\/www.columbus-clean.com\/wp-content\/uploads\/2023\/05\/SX44-vb-01-maszyny-piorace-400x400-1.png\" class=\"attachment-full size-full wp-post-image\" alt=\"SX44 maszyny piorace\" srcset=\"https:\/\/www.columbus-clean.com\/wp-content\/uploads\/2023\/05\/SX44-vb-01-maszyny-piorace-400x400-1-200x200.png 200w, https:\/\/www.columbus-clean.com\/wp-content\/uploads\/2023\/05\/SX44-vb-01-maszyny-piorace-400x400-1.png 400w\" sizes=\"(min-width: 2200px) 100vw, (min-width: 870px) 305px, (min-width: 793px) 407px, (min-width: 717px) 610px, (min-width: 640px) 717px, \" \/>\t\t\t<\/a>\n\t\t\t\t\t\t\t<\/div>\n<div class=\"fusion-portfolio-content\"><h2 class=\"entry-title fusion-post-title\"><a href=\"https:\/\/www.columbus-clean.com\/pl\/produkt\/sx-44\/\">SX 44<\/a><\/h2><div class=\"fusion-post-content\"><p><\/p><div class=\"product-detail\">\r\n<ul class=\"product-table\">\r\n<li>Szeroko\u015b\u0107 robocza<strong>270 mm<\/strong><\/li>\r\n<li>Wydajno\u015b\u0107 spryskiwania<strong>1,5 l\/min mm<\/strong><\/li>\r\n<li>Ci\u015bnienie spryskiwania<strong>4 bar<\/strong><\/li>\r\n<li>Zbiornik wody czystej<strong>14 l<\/strong><\/li>\r\n<\/ul>\r\n<\/div>\r\n<div class=\"product-table-additional\">\r\n<h5 class=\"title-heading-left\">Specyfikacja technicza<\/h5>\r\n<ul class=\"product-table\">\r\n<li>L x B x H<strong>300 x 420 x 530 mm<\/strong><\/li>\r\n<li>Szeroko\u015b\u0107 robocza<strong>270 mm<\/strong><\/li>\r\n<li>Szeroko\u015b\u0107 odsysania<strong>-<\/strong><\/li>\r\n<li>Wydajno\u015b\u0107 spryskiwania<strong>1,5 l\/min mm<\/strong><\/li>\r\n<li>Ci\u015bnienie spryskiwania<strong>4 bar<\/strong><\/li>\r\n<li>Ci\u0119\u017car<strong>12 kg<\/strong><\/li>\r\n<\/ul>\r\n<h5 class=\"title-heading-left\">Dane elektryczne<\/h5>\r\n<ul class=\"product-table\">\r\n<li>Pob\u00f3r mocy W<strong>1570 W<\/strong><\/li>\r\n<li>D\u0142ugo\u015b\u0107 przewodu<strong>10 m<\/strong><\/li>\r\n<\/ul>\r\n<h5 class=\"title-heading-left\">Zbiornik<\/h5>\r\n<ul class=\"product-table\">\r\n<li>Zbiornik wody czystej<strong>14 l<\/strong><\/li>\r\n<li>Zbiornik wody brudnej<strong>14 l<\/strong><\/li>\r\n<\/ul>\r\n<h5 class=\"title-heading-left\">Silnik ss\u0105cy<\/h5>\r\n<ul class=\"product-table\">\r\n<li>Podci\u015bnienie maks.<strong>295 mbar<\/strong><\/li>\r\n<li>Przep\u0142yw powietrza maks.<strong>45 l\/s<\/strong><\/li>\r\n<\/ul>\r\n<h5 class=\"title-heading-left\">Osprz\u0119t<\/h5>\r\n<ul class=\"product-table\">\r\n<li>Szeroko\u015b\u0107 robocza<strong>plastik<\/strong><\/li>\r\n<li>W\u0105\u017c ss\u0105cy<strong>2,5 m<\/strong><\/li>\r\n<\/ul>\r\n<\/div><\/div><\/div><\/div><\/article><article id=\"portfolio-1-post-106147\" class=\"fusion-portfolio-post maszyny-piorace-pl fusion-col-spacing post-106147\"><div class=\"fusion-portfolio-content-wrapper\" style=\"border:none;\"><span class=\"vcard rich-snippet-hidden\"><span class=\"fn\"><a href=\"https:\/\/www.columbus-clean.com\/pl\/author\/natascha-burger\/\" title=\"Wpisy od natascha.burger\" rel=\"author\">natascha.burger<\/a><\/span><\/span><span class=\"updated rich-snippet-hidden\">2025-07-09T11:29:08+02:00<\/span><div  class=\"fusion-image-wrapper\" aria-haspopup=\"true\">\n\t\t\t\t\t\t\t<a href=\"https:\/\/www.columbus-clean.com\/pl\/produkt\/sx-344\/\" aria-label=\"SX 344\">\n\t\t\t\t\t\t\t<img decoding=\"async\" width=\"400\" height=\"400\" src=\"https:\/\/www.columbus-clean.com\/wp-content\/uploads\/2023\/05\/SX344-vb-01-maszyny-piorace-400x400-1.png\" class=\"attachment-full size-full wp-post-image\" alt=\"SX344 maszyny piorace\" srcset=\"https:\/\/www.columbus-clean.com\/wp-content\/uploads\/2023\/05\/SX344-vb-01-maszyny-piorace-400x400-1-200x200.png 200w, https:\/\/www.columbus-clean.com\/wp-content\/uploads\/2023\/05\/SX344-vb-01-maszyny-piorace-400x400-1.png 400w\" sizes=\"(min-width: 2200px) 100vw, (min-width: 870px) 305px, (min-width: 793px) 407px, (min-width: 717px) 610px, (min-width: 640px) 717px, \" \/>\t\t\t<\/a>\n\t\t\t\t\t\t\t<\/div>\n<div class=\"fusion-portfolio-content\"><h2 class=\"entry-title fusion-post-title\"><a href=\"https:\/\/www.columbus-clean.com\/pl\/produkt\/sx-344\/\">SX 344<\/a><\/h2><div class=\"fusion-post-content\"><p><\/p><div class=\"product-detail\">\r\n<ul class=\"product-table\">\r\n<li>Szeroko\u015b\u0107 robocza<strong>300 mm<\/strong><\/li>\r\n<li>Wydajno\u015b\u0107 spryskiwania<strong>4,5 l\/min mm<\/strong><\/li>\r\n<li>Ci\u015bnienie spryskiwania<strong>9 bar<\/strong><\/li>\r\n<li>Zbiornik wody czystej<strong>30 l<\/strong><\/li>\r\n<\/ul>\r\n<\/div>\r\n<div class=\"product-table-additional\">\r\n<h5 class=\"title-heading-left\">Specyfikacja technicza<\/h5>\r\n<ul class=\"product-table\">\r\n<li>L x B x H<strong>380 x 500 x 780 mm<\/strong><\/li>\r\n<li>Szeroko\u015b\u0107 robocza<strong>300 mm<\/strong><\/li>\r\n<li>Szeroko\u015b\u0107 odsysania<strong>-<\/strong><\/li>\r\n<li>Wydajno\u015b\u0107 spryskiwania<strong>4,5 l\/min mm<\/strong><\/li>\r\n<li>Ci\u015bnienie spryskiwania<strong>9 bar<\/strong><\/li>\r\n<li>Ci\u0119\u017car<strong>24 kg<\/strong><\/li>\r\n<\/ul>\r\n<h5 class=\"title-heading-left\">Dane elektryczne<\/h5>\r\n<ul class=\"product-table\">\r\n<li>Pob\u00f3r mocy W<strong>1580 W<\/strong><\/li>\r\n<li>D\u0142ugo\u015b\u0107 przewodu<strong>10 m<\/strong><\/li>\r\n<\/ul>\r\n<h5 class=\"title-heading-left\">Zbiornik<\/h5>\r\n<ul class=\"product-table\">\r\n<li>Zbiornik wody czystej<strong>30 l<\/strong><\/li>\r\n<li>Zbiornik wody brudnej<strong>30 l<\/strong><\/li>\r\n<\/ul>\r\n<h5 class=\"title-heading-left\">Silnik ss\u0105cy<\/h5>\r\n<ul class=\"product-table\">\r\n<li>Podci\u015bnienie maks.<strong>295 mbar<\/strong><\/li>\r\n<li>Przep\u0142yw powietrza maks.<strong>45 l\/s<\/strong><\/li>\r\n<\/ul>\r\n<h5 class=\"title-heading-left\">Osprz\u0119t<\/h5>\r\n<ul class=\"product-table\">\r\n<li>Szeroko\u015b\u0107 robocza<strong>alu<\/strong><\/li>\r\n<li>W\u0105\u017c ss\u0105cy<strong>5 m<\/strong><\/li>\r\n<\/ul>\r\n<\/div><\/div><\/div><\/div><\/article><article id=\"portfolio-1-post-106148\" class=\"fusion-portfolio-post maszyny-piorace-pl fusion-col-spacing post-106148\"><div class=\"fusion-portfolio-content-wrapper\" style=\"border:none;\"><span class=\"vcard rich-snippet-hidden\"><span class=\"fn\"><a href=\"https:\/\/www.columbus-clean.com\/pl\/author\/natascha-burger\/\" title=\"Wpisy od natascha.burger\" rel=\"author\">natascha.burger<\/a><\/span><\/span><span class=\"updated rich-snippet-hidden\">2025-07-09T11:29:10+02:00<\/span><div  class=\"fusion-image-wrapper\" aria-haspopup=\"true\">\n\t\t\t\t\t\t\t<a href=\"https:\/\/www.columbus-clean.com\/pl\/produkt\/ta-50k-50\/\" aria-label=\"TA 50|K 50\">\n\t\t\t\t\t\t\t<img decoding=\"async\" width=\"400\" height=\"400\" src=\"https:\/\/www.columbus-clean.com\/wp-content\/uploads\/2023\/05\/TA50K50-vb-01-maszyny-piorace-400x400-1.png\" class=\"attachment-full size-full wp-post-image\" alt=\"TA50K50 maszyny piorace\" srcset=\"https:\/\/www.columbus-clean.com\/wp-content\/uploads\/2023\/05\/TA50K50-vb-01-maszyny-piorace-400x400-1-200x200.png 200w, https:\/\/www.columbus-clean.com\/wp-content\/uploads\/2023\/05\/TA50K50-vb-01-maszyny-piorace-400x400-1.png 400w\" sizes=\"(min-width: 2200px) 100vw, (min-width: 870px) 305px, (min-width: 793px) 407px, (min-width: 717px) 610px, (min-width: 640px) 717px, \" \/>\t\t\t<\/a>\n\t\t\t\t\t\t\t<\/div>\n<div class=\"fusion-portfolio-content\"><h2 class=\"entry-title fusion-post-title\"><a href=\"https:\/\/www.columbus-clean.com\/pl\/produkt\/ta-50k-50\/\">TA 50|K 50<\/a><\/h2><div class=\"fusion-post-content\"><p><\/p><div class=\"product-detail\">\r\n<ul class=\"product-table\">\r\n<li>Szeroko\u015b\u0107 robocza<strong>500 mm<\/strong><\/li>\r\n<li>Wydajno\u015b\u0107 spryskiwania<strong>4,5 l\/min mm<\/strong><\/li>\r\n<li>Ci\u015bnienie spryskiwania<strong>9 bar<\/strong><\/li>\r\n<li>Zbiornik wody czystej<strong>50 l<\/strong><\/li>\r\n<\/ul>\r\n<\/div>\r\n<div class=\"product-table-additional\">\r\n<h5 class=\"title-heading-left\">Specyfikacja technicza<\/h5>\r\n<ul class=\"product-table\">\r\n<li>L x B x H<strong>500 x 860 x 950 mm<\/strong><\/li>\r\n<li>Szeroko\u015b\u0107 robocza<strong>500 mm<\/strong><\/li>\r\n<li>Szeroko\u015b\u0107 odsysania<strong>720 mm<\/strong><\/li>\r\n<li>Wydajno\u015b\u0107 spryskiwania<strong>4,5 l\/min mm<\/strong><\/li>\r\n<li>Ci\u015bnienie spryskiwania<strong>9 bar<\/strong><\/li>\r\n<li>Ci\u0119\u017car<strong>55 kg<\/strong><\/li>\r\n<\/ul>\r\n<h5 class=\"title-heading-left\">Dane elektryczne<\/h5>\r\n<ul class=\"product-table\">\r\n<li>Pob\u00f3r mocy W<strong>1580 W<\/strong><\/li>\r\n<li>D\u0142ugo\u015b\u0107 przewodu<strong>15 m<\/strong><\/li>\r\n<\/ul>\r\n<h5 class=\"title-heading-left\">Zbiornik<\/h5>\r\n<ul class=\"product-table\">\r\n<li>Zbiornik wody czystej<strong>50 l<\/strong><\/li>\r\n<li>Zbiornik wody brudnej<strong>50 l<\/strong><\/li>\r\n<\/ul>\r\n<h5 class=\"title-heading-left\">Silnik ss\u0105cy<\/h5>\r\n<ul class=\"product-table\">\r\n<li>Podci\u015bnienie maks.<strong>333 mbar<\/strong><\/li>\r\n<li>Przep\u0142yw powietrza maks.<strong>45 l\/s<\/strong><\/li>\r\n<\/ul>\r\n<h5 class=\"title-heading-left\">Osprz\u0119t<\/h5>\r\n<ul class=\"product-table\">\r\n<li>Szeroko\u015b\u0107 robocza<strong>-<\/strong><\/li>\r\n<li>W\u0105\u017c ss\u0105cy<strong>-<\/strong><\/li>\r\n<\/ul>\r\n<\/div><\/div><\/div><\/div><\/article><\/div><\/div><div class=\"fusion-clearfix\"><\/div><\/div><\/div><\/div><\/div><\/p>\n","protected":false},"excerpt":{"rendered":"","protected":false},"author":33,"featured_media":0,"parent":0,"menu_order":0,"comment_status":"closed","ping_status":"closed","template":"100-width.php","meta":{"footnotes":""},"class_list":["post-103139","page","type-page","status-publish","hentry"],"yoast_head":"<!-- This site is optimized with the Yoast SEO plugin v27.3 - https:\/\/yoast.com\/product\/yoast-seo-wordpress\/ -->\n<title>Wydajne odkurzacze pior\u0105ce i odkurzacze natryskowe<\/title>\n<meta name=\"description\" content=\"Te odkurzacze do prania tekstyli\u00f3w s\u0105 kompaktowe i u\u017cyteczne. Kup teraz maszyn\u0119 do odkurzania natryskowego pod\u0142\u00f3g tekstylnych i tapicerki.\" \/>\n<meta name=\"robots\" content=\"index, follow, max-snippet:-1, max-image-preview:large, max-video-preview:-1\" \/>\n<link rel=\"canonical\" href=\"https:\/\/www.columbus-clean.com\/pl\/maszyny-piorace\/\" \/>\n<meta property=\"og:locale\" content=\"pl_PL\" \/>\n<meta property=\"og:type\" content=\"article\" \/>\n<meta property=\"og:title\" content=\"Wydajne odkurzacze pior\u0105ce i odkurzacze natryskowe\" \/>\n<meta property=\"og:description\" content=\"Te odkurzacze do prania tekstyli\u00f3w s\u0105 kompaktowe i u\u017cyteczne. Kup teraz maszyn\u0119 do odkurzania natryskowego pod\u0142\u00f3g tekstylnych i tapicerki.\" \/>\n<meta property=\"og:url\" content=\"https:\/\/www.columbus-clean.com\/pl\/maszyny-piorace\/\" \/>\n<meta property=\"og:site_name\" content=\"columbus Reinigungsmaschinen\" \/>\n<meta property=\"article:modified_time\" content=\"2025-05-13T08:42:16+00:00\" \/>\n<meta name=\"twitter:card\" content=\"summary_large_image\" \/>\n<meta name=\"twitter:label1\" content=\"Szacowany czas czytania\" \/>\n\t<meta name=\"twitter:data1\" content=\"3 minuty\" \/>\n<script type=\"application\/ld+json\" class=\"yoast-schema-graph\">{\"@context\":\"https:\\\/\\\/schema.org\",\"@graph\":[{\"@type\":\"WebPage\",\"@id\":\"https:\\\/\\\/www.columbus-clean.com\\\/pl\\\/maszyny-piorace\\\/\",\"url\":\"https:\\\/\\\/www.columbus-clean.com\\\/pl\\\/maszyny-piorace\\\/\",\"name\":\"Wydajne odkurzacze pior\u0105ce i odkurzacze natryskowe\",\"isPartOf\":{\"@id\":\"https:\\\/\\\/www.columbus-clean.com\\\/pl\\\/#website\"},\"datePublished\":\"2023-05-15T08:22:24+00:00\",\"dateModified\":\"2025-05-13T08:42:16+00:00\",\"description\":\"Te odkurzacze do prania tekstyli\u00f3w s\u0105 kompaktowe i u\u017cyteczne. Kup teraz maszyn\u0119 do odkurzania natryskowego pod\u0142\u00f3g tekstylnych i tapicerki.\",\"breadcrumb\":{\"@id\":\"https:\\\/\\\/www.columbus-clean.com\\\/pl\\\/maszyny-piorace\\\/#breadcrumb\"},\"inLanguage\":\"pl-PL\",\"potentialAction\":[{\"@type\":\"ReadAction\",\"target\":[\"https:\\\/\\\/www.columbus-clean.com\\\/pl\\\/maszyny-piorace\\\/\"]}]},{\"@type\":\"BreadcrumbList\",\"@id\":\"https:\\\/\\\/www.columbus-clean.com\\\/pl\\\/maszyny-piorace\\\/#breadcrumb\",\"itemListElement\":[{\"@type\":\"ListItem\",\"position\":1,\"name\":\"Startseite\",\"item\":\"https:\\\/\\\/www.columbus-clean.com\\\/pl\\\/\"},{\"@type\":\"ListItem\",\"position\":2,\"name\":\"Maszyny pior\u0105ce\"}]},{\"@type\":\"WebSite\",\"@id\":\"https:\\\/\\\/www.columbus-clean.com\\\/pl\\\/#website\",\"url\":\"https:\\\/\\\/www.columbus-clean.com\\\/pl\\\/\",\"name\":\"columbus Reinigungsmaschinen\",\"description\":\"Reinigungsautomaten und Industriesauger\",\"potentialAction\":[{\"@type\":\"SearchAction\",\"target\":{\"@type\":\"EntryPoint\",\"urlTemplate\":\"https:\\\/\\\/www.columbus-clean.com\\\/pl\\\/?s={search_term_string}\"},\"query-input\":{\"@type\":\"PropertyValueSpecification\",\"valueRequired\":true,\"valueName\":\"search_term_string\"}}],\"inLanguage\":\"pl-PL\"}]}<\/script>\n<!-- \/ Yoast SEO plugin. -->","yoast_head_json":{"title":"Wydajne odkurzacze pior\u0105ce i odkurzacze natryskowe","description":"Te odkurzacze do prania tekstyli\u00f3w s\u0105 kompaktowe i u\u017cyteczne. Kup teraz maszyn\u0119 do odkurzania natryskowego pod\u0142\u00f3g tekstylnych i tapicerki.","robots":{"index":"index","follow":"follow","max-snippet":"max-snippet:-1","max-image-preview":"max-image-preview:large","max-video-preview":"max-video-preview:-1"},"canonical":"https:\/\/www.columbus-clean.com\/pl\/maszyny-piorace\/","og_locale":"pl_PL","og_type":"article","og_title":"Wydajne odkurzacze pior\u0105ce i odkurzacze natryskowe","og_description":"Te odkurzacze do prania tekstyli\u00f3w s\u0105 kompaktowe i u\u017cyteczne. Kup teraz maszyn\u0119 do odkurzania natryskowego pod\u0142\u00f3g tekstylnych i tapicerki.","og_url":"https:\/\/www.columbus-clean.com\/pl\/maszyny-piorace\/","og_site_name":"columbus Reinigungsmaschinen","article_modified_time":"2025-05-13T08:42:16+00:00","twitter_card":"summary_large_image","twitter_misc":{"Szacowany czas czytania":"3 minuty"},"schema":{"@context":"https:\/\/schema.org","@graph":[{"@type":"WebPage","@id":"https:\/\/www.columbus-clean.com\/pl\/maszyny-piorace\/","url":"https:\/\/www.columbus-clean.com\/pl\/maszyny-piorace\/","name":"Wydajne odkurzacze pior\u0105ce i odkurzacze natryskowe","isPartOf":{"@id":"https:\/\/www.columbus-clean.com\/pl\/#website"},"datePublished":"2023-05-15T08:22:24+00:00","dateModified":"2025-05-13T08:42:16+00:00","description":"Te odkurzacze do prania tekstyli\u00f3w s\u0105 kompaktowe i u\u017cyteczne. Kup teraz maszyn\u0119 do odkurzania natryskowego pod\u0142\u00f3g tekstylnych i tapicerki.","breadcrumb":{"@id":"https:\/\/www.columbus-clean.com\/pl\/maszyny-piorace\/#breadcrumb"},"inLanguage":"pl-PL","potentialAction":[{"@type":"ReadAction","target":["https:\/\/www.columbus-clean.com\/pl\/maszyny-piorace\/"]}]},{"@type":"BreadcrumbList","@id":"https:\/\/www.columbus-clean.com\/pl\/maszyny-piorace\/#breadcrumb","itemListElement":[{"@type":"ListItem","position":1,"name":"Startseite","item":"https:\/\/www.columbus-clean.com\/pl\/"},{"@type":"ListItem","position":2,"name":"Maszyny pior\u0105ce"}]},{"@type":"WebSite","@id":"https:\/\/www.columbus-clean.com\/pl\/#website","url":"https:\/\/www.columbus-clean.com\/pl\/","name":"columbus Reinigungsmaschinen","description":"Reinigungsautomaten und Industriesauger","potentialAction":[{"@type":"SearchAction","target":{"@type":"EntryPoint","urlTemplate":"https:\/\/www.columbus-clean.com\/pl\/?s={search_term_string}"},"query-input":{"@type":"PropertyValueSpecification","valueRequired":true,"valueName":"search_term_string"}}],"inLanguage":"pl-PL"}]}},"_links":{"self":[{"href":"https:\/\/www.columbus-clean.com\/pl\/wp-json\/wp\/v2\/pages\/103139","targetHints":{"allow":["GET"]}}],"collection":[{"href":"https:\/\/www.columbus-clean.com\/pl\/wp-json\/wp\/v2\/pages"}],"about":[{"href":"https:\/\/www.columbus-clean.com\/pl\/wp-json\/wp\/v2\/types\/page"}],"author":[{"embeddable":true,"href":"https:\/\/www.columbus-clean.com\/pl\/wp-json\/wp\/v2\/users\/33"}],"replies":[{"embeddable":true,"href":"https:\/\/www.columbus-clean.com\/pl\/wp-json\/wp\/v2\/comments?post=103139"}],"version-history":[{"count":0,"href":"https:\/\/www.columbus-clean.com\/pl\/wp-json\/wp\/v2\/pages\/103139\/revisions"}],"wp:attachment":[{"href":"https:\/\/www.columbus-clean.com\/pl\/wp-json\/wp\/v2\/media?parent=103139"}],"curies":[{"name":"wp","href":"https:\/\/api.w.org\/{rel}","templated":true}]}}