{"id":103147,"date":"2023-05-15T10:23:05","date_gmt":"2023-05-15T08:23:05","guid":{"rendered":"https:\/\/www.columbus-clean.com\/?page_id=103147"},"modified":"2025-04-30T11:40:08","modified_gmt":"2025-04-30T09:40:08","slug":"services","status":"publish","type":"page","link":"https:\/\/www.columbus-clean.com\/pl\/serwisy\/","title":{"rendered":"Services"},"content":{"rendered":"","protected":false},"excerpt":{"rendered":"","protected":false},"author":33,"featured_media":0,"parent":0,"menu_order":0,"comment_status":"closed","ping_status":"closed","template":"","meta":{"footnotes":""},"class_list":["post-103147","page","type-page","status-publish","hentry"],"yoast_head":"<!-- This site is optimized with the Yoast SEO plugin v27.3 - https:\/\/yoast.com\/product\/yoast-seo-wordpress\/ -->\n<title>Us\u0142ugi i naprawa maszyny czyszcz\u0105cej Columbus<\/title>\n<meta name=\"description\" content=\"Dzi\u0119ki naszemu wszechstronnemu serwisowi z przyjemno\u015bci\u0105 zapewniamy kompetentne wsparcie, od zakupu po konserwacj\u0119 i napraw\u0119 maszyny czyszcz\u0105cej.\" \/>\n<meta name=\"robots\" content=\"index, follow, max-snippet:-1, max-image-preview:large, max-video-preview:-1\" \/>\n<link rel=\"canonical\" href=\"https:\/\/www.columbus-clean.com\/pl\/serwisy\/\" \/>\n<meta property=\"og:locale\" content=\"pl_PL\" \/>\n<meta property=\"og:type\" content=\"article\" \/>\n<meta property=\"og:title\" content=\"Us\u0142ugi i naprawa maszyny czyszcz\u0105cej Columbus\" \/>\n<meta property=\"og:description\" content=\"Dzi\u0119ki naszemu wszechstronnemu serwisowi z przyjemno\u015bci\u0105 zapewniamy kompetentne wsparcie, od zakupu po konserwacj\u0119 i napraw\u0119 maszyny czyszcz\u0105cej.\" \/>\n<meta property=\"og:url\" content=\"https:\/\/www.columbus-clean.com\/pl\/serwisy\/\" \/>\n<meta property=\"og:site_name\" content=\"columbus Reinigungsmaschinen\" \/>\n<meta property=\"article:modified_time\" content=\"2025-04-30T09:40:08+00:00\" \/>\n<meta name=\"twitter:card\" content=\"summary_large_image\" \/>\n<script type=\"application\/ld+json\" class=\"yoast-schema-graph\">{\"@context\":\"https:\\\/\\\/schema.org\",\"@graph\":[{\"@type\":\"WebPage\",\"@id\":\"https:\\\/\\\/www.columbus-clean.com\\\/pl\\\/serwisy\\\/\",\"url\":\"https:\\\/\\\/www.columbus-clean.com\\\/pl\\\/serwisy\\\/\",\"name\":\"Us\u0142ugi i naprawa maszyny czyszcz\u0105cej Columbus\",\"isPartOf\":{\"@id\":\"https:\\\/\\\/www.columbus-clean.com\\\/pl\\\/#website\"},\"datePublished\":\"2023-05-15T08:23:05+00:00\",\"dateModified\":\"2025-04-30T09:40:08+00:00\",\"description\":\"Dzi\u0119ki naszemu wszechstronnemu serwisowi z przyjemno\u015bci\u0105 zapewniamy kompetentne wsparcie, od zakupu po konserwacj\u0119 i napraw\u0119 maszyny czyszcz\u0105cej.\",\"breadcrumb\":{\"@id\":\"https:\\\/\\\/www.columbus-clean.com\\\/pl\\\/serwisy\\\/#breadcrumb\"},\"inLanguage\":\"pl-PL\",\"potentialAction\":[{\"@type\":\"ReadAction\",\"target\":[\"https:\\\/\\\/www.columbus-clean.com\\\/pl\\\/serwisy\\\/\"]}]},{\"@type\":\"BreadcrumbList\",\"@id\":\"https:\\\/\\\/www.columbus-clean.com\\\/pl\\\/serwisy\\\/#breadcrumb\",\"itemListElement\":[{\"@type\":\"ListItem\",\"position\":1,\"name\":\"Startseite\",\"item\":\"https:\\\/\\\/www.columbus-clean.com\\\/pl\\\/\"},{\"@type\":\"ListItem\",\"position\":2,\"name\":\"Services\"}]},{\"@type\":\"WebSite\",\"@id\":\"https:\\\/\\\/www.columbus-clean.com\\\/pl\\\/#website\",\"url\":\"https:\\\/\\\/www.columbus-clean.com\\\/pl\\\/\",\"name\":\"columbus Reinigungsmaschinen\",\"description\":\"Reinigungsautomaten und Industriesauger\",\"potentialAction\":[{\"@type\":\"SearchAction\",\"target\":{\"@type\":\"EntryPoint\",\"urlTemplate\":\"https:\\\/\\\/www.columbus-clean.com\\\/pl\\\/?s={search_term_string}\"},\"query-input\":{\"@type\":\"PropertyValueSpecification\",\"valueRequired\":true,\"valueName\":\"search_term_string\"}}],\"inLanguage\":\"pl-PL\"}]}<\/script>\n<!-- \/ Yoast SEO plugin. -->","yoast_head_json":{"title":"Us\u0142ugi i naprawa maszyny czyszcz\u0105cej Columbus","description":"Dzi\u0119ki naszemu wszechstronnemu serwisowi z przyjemno\u015bci\u0105 zapewniamy kompetentne wsparcie, od zakupu po konserwacj\u0119 i napraw\u0119 maszyny czyszcz\u0105cej.","robots":{"index":"index","follow":"follow","max-snippet":"max-snippet:-1","max-image-preview":"max-image-preview:large","max-video-preview":"max-video-preview:-1"},"canonical":"https:\/\/www.columbus-clean.com\/pl\/serwisy\/","og_locale":"pl_PL","og_type":"article","og_title":"Us\u0142ugi i naprawa maszyny czyszcz\u0105cej Columbus","og_description":"Dzi\u0119ki naszemu wszechstronnemu serwisowi z przyjemno\u015bci\u0105 zapewniamy kompetentne wsparcie, od zakupu po konserwacj\u0119 i napraw\u0119 maszyny czyszcz\u0105cej.","og_url":"https:\/\/www.columbus-clean.com\/pl\/serwisy\/","og_site_name":"columbus Reinigungsmaschinen","article_modified_time":"2025-04-30T09:40:08+00:00","twitter_card":"summary_large_image","schema":{"@context":"https:\/\/schema.org","@graph":[{"@type":"WebPage","@id":"https:\/\/www.columbus-clean.com\/pl\/serwisy\/","url":"https:\/\/www.columbus-clean.com\/pl\/serwisy\/","name":"Us\u0142ugi i naprawa maszyny czyszcz\u0105cej Columbus","isPartOf":{"@id":"https:\/\/www.columbus-clean.com\/pl\/#website"},"datePublished":"2023-05-15T08:23:05+00:00","dateModified":"2025-04-30T09:40:08+00:00","description":"Dzi\u0119ki naszemu wszechstronnemu serwisowi z przyjemno\u015bci\u0105 zapewniamy kompetentne wsparcie, od zakupu po konserwacj\u0119 i napraw\u0119 maszyny czyszcz\u0105cej.","breadcrumb":{"@id":"https:\/\/www.columbus-clean.com\/pl\/serwisy\/#breadcrumb"},"inLanguage":"pl-PL","potentialAction":[{"@type":"ReadAction","target":["https:\/\/www.columbus-clean.com\/pl\/serwisy\/"]}]},{"@type":"BreadcrumbList","@id":"https:\/\/www.columbus-clean.com\/pl\/serwisy\/#breadcrumb","itemListElement":[{"@type":"ListItem","position":1,"name":"Startseite","item":"https:\/\/www.columbus-clean.com\/pl\/"},{"@type":"ListItem","position":2,"name":"Services"}]},{"@type":"WebSite","@id":"https:\/\/www.columbus-clean.com\/pl\/#website","url":"https:\/\/www.columbus-clean.com\/pl\/","name":"columbus Reinigungsmaschinen","description":"Reinigungsautomaten und Industriesauger","potentialAction":[{"@type":"SearchAction","target":{"@type":"EntryPoint","urlTemplate":"https:\/\/www.columbus-clean.com\/pl\/?s={search_term_string}"},"query-input":{"@type":"PropertyValueSpecification","valueRequired":true,"valueName":"search_term_string"}}],"inLanguage":"pl-PL"}]}},"_links":{"self":[{"href":"https:\/\/www.columbus-clean.com\/pl\/wp-json\/wp\/v2\/pages\/103147","targetHints":{"allow":["GET"]}}],"collection":[{"href":"https:\/\/www.columbus-clean.com\/pl\/wp-json\/wp\/v2\/pages"}],"about":[{"href":"https:\/\/www.columbus-clean.com\/pl\/wp-json\/wp\/v2\/types\/page"}],"author":[{"embeddable":true,"href":"https:\/\/www.columbus-clean.com\/pl\/wp-json\/wp\/v2\/users\/33"}],"replies":[{"embeddable":true,"href":"https:\/\/www.columbus-clean.com\/pl\/wp-json\/wp\/v2\/comments?post=103147"}],"version-history":[{"count":0,"href":"https:\/\/www.columbus-clean.com\/pl\/wp-json\/wp\/v2\/pages\/103147\/revisions"}],"wp:attachment":[{"href":"https:\/\/www.columbus-clean.com\/pl\/wp-json\/wp\/v2\/media?parent=103147"}],"curies":[{"name":"wp","href":"https:\/\/api.w.org\/{rel}","templated":true}]}}