{"id":103161,"date":"2023-05-15T10:22:26","date_gmt":"2023-05-15T08:22:26","guid":{"rendered":"https:\/\/www.columbus-clean.com\/?page_id=103161"},"modified":"2025-05-15T10:01:26","modified_gmt":"2025-05-15T08:01:26","slug":"o-nas","status":"publish","type":"page","link":"https:\/\/www.columbus-clean.com\/pl\/o-nas\/","title":{"rendered":"O nas"},"content":{"rendered":"","protected":false},"excerpt":{"rendered":"","protected":false},"author":33,"featured_media":0,"parent":0,"menu_order":0,"comment_status":"closed","ping_status":"closed","template":"","meta":{"footnotes":""},"class_list":["post-103161","page","type-page","status-publish","hentry"],"yoast_head":"<!-- This site is optimized with the Yoast SEO plugin v27.3 - https:\/\/yoast.com\/product\/yoast-seo-wordpress\/ -->\n<title>O rodzinnej firmie produkuj\u0105cej maszyny czyszcz\u0105ce<\/title>\n<meta name=\"description\" content=\"Dowiedz si\u0119 wszystkiego, co musisz wiedzie\u0107 o naszych rozwijaj\u0105cych si\u0119 i innowacyjnych rozwi\u0105zaniach czyszcz\u0105cych i systemach zarz\u0105dzania maszynami czyszcz\u0105cymi.\" \/>\n<meta name=\"robots\" content=\"index, follow, max-snippet:-1, max-image-preview:large, max-video-preview:-1\" \/>\n<link rel=\"canonical\" href=\"https:\/\/www.columbus-clean.com\/pl\/o-nas\/\" \/>\n<meta property=\"og:locale\" content=\"pl_PL\" \/>\n<meta property=\"og:type\" content=\"article\" \/>\n<meta property=\"og:title\" content=\"O rodzinnej firmie produkuj\u0105cej maszyny czyszcz\u0105ce\" \/>\n<meta property=\"og:description\" content=\"Dowiedz si\u0119 wszystkiego, co musisz wiedzie\u0107 o naszych rozwijaj\u0105cych si\u0119 i innowacyjnych rozwi\u0105zaniach czyszcz\u0105cych i systemach zarz\u0105dzania maszynami czyszcz\u0105cymi.\" \/>\n<meta property=\"og:url\" content=\"https:\/\/www.columbus-clean.com\/pl\/o-nas\/\" \/>\n<meta property=\"og:site_name\" content=\"columbus Reinigungsmaschinen\" \/>\n<meta property=\"article:modified_time\" content=\"2025-05-15T08:01:26+00:00\" \/>\n<meta name=\"twitter:card\" content=\"summary_large_image\" \/>\n<script type=\"application\/ld+json\" class=\"yoast-schema-graph\">{\"@context\":\"https:\\\/\\\/schema.org\",\"@graph\":[{\"@type\":\"WebPage\",\"@id\":\"https:\\\/\\\/www.columbus-clean.com\\\/pl\\\/o-nas\\\/\",\"url\":\"https:\\\/\\\/www.columbus-clean.com\\\/pl\\\/o-nas\\\/\",\"name\":\"O rodzinnej firmie produkuj\u0105cej maszyny czyszcz\u0105ce\",\"isPartOf\":{\"@id\":\"https:\\\/\\\/www.columbus-clean.com\\\/pl\\\/#website\"},\"datePublished\":\"2023-05-15T08:22:26+00:00\",\"dateModified\":\"2025-05-15T08:01:26+00:00\",\"description\":\"Dowiedz si\u0119 wszystkiego, co musisz wiedzie\u0107 o naszych rozwijaj\u0105cych si\u0119 i innowacyjnych rozwi\u0105zaniach czyszcz\u0105cych i systemach zarz\u0105dzania maszynami czyszcz\u0105cymi.\",\"breadcrumb\":{\"@id\":\"https:\\\/\\\/www.columbus-clean.com\\\/pl\\\/o-nas\\\/#breadcrumb\"},\"inLanguage\":\"pl-PL\",\"potentialAction\":[{\"@type\":\"ReadAction\",\"target\":[\"https:\\\/\\\/www.columbus-clean.com\\\/pl\\\/o-nas\\\/\"]}]},{\"@type\":\"BreadcrumbList\",\"@id\":\"https:\\\/\\\/www.columbus-clean.com\\\/pl\\\/o-nas\\\/#breadcrumb\",\"itemListElement\":[{\"@type\":\"ListItem\",\"position\":1,\"name\":\"Startseite\",\"item\":\"https:\\\/\\\/www.columbus-clean.com\\\/pl\\\/\"},{\"@type\":\"ListItem\",\"position\":2,\"name\":\"O nas\"}]},{\"@type\":\"WebSite\",\"@id\":\"https:\\\/\\\/www.columbus-clean.com\\\/pl\\\/#website\",\"url\":\"https:\\\/\\\/www.columbus-clean.com\\\/pl\\\/\",\"name\":\"columbus Reinigungsmaschinen\",\"description\":\"Reinigungsautomaten und Industriesauger\",\"potentialAction\":[{\"@type\":\"SearchAction\",\"target\":{\"@type\":\"EntryPoint\",\"urlTemplate\":\"https:\\\/\\\/www.columbus-clean.com\\\/pl\\\/?s={search_term_string}\"},\"query-input\":{\"@type\":\"PropertyValueSpecification\",\"valueRequired\":true,\"valueName\":\"search_term_string\"}}],\"inLanguage\":\"pl-PL\"}]}<\/script>\n<!-- \/ Yoast SEO plugin. -->","yoast_head_json":{"title":"O rodzinnej firmie produkuj\u0105cej maszyny czyszcz\u0105ce","description":"Dowiedz si\u0119 wszystkiego, co musisz wiedzie\u0107 o naszych rozwijaj\u0105cych si\u0119 i innowacyjnych rozwi\u0105zaniach czyszcz\u0105cych i systemach zarz\u0105dzania maszynami czyszcz\u0105cymi.","robots":{"index":"index","follow":"follow","max-snippet":"max-snippet:-1","max-image-preview":"max-image-preview:large","max-video-preview":"max-video-preview:-1"},"canonical":"https:\/\/www.columbus-clean.com\/pl\/o-nas\/","og_locale":"pl_PL","og_type":"article","og_title":"O rodzinnej firmie produkuj\u0105cej maszyny czyszcz\u0105ce","og_description":"Dowiedz si\u0119 wszystkiego, co musisz wiedzie\u0107 o naszych rozwijaj\u0105cych si\u0119 i innowacyjnych rozwi\u0105zaniach czyszcz\u0105cych i systemach zarz\u0105dzania maszynami czyszcz\u0105cymi.","og_url":"https:\/\/www.columbus-clean.com\/pl\/o-nas\/","og_site_name":"columbus Reinigungsmaschinen","article_modified_time":"2025-05-15T08:01:26+00:00","twitter_card":"summary_large_image","schema":{"@context":"https:\/\/schema.org","@graph":[{"@type":"WebPage","@id":"https:\/\/www.columbus-clean.com\/pl\/o-nas\/","url":"https:\/\/www.columbus-clean.com\/pl\/o-nas\/","name":"O rodzinnej firmie produkuj\u0105cej maszyny czyszcz\u0105ce","isPartOf":{"@id":"https:\/\/www.columbus-clean.com\/pl\/#website"},"datePublished":"2023-05-15T08:22:26+00:00","dateModified":"2025-05-15T08:01:26+00:00","description":"Dowiedz si\u0119 wszystkiego, co musisz wiedzie\u0107 o naszych rozwijaj\u0105cych si\u0119 i innowacyjnych rozwi\u0105zaniach czyszcz\u0105cych i systemach zarz\u0105dzania maszynami czyszcz\u0105cymi.","breadcrumb":{"@id":"https:\/\/www.columbus-clean.com\/pl\/o-nas\/#breadcrumb"},"inLanguage":"pl-PL","potentialAction":[{"@type":"ReadAction","target":["https:\/\/www.columbus-clean.com\/pl\/o-nas\/"]}]},{"@type":"BreadcrumbList","@id":"https:\/\/www.columbus-clean.com\/pl\/o-nas\/#breadcrumb","itemListElement":[{"@type":"ListItem","position":1,"name":"Startseite","item":"https:\/\/www.columbus-clean.com\/pl\/"},{"@type":"ListItem","position":2,"name":"O nas"}]},{"@type":"WebSite","@id":"https:\/\/www.columbus-clean.com\/pl\/#website","url":"https:\/\/www.columbus-clean.com\/pl\/","name":"columbus Reinigungsmaschinen","description":"Reinigungsautomaten und Industriesauger","potentialAction":[{"@type":"SearchAction","target":{"@type":"EntryPoint","urlTemplate":"https:\/\/www.columbus-clean.com\/pl\/?s={search_term_string}"},"query-input":{"@type":"PropertyValueSpecification","valueRequired":true,"valueName":"search_term_string"}}],"inLanguage":"pl-PL"}]}},"_links":{"self":[{"href":"https:\/\/www.columbus-clean.com\/pl\/wp-json\/wp\/v2\/pages\/103161","targetHints":{"allow":["GET"]}}],"collection":[{"href":"https:\/\/www.columbus-clean.com\/pl\/wp-json\/wp\/v2\/pages"}],"about":[{"href":"https:\/\/www.columbus-clean.com\/pl\/wp-json\/wp\/v2\/types\/page"}],"author":[{"embeddable":true,"href":"https:\/\/www.columbus-clean.com\/pl\/wp-json\/wp\/v2\/users\/33"}],"replies":[{"embeddable":true,"href":"https:\/\/www.columbus-clean.com\/pl\/wp-json\/wp\/v2\/comments?post=103161"}],"version-history":[{"count":0,"href":"https:\/\/www.columbus-clean.com\/pl\/wp-json\/wp\/v2\/pages\/103161\/revisions"}],"wp:attachment":[{"href":"https:\/\/www.columbus-clean.com\/pl\/wp-json\/wp\/v2\/media?parent=103161"}],"curies":[{"name":"wp","href":"https:\/\/api.w.org\/{rel}","templated":true}]}}