{"id":108593,"date":"2023-05-15T13:40:43","date_gmt":"2023-05-15T11:40:43","guid":{"rendered":"https:\/\/www.columbus-clean.com\/?page_id=108593"},"modified":"2025-04-24T11:37:03","modified_gmt":"2025-04-24T09:37:03","slug":"aktualnosci","status":"publish","type":"page","link":"https:\/\/www.columbus-clean.com\/pl\/aktualnosci\/","title":{"rendered":"Aktualno\u015bci"},"content":{"rendered":"<p><div class=\"fusion-fullwidth fullwidth-box fusion-builder-row-1 has-pattern-background has-mask-background fusion-parallax-none nonhundred-percent-fullwidth non-hundred-percent-height-scrolling limited-width-heading head-lenght-short\" style=\"--awb-border-radius-top-left:0px;--awb-border-radius-top-right:0px;--awb-border-radius-bottom-right:0px;--awb-border-radius-bottom-left:0px;--awb-background-color:#e3e8ec;--awb-background-image:url(&quot;https:\/\/www.columbus-clean.com\/wp-content\/uploads\/2019\/03\/news-ab-01-messe-reinigungsmaschinen.jpg&quot;);--awb-background-size:cover;--awb-flex-wrap:wrap;\" id=\"opener\" ><div class=\"fusion-builder-row fusion-row\"><div class=\"fusion-layout-column fusion_builder_column fusion-builder-column-0 fusion_builder_column_1_1 1_1 fusion-one-full fusion-column-first fusion-column-last fusion-column-inner-bg-wrapper\" style=\"--awb-inner-bg-position:center top;--awb-inner-bg-size:cover;\"><span class=\"fusion-column-inner-bg hover-type-zoomin\"><span class=\"fusion-column-anchor\"><span class=\"fusion-column-inner-bg-image\"><\/span><\/span><\/span><div class=\"fusion-column-wrapper fusion-flex-column-wrapper-legacy\"><div class=\"fusion-title title fusion-title-1 fusion-sep-none fusion-title-text fusion-title-size-one\" style=\"--awb-margin-top-small:0px;--awb-margin-right-small:0px;--awb-margin-bottom-small:20px;--awb-margin-left-small:0px;\"><h1 class=\"fusion-title-heading title-heading-left\" style=\"margin:0;\">Naci\u015bnij &amp; Aktualno\u015bci<\/h1><\/div><div class=\"fusion-sep-clear\"><\/div><div class=\"fusion-separator fusion-full-width-sep\" style=\"margin-left: auto;margin-right: auto;margin-bottom:10px;width:100%;\"><\/div><div class=\"fusion-sep-clear\"><\/div><div class=\"fusion-clearfix\"><\/div><\/div><\/div><\/div><\/div><div class=\"fusion-fullwidth fullwidth-box fusion-builder-row-2 nonhundred-percent-fullwidth non-hundred-percent-height-scrolling\" style=\"--awb-border-radius-top-left:0px;--awb-border-radius-top-right:0px;--awb-border-radius-bottom-right:0px;--awb-border-radius-bottom-left:0px;--awb-flex-wrap:wrap;\" id=\"press-news\" ><div class=\"fusion-builder-row fusion-row\"><div class=\"fusion-layout-column fusion_builder_column fusion-builder-column-1 fusion_builder_column_4_5 4_5 fusion-four-fifth fusion-column-first\" style=\"--awb-bg-size:cover;width:80%;width:calc(80% - ( ( 4% ) * 0.8 ) );margin-right: 4%;\"><div class=\"fusion-column-wrapper fusion-flex-column-wrapper-legacy\"><div class=\"fusion-clearfix\"><\/div><\/div><\/div><div class=\"fusion-layout-column fusion_builder_column fusion-builder-column-2 fusion_builder_column_1_5 1_5 fusion-one-fifth fusion-column-last\" style=\"--awb-bg-size:cover;width:20%;width:calc(20% - ( ( 4% ) * 0.2 ) );\"><div class=\"fusion-column-wrapper fusion-flex-column-wrapper-legacy\"><div class=\"fusion-clearfix\"><\/div><\/div><\/div><\/div><\/div><\/p>\n","protected":false},"excerpt":{"rendered":"","protected":false},"author":33,"featured_media":64511,"parent":0,"menu_order":0,"comment_status":"closed","ping_status":"closed","template":"100-width.php","meta":{"footnotes":""},"class_list":["post-108593","page","type-page","status-publish","has-post-thumbnail","hentry"],"yoast_head":"<!-- This site is optimized with the Yoast SEO plugin v27.3 - https:\/\/yoast.com\/product\/yoast-seo-wordpress\/ -->\n<title>Aktualno\u015bci o maszynach czyszcz\u0105cych Columbus<\/title>\n<meta name=\"description\" content=\"Tutaj znajdziesz najnowsze wiadomo\u015bci i aktualizacje dotycz\u0105ce maszyn czyszcz\u0105cych Columbus i profesjonalnych produkt\u00f3w czyszcz\u0105cych.\" \/>\n<meta name=\"robots\" content=\"index, follow, max-snippet:-1, max-image-preview:large, max-video-preview:-1\" \/>\n<link rel=\"canonical\" href=\"https:\/\/www.columbus-clean.com\/pl\/aktualnosci\/\" \/>\n<meta property=\"og:locale\" content=\"pl_PL\" \/>\n<meta property=\"og:type\" content=\"article\" \/>\n<meta property=\"og:title\" content=\"Aktualno\u015bci o maszynach czyszcz\u0105cych Columbus\" \/>\n<meta property=\"og:description\" content=\"Tutaj znajdziesz najnowsze wiadomo\u015bci i aktualizacje dotycz\u0105ce maszyn czyszcz\u0105cych Columbus i profesjonalnych produkt\u00f3w czyszcz\u0105cych.\" \/>\n<meta property=\"og:url\" content=\"https:\/\/www.columbus-clean.com\/pl\/aktualnosci\/\" \/>\n<meta property=\"og:site_name\" content=\"columbus Reinigungsmaschinen\" \/>\n<meta property=\"article:modified_time\" content=\"2025-04-24T09:37:03+00:00\" \/>\n<meta property=\"og:image\" content=\"https:\/\/www.columbus-clean.com\/wp-content\/uploads\/2019\/03\/news-ab-01-messe-reinigungsmaschinen.jpg\" \/>\n\t<meta property=\"og:image:width\" content=\"1920\" \/>\n\t<meta property=\"og:image:height\" content=\"550\" \/>\n\t<meta property=\"og:image:type\" content=\"image\/jpeg\" \/>\n<meta name=\"twitter:card\" content=\"summary_large_image\" \/>\n<meta name=\"twitter:label1\" content=\"Szacowany czas czytania\" \/>\n\t<meta name=\"twitter:data1\" content=\"1 minuta\" \/>\n<script type=\"application\/ld+json\" class=\"yoast-schema-graph\">{\"@context\":\"https:\\\/\\\/schema.org\",\"@graph\":[{\"@type\":\"WebPage\",\"@id\":\"https:\\\/\\\/www.columbus-clean.com\\\/pl\\\/aktualnosci\\\/\",\"url\":\"https:\\\/\\\/www.columbus-clean.com\\\/pl\\\/aktualnosci\\\/\",\"name\":\"Aktualno\u015bci o maszynach czyszcz\u0105cych Columbus\",\"isPartOf\":{\"@id\":\"https:\\\/\\\/www.columbus-clean.com\\\/pl\\\/#website\"},\"primaryImageOfPage\":{\"@id\":\"https:\\\/\\\/www.columbus-clean.com\\\/pl\\\/aktualnosci\\\/#primaryimage\"},\"image\":{\"@id\":\"https:\\\/\\\/www.columbus-clean.com\\\/pl\\\/aktualnosci\\\/#primaryimage\"},\"thumbnailUrl\":\"https:\\\/\\\/www.columbus-clean.com\\\/wp-content\\\/uploads\\\/2019\\\/03\\\/news-ab-01-messe-reinigungsmaschinen.jpg\",\"datePublished\":\"2023-05-15T11:40:43+00:00\",\"dateModified\":\"2025-04-24T09:37:03+00:00\",\"description\":\"Tutaj znajdziesz najnowsze wiadomo\u015bci i aktualizacje dotycz\u0105ce maszyn czyszcz\u0105cych Columbus i profesjonalnych produkt\u00f3w czyszcz\u0105cych.\",\"breadcrumb\":{\"@id\":\"https:\\\/\\\/www.columbus-clean.com\\\/pl\\\/aktualnosci\\\/#breadcrumb\"},\"inLanguage\":\"pl-PL\",\"potentialAction\":[{\"@type\":\"ReadAction\",\"target\":[\"https:\\\/\\\/www.columbus-clean.com\\\/pl\\\/aktualnosci\\\/\"]}]},{\"@type\":\"ImageObject\",\"inLanguage\":\"pl-PL\",\"@id\":\"https:\\\/\\\/www.columbus-clean.com\\\/pl\\\/aktualnosci\\\/#primaryimage\",\"url\":\"https:\\\/\\\/www.columbus-clean.com\\\/wp-content\\\/uploads\\\/2019\\\/03\\\/news-ab-01-messe-reinigungsmaschinen.jpg\",\"contentUrl\":\"https:\\\/\\\/www.columbus-clean.com\\\/wp-content\\\/uploads\\\/2019\\\/03\\\/news-ab-01-messe-reinigungsmaschinen.jpg\",\"width\":1920,\"height\":550},{\"@type\":\"BreadcrumbList\",\"@id\":\"https:\\\/\\\/www.columbus-clean.com\\\/pl\\\/aktualnosci\\\/#breadcrumb\",\"itemListElement\":[{\"@type\":\"ListItem\",\"position\":1,\"name\":\"Startseite\",\"item\":\"https:\\\/\\\/www.columbus-clean.com\\\/pl\\\/\"},{\"@type\":\"ListItem\",\"position\":2,\"name\":\"Aktualno\u015bci\"}]},{\"@type\":\"WebSite\",\"@id\":\"https:\\\/\\\/www.columbus-clean.com\\\/pl\\\/#website\",\"url\":\"https:\\\/\\\/www.columbus-clean.com\\\/pl\\\/\",\"name\":\"columbus Reinigungsmaschinen\",\"description\":\"Reinigungsautomaten und Industriesauger\",\"potentialAction\":[{\"@type\":\"SearchAction\",\"target\":{\"@type\":\"EntryPoint\",\"urlTemplate\":\"https:\\\/\\\/www.columbus-clean.com\\\/pl\\\/?s={search_term_string}\"},\"query-input\":{\"@type\":\"PropertyValueSpecification\",\"valueRequired\":true,\"valueName\":\"search_term_string\"}}],\"inLanguage\":\"pl-PL\"}]}<\/script>\n<!-- \/ Yoast SEO plugin. -->","yoast_head_json":{"title":"Aktualno\u015bci o maszynach czyszcz\u0105cych Columbus","description":"Tutaj znajdziesz najnowsze wiadomo\u015bci i aktualizacje dotycz\u0105ce maszyn czyszcz\u0105cych Columbus i profesjonalnych produkt\u00f3w czyszcz\u0105cych.","robots":{"index":"index","follow":"follow","max-snippet":"max-snippet:-1","max-image-preview":"max-image-preview:large","max-video-preview":"max-video-preview:-1"},"canonical":"https:\/\/www.columbus-clean.com\/pl\/aktualnosci\/","og_locale":"pl_PL","og_type":"article","og_title":"Aktualno\u015bci o maszynach czyszcz\u0105cych Columbus","og_description":"Tutaj znajdziesz najnowsze wiadomo\u015bci i aktualizacje dotycz\u0105ce maszyn czyszcz\u0105cych Columbus i profesjonalnych produkt\u00f3w czyszcz\u0105cych.","og_url":"https:\/\/www.columbus-clean.com\/pl\/aktualnosci\/","og_site_name":"columbus Reinigungsmaschinen","article_modified_time":"2025-04-24T09:37:03+00:00","og_image":[{"width":1920,"height":550,"url":"https:\/\/www.columbus-clean.com\/wp-content\/uploads\/2019\/03\/news-ab-01-messe-reinigungsmaschinen.jpg","type":"image\/jpeg"}],"twitter_card":"summary_large_image","twitter_misc":{"Szacowany czas czytania":"1 minuta"},"schema":{"@context":"https:\/\/schema.org","@graph":[{"@type":"WebPage","@id":"https:\/\/www.columbus-clean.com\/pl\/aktualnosci\/","url":"https:\/\/www.columbus-clean.com\/pl\/aktualnosci\/","name":"Aktualno\u015bci o maszynach czyszcz\u0105cych Columbus","isPartOf":{"@id":"https:\/\/www.columbus-clean.com\/pl\/#website"},"primaryImageOfPage":{"@id":"https:\/\/www.columbus-clean.com\/pl\/aktualnosci\/#primaryimage"},"image":{"@id":"https:\/\/www.columbus-clean.com\/pl\/aktualnosci\/#primaryimage"},"thumbnailUrl":"https:\/\/www.columbus-clean.com\/wp-content\/uploads\/2019\/03\/news-ab-01-messe-reinigungsmaschinen.jpg","datePublished":"2023-05-15T11:40:43+00:00","dateModified":"2025-04-24T09:37:03+00:00","description":"Tutaj znajdziesz najnowsze wiadomo\u015bci i aktualizacje dotycz\u0105ce maszyn czyszcz\u0105cych Columbus i profesjonalnych produkt\u00f3w czyszcz\u0105cych.","breadcrumb":{"@id":"https:\/\/www.columbus-clean.com\/pl\/aktualnosci\/#breadcrumb"},"inLanguage":"pl-PL","potentialAction":[{"@type":"ReadAction","target":["https:\/\/www.columbus-clean.com\/pl\/aktualnosci\/"]}]},{"@type":"ImageObject","inLanguage":"pl-PL","@id":"https:\/\/www.columbus-clean.com\/pl\/aktualnosci\/#primaryimage","url":"https:\/\/www.columbus-clean.com\/wp-content\/uploads\/2019\/03\/news-ab-01-messe-reinigungsmaschinen.jpg","contentUrl":"https:\/\/www.columbus-clean.com\/wp-content\/uploads\/2019\/03\/news-ab-01-messe-reinigungsmaschinen.jpg","width":1920,"height":550},{"@type":"BreadcrumbList","@id":"https:\/\/www.columbus-clean.com\/pl\/aktualnosci\/#breadcrumb","itemListElement":[{"@type":"ListItem","position":1,"name":"Startseite","item":"https:\/\/www.columbus-clean.com\/pl\/"},{"@type":"ListItem","position":2,"name":"Aktualno\u015bci"}]},{"@type":"WebSite","@id":"https:\/\/www.columbus-clean.com\/pl\/#website","url":"https:\/\/www.columbus-clean.com\/pl\/","name":"columbus Reinigungsmaschinen","description":"Reinigungsautomaten und Industriesauger","potentialAction":[{"@type":"SearchAction","target":{"@type":"EntryPoint","urlTemplate":"https:\/\/www.columbus-clean.com\/pl\/?s={search_term_string}"},"query-input":{"@type":"PropertyValueSpecification","valueRequired":true,"valueName":"search_term_string"}}],"inLanguage":"pl-PL"}]}},"_links":{"self":[{"href":"https:\/\/www.columbus-clean.com\/pl\/wp-json\/wp\/v2\/pages\/108593","targetHints":{"allow":["GET"]}}],"collection":[{"href":"https:\/\/www.columbus-clean.com\/pl\/wp-json\/wp\/v2\/pages"}],"about":[{"href":"https:\/\/www.columbus-clean.com\/pl\/wp-json\/wp\/v2\/types\/page"}],"author":[{"embeddable":true,"href":"https:\/\/www.columbus-clean.com\/pl\/wp-json\/wp\/v2\/users\/33"}],"replies":[{"embeddable":true,"href":"https:\/\/www.columbus-clean.com\/pl\/wp-json\/wp\/v2\/comments?post=108593"}],"version-history":[{"count":0,"href":"https:\/\/www.columbus-clean.com\/pl\/wp-json\/wp\/v2\/pages\/108593\/revisions"}],"wp:featuredmedia":[{"embeddable":true,"href":"https:\/\/www.columbus-clean.com\/pl\/wp-json\/wp\/v2\/media\/64511"}],"wp:attachment":[{"href":"https:\/\/www.columbus-clean.com\/pl\/wp-json\/wp\/v2\/media?parent=108593"}],"curies":[{"name":"wp","href":"https:\/\/api.w.org\/{rel}","templated":true}]}}