{"id":151596,"date":"2025-05-27T09:33:10","date_gmt":"2025-05-27T07:33:10","guid":{"rendered":"https:\/\/www.columbus-clean.com\/?page_id=151596"},"modified":"2025-05-27T11:24:59","modified_gmt":"2025-05-27T09:24:59","slug":"filmy-dotyczace-konserwacji","status":"publish","type":"page","link":"https:\/\/www.columbus-clean.com\/pl\/services\/filmy-dotyczace-konserwacji\/","title":{"rendered":"Filmy dotycz\u0105ce konserwacji"},"content":{"rendered":"","protected":false},"excerpt":{"rendered":"","protected":false},"author":33,"featured_media":0,"parent":103147,"menu_order":0,"comment_status":"closed","ping_status":"closed","template":"","meta":{"footnotes":""},"class_list":["post-151596","page","type-page","status-publish","hentry"],"yoast_head":"<!-- This site is optimized with the Yoast SEO plugin v27.3 - https:\/\/yoast.com\/product\/yoast-seo-wordpress\/ -->\n<title>Szybka naprawa i konserwacja sprz\u0119tu czyszcz\u0105cego<\/title>\n<meta name=\"description\" content=\"Jako producent wysokiej jako\u015bci maszyn czyszcz\u0105cych niezawodnie podejmujemy si\u0119 naprawy i konserwacji sprz\u0119tu czyszcz\u0105cego i maszyn czyszcz\u0105cych.\" \/>\n<meta name=\"robots\" content=\"index, follow, max-snippet:-1, max-image-preview:large, max-video-preview:-1\" \/>\n<link rel=\"canonical\" href=\"https:\/\/www.columbus-clean.com\/pl\/services\/filmy-dotyczace-konserwacji\/\" \/>\n<meta property=\"og:locale\" content=\"pl_PL\" \/>\n<meta property=\"og:type\" content=\"article\" \/>\n<meta property=\"og:title\" content=\"Szybka naprawa i konserwacja sprz\u0119tu czyszcz\u0105cego\" \/>\n<meta property=\"og:description\" content=\"Jako producent wysokiej jako\u015bci maszyn czyszcz\u0105cych niezawodnie podejmujemy si\u0119 naprawy i konserwacji sprz\u0119tu czyszcz\u0105cego i maszyn czyszcz\u0105cych.\" \/>\n<meta property=\"og:url\" content=\"https:\/\/www.columbus-clean.com\/pl\/services\/filmy-dotyczace-konserwacji\/\" \/>\n<meta property=\"og:site_name\" content=\"columbus Reinigungsmaschinen\" \/>\n<meta property=\"article:modified_time\" content=\"2025-05-27T09:24:59+00:00\" \/>\n<meta name=\"twitter:card\" content=\"summary_large_image\" \/>\n<script type=\"application\/ld+json\" class=\"yoast-schema-graph\">{\"@context\":\"https:\\\/\\\/schema.org\",\"@graph\":[{\"@type\":\"WebPage\",\"@id\":\"https:\\\/\\\/www.columbus-clean.com\\\/pl\\\/services\\\/filmy-dotyczace-konserwacji\\\/\",\"url\":\"https:\\\/\\\/www.columbus-clean.com\\\/pl\\\/services\\\/filmy-dotyczace-konserwacji\\\/\",\"name\":\"Szybka naprawa i konserwacja sprz\u0119tu czyszcz\u0105cego\",\"isPartOf\":{\"@id\":\"https:\\\/\\\/www.columbus-clean.com\\\/pl\\\/#website\"},\"datePublished\":\"2025-05-27T07:33:10+00:00\",\"dateModified\":\"2025-05-27T09:24:59+00:00\",\"description\":\"Jako producent wysokiej jako\u015bci maszyn czyszcz\u0105cych niezawodnie podejmujemy si\u0119 naprawy i konserwacji sprz\u0119tu czyszcz\u0105cego i maszyn czyszcz\u0105cych.\",\"breadcrumb\":{\"@id\":\"https:\\\/\\\/www.columbus-clean.com\\\/pl\\\/services\\\/filmy-dotyczace-konserwacji\\\/#breadcrumb\"},\"inLanguage\":\"pl-PL\",\"potentialAction\":[{\"@type\":\"ReadAction\",\"target\":[\"https:\\\/\\\/www.columbus-clean.com\\\/pl\\\/services\\\/filmy-dotyczace-konserwacji\\\/\"]}]},{\"@type\":\"BreadcrumbList\",\"@id\":\"https:\\\/\\\/www.columbus-clean.com\\\/pl\\\/services\\\/filmy-dotyczace-konserwacji\\\/#breadcrumb\",\"itemListElement\":[{\"@type\":\"ListItem\",\"position\":1,\"name\":\"Startseite\",\"item\":\"https:\\\/\\\/www.columbus-clean.com\\\/pl\\\/\"},{\"@type\":\"ListItem\",\"position\":2,\"name\":\"Services\",\"item\":\"https:\\\/\\\/www.columbus-clean.com\\\/pl\\\/serwisy\\\/\"},{\"@type\":\"ListItem\",\"position\":3,\"name\":\"Filmy dotycz\u0105ce konserwacji\"}]},{\"@type\":\"WebSite\",\"@id\":\"https:\\\/\\\/www.columbus-clean.com\\\/pl\\\/#website\",\"url\":\"https:\\\/\\\/www.columbus-clean.com\\\/pl\\\/\",\"name\":\"columbus Reinigungsmaschinen\",\"description\":\"Reinigungsautomaten und Industriesauger\",\"potentialAction\":[{\"@type\":\"SearchAction\",\"target\":{\"@type\":\"EntryPoint\",\"urlTemplate\":\"https:\\\/\\\/www.columbus-clean.com\\\/pl\\\/?s={search_term_string}\"},\"query-input\":{\"@type\":\"PropertyValueSpecification\",\"valueRequired\":true,\"valueName\":\"search_term_string\"}}],\"inLanguage\":\"pl-PL\"}]}<\/script>\n<!-- \/ Yoast SEO plugin. -->","yoast_head_json":{"title":"Szybka naprawa i konserwacja sprz\u0119tu czyszcz\u0105cego","description":"Jako producent wysokiej jako\u015bci maszyn czyszcz\u0105cych niezawodnie podejmujemy si\u0119 naprawy i konserwacji sprz\u0119tu czyszcz\u0105cego i maszyn czyszcz\u0105cych.","robots":{"index":"index","follow":"follow","max-snippet":"max-snippet:-1","max-image-preview":"max-image-preview:large","max-video-preview":"max-video-preview:-1"},"canonical":"https:\/\/www.columbus-clean.com\/pl\/services\/filmy-dotyczace-konserwacji\/","og_locale":"pl_PL","og_type":"article","og_title":"Szybka naprawa i konserwacja sprz\u0119tu czyszcz\u0105cego","og_description":"Jako producent wysokiej jako\u015bci maszyn czyszcz\u0105cych niezawodnie podejmujemy si\u0119 naprawy i konserwacji sprz\u0119tu czyszcz\u0105cego i maszyn czyszcz\u0105cych.","og_url":"https:\/\/www.columbus-clean.com\/pl\/services\/filmy-dotyczace-konserwacji\/","og_site_name":"columbus Reinigungsmaschinen","article_modified_time":"2025-05-27T09:24:59+00:00","twitter_card":"summary_large_image","schema":{"@context":"https:\/\/schema.org","@graph":[{"@type":"WebPage","@id":"https:\/\/www.columbus-clean.com\/pl\/services\/filmy-dotyczace-konserwacji\/","url":"https:\/\/www.columbus-clean.com\/pl\/services\/filmy-dotyczace-konserwacji\/","name":"Szybka naprawa i konserwacja sprz\u0119tu czyszcz\u0105cego","isPartOf":{"@id":"https:\/\/www.columbus-clean.com\/pl\/#website"},"datePublished":"2025-05-27T07:33:10+00:00","dateModified":"2025-05-27T09:24:59+00:00","description":"Jako producent wysokiej jako\u015bci maszyn czyszcz\u0105cych niezawodnie podejmujemy si\u0119 naprawy i konserwacji sprz\u0119tu czyszcz\u0105cego i maszyn czyszcz\u0105cych.","breadcrumb":{"@id":"https:\/\/www.columbus-clean.com\/pl\/services\/filmy-dotyczace-konserwacji\/#breadcrumb"},"inLanguage":"pl-PL","potentialAction":[{"@type":"ReadAction","target":["https:\/\/www.columbus-clean.com\/pl\/services\/filmy-dotyczace-konserwacji\/"]}]},{"@type":"BreadcrumbList","@id":"https:\/\/www.columbus-clean.com\/pl\/services\/filmy-dotyczace-konserwacji\/#breadcrumb","itemListElement":[{"@type":"ListItem","position":1,"name":"Startseite","item":"https:\/\/www.columbus-clean.com\/pl\/"},{"@type":"ListItem","position":2,"name":"Services","item":"https:\/\/www.columbus-clean.com\/pl\/serwisy\/"},{"@type":"ListItem","position":3,"name":"Filmy dotycz\u0105ce konserwacji"}]},{"@type":"WebSite","@id":"https:\/\/www.columbus-clean.com\/pl\/#website","url":"https:\/\/www.columbus-clean.com\/pl\/","name":"columbus Reinigungsmaschinen","description":"Reinigungsautomaten und Industriesauger","potentialAction":[{"@type":"SearchAction","target":{"@type":"EntryPoint","urlTemplate":"https:\/\/www.columbus-clean.com\/pl\/?s={search_term_string}"},"query-input":{"@type":"PropertyValueSpecification","valueRequired":true,"valueName":"search_term_string"}}],"inLanguage":"pl-PL"}]}},"_links":{"self":[{"href":"https:\/\/www.columbus-clean.com\/pl\/wp-json\/wp\/v2\/pages\/151596","targetHints":{"allow":["GET"]}}],"collection":[{"href":"https:\/\/www.columbus-clean.com\/pl\/wp-json\/wp\/v2\/pages"}],"about":[{"href":"https:\/\/www.columbus-clean.com\/pl\/wp-json\/wp\/v2\/types\/page"}],"author":[{"embeddable":true,"href":"https:\/\/www.columbus-clean.com\/pl\/wp-json\/wp\/v2\/users\/33"}],"replies":[{"embeddable":true,"href":"https:\/\/www.columbus-clean.com\/pl\/wp-json\/wp\/v2\/comments?post=151596"}],"version-history":[{"count":0,"href":"https:\/\/www.columbus-clean.com\/pl\/wp-json\/wp\/v2\/pages\/151596\/revisions"}],"up":[{"embeddable":true,"href":"https:\/\/www.columbus-clean.com\/pl\/wp-json\/wp\/v2\/pages\/103147"}],"wp:attachment":[{"href":"https:\/\/www.columbus-clean.com\/pl\/wp-json\/wp\/v2\/media?parent=151596"}],"curies":[{"name":"wp","href":"https:\/\/api.w.org\/{rel}","templated":true}]}}