{"id":137099,"date":"2025-03-21T10:01:14","date_gmt":"2025-03-21T09:01:14","guid":{"rendered":"https:\/\/www.columbus-clean.com\/?page_id=137099"},"modified":"2025-04-22T11:51:05","modified_gmt":"2025-04-22T09:51:05","slug":"indirmeler","status":"publish","type":"page","link":"https:\/\/www.columbus-clean.com\/tr\/login\/indirmeler\/","title":{"rendered":"Indirmeler"},"content":{"rendered":"<p><div class=\"fusion-fullwidth fullwidth-box fusion-builder-row-1 fusion-parallax-none nonhundred-percent-fullwidth non-hundred-percent-height-scrolling fusion-equal-height-columns no-subhead head-one-line\" style=\"--awb-border-radius-top-left:0px;--awb-border-radius-top-right:0px;--awb-border-radius-bottom-right:0px;--awb-border-radius-bottom-left:0px;--awb-background-color:#e3e8ec;--awb-background-image:url(&quot;https:\/\/www.columbus-clean.com\/wp-content\/uploads\/2019\/02\/download-ab-01-download-aktuelles.jpg&quot;);--awb-background-size:cover;--awb-flex-wrap:wrap;\" id=\"opener\" ><div class=\"fusion-builder-row fusion-row\"><div class=\"fusion-layout-column fusion_builder_column fusion-builder-column-0 fusion_builder_column_1_1 1_1 fusion-one-full fusion-column-first fusion-column-last fusion-column-inner-bg-wrapper\" style=\"--awb-inner-bg-position:center top;--awb-inner-bg-size:cover;\"><span class=\"fusion-column-inner-bg hover-type-zoomin\"><span class=\"fusion-column-anchor\"><span class=\"fusion-column-inner-bg-image\"><\/span><\/span><\/span><div class=\"fusion-column-wrapper fusion-flex-column-wrapper-legacy\"><div class=\"fusion-column-content-centered\"><div class=\"fusion-column-content\"><div class=\"fusion-title title fusion-title-1 fusion-sep-none fusion-title-text fusion-title-size-one\" style=\"--awb-margin-top-small:0px;--awb-margin-right-small:0px;--awb-margin-bottom-small:20px;--awb-margin-left-small:0px;\"><h1 class=\"fusion-title-heading title-heading-left\" style=\"margin:0;\">Giri\u015f alan\u0131<\/h1><\/div><div class=\"fusion-title title fusion-title-2 fusion-sep-none fusion-title-text fusion-title-size-two\" style=\"--awb-margin-top-small:0px;--awb-margin-right-small:0px;--awb-margin-bottom-small:20px;--awb-margin-left-small:0px;\"><h2 class=\"fusion-title-heading title-heading-left\" style=\"margin:0;\">\u0130ndir &amp; Haberler<\/h2><\/div><\/div><\/div><div class=\"fusion-clearfix\"><\/div><\/div><\/div><\/div><\/div><div class=\"fusion-fullwidth fullwidth-box fusion-builder-row-2 nonhundred-percent-fullwidth non-hundred-percent-height-scrolling\" style=\"--awb-border-radius-top-left:0px;--awb-border-radius-top-right:0px;--awb-border-radius-bottom-right:0px;--awb-border-radius-bottom-left:0px;--awb-padding-top:0px;--awb-padding-bottom:0px;--awb-flex-wrap:wrap;\" id=\"product-nav\" ><div class=\"fusion-builder-row fusion-row\"><div class=\"fusion-layout-column fusion_builder_column fusion-builder-column-1 fusion_builder_column_1_1 1_1 fusion-one-full fusion-column-first fusion-column-last\" style=\"--awb-bg-size:cover;--awb-margin-bottom:0px;\"><div class=\"fusion-column-wrapper fusion-flex-column-wrapper-legacy\"><div class=\"fusion-widget-area awb-widget-area-element fusion-widget-area-1 fusion-content-widget-area fusion-menu\" style=\"--awb-title-size:17px;--awb-title-color:#ff0707;--awb-padding:0px 0px 0px 0px;\"><div id=\"menu-widget-11\" class=\"widget menu\"><style type=\"text\/css\">#menu-widget-11{text-align:left;}#fusion-menu-widget-11 li{display:inline-block;}#fusion-menu-widget-11 ul li a{display:inline-block;padding:0;border:0;color:#707070;font-size:16px;}#fusion-menu-widget-11 ul li a:after{content:\"\";color:#707070;padding-right:0px;padding-left:0px;font-size:16px;}#fusion-menu-widget-11 ul li a:hover,#fusion-menu-widget-11 ul .menu-item.current-menu-item a{color:#000000;}#fusion-menu-widget-11 ul li:last-child a:after{display:none;}#fusion-menu-widget-11 ul li .fusion-widget-cart-number{margin:0 7px;background-color:#000000;color:#707070;}#fusion-menu-widget-11 ul li.fusion-active-cart-icon .fusion-widget-cart-icon:after{color:#000000;}<\/style><nav id=\"fusion-menu-widget-11\" class=\"fusion-widget-menu\" aria-label=\"Secondary Navigation: \"><ul id=\"menu-download-navigation-tr\" class=\"menu\"><li id=\"menu-item-150419\" class=\"scroll-to-downloads-01 menu-item menu-item-type-custom menu-item-object-custom menu-item-150419\"><a href=\"#downloads-01\">Teknoloji<\/a><\/li><li id=\"menu-item-150420\" class=\"scroll-to-downloads-02 menu-item menu-item-type-custom menu-item-object-custom menu-item-150420\"><a href=\"#downloads-02\">Da\u011f\u0131t\u0131m<\/a><\/li><\/ul><\/nav><\/div><div class=\"fusion-additional-widget-content\"><\/div><\/div><div class=\"fusion-clearfix\"><\/div><\/div><\/div><\/div><\/div><div class=\"fusion-fullwidth fullwidth-box fusion-builder-row-3 nonhundred-percent-fullwidth non-hundred-percent-height-scrolling restrict-that-show\" style=\"--awb-border-radius-top-left:0px;--awb-border-radius-top-right:0px;--awb-border-radius-bottom-right:0px;--awb-border-radius-bottom-left:0px;--awb-flex-wrap:wrap;\" ><div class=\"fusion-builder-row fusion-row\"><div class=\"fusion-layout-column fusion_builder_column fusion-builder-column-2 fusion_builder_column_1_1 1_1 fusion-one-full fusion-column-first fusion-column-last\" style=\"--awb-bg-size:cover;\"><div class=\"fusion-column-wrapper fusion-flex-column-wrapper-legacy\">Please login <a href=\"https:\/\/www.columbus-clean.com\/en\/login\/\">here<\/a> to see downloads.e<div class=\"fusion-clearfix\"><\/div><\/div><\/div><\/div><\/div><\/p>\n","protected":false},"excerpt":{"rendered":"","protected":false},"author":1,"featured_media":0,"parent":137096,"menu_order":0,"comment_status":"closed","ping_status":"closed","template":"100-width.php","meta":{"footnotes":""},"class_list":["post-137099","page","type-page","status-publish","hentry"],"yoast_head":"<!-- This site is optimized with the Yoast SEO plugin v27.3 - https:\/\/yoast.com\/product\/yoast-seo-wordpress\/ -->\n<title>\u0130ndirmeler i\u00e7in columbus temizlik makineleri - Teknoloji &amp; Pazarlama<\/title>\n<meta name=\"description\" content=\"Kullan\u0131m k\u0131lavuzlar\u0131n\u0131, yedek par\u00e7a \u00e7izimlerini, sorun giderme k\u0131lavuzlar\u0131n\u0131, \u00fcr\u00fcn bilgilerini ve g\u00fcncel kataloglar\u0131 indirme alan\u0131m\u0131zda bulabilirsiniz.\" \/>\n<meta name=\"robots\" content=\"index, follow, max-snippet:-1, max-image-preview:large, max-video-preview:-1\" \/>\n<link rel=\"canonical\" href=\"https:\/\/www.columbus-clean.com\/tr\/login\/indirmeler\/\" \/>\n<meta property=\"og:locale\" content=\"tr_TR\" \/>\n<meta property=\"og:type\" content=\"article\" \/>\n<meta property=\"og:title\" content=\"\u0130ndirmeler i\u00e7in columbus temizlik makineleri - Teknoloji &amp; Pazarlama\" \/>\n<meta property=\"og:description\" content=\"Kullan\u0131m k\u0131lavuzlar\u0131n\u0131, yedek par\u00e7a \u00e7izimlerini, sorun giderme k\u0131lavuzlar\u0131n\u0131, \u00fcr\u00fcn bilgilerini ve g\u00fcncel kataloglar\u0131 indirme alan\u0131m\u0131zda bulabilirsiniz.\" \/>\n<meta property=\"og:url\" content=\"https:\/\/www.columbus-clean.com\/tr\/login\/indirmeler\/\" \/>\n<meta property=\"og:site_name\" content=\"columbus Reinigungsmaschinen\" \/>\n<meta property=\"article:modified_time\" content=\"2025-04-22T09:51:05+00:00\" \/>\n<meta name=\"twitter:card\" content=\"summary_large_image\" \/>\n<meta name=\"twitter:label1\" content=\"Tahmini okuma s\u00fcresi\" \/>\n\t<meta name=\"twitter:data1\" content=\"3 dakika\" \/>\n<script type=\"application\/ld+json\" class=\"yoast-schema-graph\">{\"@context\":\"https:\\\/\\\/schema.org\",\"@graph\":[{\"@type\":\"WebPage\",\"@id\":\"https:\\\/\\\/www.columbus-clean.com\\\/tr\\\/login\\\/indirmeler\\\/\",\"url\":\"https:\\\/\\\/www.columbus-clean.com\\\/tr\\\/login\\\/indirmeler\\\/\",\"name\":\"\u0130ndirmeler i\u00e7in columbus temizlik makineleri - Teknoloji & Pazarlama\",\"isPartOf\":{\"@id\":\"https:\\\/\\\/www.columbus-clean.com\\\/tr\\\/#website\"},\"datePublished\":\"2025-03-21T09:01:14+00:00\",\"dateModified\":\"2025-04-22T09:51:05+00:00\",\"description\":\"Kullan\u0131m k\u0131lavuzlar\u0131n\u0131, yedek par\u00e7a \u00e7izimlerini, sorun giderme k\u0131lavuzlar\u0131n\u0131, \u00fcr\u00fcn bilgilerini ve g\u00fcncel kataloglar\u0131 indirme alan\u0131m\u0131zda bulabilirsiniz.\",\"breadcrumb\":{\"@id\":\"https:\\\/\\\/www.columbus-clean.com\\\/tr\\\/login\\\/indirmeler\\\/#breadcrumb\"},\"inLanguage\":\"tr\",\"potentialAction\":[{\"@type\":\"ReadAction\",\"target\":[\"https:\\\/\\\/www.columbus-clean.com\\\/tr\\\/login\\\/indirmeler\\\/\"]}]},{\"@type\":\"BreadcrumbList\",\"@id\":\"https:\\\/\\\/www.columbus-clean.com\\\/tr\\\/login\\\/indirmeler\\\/#breadcrumb\",\"itemListElement\":[{\"@type\":\"ListItem\",\"position\":1,\"name\":\"Startseite\",\"item\":\"https:\\\/\\\/www.columbus-clean.com\\\/tr\\\/\"},{\"@type\":\"ListItem\",\"position\":2,\"name\":\"Giri\u015f yap\",\"item\":\"https:\\\/\\\/www.columbus-clean.com\\\/tr\\\/giris-yap\\\/\"},{\"@type\":\"ListItem\",\"position\":3,\"name\":\"Indirmeler\"}]},{\"@type\":\"WebSite\",\"@id\":\"https:\\\/\\\/www.columbus-clean.com\\\/tr\\\/#website\",\"url\":\"https:\\\/\\\/www.columbus-clean.com\\\/tr\\\/\",\"name\":\"columbus Reinigungsmaschinen\",\"description\":\"Reinigungsautomaten und Industriesauger\",\"potentialAction\":[{\"@type\":\"SearchAction\",\"target\":{\"@type\":\"EntryPoint\",\"urlTemplate\":\"https:\\\/\\\/www.columbus-clean.com\\\/tr\\\/?s={search_term_string}\"},\"query-input\":{\"@type\":\"PropertyValueSpecification\",\"valueRequired\":true,\"valueName\":\"search_term_string\"}}],\"inLanguage\":\"tr\"}]}<\/script>\n<!-- \/ Yoast SEO plugin. -->","yoast_head_json":{"title":"\u0130ndirmeler i\u00e7in columbus temizlik makineleri - Teknoloji & Pazarlama","description":"Kullan\u0131m k\u0131lavuzlar\u0131n\u0131, yedek par\u00e7a \u00e7izimlerini, sorun giderme k\u0131lavuzlar\u0131n\u0131, \u00fcr\u00fcn bilgilerini ve g\u00fcncel kataloglar\u0131 indirme alan\u0131m\u0131zda bulabilirsiniz.","robots":{"index":"index","follow":"follow","max-snippet":"max-snippet:-1","max-image-preview":"max-image-preview:large","max-video-preview":"max-video-preview:-1"},"canonical":"https:\/\/www.columbus-clean.com\/tr\/login\/indirmeler\/","og_locale":"tr_TR","og_type":"article","og_title":"\u0130ndirmeler i\u00e7in columbus temizlik makineleri - Teknoloji & Pazarlama","og_description":"Kullan\u0131m k\u0131lavuzlar\u0131n\u0131, yedek par\u00e7a \u00e7izimlerini, sorun giderme k\u0131lavuzlar\u0131n\u0131, \u00fcr\u00fcn bilgilerini ve g\u00fcncel kataloglar\u0131 indirme alan\u0131m\u0131zda bulabilirsiniz.","og_url":"https:\/\/www.columbus-clean.com\/tr\/login\/indirmeler\/","og_site_name":"columbus Reinigungsmaschinen","article_modified_time":"2025-04-22T09:51:05+00:00","twitter_card":"summary_large_image","twitter_misc":{"Tahmini okuma s\u00fcresi":"3 dakika"},"schema":{"@context":"https:\/\/schema.org","@graph":[{"@type":"WebPage","@id":"https:\/\/www.columbus-clean.com\/tr\/login\/indirmeler\/","url":"https:\/\/www.columbus-clean.com\/tr\/login\/indirmeler\/","name":"\u0130ndirmeler i\u00e7in columbus temizlik makineleri - Teknoloji & Pazarlama","isPartOf":{"@id":"https:\/\/www.columbus-clean.com\/tr\/#website"},"datePublished":"2025-03-21T09:01:14+00:00","dateModified":"2025-04-22T09:51:05+00:00","description":"Kullan\u0131m k\u0131lavuzlar\u0131n\u0131, yedek par\u00e7a \u00e7izimlerini, sorun giderme k\u0131lavuzlar\u0131n\u0131, \u00fcr\u00fcn bilgilerini ve g\u00fcncel kataloglar\u0131 indirme alan\u0131m\u0131zda bulabilirsiniz.","breadcrumb":{"@id":"https:\/\/www.columbus-clean.com\/tr\/login\/indirmeler\/#breadcrumb"},"inLanguage":"tr","potentialAction":[{"@type":"ReadAction","target":["https:\/\/www.columbus-clean.com\/tr\/login\/indirmeler\/"]}]},{"@type":"BreadcrumbList","@id":"https:\/\/www.columbus-clean.com\/tr\/login\/indirmeler\/#breadcrumb","itemListElement":[{"@type":"ListItem","position":1,"name":"Startseite","item":"https:\/\/www.columbus-clean.com\/tr\/"},{"@type":"ListItem","position":2,"name":"Giri\u015f yap","item":"https:\/\/www.columbus-clean.com\/tr\/giris-yap\/"},{"@type":"ListItem","position":3,"name":"Indirmeler"}]},{"@type":"WebSite","@id":"https:\/\/www.columbus-clean.com\/tr\/#website","url":"https:\/\/www.columbus-clean.com\/tr\/","name":"columbus Reinigungsmaschinen","description":"Reinigungsautomaten und Industriesauger","potentialAction":[{"@type":"SearchAction","target":{"@type":"EntryPoint","urlTemplate":"https:\/\/www.columbus-clean.com\/tr\/?s={search_term_string}"},"query-input":{"@type":"PropertyValueSpecification","valueRequired":true,"valueName":"search_term_string"}}],"inLanguage":"tr"}]}},"_links":{"self":[{"href":"https:\/\/www.columbus-clean.com\/tr\/wp-json\/wp\/v2\/pages\/137099","targetHints":{"allow":["GET"]}}],"collection":[{"href":"https:\/\/www.columbus-clean.com\/tr\/wp-json\/wp\/v2\/pages"}],"about":[{"href":"https:\/\/www.columbus-clean.com\/tr\/wp-json\/wp\/v2\/types\/page"}],"author":[{"embeddable":true,"href":"https:\/\/www.columbus-clean.com\/tr\/wp-json\/wp\/v2\/users\/1"}],"replies":[{"embeddable":true,"href":"https:\/\/www.columbus-clean.com\/tr\/wp-json\/wp\/v2\/comments?post=137099"}],"version-history":[{"count":0,"href":"https:\/\/www.columbus-clean.com\/tr\/wp-json\/wp\/v2\/pages\/137099\/revisions"}],"up":[{"embeddable":true,"href":"https:\/\/www.columbus-clean.com\/tr\/wp-json\/wp\/v2\/pages\/137096"}],"wp:attachment":[{"href":"https:\/\/www.columbus-clean.com\/tr\/wp-json\/wp\/v2\/media?parent=137099"}],"curies":[{"name":"wp","href":"https:\/\/api.w.org\/{rel}","templated":true}]}}