{"id":137337,"date":"2025-03-21T10:01:07","date_gmt":"2025-03-21T09:01:07","guid":{"rendered":"https:\/\/www.columbus-clean.com\/?page_id=137337"},"modified":"2025-04-24T11:16:34","modified_gmt":"2025-04-24T09:16:34","slug":"basarili-kayit","status":"publish","type":"page","link":"https:\/\/www.columbus-clean.com\/tr\/giris-yap\/basarili-kayit\/","title":{"rendered":"Ba\u015far\u0131l\u0131 kay\u0131t"},"content":{"rendered":"<div class=\"fusion-fullwidth fullwidth-box fusion-builder-row-1 nonhundred-percent-fullwidth non-hundred-percent-height-scrolling\" style=\"--awb-border-radius-top-left:0px;--awb-border-radius-top-right:0px;--awb-border-radius-bottom-right:0px;--awb-border-radius-bottom-left:0px;--awb-padding-top:80px;--awb-padding-bottom:80px;--awb-background-color:#f1f2f4;--awb-flex-wrap:wrap;\" ><div class=\"fusion-builder-row fusion-row\"><div class=\"fusion-layout-column fusion_builder_column fusion-builder-column-0 fusion_builder_column_1_4 1_4 fusion-one-fourth fusion-column-first\" style=\"--awb-bg-size:cover;width:25%;width:calc(25% - ( ( 4% + 4% ) * 0.25 ) );margin-right: 4%;\"><div class=\"fusion-column-wrapper fusion-flex-column-wrapper-legacy\"><div class=\"fusion-clearfix\"><\/div><\/div><\/div><div class=\"fusion-layout-column fusion_builder_column fusion-builder-column-1 fusion_builder_column_1_2 1_2 fusion-one-half\" style=\"--awb-padding-top:25px;--awb-padding-right:25px;--awb-padding-bottom:25px;--awb-padding-left:25px;--awb-bg-color:#ffffff;--awb-bg-color-hover:#ffffff;--awb-bg-size:cover;width:50%;width:calc(50% - ( ( 4% + 4% ) * 0.5 ) );margin-right: 4%;\"><div class=\"fusion-column-wrapper fusion-flex-column-wrapper-legacy\"><div class=\"fusion-title title fusion-title-1 fusion-sep-none fusion-title-text fusion-title-size-six\" style=\"--awb-margin-bottom:15px;--awb-margin-top-small:0px;--awb-margin-right-small:0px;--awb-margin-bottom-small:20px;--awb-margin-left-small:0px;\"><h6 class=\"fusion-title-heading title-heading-left\" style=\"margin:0;\">Tebrikler!<\/h6><\/div><div class=\"fusion-text fusion-text-1\"><p>Kayd\u0131n\u0131z\u0131 ald\u0131k. Kayd\u0131n\u0131z\u0131 kontrol edece\u011fiz ve \u00f6n\u00fcm\u00fczdeki 48 saat i\u00e7inde size geri d\u00f6nece\u011fiz.<\/p>\n<\/div><div class=\"fusion-button-wrapper\"><a class=\"fusion-button button-flat fusion-button-default-size button-default fusion-button-default button-1 fusion-button-default-span fusion-button-default-type\" target=\"_self\" href=\"https:\/\/www.columbus-clean.com\/tr\/\"><span class=\"fusion-button-text awb-button__text awb-button__text--default\">ana sayfaya<\/span><\/a><\/div><div class=\"fusion-clearfix\"><\/div><\/div><\/div><div class=\"fusion-layout-column fusion_builder_column fusion-builder-column-2 fusion_builder_column_1_4 1_4 fusion-one-fourth fusion-column-last\" style=\"--awb-bg-size:cover;width:25%;width:calc(25% - ( ( 4% + 4% ) * 0.25 ) );\"><div class=\"fusion-column-wrapper fusion-flex-column-wrapper-legacy\"><div class=\"fusion-clearfix\"><\/div><\/div><\/div><\/div><\/div>\n","protected":false},"excerpt":{"rendered":"","protected":false},"author":1,"featured_media":0,"parent":137096,"menu_order":0,"comment_status":"closed","ping_status":"closed","template":"100-width.php","meta":{"footnotes":""},"class_list":["post-137337","page","type-page","status-publish","hentry"],"yoast_head":"<!-- This site is optimized with the Yoast SEO plugin v27.3 - https:\/\/yoast.com\/product\/yoast-seo-wordpress\/ -->\n<title>columbus temizlik makineleri ile ba\u015far\u0131l\u0131 kay\u0131t<\/title>\n<meta name=\"description\" content=\"columbus temizlik makineleri ba\u015far\u0131l\u0131 bir \u015fekilde kaydolman\u0131z, size hizmet ve pazarlama indirmelerimize \u00f6zel eri\u015fim sa\u011flar.\" \/>\n<meta name=\"robots\" content=\"index, follow, max-snippet:-1, max-image-preview:large, max-video-preview:-1\" \/>\n<link rel=\"canonical\" href=\"https:\/\/www.columbus-clean.com\/tr\/giris-yap\/basarili-kayit\/\" \/>\n<meta property=\"og:locale\" content=\"tr_TR\" \/>\n<meta property=\"og:type\" content=\"article\" \/>\n<meta property=\"og:title\" content=\"columbus temizlik makineleri ile ba\u015far\u0131l\u0131 kay\u0131t\" \/>\n<meta property=\"og:description\" content=\"columbus temizlik makineleri ba\u015far\u0131l\u0131 bir \u015fekilde kaydolman\u0131z, size hizmet ve pazarlama indirmelerimize \u00f6zel eri\u015fim sa\u011flar.\" \/>\n<meta property=\"og:url\" content=\"https:\/\/www.columbus-clean.com\/tr\/giris-yap\/basarili-kayit\/\" \/>\n<meta property=\"og:site_name\" content=\"columbus Reinigungsmaschinen\" \/>\n<meta property=\"article:modified_time\" content=\"2025-04-24T09:16:34+00:00\" \/>\n<meta name=\"twitter:card\" content=\"summary_large_image\" \/>\n<meta name=\"twitter:label1\" content=\"Tahmini okuma s\u00fcresi\" \/>\n\t<meta name=\"twitter:data1\" content=\"1 dakika\" \/>\n<script type=\"application\/ld+json\" class=\"yoast-schema-graph\">{\"@context\":\"https:\\\/\\\/schema.org\",\"@graph\":[{\"@type\":\"WebPage\",\"@id\":\"https:\\\/\\\/www.columbus-clean.com\\\/tr\\\/giris-yap\\\/basarili-kayit\\\/\",\"url\":\"https:\\\/\\\/www.columbus-clean.com\\\/tr\\\/giris-yap\\\/basarili-kayit\\\/\",\"name\":\"columbus temizlik makineleri ile ba\u015far\u0131l\u0131 kay\u0131t\",\"isPartOf\":{\"@id\":\"https:\\\/\\\/www.columbus-clean.com\\\/tr\\\/#website\"},\"datePublished\":\"2025-03-21T09:01:07+00:00\",\"dateModified\":\"2025-04-24T09:16:34+00:00\",\"description\":\"columbus temizlik makineleri ba\u015far\u0131l\u0131 bir \u015fekilde kaydolman\u0131z, size hizmet ve pazarlama indirmelerimize \u00f6zel eri\u015fim sa\u011flar.\",\"breadcrumb\":{\"@id\":\"https:\\\/\\\/www.columbus-clean.com\\\/tr\\\/giris-yap\\\/basarili-kayit\\\/#breadcrumb\"},\"inLanguage\":\"tr\",\"potentialAction\":[{\"@type\":\"ReadAction\",\"target\":[\"https:\\\/\\\/www.columbus-clean.com\\\/tr\\\/giris-yap\\\/basarili-kayit\\\/\"]}]},{\"@type\":\"BreadcrumbList\",\"@id\":\"https:\\\/\\\/www.columbus-clean.com\\\/tr\\\/giris-yap\\\/basarili-kayit\\\/#breadcrumb\",\"itemListElement\":[{\"@type\":\"ListItem\",\"position\":1,\"name\":\"Startseite\",\"item\":\"https:\\\/\\\/www.columbus-clean.com\\\/tr\\\/\"},{\"@type\":\"ListItem\",\"position\":2,\"name\":\"Giri\u015f yap\",\"item\":\"https:\\\/\\\/www.columbus-clean.com\\\/tr\\\/giris-yap\\\/\"},{\"@type\":\"ListItem\",\"position\":3,\"name\":\"Ba\u015far\u0131l\u0131 kay\u0131t\"}]},{\"@type\":\"WebSite\",\"@id\":\"https:\\\/\\\/www.columbus-clean.com\\\/tr\\\/#website\",\"url\":\"https:\\\/\\\/www.columbus-clean.com\\\/tr\\\/\",\"name\":\"columbus Reinigungsmaschinen\",\"description\":\"Reinigungsautomaten und Industriesauger\",\"potentialAction\":[{\"@type\":\"SearchAction\",\"target\":{\"@type\":\"EntryPoint\",\"urlTemplate\":\"https:\\\/\\\/www.columbus-clean.com\\\/tr\\\/?s={search_term_string}\"},\"query-input\":{\"@type\":\"PropertyValueSpecification\",\"valueRequired\":true,\"valueName\":\"search_term_string\"}}],\"inLanguage\":\"tr\"}]}<\/script>\n<!-- \/ Yoast SEO plugin. -->","yoast_head_json":{"title":"columbus temizlik makineleri ile ba\u015far\u0131l\u0131 kay\u0131t","description":"columbus temizlik makineleri ba\u015far\u0131l\u0131 bir \u015fekilde kaydolman\u0131z, size hizmet ve pazarlama indirmelerimize \u00f6zel eri\u015fim sa\u011flar.","robots":{"index":"index","follow":"follow","max-snippet":"max-snippet:-1","max-image-preview":"max-image-preview:large","max-video-preview":"max-video-preview:-1"},"canonical":"https:\/\/www.columbus-clean.com\/tr\/giris-yap\/basarili-kayit\/","og_locale":"tr_TR","og_type":"article","og_title":"columbus temizlik makineleri ile ba\u015far\u0131l\u0131 kay\u0131t","og_description":"columbus temizlik makineleri ba\u015far\u0131l\u0131 bir \u015fekilde kaydolman\u0131z, size hizmet ve pazarlama indirmelerimize \u00f6zel eri\u015fim sa\u011flar.","og_url":"https:\/\/www.columbus-clean.com\/tr\/giris-yap\/basarili-kayit\/","og_site_name":"columbus Reinigungsmaschinen","article_modified_time":"2025-04-24T09:16:34+00:00","twitter_card":"summary_large_image","twitter_misc":{"Tahmini okuma s\u00fcresi":"1 dakika"},"schema":{"@context":"https:\/\/schema.org","@graph":[{"@type":"WebPage","@id":"https:\/\/www.columbus-clean.com\/tr\/giris-yap\/basarili-kayit\/","url":"https:\/\/www.columbus-clean.com\/tr\/giris-yap\/basarili-kayit\/","name":"columbus temizlik makineleri ile ba\u015far\u0131l\u0131 kay\u0131t","isPartOf":{"@id":"https:\/\/www.columbus-clean.com\/tr\/#website"},"datePublished":"2025-03-21T09:01:07+00:00","dateModified":"2025-04-24T09:16:34+00:00","description":"columbus temizlik makineleri ba\u015far\u0131l\u0131 bir \u015fekilde kaydolman\u0131z, size hizmet ve pazarlama indirmelerimize \u00f6zel eri\u015fim sa\u011flar.","breadcrumb":{"@id":"https:\/\/www.columbus-clean.com\/tr\/giris-yap\/basarili-kayit\/#breadcrumb"},"inLanguage":"tr","potentialAction":[{"@type":"ReadAction","target":["https:\/\/www.columbus-clean.com\/tr\/giris-yap\/basarili-kayit\/"]}]},{"@type":"BreadcrumbList","@id":"https:\/\/www.columbus-clean.com\/tr\/giris-yap\/basarili-kayit\/#breadcrumb","itemListElement":[{"@type":"ListItem","position":1,"name":"Startseite","item":"https:\/\/www.columbus-clean.com\/tr\/"},{"@type":"ListItem","position":2,"name":"Giri\u015f yap","item":"https:\/\/www.columbus-clean.com\/tr\/giris-yap\/"},{"@type":"ListItem","position":3,"name":"Ba\u015far\u0131l\u0131 kay\u0131t"}]},{"@type":"WebSite","@id":"https:\/\/www.columbus-clean.com\/tr\/#website","url":"https:\/\/www.columbus-clean.com\/tr\/","name":"columbus Reinigungsmaschinen","description":"Reinigungsautomaten und Industriesauger","potentialAction":[{"@type":"SearchAction","target":{"@type":"EntryPoint","urlTemplate":"https:\/\/www.columbus-clean.com\/tr\/?s={search_term_string}"},"query-input":{"@type":"PropertyValueSpecification","valueRequired":true,"valueName":"search_term_string"}}],"inLanguage":"tr"}]}},"_links":{"self":[{"href":"https:\/\/www.columbus-clean.com\/tr\/wp-json\/wp\/v2\/pages\/137337","targetHints":{"allow":["GET"]}}],"collection":[{"href":"https:\/\/www.columbus-clean.com\/tr\/wp-json\/wp\/v2\/pages"}],"about":[{"href":"https:\/\/www.columbus-clean.com\/tr\/wp-json\/wp\/v2\/types\/page"}],"author":[{"embeddable":true,"href":"https:\/\/www.columbus-clean.com\/tr\/wp-json\/wp\/v2\/users\/1"}],"replies":[{"embeddable":true,"href":"https:\/\/www.columbus-clean.com\/tr\/wp-json\/wp\/v2\/comments?post=137337"}],"version-history":[{"count":0,"href":"https:\/\/www.columbus-clean.com\/tr\/wp-json\/wp\/v2\/pages\/137337\/revisions"}],"up":[{"embeddable":true,"href":"https:\/\/www.columbus-clean.com\/tr\/wp-json\/wp\/v2\/pages\/137096"}],"wp:attachment":[{"href":"https:\/\/www.columbus-clean.com\/tr\/wp-json\/wp\/v2\/media?parent=137337"}],"curies":[{"name":"wp","href":"https:\/\/api.w.org\/{rel}","templated":true}]}}