{"id":137457,"date":"2025-03-17T10:57:53","date_gmt":"2025-03-17T09:57:53","guid":{"rendered":"https:\/\/www.columbus-clean.com\/?page_id=137457"},"modified":"2025-04-16T11:51:56","modified_gmt":"2025-04-16T09:51:56","slug":"enduestriler","status":"publish","type":"page","link":"https:\/\/www.columbus-clean.com\/tr\/enduestriler\/","title":{"rendered":"End\u00fcstriler"},"content":{"rendered":"","protected":false},"excerpt":{"rendered":"","protected":false},"author":33,"featured_media":0,"parent":0,"menu_order":0,"comment_status":"closed","ping_status":"closed","template":"","meta":{"footnotes":""},"class_list":["post-137457","page","type-page","status-publish","hentry"],"yoast_head":"<!-- This site is optimized with the Yoast SEO plugin v27.3 - https:\/\/yoast.com\/product\/yoast-seo-wordpress\/ -->\n<title>T\u00fcm end\u00fcstriler i\u00e7in temizlik \u00e7\u00f6z\u00fcmleri - columbus<\/title>\n<meta name=\"description\" content=\"Kapsaml\u0131 ve \u00e7e\u015fitli columbus temizlik makineleri yelpazesi, her end\u00fcstri ve her uygulama alan\u0131 i\u00e7in m\u00fckemmel bir \u00e7\u00f6z\u00fcm sunar.\" \/>\n<meta name=\"robots\" content=\"index, follow, max-snippet:-1, max-image-preview:large, max-video-preview:-1\" \/>\n<link rel=\"canonical\" href=\"https:\/\/www.columbus-clean.com\/tr\/enduestriler\/\" \/>\n<meta property=\"og:locale\" content=\"tr_TR\" \/>\n<meta property=\"og:type\" content=\"article\" \/>\n<meta property=\"og:title\" content=\"T\u00fcm end\u00fcstriler i\u00e7in temizlik \u00e7\u00f6z\u00fcmleri - columbus\" \/>\n<meta property=\"og:description\" content=\"Kapsaml\u0131 ve \u00e7e\u015fitli columbus temizlik makineleri yelpazesi, her end\u00fcstri ve her uygulama alan\u0131 i\u00e7in m\u00fckemmel bir \u00e7\u00f6z\u00fcm sunar.\" \/>\n<meta property=\"og:url\" content=\"https:\/\/www.columbus-clean.com\/tr\/enduestriler\/\" \/>\n<meta property=\"og:site_name\" content=\"columbus Reinigungsmaschinen\" \/>\n<meta property=\"article:modified_time\" content=\"2025-04-16T09:51:56+00:00\" \/>\n<meta name=\"twitter:card\" content=\"summary_large_image\" \/>\n<script type=\"application\/ld+json\" class=\"yoast-schema-graph\">{\"@context\":\"https:\\\/\\\/schema.org\",\"@graph\":[{\"@type\":\"WebPage\",\"@id\":\"https:\\\/\\\/www.columbus-clean.com\\\/tr\\\/enduestriler\\\/\",\"url\":\"https:\\\/\\\/www.columbus-clean.com\\\/tr\\\/enduestriler\\\/\",\"name\":\"T\u00fcm end\u00fcstriler i\u00e7in temizlik \u00e7\u00f6z\u00fcmleri - columbus\",\"isPartOf\":{\"@id\":\"https:\\\/\\\/www.columbus-clean.com\\\/tr\\\/#website\"},\"datePublished\":\"2025-03-17T09:57:53+00:00\",\"dateModified\":\"2025-04-16T09:51:56+00:00\",\"description\":\"Kapsaml\u0131 ve \u00e7e\u015fitli columbus temizlik makineleri yelpazesi, her end\u00fcstri ve her uygulama alan\u0131 i\u00e7in m\u00fckemmel bir \u00e7\u00f6z\u00fcm sunar.\",\"breadcrumb\":{\"@id\":\"https:\\\/\\\/www.columbus-clean.com\\\/tr\\\/enduestriler\\\/#breadcrumb\"},\"inLanguage\":\"tr\",\"potentialAction\":[{\"@type\":\"ReadAction\",\"target\":[\"https:\\\/\\\/www.columbus-clean.com\\\/tr\\\/enduestriler\\\/\"]}]},{\"@type\":\"BreadcrumbList\",\"@id\":\"https:\\\/\\\/www.columbus-clean.com\\\/tr\\\/enduestriler\\\/#breadcrumb\",\"itemListElement\":[{\"@type\":\"ListItem\",\"position\":1,\"name\":\"Startseite\",\"item\":\"https:\\\/\\\/www.columbus-clean.com\\\/tr\\\/\"},{\"@type\":\"ListItem\",\"position\":2,\"name\":\"End\u00fcstriler\"}]},{\"@type\":\"WebSite\",\"@id\":\"https:\\\/\\\/www.columbus-clean.com\\\/tr\\\/#website\",\"url\":\"https:\\\/\\\/www.columbus-clean.com\\\/tr\\\/\",\"name\":\"columbus Reinigungsmaschinen\",\"description\":\"Reinigungsautomaten und Industriesauger\",\"potentialAction\":[{\"@type\":\"SearchAction\",\"target\":{\"@type\":\"EntryPoint\",\"urlTemplate\":\"https:\\\/\\\/www.columbus-clean.com\\\/tr\\\/?s={search_term_string}\"},\"query-input\":{\"@type\":\"PropertyValueSpecification\",\"valueRequired\":true,\"valueName\":\"search_term_string\"}}],\"inLanguage\":\"tr\"}]}<\/script>\n<!-- \/ Yoast SEO plugin. -->","yoast_head_json":{"title":"T\u00fcm end\u00fcstriler i\u00e7in temizlik \u00e7\u00f6z\u00fcmleri - columbus","description":"Kapsaml\u0131 ve \u00e7e\u015fitli columbus temizlik makineleri yelpazesi, her end\u00fcstri ve her uygulama alan\u0131 i\u00e7in m\u00fckemmel bir \u00e7\u00f6z\u00fcm sunar.","robots":{"index":"index","follow":"follow","max-snippet":"max-snippet:-1","max-image-preview":"max-image-preview:large","max-video-preview":"max-video-preview:-1"},"canonical":"https:\/\/www.columbus-clean.com\/tr\/enduestriler\/","og_locale":"tr_TR","og_type":"article","og_title":"T\u00fcm end\u00fcstriler i\u00e7in temizlik \u00e7\u00f6z\u00fcmleri - columbus","og_description":"Kapsaml\u0131 ve \u00e7e\u015fitli columbus temizlik makineleri yelpazesi, her end\u00fcstri ve her uygulama alan\u0131 i\u00e7in m\u00fckemmel bir \u00e7\u00f6z\u00fcm sunar.","og_url":"https:\/\/www.columbus-clean.com\/tr\/enduestriler\/","og_site_name":"columbus Reinigungsmaschinen","article_modified_time":"2025-04-16T09:51:56+00:00","twitter_card":"summary_large_image","schema":{"@context":"https:\/\/schema.org","@graph":[{"@type":"WebPage","@id":"https:\/\/www.columbus-clean.com\/tr\/enduestriler\/","url":"https:\/\/www.columbus-clean.com\/tr\/enduestriler\/","name":"T\u00fcm end\u00fcstriler i\u00e7in temizlik \u00e7\u00f6z\u00fcmleri - columbus","isPartOf":{"@id":"https:\/\/www.columbus-clean.com\/tr\/#website"},"datePublished":"2025-03-17T09:57:53+00:00","dateModified":"2025-04-16T09:51:56+00:00","description":"Kapsaml\u0131 ve \u00e7e\u015fitli columbus temizlik makineleri yelpazesi, her end\u00fcstri ve her uygulama alan\u0131 i\u00e7in m\u00fckemmel bir \u00e7\u00f6z\u00fcm sunar.","breadcrumb":{"@id":"https:\/\/www.columbus-clean.com\/tr\/enduestriler\/#breadcrumb"},"inLanguage":"tr","potentialAction":[{"@type":"ReadAction","target":["https:\/\/www.columbus-clean.com\/tr\/enduestriler\/"]}]},{"@type":"BreadcrumbList","@id":"https:\/\/www.columbus-clean.com\/tr\/enduestriler\/#breadcrumb","itemListElement":[{"@type":"ListItem","position":1,"name":"Startseite","item":"https:\/\/www.columbus-clean.com\/tr\/"},{"@type":"ListItem","position":2,"name":"End\u00fcstriler"}]},{"@type":"WebSite","@id":"https:\/\/www.columbus-clean.com\/tr\/#website","url":"https:\/\/www.columbus-clean.com\/tr\/","name":"columbus Reinigungsmaschinen","description":"Reinigungsautomaten und Industriesauger","potentialAction":[{"@type":"SearchAction","target":{"@type":"EntryPoint","urlTemplate":"https:\/\/www.columbus-clean.com\/tr\/?s={search_term_string}"},"query-input":{"@type":"PropertyValueSpecification","valueRequired":true,"valueName":"search_term_string"}}],"inLanguage":"tr"}]}},"_links":{"self":[{"href":"https:\/\/www.columbus-clean.com\/tr\/wp-json\/wp\/v2\/pages\/137457","targetHints":{"allow":["GET"]}}],"collection":[{"href":"https:\/\/www.columbus-clean.com\/tr\/wp-json\/wp\/v2\/pages"}],"about":[{"href":"https:\/\/www.columbus-clean.com\/tr\/wp-json\/wp\/v2\/types\/page"}],"author":[{"embeddable":true,"href":"https:\/\/www.columbus-clean.com\/tr\/wp-json\/wp\/v2\/users\/33"}],"replies":[{"embeddable":true,"href":"https:\/\/www.columbus-clean.com\/tr\/wp-json\/wp\/v2\/comments?post=137457"}],"version-history":[{"count":0,"href":"https:\/\/www.columbus-clean.com\/tr\/wp-json\/wp\/v2\/pages\/137457\/revisions"}],"wp:attachment":[{"href":"https:\/\/www.columbus-clean.com\/tr\/wp-json\/wp\/v2\/media?parent=137457"}],"curies":[{"name":"wp","href":"https:\/\/api.w.org\/{rel}","templated":true}]}}