{"id":140452,"date":"2025-01-15T09:40:12","date_gmt":"2025-01-15T08:40:12","guid":{"rendered":"https:\/\/www.columbus-clean.com\/?page_id=140452"},"modified":"2025-05-15T10:01:30","modified_gmt":"2025-05-15T08:01:30","slug":"hakkimizda","status":"publish","type":"page","link":"https:\/\/www.columbus-clean.com\/tr\/hakkimizda\/","title":{"rendered":"Hakkimizda"},"content":{"rendered":"","protected":false},"excerpt":{"rendered":"","protected":false},"author":33,"featured_media":0,"parent":0,"menu_order":0,"comment_status":"closed","ping_status":"closed","template":"","meta":{"footnotes":""},"class_list":["post-140452","page","type-page","status-publish","hentry"],"yoast_head":"<!-- This site is optimized with the Yoast SEO plugin v27.3 - https:\/\/yoast.com\/product\/yoast-seo-wordpress\/ -->\n<title>Aile taraf\u0131ndan i\u015fletilen temizlik makinesi \u015firketi hakk\u0131nda<\/title>\n<meta name=\"description\" content=\"Temizlik makineleri i\u00e7in geni\u015fleyen ve yenilik\u00e7i temizlik \u00e7\u00f6z\u00fcmlerimiz ve y\u00f6netim sistemlerimiz hakk\u0131nda bilmeniz gereken her \u015feyi \u00f6\u011frenin.\" \/>\n<meta name=\"robots\" content=\"index, follow, max-snippet:-1, max-image-preview:large, max-video-preview:-1\" \/>\n<link rel=\"canonical\" href=\"https:\/\/www.columbus-clean.com\/tr\/hakkimizda\/\" \/>\n<meta property=\"og:locale\" content=\"tr_TR\" \/>\n<meta property=\"og:type\" content=\"article\" \/>\n<meta property=\"og:title\" content=\"Aile taraf\u0131ndan i\u015fletilen temizlik makinesi \u015firketi hakk\u0131nda\" \/>\n<meta property=\"og:description\" content=\"Temizlik makineleri i\u00e7in geni\u015fleyen ve yenilik\u00e7i temizlik \u00e7\u00f6z\u00fcmlerimiz ve y\u00f6netim sistemlerimiz hakk\u0131nda bilmeniz gereken her \u015feyi \u00f6\u011frenin.\" \/>\n<meta property=\"og:url\" content=\"https:\/\/www.columbus-clean.com\/tr\/hakkimizda\/\" \/>\n<meta property=\"og:site_name\" content=\"columbus Reinigungsmaschinen\" \/>\n<meta property=\"article:modified_time\" content=\"2025-05-15T08:01:30+00:00\" \/>\n<meta name=\"twitter:card\" content=\"summary_large_image\" \/>\n<script type=\"application\/ld+json\" class=\"yoast-schema-graph\">{\"@context\":\"https:\\\/\\\/schema.org\",\"@graph\":[{\"@type\":\"WebPage\",\"@id\":\"https:\\\/\\\/www.columbus-clean.com\\\/tr\\\/hakkimizda\\\/\",\"url\":\"https:\\\/\\\/www.columbus-clean.com\\\/tr\\\/hakkimizda\\\/\",\"name\":\"Aile taraf\u0131ndan i\u015fletilen temizlik makinesi \u015firketi hakk\u0131nda\",\"isPartOf\":{\"@id\":\"https:\\\/\\\/www.columbus-clean.com\\\/tr\\\/#website\"},\"datePublished\":\"2025-01-15T08:40:12+00:00\",\"dateModified\":\"2025-05-15T08:01:30+00:00\",\"description\":\"Temizlik makineleri i\u00e7in geni\u015fleyen ve yenilik\u00e7i temizlik \u00e7\u00f6z\u00fcmlerimiz ve y\u00f6netim sistemlerimiz hakk\u0131nda bilmeniz gereken her \u015feyi \u00f6\u011frenin.\",\"breadcrumb\":{\"@id\":\"https:\\\/\\\/www.columbus-clean.com\\\/tr\\\/hakkimizda\\\/#breadcrumb\"},\"inLanguage\":\"tr\",\"potentialAction\":[{\"@type\":\"ReadAction\",\"target\":[\"https:\\\/\\\/www.columbus-clean.com\\\/tr\\\/hakkimizda\\\/\"]}]},{\"@type\":\"BreadcrumbList\",\"@id\":\"https:\\\/\\\/www.columbus-clean.com\\\/tr\\\/hakkimizda\\\/#breadcrumb\",\"itemListElement\":[{\"@type\":\"ListItem\",\"position\":1,\"name\":\"Startseite\",\"item\":\"https:\\\/\\\/www.columbus-clean.com\\\/tr\\\/\"},{\"@type\":\"ListItem\",\"position\":2,\"name\":\"Hakkimizda\"}]},{\"@type\":\"WebSite\",\"@id\":\"https:\\\/\\\/www.columbus-clean.com\\\/tr\\\/#website\",\"url\":\"https:\\\/\\\/www.columbus-clean.com\\\/tr\\\/\",\"name\":\"columbus Reinigungsmaschinen\",\"description\":\"Reinigungsautomaten und Industriesauger\",\"potentialAction\":[{\"@type\":\"SearchAction\",\"target\":{\"@type\":\"EntryPoint\",\"urlTemplate\":\"https:\\\/\\\/www.columbus-clean.com\\\/tr\\\/?s={search_term_string}\"},\"query-input\":{\"@type\":\"PropertyValueSpecification\",\"valueRequired\":true,\"valueName\":\"search_term_string\"}}],\"inLanguage\":\"tr\"}]}<\/script>\n<!-- \/ Yoast SEO plugin. -->","yoast_head_json":{"title":"Aile taraf\u0131ndan i\u015fletilen temizlik makinesi \u015firketi hakk\u0131nda","description":"Temizlik makineleri i\u00e7in geni\u015fleyen ve yenilik\u00e7i temizlik \u00e7\u00f6z\u00fcmlerimiz ve y\u00f6netim sistemlerimiz hakk\u0131nda bilmeniz gereken her \u015feyi \u00f6\u011frenin.","robots":{"index":"index","follow":"follow","max-snippet":"max-snippet:-1","max-image-preview":"max-image-preview:large","max-video-preview":"max-video-preview:-1"},"canonical":"https:\/\/www.columbus-clean.com\/tr\/hakkimizda\/","og_locale":"tr_TR","og_type":"article","og_title":"Aile taraf\u0131ndan i\u015fletilen temizlik makinesi \u015firketi hakk\u0131nda","og_description":"Temizlik makineleri i\u00e7in geni\u015fleyen ve yenilik\u00e7i temizlik \u00e7\u00f6z\u00fcmlerimiz ve y\u00f6netim sistemlerimiz hakk\u0131nda bilmeniz gereken her \u015feyi \u00f6\u011frenin.","og_url":"https:\/\/www.columbus-clean.com\/tr\/hakkimizda\/","og_site_name":"columbus Reinigungsmaschinen","article_modified_time":"2025-05-15T08:01:30+00:00","twitter_card":"summary_large_image","schema":{"@context":"https:\/\/schema.org","@graph":[{"@type":"WebPage","@id":"https:\/\/www.columbus-clean.com\/tr\/hakkimizda\/","url":"https:\/\/www.columbus-clean.com\/tr\/hakkimizda\/","name":"Aile taraf\u0131ndan i\u015fletilen temizlik makinesi \u015firketi hakk\u0131nda","isPartOf":{"@id":"https:\/\/www.columbus-clean.com\/tr\/#website"},"datePublished":"2025-01-15T08:40:12+00:00","dateModified":"2025-05-15T08:01:30+00:00","description":"Temizlik makineleri i\u00e7in geni\u015fleyen ve yenilik\u00e7i temizlik \u00e7\u00f6z\u00fcmlerimiz ve y\u00f6netim sistemlerimiz hakk\u0131nda bilmeniz gereken her \u015feyi \u00f6\u011frenin.","breadcrumb":{"@id":"https:\/\/www.columbus-clean.com\/tr\/hakkimizda\/#breadcrumb"},"inLanguage":"tr","potentialAction":[{"@type":"ReadAction","target":["https:\/\/www.columbus-clean.com\/tr\/hakkimizda\/"]}]},{"@type":"BreadcrumbList","@id":"https:\/\/www.columbus-clean.com\/tr\/hakkimizda\/#breadcrumb","itemListElement":[{"@type":"ListItem","position":1,"name":"Startseite","item":"https:\/\/www.columbus-clean.com\/tr\/"},{"@type":"ListItem","position":2,"name":"Hakkimizda"}]},{"@type":"WebSite","@id":"https:\/\/www.columbus-clean.com\/tr\/#website","url":"https:\/\/www.columbus-clean.com\/tr\/","name":"columbus Reinigungsmaschinen","description":"Reinigungsautomaten und Industriesauger","potentialAction":[{"@type":"SearchAction","target":{"@type":"EntryPoint","urlTemplate":"https:\/\/www.columbus-clean.com\/tr\/?s={search_term_string}"},"query-input":{"@type":"PropertyValueSpecification","valueRequired":true,"valueName":"search_term_string"}}],"inLanguage":"tr"}]}},"_links":{"self":[{"href":"https:\/\/www.columbus-clean.com\/tr\/wp-json\/wp\/v2\/pages\/140452","targetHints":{"allow":["GET"]}}],"collection":[{"href":"https:\/\/www.columbus-clean.com\/tr\/wp-json\/wp\/v2\/pages"}],"about":[{"href":"https:\/\/www.columbus-clean.com\/tr\/wp-json\/wp\/v2\/types\/page"}],"author":[{"embeddable":true,"href":"https:\/\/www.columbus-clean.com\/tr\/wp-json\/wp\/v2\/users\/33"}],"replies":[{"embeddable":true,"href":"https:\/\/www.columbus-clean.com\/tr\/wp-json\/wp\/v2\/comments?post=140452"}],"version-history":[{"count":0,"href":"https:\/\/www.columbus-clean.com\/tr\/wp-json\/wp\/v2\/pages\/140452\/revisions"}],"wp:attachment":[{"href":"https:\/\/www.columbus-clean.com\/tr\/wp-json\/wp\/v2\/media?parent=140452"}],"curies":[{"name":"wp","href":"https:\/\/api.w.org\/{rel}","templated":true}]}}