{"id":140524,"date":"2025-03-14T11:16:45","date_gmt":"2025-03-14T10:16:45","guid":{"rendered":"https:\/\/www.columbus-clean.com\/?page_id=140524"},"modified":"2025-05-15T11:01:28","modified_gmt":"2025-05-15T09:01:28","slug":"aksesuarlar-yelpazesi-temizlik-makineleri","status":"publish","type":"page","link":"https:\/\/www.columbus-clean.com\/tr\/aksesuarlar-yelpazesi-temizlik-makineleri\/","title":{"rendered":"Aksesuarlar yelpazesi temizlik makineleri"},"content":{"rendered":"<p><div class=\"fusion-fullwidth fullwidth-box fusion-builder-row-1 has-pattern-background has-mask-background fusion-parallax-none nonhundred-percent-fullwidth non-hundred-percent-height-scrolling fusion-equal-height-columns limited-width-heading head-lenght-short\" style=\"--awb-border-radius-top-left:0px;--awb-border-radius-top-right:0px;--awb-border-radius-bottom-right:0px;--awb-border-radius-bottom-left:0px;--awb-background-color:#e3e8ec;--awb-background-image:url(&quot;https:\/\/www.columbus-clean.com\/wp-content\/uploads\/2019\/01\/zubehoer-op-01-reinigungsautomaten-einscheibenmaschine.jpg&quot;);--awb-background-size:cover;--awb-flex-wrap:wrap;\" id=\"opener\" ><div class=\"fusion-builder-row fusion-row\"><div class=\"fusion-layout-column fusion_builder_column fusion-builder-column-0 fusion_builder_column_1_1 1_1 fusion-one-full fusion-column-first fusion-column-last fusion-column-inner-bg-wrapper\" style=\"--awb-inner-bg-position:center top;--awb-inner-bg-size:cover;\"><span class=\"fusion-column-inner-bg hover-type-zoomin\"><span class=\"fusion-column-anchor\"><span class=\"fusion-column-inner-bg-image\"><\/span><\/span><\/span><div class=\"fusion-column-wrapper fusion-flex-column-wrapper-legacy\"><div class=\"fusion-column-content-centered\"><div class=\"fusion-column-content\"><div class=\"fusion-title title fusion-title-1 fusion-sep-none fusion-title-text fusion-title-size-one\" style=\"--awb-margin-top-small:0px;--awb-margin-right-small:0px;--awb-margin-bottom-small:20px;--awb-margin-left-small:0px;\"><h1 class=\"fusion-title-heading title-heading-left\" style=\"margin:0;\">Temizlik makineleri i\u00e7in<\/h1><\/div><div class=\"fusion-sep-clear\"><\/div><div class=\"fusion-separator fusion-full-width-sep\" style=\"margin-left: auto;margin-right: auto;margin-bottom:10px;width:100%;\"><\/div><div class=\"fusion-sep-clear\"><\/div><div class=\"fusion-title title fusion-title-2 fusion-sep-none fusion-title-text fusion-title-size-two\" style=\"--awb-margin-top-small:0px;--awb-margin-right-small:0px;--awb-margin-bottom-small:20px;--awb-margin-left-small:0px;\"><h2 class=\"fusion-title-heading title-heading-left\" style=\"margin:0;\">aksesuar yelpazesi<\/h2><\/div><\/div><\/div><div class=\"fusion-clearfix\"><\/div><\/div><\/div><\/div><\/div><div class=\"fusion-fullwidth fullwidth-box fusion-builder-row-2 nonhundred-percent-fullwidth non-hundred-percent-height-scrolling\" style=\"--awb-border-radius-top-left:0px;--awb-border-radius-top-right:0px;--awb-border-radius-bottom-right:0px;--awb-border-radius-bottom-left:0px;--awb-padding-bottom:70px;--awb-flex-wrap:wrap;\" ><div class=\"fusion-builder-row fusion-row\"><div class=\"fusion-layout-column fusion_builder_column fusion-builder-column-1 fusion_builder_column_1_4 1_4 fusion-one-fourth fusion-column-first\" style=\"--awb-bg-size:cover;width:25%;width:calc(25% - ( ( 4% + 4% ) * 0.25 ) );margin-right: 4%;\"><div class=\"fusion-column-wrapper fusion-flex-column-wrapper-legacy\"><div class=\"fusion-clearfix\"><\/div><\/div><\/div><div class=\"fusion-layout-column fusion_builder_column fusion-builder-column-2 fusion_builder_column_1_2 1_2 fusion-one-half\" style=\"--awb-bg-size:cover;--awb-margin-bottom:0px;width:50%;width:calc(50% - ( ( 4% + 4% ) * 0.5 ) );margin-right: 4%;\"><div class=\"fusion-column-wrapper fusion-flex-column-wrapper-legacy\"><div class=\"fusion-text fusion-text-1\"><p style=\"text-align: center;\">Bir temizlik makinesinin \u00e7ok y\u00f6nl\u00fc kullan\u0131m\u0131 her zaman do\u011fru aksesuarlara ba\u011fl\u0131d\u0131r.<\/p>\n<\/div><div class=\"fusion-clearfix\"><\/div><\/div><\/div><div class=\"fusion-layout-column fusion_builder_column fusion-builder-column-3 fusion_builder_column_1_4 1_4 fusion-one-fourth fusion-column-last\" style=\"--awb-bg-size:cover;width:25%;width:calc(25% - ( ( 4% + 4% ) * 0.25 ) );\"><div class=\"fusion-column-wrapper fusion-flex-column-wrapper-legacy\"><div class=\"fusion-clearfix\"><\/div><\/div><\/div><\/div><\/div><div class=\"fusion-fullwidth fullwidth-box fusion-builder-row-3 nonhundred-percent-fullwidth non-hundred-percent-height-scrolling\" style=\"--awb-border-radius-top-left:0px;--awb-border-radius-top-right:0px;--awb-border-radius-bottom-right:0px;--awb-border-radius-bottom-left:0px;--awb-background-color:#f1f2f4;--awb-flex-wrap:wrap;\" ><div class=\"fusion-builder-row fusion-row\"><div class=\"fusion-layout-column fusion_builder_column fusion-builder-column-4 fusion_builder_column_1_1 1_1 fusion-one-full fusion-column-first fusion-column-last editorial\" style=\"--awb-bg-size:cover;\"><div class=\"fusion-column-wrapper fusion-flex-column-wrapper-legacy\"><div class=\"fusion-title title fusion-title-3 fusion-sep-none fusion-title-center fusion-title-text fusion-title-size-six\" style=\"--awb-margin-top-small:0px;--awb-margin-right-small:0px;--awb-margin-bottom-small:20px;--awb-margin-left-small:0px;\"><h6 class=\"fusion-title-heading title-heading-center\" style=\"margin:0;\">columbus ped tutucular<\/h6><\/div><div class=\"fusion-title title fusion-title-4 fusion-sep-none fusion-title-center fusion-title-text fusion-title-size-five\" style=\"--awb-margin-top-small:0px;--awb-margin-right-small:0px;--awb-margin-bottom-small:20px;--awb-margin-left-small:0px;\"><h5 class=\"fusion-title-heading title-heading-center\" style=\"margin:0;\">Almanya&#8217;da \u00fcretilen y\u00fcksek kalite ve uzun hizmet \u00f6mr\u00fc<\/h5><\/div><div class=\"fusion-clearfix\"><\/div><\/div><\/div><div class=\"fusion-layout-column fusion_builder_column fusion-builder-column-5 fusion_builder_column_1_2 1_2 fusion-one-half fusion-column-first\" style=\"--awb-bg-size:cover;width:50%;width:calc(50% - ( ( 4% ) * 0.5 ) );margin-right: 4%;\"><div class=\"fusion-column-wrapper fusion-flex-column-wrapper-legacy\"><div class=\"fusion-image-element in-legacy-container\" style=\"--awb-caption-title-font-family:var(--h2_typography-font-family);--awb-caption-title-font-weight:var(--h2_typography-font-weight);--awb-caption-title-font-style:var(--h2_typography-font-style);--awb-caption-title-size:var(--h2_typography-font-size);--awb-caption-title-transform:var(--h2_typography-text-transform);--awb-caption-title-line-height:var(--h2_typography-line-height);--awb-caption-title-letter-spacing:var(--h2_typography-letter-spacing);\"><span class=\" fusion-imageframe imageframe-none imageframe-1 hover-type-none\"><img decoding=\"async\" width=\"1100\" height=\"650\" title=\"Zubeh\u00f6r Treibteller Reinigungsautomaten\" src=\"https:\/\/www.columbus-clean.com\/wp-content\/uploads\/2019\/01\/zubehoer-gb-01-treibteller-reinigungsautomaten.jpg\" alt class=\"img-responsive wp-image-140527\" srcset=\"https:\/\/www.columbus-clean.com\/wp-content\/uploads\/2019\/01\/zubehoer-gb-01-treibteller-reinigungsautomaten-200x118.jpg 200w, https:\/\/www.columbus-clean.com\/wp-content\/uploads\/2019\/01\/zubehoer-gb-01-treibteller-reinigungsautomaten-400x236.jpg 400w, https:\/\/www.columbus-clean.com\/wp-content\/uploads\/2019\/01\/zubehoer-gb-01-treibteller-reinigungsautomaten-600x355.jpg 600w, https:\/\/www.columbus-clean.com\/wp-content\/uploads\/2019\/01\/zubehoer-gb-01-treibteller-reinigungsautomaten-800x473.jpg 800w, https:\/\/www.columbus-clean.com\/wp-content\/uploads\/2019\/01\/zubehoer-gb-01-treibteller-reinigungsautomaten.jpg 1100w\" sizes=\"(max-width: 1023px) 100vw, 800px\" \/><\/span><\/div><div class=\"fusion-clearfix\"><\/div><\/div><\/div><div class=\"fusion-layout-column fusion_builder_column fusion-builder-column-6 fusion_builder_column_1_2 1_2 fusion-one-half fusion-column-last\" style=\"--awb-bg-size:cover;width:50%;width:calc(50% - ( ( 4% ) * 0.5 ) );\" id=\"product-info\"><div class=\"fusion-column-wrapper fusion-flex-column-wrapper-legacy\"><div class=\"fusion-text fusion-text-2\"><p>Yeni bir \u00fcretim s\u00fcreci ve \u00f6zel bir plastik form\u00fcl\u00fc sayesinde, ped tutucular\u0131m\u0131z son derece dayan\u0131kl\u0131, diren\u00e7li ve pedlere kar\u015f\u0131 hassast\u0131r. Bu da temizlik s\u00fcrecinde \u00e7al\u0131\u015fma ara\u00e7lar\u0131 i\u00e7in maliyetlerin her zaman d\u00fc\u015f\u00fck kalaca\u011f\u0131 anlam\u0131na gelir. \u00c7evresel kaynak diki\u015fleri ve k\u0131rm\u0131z\u0131 t\u0131rt\u0131kl\u0131 y\u00fczeyindeki i\u015flevsel delikler sayesinde \u00e7ok y\u00f6nl\u00fc kullan\u0131m garanti edilir. %100 toz ve su ge\u00e7irmez olan ped tutucular\u0131m\u0131z 140\u00b0C&#8217;ye kadar buharl\u0131 dezenfeksiyon yap\u0131labilir ve ayr\u0131ca tamamen geri d\u00f6n\u00fc\u015ft\u00fcr\u00fclebilir.<\/p>\n<\/div><div class=\"fusion-clearfix\"><\/div><\/div><\/div><\/div><\/div><div class=\"fusion-fullwidth fullwidth-box fusion-builder-row-4 nonhundred-percent-fullwidth non-hundred-percent-height-scrolling\" style=\"--awb-border-radius-top-left:0px;--awb-border-radius-top-right:0px;--awb-border-radius-bottom-right:0px;--awb-border-radius-bottom-left:0px;--awb-flex-wrap:wrap;\" ><div class=\"fusion-builder-row fusion-row\"><div class=\"fusion-layout-column fusion_builder_column fusion-builder-column-7 fusion_builder_column_1_1 1_1 fusion-one-full fusion-column-first fusion-column-last editorial\" style=\"--awb-bg-size:cover;\"><div class=\"fusion-column-wrapper fusion-flex-column-wrapper-legacy\"><div class=\"fusion-title title fusion-title-5 fusion-sep-none fusion-title-center fusion-title-text fusion-title-size-six\" style=\"--awb-margin-top-small:0px;--awb-margin-right-small:0px;--awb-margin-bottom-small:20px;--awb-margin-left-small:0px;\"><h6 class=\"fusion-title-heading title-heading-center\" style=\"margin:0;\">columbus f\u0131r\u00e7alar\u0131<\/h6><\/div><div class=\"fusion-title title fusion-title-6 fusion-sep-none fusion-title-center fusion-title-text fusion-title-size-five\" style=\"--awb-margin-top-small:0px;--awb-margin-right-small:0px;--awb-margin-bottom-small:20px;--awb-margin-left-small:0px;\"><h5 class=\"fusion-title-heading title-heading-center\" style=\"margin:0;\">Almanya&#8217;da \u00fcretilen y\u00fcksek kalite ve uzun hizmet \u00f6mr\u00fc<\/h5><\/div><div class=\"fusion-clearfix\"><\/div><\/div><\/div><div class=\"fusion-layout-column fusion_builder_column fusion-builder-column-8 fusion_builder_column_1_2 1_2 fusion-one-half fusion-column-first\" style=\"--awb-bg-size:cover;width:50%;width:calc(50% - ( ( 4% ) * 0.5 ) );margin-right: 4%;\"><div class=\"fusion-column-wrapper fusion-flex-column-wrapper-legacy\"><div class=\"fusion-image-element in-legacy-container\" style=\"--awb-caption-title-font-family:var(--h2_typography-font-family);--awb-caption-title-font-weight:var(--h2_typography-font-weight);--awb-caption-title-font-style:var(--h2_typography-font-style);--awb-caption-title-size:var(--h2_typography-font-size);--awb-caption-title-transform:var(--h2_typography-text-transform);--awb-caption-title-line-height:var(--h2_typography-line-height);--awb-caption-title-letter-spacing:var(--h2_typography-letter-spacing);\"><span class=\" fusion-imageframe imageframe-none imageframe-2 hover-type-none\"><img decoding=\"async\" width=\"1100\" height=\"650\" title=\"Zubeh\u00f6r B\u00fcrsten Reinigungsautomaten Einscheibenmaschine\" src=\"https:\/\/www.columbus-clean.com\/wp-content\/uploads\/2019\/01\/zubehoer-gb-03-buersten-reinigungsautomaten-einscheibenmaschine.jpg\" alt class=\"img-responsive wp-image-140525\" srcset=\"https:\/\/www.columbus-clean.com\/wp-content\/uploads\/2019\/01\/zubehoer-gb-03-buersten-reinigungsautomaten-einscheibenmaschine-200x118.jpg 200w, https:\/\/www.columbus-clean.com\/wp-content\/uploads\/2019\/01\/zubehoer-gb-03-buersten-reinigungsautomaten-einscheibenmaschine-400x236.jpg 400w, https:\/\/www.columbus-clean.com\/wp-content\/uploads\/2019\/01\/zubehoer-gb-03-buersten-reinigungsautomaten-einscheibenmaschine-600x355.jpg 600w, https:\/\/www.columbus-clean.com\/wp-content\/uploads\/2019\/01\/zubehoer-gb-03-buersten-reinigungsautomaten-einscheibenmaschine-800x473.jpg 800w, https:\/\/www.columbus-clean.com\/wp-content\/uploads\/2019\/01\/zubehoer-gb-03-buersten-reinigungsautomaten-einscheibenmaschine.jpg 1100w\" sizes=\"(max-width: 1023px) 100vw, 800px\" \/><\/span><\/div><div class=\"fusion-clearfix\"><\/div><\/div><\/div><div class=\"fusion-layout-column fusion_builder_column fusion-builder-column-9 fusion_builder_column_1_2 1_2 fusion-one-half fusion-column-last\" style=\"--awb-bg-size:cover;width:50%;width:calc(50% - ( ( 4% ) * 0.5 ) );\" id=\"product-info\"><div class=\"fusion-column-wrapper fusion-flex-column-wrapper-legacy\"><div class=\"fusion-text fusion-text-3\"><p>Temizlik makinelerimizle birlikte kullan\u0131ld\u0131\u011f\u0131nda, columbus f\u0131r\u00e7alar\u0131 en iyi temizlik sonu\u00e7lar\u0131n\u0131 ve mutlak verimlili\u011fi garanti eder. F\u0131r\u00e7alar, daha fazla stabilite, daha d\u00fczg\u00fcn \u00e7al\u0131\u015fma ve daha az a\u015f\u0131nma i\u00e7in t\u00fcm tahrik y\u00fczeyi boyunca yo\u011fun bir \u015fekilde k\u0131llanm\u0131\u015ft\u0131r.<\/p>\n<p>Daha iyi temizleme performans\u0131: K\u0131l u\u00e7lar\u0131n\u0131n oyuk ta\u015flanmas\u0131, y\u00fck alt\u0131nda m\u00fckemmel d\u00fcz zemin temas\u0131 sa\u011flar. A\u00e7\u0131l\u0131 d\u0131\u015f k\u0131l s\u0131ralar\u0131 kenara kadar temiz \u00e7al\u0131\u015fma sa\u011flar. K\u0131llar\u0131n yap\u0131s\u0131, t\u00fcm y\u00fczey \u00fczerinde optimum su da\u011f\u0131l\u0131m\u0131 sa\u011flar.<\/p>\n<p>Su durdurucu f\u0131r\u00e7alar ile daha az su t\u00fcketimi: \u00d6zel kenar k\u0131llar\u0131 sayesinde %40&#8217;a varan oranda su tasarrufu sa\u011flanabilir. Bu y\u00fcksek kaliteli f\u0131r\u00e7alar b\u00f6ylece s\u00fcrd\u00fcr\u00fclebilir temizli\u011fe \u00f6nemli bir katk\u0131da bulunur.<\/p>\n<\/div><div class=\"fusion-clearfix\"><\/div><\/div><\/div><\/div><\/div><div class=\"fusion-fullwidth fullwidth-box fusion-builder-row-5 nonhundred-percent-fullwidth non-hundred-percent-height-scrolling\" style=\"--awb-border-radius-top-left:0px;--awb-border-radius-top-right:0px;--awb-border-radius-bottom-right:0px;--awb-border-radius-bottom-left:0px;--awb-background-color:#f1f2f4;--awb-flex-wrap:wrap;\" ><div class=\"fusion-builder-row fusion-row\"><div class=\"fusion-layout-column fusion_builder_column fusion-builder-column-10 fusion_builder_column_1_1 1_1 fusion-one-full fusion-column-first fusion-column-last editorial\" style=\"--awb-bg-size:cover;\"><div class=\"fusion-column-wrapper fusion-flex-column-wrapper-legacy\"><div class=\"fusion-title title fusion-title-7 fusion-sep-none fusion-title-center fusion-title-text fusion-title-size-six\" style=\"--awb-margin-top-small:0px;--awb-margin-right-small:0px;--awb-margin-bottom-small:20px;--awb-margin-left-small:0px;\"><h6 class=\"fusion-title-heading title-heading-center\" style=\"margin:0;\">Ak\u00fcler<\/h6><\/div><div class=\"fusion-title title fusion-title-8 fusion-sep-none fusion-title-center fusion-title-text fusion-title-size-five\" style=\"--awb-margin-top-small:0px;--awb-margin-right-small:0px;--awb-margin-bottom-small:20px;--awb-margin-left-small:0px;\"><h5 class=\"fusion-title-heading title-heading-center\" style=\"margin:0;\">Y\u00fcksek kaliteli ve optimum uyumlu<\/h5><\/div><div class=\"fusion-clearfix\"><\/div><\/div><\/div><div class=\"fusion-layout-column fusion_builder_column fusion-builder-column-11 fusion_builder_column_1_2 1_2 fusion-one-half fusion-column-first\" style=\"--awb-bg-size:cover;width:50%;width:calc(50% - ( ( 4% ) * 0.5 ) );margin-right: 4%;\"><div class=\"fusion-column-wrapper fusion-flex-column-wrapper-legacy\"><div class=\"fusion-image-element in-legacy-container\" style=\"--awb-caption-title-font-family:var(--h2_typography-font-family);--awb-caption-title-font-weight:var(--h2_typography-font-weight);--awb-caption-title-font-style:var(--h2_typography-font-style);--awb-caption-title-size:var(--h2_typography-font-size);--awb-caption-title-transform:var(--h2_typography-text-transform);--awb-caption-title-line-height:var(--h2_typography-line-height);--awb-caption-title-letter-spacing:var(--h2_typography-letter-spacing);\"><span class=\" fusion-imageframe imageframe-none imageframe-3 hover-type-none\"><img decoding=\"async\" width=\"1100\" height=\"650\" title=\"Zubeh\u00f6r Batterien Reinigungsautomaten Einscheibenmaschine\" src=\"https:\/\/www.columbus-clean.com\/wp-content\/uploads\/2019\/01\/zubehoer-gb-04-batterien-reinigungsautomaten-einscheibenmaschine.jpg\" alt class=\"img-responsive wp-image-140528\" srcset=\"https:\/\/www.columbus-clean.com\/wp-content\/uploads\/2019\/01\/zubehoer-gb-04-batterien-reinigungsautomaten-einscheibenmaschine-200x118.jpg 200w, https:\/\/www.columbus-clean.com\/wp-content\/uploads\/2019\/01\/zubehoer-gb-04-batterien-reinigungsautomaten-einscheibenmaschine-400x236.jpg 400w, https:\/\/www.columbus-clean.com\/wp-content\/uploads\/2019\/01\/zubehoer-gb-04-batterien-reinigungsautomaten-einscheibenmaschine-600x355.jpg 600w, https:\/\/www.columbus-clean.com\/wp-content\/uploads\/2019\/01\/zubehoer-gb-04-batterien-reinigungsautomaten-einscheibenmaschine-800x473.jpg 800w, https:\/\/www.columbus-clean.com\/wp-content\/uploads\/2019\/01\/zubehoer-gb-04-batterien-reinigungsautomaten-einscheibenmaschine.jpg 1100w\" sizes=\"(max-width: 1023px) 100vw, 800px\" \/><\/span><\/div><div class=\"fusion-clearfix\"><\/div><\/div><\/div><div class=\"fusion-layout-column fusion_builder_column fusion-builder-column-12 fusion_builder_column_1_2 1_2 fusion-one-half fusion-column-last\" style=\"--awb-bg-size:cover;width:50%;width:calc(50% - ( ( 4% ) * 0.5 ) );\" id=\"product-info\"><div class=\"fusion-column-wrapper fusion-flex-column-wrapper-legacy\"><div class=\"fusion-text fusion-text-4\"><p>Islak h\u00fccreli ak\u00fclerin yan\u0131 s\u0131ra bak\u0131m gerektirmeyen jel teknolojisine sahip \u00e7ok \u00e7e\u015fitli y\u00fcksek kaliteli ak\u00fcleri sunuyoruz. Ak\u00fclerimizin boyutu ve kalitesi, temizlik makinelerimizin \u00f6zel gereksinimlerine en iyi \u015fekilde uyarlanm\u0131\u015ft\u0131r, \u00e7\u00fcnk\u00fc verimli temizlik ayn\u0131 zamanda enerji tedarik\u00e7isi ile makine aras\u0131ndaki en iyi etkile\u015fim meselesidir.<\/p>\n<\/div><div class=\"fusion-clearfix\"><\/div><\/div><\/div><\/div><\/div><div class=\"fusion-fullwidth fullwidth-box fusion-builder-row-6 nonhundred-percent-fullwidth non-hundred-percent-height-scrolling\" style=\"--awb-border-radius-top-left:0px;--awb-border-radius-top-right:0px;--awb-border-radius-bottom-right:0px;--awb-border-radius-bottom-left:0px;--awb-background-color:#f1f2f4;--awb-flex-wrap:wrap;\" ><div class=\"fusion-builder-row fusion-row\"><div class=\"fusion-layout-column fusion_builder_column fusion-builder-column-13 fusion_builder_column_1_1 1_1 fusion-one-full fusion-column-first fusion-column-last\" style=\"--awb-bg-size:cover;\"><div class=\"fusion-column-wrapper fusion-column-has-shadow fusion-flex-column-wrapper-legacy\"><div class=\"fusion-clearfix\"><\/div><\/div><\/div><\/div><\/div><\/p>\n","protected":false},"excerpt":{"rendered":"","protected":false},"author":33,"featured_media":0,"parent":0,"menu_order":0,"comment_status":"closed","ping_status":"closed","template":"100-width.php","meta":{"footnotes":""},"class_list":["post-140524","page","type-page","status-publish","hentry"],"yoast_head":"<!-- This site is optimized with the Yoast SEO plugin v27.1.1 - https:\/\/yoast.com\/product\/yoast-seo-wordpress\/ -->\n<title>Yeni zemin y\u0131kay\u0131c\u0131 kurutucu yedek par\u00e7alar\u0131 ve aksesuarlar\u0131<\/title>\n<meta name=\"description\" content=\"Burada ak\u00fcl\u00fc zemin y\u0131kay\u0131c\u0131 kurutucular i\u00e7in zemin y\u0131kay\u0131c\u0131 kurutucu yedek par\u00e7alar\u0131n\u0131 bulun - profesyonel zemin temizleyicilerimizle y\u00fcksek kalite ve uzun hizmet \u00f6mr\u00fc.\" \/>\n<meta name=\"robots\" content=\"index, follow, max-snippet:-1, max-image-preview:large, max-video-preview:-1\" \/>\n<link rel=\"canonical\" href=\"https:\/\/www.columbus-clean.com\/tr\/aksesuarlar-yelpazesi-temizlik-makineleri\/\" \/>\n<meta property=\"og:locale\" content=\"tr_TR\" \/>\n<meta property=\"og:type\" content=\"article\" \/>\n<meta property=\"og:title\" content=\"Yeni zemin y\u0131kay\u0131c\u0131 kurutucu yedek par\u00e7alar\u0131 ve aksesuarlar\u0131\" \/>\n<meta property=\"og:description\" content=\"Burada ak\u00fcl\u00fc zemin y\u0131kay\u0131c\u0131 kurutucular i\u00e7in zemin y\u0131kay\u0131c\u0131 kurutucu yedek par\u00e7alar\u0131n\u0131 bulun - profesyonel zemin temizleyicilerimizle y\u00fcksek kalite ve uzun hizmet \u00f6mr\u00fc.\" \/>\n<meta property=\"og:url\" content=\"https:\/\/www.columbus-clean.com\/tr\/aksesuarlar-yelpazesi-temizlik-makineleri\/\" \/>\n<meta property=\"og:site_name\" content=\"columbus Reinigungsmaschinen\" \/>\n<meta property=\"article:modified_time\" content=\"2025-05-15T09:01:28+00:00\" \/>\n<meta name=\"twitter:card\" content=\"summary_large_image\" \/>\n<meta name=\"twitter:label1\" content=\"Tahmini okuma s\u00fcresi\" \/>\n\t<meta name=\"twitter:data1\" content=\"2 dakika\" \/>\n<script type=\"application\/ld+json\" class=\"yoast-schema-graph\">{\"@context\":\"https:\/\/schema.org\",\"@graph\":[{\"@type\":\"WebPage\",\"@id\":\"https:\/\/www.columbus-clean.com\/tr\/aksesuarlar-yelpazesi-temizlik-makineleri\/\",\"url\":\"https:\/\/www.columbus-clean.com\/tr\/aksesuarlar-yelpazesi-temizlik-makineleri\/\",\"name\":\"Yeni zemin y\u0131kay\u0131c\u0131 kurutucu yedek par\u00e7alar\u0131 ve aksesuarlar\u0131\",\"isPartOf\":{\"@id\":\"https:\/\/www.columbus-clean.com\/tr\/#website\"},\"datePublished\":\"2025-03-14T10:16:45+00:00\",\"dateModified\":\"2025-05-15T09:01:28+00:00\",\"description\":\"Burada ak\u00fcl\u00fc zemin y\u0131kay\u0131c\u0131 kurutucular i\u00e7in zemin y\u0131kay\u0131c\u0131 kurutucu yedek par\u00e7alar\u0131n\u0131 bulun - profesyonel zemin temizleyicilerimizle y\u00fcksek kalite ve uzun hizmet \u00f6mr\u00fc.\",\"breadcrumb\":{\"@id\":\"https:\/\/www.columbus-clean.com\/tr\/aksesuarlar-yelpazesi-temizlik-makineleri\/#breadcrumb\"},\"inLanguage\":\"tr\",\"potentialAction\":[{\"@type\":\"ReadAction\",\"target\":[\"https:\/\/www.columbus-clean.com\/tr\/aksesuarlar-yelpazesi-temizlik-makineleri\/\"]}]},{\"@type\":\"BreadcrumbList\",\"@id\":\"https:\/\/www.columbus-clean.com\/tr\/aksesuarlar-yelpazesi-temizlik-makineleri\/#breadcrumb\",\"itemListElement\":[{\"@type\":\"ListItem\",\"position\":1,\"name\":\"Startseite\",\"item\":\"https:\/\/www.columbus-clean.com\/tr\/\"},{\"@type\":\"ListItem\",\"position\":2,\"name\":\"Aksesuarlar yelpazesi temizlik makineleri\"}]},{\"@type\":\"WebSite\",\"@id\":\"https:\/\/www.columbus-clean.com\/tr\/#website\",\"url\":\"https:\/\/www.columbus-clean.com\/tr\/\",\"name\":\"columbus Reinigungsmaschinen\",\"description\":\"Reinigungsautomaten und Industriesauger\",\"potentialAction\":[{\"@type\":\"SearchAction\",\"target\":{\"@type\":\"EntryPoint\",\"urlTemplate\":\"https:\/\/www.columbus-clean.com\/tr\/?s={search_term_string}\"},\"query-input\":{\"@type\":\"PropertyValueSpecification\",\"valueRequired\":true,\"valueName\":\"search_term_string\"}}],\"inLanguage\":\"tr\"}]}<\/script>\n<!-- \/ Yoast SEO plugin. -->","yoast_head_json":{"title":"Yeni zemin y\u0131kay\u0131c\u0131 kurutucu yedek par\u00e7alar\u0131 ve aksesuarlar\u0131","description":"Burada ak\u00fcl\u00fc zemin y\u0131kay\u0131c\u0131 kurutucular i\u00e7in zemin y\u0131kay\u0131c\u0131 kurutucu yedek par\u00e7alar\u0131n\u0131 bulun - profesyonel zemin temizleyicilerimizle y\u00fcksek kalite ve uzun hizmet \u00f6mr\u00fc.","robots":{"index":"index","follow":"follow","max-snippet":"max-snippet:-1","max-image-preview":"max-image-preview:large","max-video-preview":"max-video-preview:-1"},"canonical":"https:\/\/www.columbus-clean.com\/tr\/aksesuarlar-yelpazesi-temizlik-makineleri\/","og_locale":"tr_TR","og_type":"article","og_title":"Yeni zemin y\u0131kay\u0131c\u0131 kurutucu yedek par\u00e7alar\u0131 ve aksesuarlar\u0131","og_description":"Burada ak\u00fcl\u00fc zemin y\u0131kay\u0131c\u0131 kurutucular i\u00e7in zemin y\u0131kay\u0131c\u0131 kurutucu yedek par\u00e7alar\u0131n\u0131 bulun - profesyonel zemin temizleyicilerimizle y\u00fcksek kalite ve uzun hizmet \u00f6mr\u00fc.","og_url":"https:\/\/www.columbus-clean.com\/tr\/aksesuarlar-yelpazesi-temizlik-makineleri\/","og_site_name":"columbus Reinigungsmaschinen","article_modified_time":"2025-05-15T09:01:28+00:00","twitter_card":"summary_large_image","twitter_misc":{"Tahmini okuma s\u00fcresi":"2 dakika"},"schema":{"@context":"https:\/\/schema.org","@graph":[{"@type":"WebPage","@id":"https:\/\/www.columbus-clean.com\/tr\/aksesuarlar-yelpazesi-temizlik-makineleri\/","url":"https:\/\/www.columbus-clean.com\/tr\/aksesuarlar-yelpazesi-temizlik-makineleri\/","name":"Yeni zemin y\u0131kay\u0131c\u0131 kurutucu yedek par\u00e7alar\u0131 ve aksesuarlar\u0131","isPartOf":{"@id":"https:\/\/www.columbus-clean.com\/tr\/#website"},"datePublished":"2025-03-14T10:16:45+00:00","dateModified":"2025-05-15T09:01:28+00:00","description":"Burada ak\u00fcl\u00fc zemin y\u0131kay\u0131c\u0131 kurutucular i\u00e7in zemin y\u0131kay\u0131c\u0131 kurutucu yedek par\u00e7alar\u0131n\u0131 bulun - profesyonel zemin temizleyicilerimizle y\u00fcksek kalite ve uzun hizmet \u00f6mr\u00fc.","breadcrumb":{"@id":"https:\/\/www.columbus-clean.com\/tr\/aksesuarlar-yelpazesi-temizlik-makineleri\/#breadcrumb"},"inLanguage":"tr","potentialAction":[{"@type":"ReadAction","target":["https:\/\/www.columbus-clean.com\/tr\/aksesuarlar-yelpazesi-temizlik-makineleri\/"]}]},{"@type":"BreadcrumbList","@id":"https:\/\/www.columbus-clean.com\/tr\/aksesuarlar-yelpazesi-temizlik-makineleri\/#breadcrumb","itemListElement":[{"@type":"ListItem","position":1,"name":"Startseite","item":"https:\/\/www.columbus-clean.com\/tr\/"},{"@type":"ListItem","position":2,"name":"Aksesuarlar yelpazesi temizlik makineleri"}]},{"@type":"WebSite","@id":"https:\/\/www.columbus-clean.com\/tr\/#website","url":"https:\/\/www.columbus-clean.com\/tr\/","name":"columbus Reinigungsmaschinen","description":"Reinigungsautomaten und Industriesauger","potentialAction":[{"@type":"SearchAction","target":{"@type":"EntryPoint","urlTemplate":"https:\/\/www.columbus-clean.com\/tr\/?s={search_term_string}"},"query-input":{"@type":"PropertyValueSpecification","valueRequired":true,"valueName":"search_term_string"}}],"inLanguage":"tr"}]}},"_links":{"self":[{"href":"https:\/\/www.columbus-clean.com\/tr\/wp-json\/wp\/v2\/pages\/140524","targetHints":{"allow":["GET"]}}],"collection":[{"href":"https:\/\/www.columbus-clean.com\/tr\/wp-json\/wp\/v2\/pages"}],"about":[{"href":"https:\/\/www.columbus-clean.com\/tr\/wp-json\/wp\/v2\/types\/page"}],"author":[{"embeddable":true,"href":"https:\/\/www.columbus-clean.com\/tr\/wp-json\/wp\/v2\/users\/33"}],"replies":[{"embeddable":true,"href":"https:\/\/www.columbus-clean.com\/tr\/wp-json\/wp\/v2\/comments?post=140524"}],"version-history":[{"count":0,"href":"https:\/\/www.columbus-clean.com\/tr\/wp-json\/wp\/v2\/pages\/140524\/revisions"}],"wp:attachment":[{"href":"https:\/\/www.columbus-clean.com\/tr\/wp-json\/wp\/v2\/media?parent=140524"}],"curies":[{"name":"wp","href":"https:\/\/api.w.org\/{rel}","templated":true}]}}