{"id":140650,"date":"2025-03-18T10:49:50","date_gmt":"2025-03-18T09:49:50","guid":{"rendered":"https:\/\/www.columbus-clean.com\/?page_id=140650"},"modified":"2025-04-22T09:52:13","modified_gmt":"2025-04-22T07:52:13","slug":"site-bildirimi","status":"publish","type":"page","link":"https:\/\/www.columbus-clean.com\/tr\/site-bildirimi\/","title":{"rendered":"Site bildirimi"},"content":{"rendered":"<div class=\"fusion-fullwidth fullwidth-box fusion-builder-row-1 nonhundred-percent-fullwidth non-hundred-percent-height-scrolling\" style=\"--awb-border-radius-top-left:0px;--awb-border-radius-top-right:0px;--awb-border-radius-bottom-right:0px;--awb-border-radius-bottom-left:0px;--awb-flex-wrap:wrap;\" id=\"imprint\" ><div class=\"fusion-builder-row fusion-row\"><div class=\"fusion-layout-column fusion_builder_column fusion-builder-column-0 fusion_builder_column_1_1 1_1 fusion-one-full fusion-column-first fusion-column-last\" style=\"--awb-bg-size:cover;\"><div class=\"fusion-column-wrapper fusion-flex-column-wrapper-legacy\"><h1>Site bildirimi<\/h1>\n\n<h2> TMG madde 5 uyar\u0131nca bilgilendirme <\/h2>\n<p>G. Staehle GmbH u. Co. KG<br \/>\nMercedesstra\u00dfe 15<br \/>\n70372 Stuttgart<\/p>\n\n<p> Kay\u0131t mahkemesi: Amtsgericht Stuttgart HRA 281<\/p>\n\n<p> Genel ortak taraf\u0131ndan temsil edilmektedir:<br \/>\nStaehle Verwaltungs GmbH<br \/>\nKay\u0131t mahkemesi: Amtsgericht Stuttgart HRB 12837<\/p>\n\n<p><strong> Bunlar genel m\u00fcd\u00fcrleri taraf\u0131ndan temsil edilmektedir:<\/strong><br \/>\nJ\u00f6rg Peter Staehle, Marc Oliver Staehle<\/p>\n\n<h2> \u0130leti\u015fim <\/h2>\n<p>Telefon numaras\u0131: +49 (0) 7 11 \/ 95 44 96 0<br \/>\nE-posta: export@columbus-clean.com<\/p>\n\n<h2> Sat\u0131\u015f vergisi kimlik numaras\u0131:<\/h2>\n<p> \u00a7 27 a sat\u0131\u015f vergisi yasas\u0131na g\u00f6re sat\u0131\u015f vergisi kimlik numaras\u0131:<br \/>\nDE147637018<\/p>\n\n<h2> Ab uyu\u015fmazl\u0131k \u00e7\u00f6z\u00fcm\u00fc<\/h2>\n<p>Avrupa Komisyonu, \u00e7evrimi\u00e7i uyu\u015fmazl\u0131k \u00e7\u00f6z\u00fcm\u00fc (ODR) i\u00e7in bir platform sunmaktad\u0131r: <a href=\"https:\/\/ec.europa.eu\/consumers\/odr\/\" target=\"_blank\" rel=\"noopener noreferrer\">https:\/\/ec.europa.eu\/consumers\/odr\/<\/a>.<br \/> E-posta adresimiz yukar\u0131daki site bildiriminde bulunabilir.<\/p>\n\n<h2> T\u00fcketici uyu\u015fmazl\u0131klar\u0131n\u0131n \u00e7\u00f6z\u00fcm\u00fc\/evrensel tahkim merkezi<\/h2>\n<p>Bir t\u00fcketici hakem heyeti nezdindeki uyu\u015fmazl\u0131k \u00e7\u00f6z\u00fcm i\u015flemlerine kat\u0131lmaya istekli veya y\u00fck\u00fcml\u00fc de\u011filiz.<\/p>\n\n<h2>Uygulama<\/h2>\n<p> Agentur Anmut GmbH ile Stuttgart'ta optimize edilmi\u015f <a title=\" web programlama \" href=\"https:\/\/www.agentur-anmut.de\/\" target=\"_blank\"> web programlama <\/a>. <\/p><div class=\"fusion-clearfix\"><\/div><\/div><\/div><\/div><\/div>\n","protected":false},"excerpt":{"rendered":"","protected":false},"author":33,"featured_media":0,"parent":0,"menu_order":0,"comment_status":"closed","ping_status":"closed","template":"100-width.php","meta":{"footnotes":""},"class_list":["post-140650","page","type-page","status-publish","hentry"],"yoast_head":"<!-- This site is optimized with the Yoast SEO plugin v27.3 - https:\/\/yoast.com\/product\/yoast-seo-wordpress\/ -->\n<title>Temizlik makinesi sat\u0131c\u0131s\u0131 ve \u00fcreticisi columbus&#039;un k\u00fcnyesi<\/title>\n<meta name=\"description\" content=\"Burada, aile taraf\u0131ndan i\u015fletilen ve uluslararas\u0131 alanda geni\u015fleyen temizlik makinesi \u00fcreticisi columbus&#039;un damgas\u0131n\u0131 bulacaks\u0131n\u0131z.\" \/>\n<meta name=\"robots\" content=\"index, follow, max-snippet:-1, max-image-preview:large, max-video-preview:-1\" \/>\n<link rel=\"canonical\" href=\"https:\/\/www.columbus-clean.com\/tr\/site-bildirimi\/\" \/>\n<meta property=\"og:locale\" content=\"tr_TR\" \/>\n<meta property=\"og:type\" content=\"article\" \/>\n<meta property=\"og:title\" content=\"Temizlik makinesi sat\u0131c\u0131s\u0131 ve \u00fcreticisi columbus&#039;un k\u00fcnyesi\" \/>\n<meta property=\"og:description\" content=\"Burada, aile taraf\u0131ndan i\u015fletilen ve uluslararas\u0131 alanda geni\u015fleyen temizlik makinesi \u00fcreticisi columbus&#039;un damgas\u0131n\u0131 bulacaks\u0131n\u0131z.\" \/>\n<meta property=\"og:url\" content=\"https:\/\/www.columbus-clean.com\/tr\/site-bildirimi\/\" \/>\n<meta property=\"og:site_name\" content=\"columbus Reinigungsmaschinen\" \/>\n<meta property=\"article:modified_time\" content=\"2025-04-22T07:52:13+00:00\" \/>\n<meta name=\"twitter:card\" content=\"summary_large_image\" \/>\n<meta name=\"twitter:label1\" content=\"Tahmini okuma s\u00fcresi\" \/>\n\t<meta name=\"twitter:data1\" content=\"1 dakika\" \/>\n<script type=\"application\/ld+json\" class=\"yoast-schema-graph\">{\"@context\":\"https:\\\/\\\/schema.org\",\"@graph\":[{\"@type\":\"WebPage\",\"@id\":\"https:\\\/\\\/www.columbus-clean.com\\\/tr\\\/site-bildirimi\\\/\",\"url\":\"https:\\\/\\\/www.columbus-clean.com\\\/tr\\\/site-bildirimi\\\/\",\"name\":\"Temizlik makinesi sat\u0131c\u0131s\u0131 ve \u00fcreticisi columbus'un k\u00fcnyesi\",\"isPartOf\":{\"@id\":\"https:\\\/\\\/www.columbus-clean.com\\\/tr\\\/#website\"},\"datePublished\":\"2025-03-18T09:49:50+00:00\",\"dateModified\":\"2025-04-22T07:52:13+00:00\",\"description\":\"Burada, aile taraf\u0131ndan i\u015fletilen ve uluslararas\u0131 alanda geni\u015fleyen temizlik makinesi \u00fcreticisi columbus'un damgas\u0131n\u0131 bulacaks\u0131n\u0131z.\",\"breadcrumb\":{\"@id\":\"https:\\\/\\\/www.columbus-clean.com\\\/tr\\\/site-bildirimi\\\/#breadcrumb\"},\"inLanguage\":\"tr\",\"potentialAction\":[{\"@type\":\"ReadAction\",\"target\":[\"https:\\\/\\\/www.columbus-clean.com\\\/tr\\\/site-bildirimi\\\/\"]}]},{\"@type\":\"BreadcrumbList\",\"@id\":\"https:\\\/\\\/www.columbus-clean.com\\\/tr\\\/site-bildirimi\\\/#breadcrumb\",\"itemListElement\":[{\"@type\":\"ListItem\",\"position\":1,\"name\":\"Startseite\",\"item\":\"https:\\\/\\\/www.columbus-clean.com\\\/tr\\\/\"},{\"@type\":\"ListItem\",\"position\":2,\"name\":\"Site bildirimi\"}]},{\"@type\":\"WebSite\",\"@id\":\"https:\\\/\\\/www.columbus-clean.com\\\/tr\\\/#website\",\"url\":\"https:\\\/\\\/www.columbus-clean.com\\\/tr\\\/\",\"name\":\"columbus Reinigungsmaschinen\",\"description\":\"Reinigungsautomaten und Industriesauger\",\"potentialAction\":[{\"@type\":\"SearchAction\",\"target\":{\"@type\":\"EntryPoint\",\"urlTemplate\":\"https:\\\/\\\/www.columbus-clean.com\\\/tr\\\/?s={search_term_string}\"},\"query-input\":{\"@type\":\"PropertyValueSpecification\",\"valueRequired\":true,\"valueName\":\"search_term_string\"}}],\"inLanguage\":\"tr\"}]}<\/script>\n<!-- \/ Yoast SEO plugin. -->","yoast_head_json":{"title":"Temizlik makinesi sat\u0131c\u0131s\u0131 ve \u00fcreticisi columbus'un k\u00fcnyesi","description":"Burada, aile taraf\u0131ndan i\u015fletilen ve uluslararas\u0131 alanda geni\u015fleyen temizlik makinesi \u00fcreticisi columbus'un damgas\u0131n\u0131 bulacaks\u0131n\u0131z.","robots":{"index":"index","follow":"follow","max-snippet":"max-snippet:-1","max-image-preview":"max-image-preview:large","max-video-preview":"max-video-preview:-1"},"canonical":"https:\/\/www.columbus-clean.com\/tr\/site-bildirimi\/","og_locale":"tr_TR","og_type":"article","og_title":"Temizlik makinesi sat\u0131c\u0131s\u0131 ve \u00fcreticisi columbus'un k\u00fcnyesi","og_description":"Burada, aile taraf\u0131ndan i\u015fletilen ve uluslararas\u0131 alanda geni\u015fleyen temizlik makinesi \u00fcreticisi columbus'un damgas\u0131n\u0131 bulacaks\u0131n\u0131z.","og_url":"https:\/\/www.columbus-clean.com\/tr\/site-bildirimi\/","og_site_name":"columbus Reinigungsmaschinen","article_modified_time":"2025-04-22T07:52:13+00:00","twitter_card":"summary_large_image","twitter_misc":{"Tahmini okuma s\u00fcresi":"1 dakika"},"schema":{"@context":"https:\/\/schema.org","@graph":[{"@type":"WebPage","@id":"https:\/\/www.columbus-clean.com\/tr\/site-bildirimi\/","url":"https:\/\/www.columbus-clean.com\/tr\/site-bildirimi\/","name":"Temizlik makinesi sat\u0131c\u0131s\u0131 ve \u00fcreticisi columbus'un k\u00fcnyesi","isPartOf":{"@id":"https:\/\/www.columbus-clean.com\/tr\/#website"},"datePublished":"2025-03-18T09:49:50+00:00","dateModified":"2025-04-22T07:52:13+00:00","description":"Burada, aile taraf\u0131ndan i\u015fletilen ve uluslararas\u0131 alanda geni\u015fleyen temizlik makinesi \u00fcreticisi columbus'un damgas\u0131n\u0131 bulacaks\u0131n\u0131z.","breadcrumb":{"@id":"https:\/\/www.columbus-clean.com\/tr\/site-bildirimi\/#breadcrumb"},"inLanguage":"tr","potentialAction":[{"@type":"ReadAction","target":["https:\/\/www.columbus-clean.com\/tr\/site-bildirimi\/"]}]},{"@type":"BreadcrumbList","@id":"https:\/\/www.columbus-clean.com\/tr\/site-bildirimi\/#breadcrumb","itemListElement":[{"@type":"ListItem","position":1,"name":"Startseite","item":"https:\/\/www.columbus-clean.com\/tr\/"},{"@type":"ListItem","position":2,"name":"Site bildirimi"}]},{"@type":"WebSite","@id":"https:\/\/www.columbus-clean.com\/tr\/#website","url":"https:\/\/www.columbus-clean.com\/tr\/","name":"columbus Reinigungsmaschinen","description":"Reinigungsautomaten und Industriesauger","potentialAction":[{"@type":"SearchAction","target":{"@type":"EntryPoint","urlTemplate":"https:\/\/www.columbus-clean.com\/tr\/?s={search_term_string}"},"query-input":{"@type":"PropertyValueSpecification","valueRequired":true,"valueName":"search_term_string"}}],"inLanguage":"tr"}]}},"_links":{"self":[{"href":"https:\/\/www.columbus-clean.com\/tr\/wp-json\/wp\/v2\/pages\/140650","targetHints":{"allow":["GET"]}}],"collection":[{"href":"https:\/\/www.columbus-clean.com\/tr\/wp-json\/wp\/v2\/pages"}],"about":[{"href":"https:\/\/www.columbus-clean.com\/tr\/wp-json\/wp\/v2\/types\/page"}],"author":[{"embeddable":true,"href":"https:\/\/www.columbus-clean.com\/tr\/wp-json\/wp\/v2\/users\/33"}],"replies":[{"embeddable":true,"href":"https:\/\/www.columbus-clean.com\/tr\/wp-json\/wp\/v2\/comments?post=140650"}],"version-history":[{"count":0,"href":"https:\/\/www.columbus-clean.com\/tr\/wp-json\/wp\/v2\/pages\/140650\/revisions"}],"wp:attachment":[{"href":"https:\/\/www.columbus-clean.com\/tr\/wp-json\/wp\/v2\/media?parent=140650"}],"curies":[{"name":"wp","href":"https:\/\/api.w.org\/{rel}","templated":true}]}}