{"id":150377,"date":"2025-03-21T10:01:23","date_gmt":"2025-03-21T09:01:23","guid":{"rendered":"https:\/\/www.columbus-clean.com\/?page_id=150377"},"modified":"2026-03-26T09:18:49","modified_gmt":"2026-03-26T08:18:49","slug":"kullanim-kilavuzlari","status":"publish","type":"page","link":"https:\/\/www.columbus-clean.com\/tr\/giris-yap\/indirmeler\/kullanim-kilavuzlari\/","title":{"rendered":"Kullan\u0131m k\u0131lavuzlar\u0131"},"content":{"rendered":"<p><div class=\"fusion-fullwidth fullwidth-box fusion-builder-row-1 nonhundred-percent-fullwidth non-hundred-percent-height-scrolling no-subhead head-two-lines\" style=\"--awb-border-radius-top-left:0px;--awb-border-radius-top-right:0px;--awb-border-radius-bottom-right:0px;--awb-border-radius-bottom-left:0px;--awb-flex-wrap:wrap;\" id=\"opener\" ><div class=\"fusion-builder-row fusion-row\"><div class=\"fusion-layout-column fusion_builder_column fusion-builder-column-0 fusion_builder_column_1_1 1_1 fusion-one-full fusion-column-first fusion-column-last\" style=\"--awb-bg-size:cover;\"><div class=\"fusion-column-wrapper fusion-flex-column-wrapper-legacy\"><div class=\"fusion-title title fusion-title-1 fusion-sep-none fusion-title-text fusion-title-size-six\" style=\"--awb-margin-top-small:0px;--awb-margin-right-small:0px;--awb-margin-bottom-small:20px;--awb-margin-left-small:0px;\"><h6 class=\"fusion-title-heading title-heading-left\" style=\"margin:0;\">Kullan\u0131m k\u0131lavuzlar\u0131<\/h6><\/div><div class=\"fusion-clearfix\"><\/div><\/div><\/div><\/div><\/div><div class=\"fusion-fullwidth fullwidth-box fusion-builder-row-2 nonhundred-percent-fullwidth non-hundred-percent-height-scrolling restrict-that-show\" style=\"--awb-border-radius-top-left:0px;--awb-border-radius-top-right:0px;--awb-border-radius-bottom-right:0px;--awb-border-radius-bottom-left:0px;--awb-flex-wrap:wrap;\" ><div class=\"fusion-builder-row fusion-row\"><div class=\"fusion-layout-column fusion_builder_column fusion-builder-column-1 fusion_builder_column_1_1 1_1 fusion-one-full fusion-column-first fusion-column-last\" style=\"--awb-bg-size:cover;\"><div class=\"fusion-column-wrapper fusion-flex-column-wrapper-legacy\">Please login <a href=\"https:\/\/www.columbus-clean.com\/en\/login\/\">here<\/a> to see downloads.<div class=\"fusion-clearfix\"><\/div><\/div><\/div><\/div><\/div><\/p>\n","protected":false},"excerpt":{"rendered":"","protected":false},"author":33,"featured_media":0,"parent":137099,"menu_order":0,"comment_status":"closed","ping_status":"closed","template":"100-width.php","meta":{"footnotes":""},"class_list":["post-150377","page","type-page","status-publish","hentry"],"yoast_head":"<!-- This site is optimized with the Yoast SEO plugin v27.1.1 - https:\/\/yoast.com\/product\/yoast-seo-wordpress\/ -->\n<title>Columbus temizlik makineleri i\u00e7in kullan\u0131m talimatlar\u0131<\/title>\n<meta name=\"description\" content=\"Burada, tek tek columbus temizlik makinelerine ait t\u00fcm orijinal kullan\u0131m talimatlar\u0131n\u0131 bir bak\u0131\u015fta indirebilirsiniz.\" \/>\n<meta name=\"robots\" content=\"index, follow, max-snippet:-1, max-image-preview:large, max-video-preview:-1\" \/>\n<link rel=\"canonical\" href=\"https:\/\/www.columbus-clean.com\/tr\/giris-yap\/indirmeler\/kullanim-kilavuzlari\/\" \/>\n<meta property=\"og:locale\" content=\"tr_TR\" \/>\n<meta property=\"og:type\" content=\"article\" \/>\n<meta property=\"og:title\" content=\"Columbus temizlik makineleri i\u00e7in kullan\u0131m talimatlar\u0131\" \/>\n<meta property=\"og:description\" content=\"Burada, tek tek columbus temizlik makinelerine ait t\u00fcm orijinal kullan\u0131m talimatlar\u0131n\u0131 bir bak\u0131\u015fta indirebilirsiniz.\" \/>\n<meta property=\"og:url\" content=\"https:\/\/www.columbus-clean.com\/tr\/giris-yap\/indirmeler\/kullanim-kilavuzlari\/\" \/>\n<meta property=\"og:site_name\" content=\"columbus Reinigungsmaschinen\" \/>\n<meta property=\"article:modified_time\" content=\"2026-03-26T08:18:49+00:00\" \/>\n<meta name=\"twitter:card\" content=\"summary_large_image\" \/>\n<meta name=\"twitter:label1\" content=\"Tahmini okuma s\u00fcresi\" \/>\n\t<meta name=\"twitter:data1\" content=\"3 dakika\" \/>\n<script type=\"application\/ld+json\" class=\"yoast-schema-graph\">{\"@context\":\"https:\/\/schema.org\",\"@graph\":[{\"@type\":\"WebPage\",\"@id\":\"https:\/\/www.columbus-clean.com\/tr\/giris-yap\/indirmeler\/kullanim-kilavuzlari\/\",\"url\":\"https:\/\/www.columbus-clean.com\/tr\/giris-yap\/indirmeler\/kullanim-kilavuzlari\/\",\"name\":\"Columbus temizlik makineleri i\u00e7in kullan\u0131m talimatlar\u0131\",\"isPartOf\":{\"@id\":\"https:\/\/www.columbus-clean.com\/tr\/#website\"},\"datePublished\":\"2025-03-21T09:01:23+00:00\",\"dateModified\":\"2026-03-26T08:18:49+00:00\",\"description\":\"Burada, tek tek columbus temizlik makinelerine ait t\u00fcm orijinal kullan\u0131m talimatlar\u0131n\u0131 bir bak\u0131\u015fta indirebilirsiniz.\",\"breadcrumb\":{\"@id\":\"https:\/\/www.columbus-clean.com\/tr\/giris-yap\/indirmeler\/kullanim-kilavuzlari\/#breadcrumb\"},\"inLanguage\":\"tr\",\"potentialAction\":[{\"@type\":\"ReadAction\",\"target\":[\"https:\/\/www.columbus-clean.com\/tr\/giris-yap\/indirmeler\/kullanim-kilavuzlari\/\"]}]},{\"@type\":\"BreadcrumbList\",\"@id\":\"https:\/\/www.columbus-clean.com\/tr\/giris-yap\/indirmeler\/kullanim-kilavuzlari\/#breadcrumb\",\"itemListElement\":[{\"@type\":\"ListItem\",\"position\":1,\"name\":\"Startseite\",\"item\":\"https:\/\/www.columbus-clean.com\/tr\/\"},{\"@type\":\"ListItem\",\"position\":2,\"name\":\"Giri\u015f yap\",\"item\":\"https:\/\/www.columbus-clean.com\/tr\/giris-yap\/\"},{\"@type\":\"ListItem\",\"position\":3,\"name\":\"Indirmeler\",\"item\":\"https:\/\/www.columbus-clean.com\/tr\/login\/indirmeler\/\"},{\"@type\":\"ListItem\",\"position\":4,\"name\":\"Kullan\u0131m k\u0131lavuzlar\u0131\"}]},{\"@type\":\"WebSite\",\"@id\":\"https:\/\/www.columbus-clean.com\/tr\/#website\",\"url\":\"https:\/\/www.columbus-clean.com\/tr\/\",\"name\":\"columbus Reinigungsmaschinen\",\"description\":\"Reinigungsautomaten und Industriesauger\",\"potentialAction\":[{\"@type\":\"SearchAction\",\"target\":{\"@type\":\"EntryPoint\",\"urlTemplate\":\"https:\/\/www.columbus-clean.com\/tr\/?s={search_term_string}\"},\"query-input\":{\"@type\":\"PropertyValueSpecification\",\"valueRequired\":true,\"valueName\":\"search_term_string\"}}],\"inLanguage\":\"tr\"}]}<\/script>\n<!-- \/ Yoast SEO plugin. -->","yoast_head_json":{"title":"Columbus temizlik makineleri i\u00e7in kullan\u0131m talimatlar\u0131","description":"Burada, tek tek columbus temizlik makinelerine ait t\u00fcm orijinal kullan\u0131m talimatlar\u0131n\u0131 bir bak\u0131\u015fta indirebilirsiniz.","robots":{"index":"index","follow":"follow","max-snippet":"max-snippet:-1","max-image-preview":"max-image-preview:large","max-video-preview":"max-video-preview:-1"},"canonical":"https:\/\/www.columbus-clean.com\/tr\/giris-yap\/indirmeler\/kullanim-kilavuzlari\/","og_locale":"tr_TR","og_type":"article","og_title":"Columbus temizlik makineleri i\u00e7in kullan\u0131m talimatlar\u0131","og_description":"Burada, tek tek columbus temizlik makinelerine ait t\u00fcm orijinal kullan\u0131m talimatlar\u0131n\u0131 bir bak\u0131\u015fta indirebilirsiniz.","og_url":"https:\/\/www.columbus-clean.com\/tr\/giris-yap\/indirmeler\/kullanim-kilavuzlari\/","og_site_name":"columbus Reinigungsmaschinen","article_modified_time":"2026-03-26T08:18:49+00:00","twitter_card":"summary_large_image","twitter_misc":{"Tahmini okuma s\u00fcresi":"3 dakika"},"schema":{"@context":"https:\/\/schema.org","@graph":[{"@type":"WebPage","@id":"https:\/\/www.columbus-clean.com\/tr\/giris-yap\/indirmeler\/kullanim-kilavuzlari\/","url":"https:\/\/www.columbus-clean.com\/tr\/giris-yap\/indirmeler\/kullanim-kilavuzlari\/","name":"Columbus temizlik makineleri i\u00e7in kullan\u0131m talimatlar\u0131","isPartOf":{"@id":"https:\/\/www.columbus-clean.com\/tr\/#website"},"datePublished":"2025-03-21T09:01:23+00:00","dateModified":"2026-03-26T08:18:49+00:00","description":"Burada, tek tek columbus temizlik makinelerine ait t\u00fcm orijinal kullan\u0131m talimatlar\u0131n\u0131 bir bak\u0131\u015fta indirebilirsiniz.","breadcrumb":{"@id":"https:\/\/www.columbus-clean.com\/tr\/giris-yap\/indirmeler\/kullanim-kilavuzlari\/#breadcrumb"},"inLanguage":"tr","potentialAction":[{"@type":"ReadAction","target":["https:\/\/www.columbus-clean.com\/tr\/giris-yap\/indirmeler\/kullanim-kilavuzlari\/"]}]},{"@type":"BreadcrumbList","@id":"https:\/\/www.columbus-clean.com\/tr\/giris-yap\/indirmeler\/kullanim-kilavuzlari\/#breadcrumb","itemListElement":[{"@type":"ListItem","position":1,"name":"Startseite","item":"https:\/\/www.columbus-clean.com\/tr\/"},{"@type":"ListItem","position":2,"name":"Giri\u015f yap","item":"https:\/\/www.columbus-clean.com\/tr\/giris-yap\/"},{"@type":"ListItem","position":3,"name":"Indirmeler","item":"https:\/\/www.columbus-clean.com\/tr\/login\/indirmeler\/"},{"@type":"ListItem","position":4,"name":"Kullan\u0131m k\u0131lavuzlar\u0131"}]},{"@type":"WebSite","@id":"https:\/\/www.columbus-clean.com\/tr\/#website","url":"https:\/\/www.columbus-clean.com\/tr\/","name":"columbus Reinigungsmaschinen","description":"Reinigungsautomaten und Industriesauger","potentialAction":[{"@type":"SearchAction","target":{"@type":"EntryPoint","urlTemplate":"https:\/\/www.columbus-clean.com\/tr\/?s={search_term_string}"},"query-input":{"@type":"PropertyValueSpecification","valueRequired":true,"valueName":"search_term_string"}}],"inLanguage":"tr"}]}},"_links":{"self":[{"href":"https:\/\/www.columbus-clean.com\/tr\/wp-json\/wp\/v2\/pages\/150377","targetHints":{"allow":["GET"]}}],"collection":[{"href":"https:\/\/www.columbus-clean.com\/tr\/wp-json\/wp\/v2\/pages"}],"about":[{"href":"https:\/\/www.columbus-clean.com\/tr\/wp-json\/wp\/v2\/types\/page"}],"author":[{"embeddable":true,"href":"https:\/\/www.columbus-clean.com\/tr\/wp-json\/wp\/v2\/users\/33"}],"replies":[{"embeddable":true,"href":"https:\/\/www.columbus-clean.com\/tr\/wp-json\/wp\/v2\/comments?post=150377"}],"version-history":[{"count":2,"href":"https:\/\/www.columbus-clean.com\/tr\/wp-json\/wp\/v2\/pages\/150377\/revisions"}],"predecessor-version":[{"id":168341,"href":"https:\/\/www.columbus-clean.com\/tr\/wp-json\/wp\/v2\/pages\/150377\/revisions\/168341"}],"up":[{"embeddable":true,"href":"https:\/\/www.columbus-clean.com\/tr\/wp-json\/wp\/v2\/pages\/137099"}],"wp:attachment":[{"href":"https:\/\/www.columbus-clean.com\/tr\/wp-json\/wp\/v2\/media?parent=150377"}],"curies":[{"name":"wp","href":"https:\/\/api.w.org\/{rel}","templated":true}]}}