{"id":150387,"date":"2025-03-21T10:07:32","date_gmt":"2025-03-21T09:07:32","guid":{"rendered":"https:\/\/www.columbus-clean.com\/?page_id=150387"},"modified":"2025-04-24T11:11:52","modified_gmt":"2025-04-24T09:11:52","slug":"servis-videolari","status":"publish","type":"page","link":"https:\/\/www.columbus-clean.com\/tr\/giris-yap\/indirmeler\/servis-videolari\/","title":{"rendered":"Servis Videolar\u0131"},"content":{"rendered":"<p><div class=\"fusion-fullwidth fullwidth-box fusion-builder-row-1 nonhundred-percent-fullwidth non-hundred-percent-height-scrolling fusion-equal-height-columns no-subhead head-two-lines\" style=\"--awb-border-radius-top-left:0px;--awb-border-radius-top-right:0px;--awb-border-radius-bottom-right:0px;--awb-border-radius-bottom-left:0px;--awb-flex-wrap:wrap;\" id=\"opener\" ><div class=\"fusion-builder-row fusion-row\"><div class=\"fusion-layout-column fusion_builder_column fusion-builder-column-0 fusion_builder_column_1_1 1_1 fusion-one-full fusion-column-first fusion-column-last\" style=\"--awb-bg-size:cover;\"><div class=\"fusion-column-wrapper fusion-flex-column-wrapper-legacy\"><div class=\"fusion-title title fusion-title-1 fusion-sep-none fusion-title-text fusion-title-size-six\" style=\"--awb-margin-top-small:0px;--awb-margin-right-small:0px;--awb-margin-bottom-small:20px;--awb-margin-left-small:0px;\"><h6 class=\"fusion-title-heading title-heading-left\" style=\"margin:0;\">Servis Videolar\u0131<\/h6><\/div><div class=\"fusion-clearfix\"><\/div><\/div><\/div><\/div><\/div><div class=\"fusion-fullwidth fullwidth-box fusion-builder-row-2 nonhundred-percent-fullwidth non-hundred-percent-height-scrolling fusion-equal-height-columns restrict-that-show\" style=\"--awb-border-radius-top-left:0px;--awb-border-radius-top-right:0px;--awb-border-radius-bottom-right:0px;--awb-border-radius-bottom-left:0px;--awb-flex-wrap:wrap;\" ><div class=\"fusion-builder-row fusion-row\"><div class=\"fusion-layout-column fusion_builder_column fusion-builder-column-1 fusion_builder_column_1_1 1_1 fusion-one-full fusion-column-first fusion-column-last\" style=\"--awb-bg-size:cover;\"><div class=\"fusion-column-wrapper fusion-flex-column-wrapper-legacy\">Please login <a href=\"https:\/\/www.columbus-clean.com\/en\/login\/\">here<\/a> to see downloads.<div class=\"fusion-clearfix\"><\/div><\/div><\/div><\/div><\/div><\/p>\n","protected":false},"excerpt":{"rendered":"","protected":false},"author":33,"featured_media":0,"parent":137099,"menu_order":0,"comment_status":"closed","ping_status":"closed","template":"100-width.php","meta":{"footnotes":""},"class_list":["post-150387","page","type-page","status-publish","hentry"],"yoast_head":"<!-- This site is optimized with the Yoast SEO plugin v27.3 - https:\/\/yoast.com\/product\/yoast-seo-wordpress\/ -->\n<title>Servis videolari columbus temizlik makineleri<\/title>\n<meta name=\"description\" content=\"Burada columbus temizlik makineleri i\u00e7in servis videolar\u0131m\u0131z\u0131n t\u00fcm ba\u011flant\u0131lar\u0131n\u0131 ve ihtiyac\u0131n\u0131z olan t\u00fcm bilgileri bulacaks\u0131n\u0131z.\" \/>\n<meta name=\"robots\" content=\"index, follow, max-snippet:-1, max-image-preview:large, max-video-preview:-1\" \/>\n<link rel=\"canonical\" href=\"https:\/\/www.columbus-clean.com\/tr\/giris-yap\/indirmeler\/servis-videolari\/\" \/>\n<meta property=\"og:locale\" content=\"tr_TR\" \/>\n<meta property=\"og:type\" content=\"article\" \/>\n<meta property=\"og:title\" content=\"Servis videolari columbus temizlik makineleri\" \/>\n<meta property=\"og:description\" content=\"Burada columbus temizlik makineleri i\u00e7in servis videolar\u0131m\u0131z\u0131n t\u00fcm ba\u011flant\u0131lar\u0131n\u0131 ve ihtiyac\u0131n\u0131z olan t\u00fcm bilgileri bulacaks\u0131n\u0131z.\" \/>\n<meta property=\"og:url\" content=\"https:\/\/www.columbus-clean.com\/tr\/giris-yap\/indirmeler\/servis-videolari\/\" \/>\n<meta property=\"og:site_name\" content=\"columbus Reinigungsmaschinen\" \/>\n<meta property=\"article:modified_time\" content=\"2025-04-24T09:11:52+00:00\" \/>\n<meta name=\"twitter:card\" content=\"summary_large_image\" \/>\n<meta name=\"twitter:label1\" content=\"Tahmini okuma s\u00fcresi\" \/>\n\t<meta name=\"twitter:data1\" content=\"9 dakika\" \/>\n<script type=\"application\/ld+json\" class=\"yoast-schema-graph\">{\"@context\":\"https:\\\/\\\/schema.org\",\"@graph\":[{\"@type\":\"WebPage\",\"@id\":\"https:\\\/\\\/www.columbus-clean.com\\\/tr\\\/giris-yap\\\/indirmeler\\\/servis-videolari\\\/\",\"url\":\"https:\\\/\\\/www.columbus-clean.com\\\/tr\\\/giris-yap\\\/indirmeler\\\/servis-videolari\\\/\",\"name\":\"Servis videolari columbus temizlik makineleri\",\"isPartOf\":{\"@id\":\"https:\\\/\\\/www.columbus-clean.com\\\/tr\\\/#website\"},\"datePublished\":\"2025-03-21T09:07:32+00:00\",\"dateModified\":\"2025-04-24T09:11:52+00:00\",\"description\":\"Burada columbus temizlik makineleri i\u00e7in servis videolar\u0131m\u0131z\u0131n t\u00fcm ba\u011flant\u0131lar\u0131n\u0131 ve ihtiyac\u0131n\u0131z olan t\u00fcm bilgileri bulacaks\u0131n\u0131z.\",\"breadcrumb\":{\"@id\":\"https:\\\/\\\/www.columbus-clean.com\\\/tr\\\/giris-yap\\\/indirmeler\\\/servis-videolari\\\/#breadcrumb\"},\"inLanguage\":\"tr\",\"potentialAction\":[{\"@type\":\"ReadAction\",\"target\":[\"https:\\\/\\\/www.columbus-clean.com\\\/tr\\\/giris-yap\\\/indirmeler\\\/servis-videolari\\\/\"]}]},{\"@type\":\"BreadcrumbList\",\"@id\":\"https:\\\/\\\/www.columbus-clean.com\\\/tr\\\/giris-yap\\\/indirmeler\\\/servis-videolari\\\/#breadcrumb\",\"itemListElement\":[{\"@type\":\"ListItem\",\"position\":1,\"name\":\"Startseite\",\"item\":\"https:\\\/\\\/www.columbus-clean.com\\\/tr\\\/\"},{\"@type\":\"ListItem\",\"position\":2,\"name\":\"Giri\u015f yap\",\"item\":\"https:\\\/\\\/www.columbus-clean.com\\\/tr\\\/giris-yap\\\/\"},{\"@type\":\"ListItem\",\"position\":3,\"name\":\"Indirmeler\",\"item\":\"https:\\\/\\\/www.columbus-clean.com\\\/tr\\\/login\\\/indirmeler\\\/\"},{\"@type\":\"ListItem\",\"position\":4,\"name\":\"Servis Videolar\u0131\"}]},{\"@type\":\"WebSite\",\"@id\":\"https:\\\/\\\/www.columbus-clean.com\\\/tr\\\/#website\",\"url\":\"https:\\\/\\\/www.columbus-clean.com\\\/tr\\\/\",\"name\":\"columbus Reinigungsmaschinen\",\"description\":\"Reinigungsautomaten und Industriesauger\",\"potentialAction\":[{\"@type\":\"SearchAction\",\"target\":{\"@type\":\"EntryPoint\",\"urlTemplate\":\"https:\\\/\\\/www.columbus-clean.com\\\/tr\\\/?s={search_term_string}\"},\"query-input\":{\"@type\":\"PropertyValueSpecification\",\"valueRequired\":true,\"valueName\":\"search_term_string\"}}],\"inLanguage\":\"tr\"}]}<\/script>\n<!-- \/ Yoast SEO plugin. -->","yoast_head_json":{"title":"Servis videolari columbus temizlik makineleri","description":"Burada columbus temizlik makineleri i\u00e7in servis videolar\u0131m\u0131z\u0131n t\u00fcm ba\u011flant\u0131lar\u0131n\u0131 ve ihtiyac\u0131n\u0131z olan t\u00fcm bilgileri bulacaks\u0131n\u0131z.","robots":{"index":"index","follow":"follow","max-snippet":"max-snippet:-1","max-image-preview":"max-image-preview:large","max-video-preview":"max-video-preview:-1"},"canonical":"https:\/\/www.columbus-clean.com\/tr\/giris-yap\/indirmeler\/servis-videolari\/","og_locale":"tr_TR","og_type":"article","og_title":"Servis videolari columbus temizlik makineleri","og_description":"Burada columbus temizlik makineleri i\u00e7in servis videolar\u0131m\u0131z\u0131n t\u00fcm ba\u011flant\u0131lar\u0131n\u0131 ve ihtiyac\u0131n\u0131z olan t\u00fcm bilgileri bulacaks\u0131n\u0131z.","og_url":"https:\/\/www.columbus-clean.com\/tr\/giris-yap\/indirmeler\/servis-videolari\/","og_site_name":"columbus Reinigungsmaschinen","article_modified_time":"2025-04-24T09:11:52+00:00","twitter_card":"summary_large_image","twitter_misc":{"Tahmini okuma s\u00fcresi":"9 dakika"},"schema":{"@context":"https:\/\/schema.org","@graph":[{"@type":"WebPage","@id":"https:\/\/www.columbus-clean.com\/tr\/giris-yap\/indirmeler\/servis-videolari\/","url":"https:\/\/www.columbus-clean.com\/tr\/giris-yap\/indirmeler\/servis-videolari\/","name":"Servis videolari columbus temizlik makineleri","isPartOf":{"@id":"https:\/\/www.columbus-clean.com\/tr\/#website"},"datePublished":"2025-03-21T09:07:32+00:00","dateModified":"2025-04-24T09:11:52+00:00","description":"Burada columbus temizlik makineleri i\u00e7in servis videolar\u0131m\u0131z\u0131n t\u00fcm ba\u011flant\u0131lar\u0131n\u0131 ve ihtiyac\u0131n\u0131z olan t\u00fcm bilgileri bulacaks\u0131n\u0131z.","breadcrumb":{"@id":"https:\/\/www.columbus-clean.com\/tr\/giris-yap\/indirmeler\/servis-videolari\/#breadcrumb"},"inLanguage":"tr","potentialAction":[{"@type":"ReadAction","target":["https:\/\/www.columbus-clean.com\/tr\/giris-yap\/indirmeler\/servis-videolari\/"]}]},{"@type":"BreadcrumbList","@id":"https:\/\/www.columbus-clean.com\/tr\/giris-yap\/indirmeler\/servis-videolari\/#breadcrumb","itemListElement":[{"@type":"ListItem","position":1,"name":"Startseite","item":"https:\/\/www.columbus-clean.com\/tr\/"},{"@type":"ListItem","position":2,"name":"Giri\u015f yap","item":"https:\/\/www.columbus-clean.com\/tr\/giris-yap\/"},{"@type":"ListItem","position":3,"name":"Indirmeler","item":"https:\/\/www.columbus-clean.com\/tr\/login\/indirmeler\/"},{"@type":"ListItem","position":4,"name":"Servis Videolar\u0131"}]},{"@type":"WebSite","@id":"https:\/\/www.columbus-clean.com\/tr\/#website","url":"https:\/\/www.columbus-clean.com\/tr\/","name":"columbus Reinigungsmaschinen","description":"Reinigungsautomaten und Industriesauger","potentialAction":[{"@type":"SearchAction","target":{"@type":"EntryPoint","urlTemplate":"https:\/\/www.columbus-clean.com\/tr\/?s={search_term_string}"},"query-input":{"@type":"PropertyValueSpecification","valueRequired":true,"valueName":"search_term_string"}}],"inLanguage":"tr"}]}},"_links":{"self":[{"href":"https:\/\/www.columbus-clean.com\/tr\/wp-json\/wp\/v2\/pages\/150387","targetHints":{"allow":["GET"]}}],"collection":[{"href":"https:\/\/www.columbus-clean.com\/tr\/wp-json\/wp\/v2\/pages"}],"about":[{"href":"https:\/\/www.columbus-clean.com\/tr\/wp-json\/wp\/v2\/types\/page"}],"author":[{"embeddable":true,"href":"https:\/\/www.columbus-clean.com\/tr\/wp-json\/wp\/v2\/users\/33"}],"replies":[{"embeddable":true,"href":"https:\/\/www.columbus-clean.com\/tr\/wp-json\/wp\/v2\/comments?post=150387"}],"version-history":[{"count":0,"href":"https:\/\/www.columbus-clean.com\/tr\/wp-json\/wp\/v2\/pages\/150387\/revisions"}],"up":[{"embeddable":true,"href":"https:\/\/www.columbus-clean.com\/tr\/wp-json\/wp\/v2\/pages\/137099"}],"wp:attachment":[{"href":"https:\/\/www.columbus-clean.com\/tr\/wp-json\/wp\/v2\/media?parent=150387"}],"curies":[{"name":"wp","href":"https:\/\/api.w.org\/{rel}","templated":true}]}}